{"id":14853,"date":"2017-03-01T15:32:07","date_gmt":"2017-03-01T20:32:07","guid":{"rendered":"http:\/\/pre-www.okiok.com\/?page_id=14853\/"},"modified":"2025-05-26T11:07:20","modified_gmt":"2025-05-26T16:07:20","slug":"homepage","status":"publish","type":"page","link":"https:\/\/www.okiok.com\/es\/","title":{"rendered":"ES &#8211; Homepage"},"content":{"rendered":"<div class=\"wpb-content-wrapper\">[mk_page_section bg_color=\u00bb#ffffff\u00bb attachment=\u00bbfixed\u00bb bg_position=\u00bbcenter top\u00bb bg_repeat=\u00bbno-repeat\u00bb bg_video=\u00bbyes\u00bb video_mask=\u00bbtrue\u00bb bg_gradient=\u00bbvertical\u00bb video_opacity=\u00bb0.001&#8243; min_height=\u00bb600&#8243; full_width=\u00bbtrue\u00bb full_height=\u00bbtrue\u00bb padding_top=\u00bb0&#8243; padding_bottom=\u00bb0&#8243; sidebar=\u00bbsidebar-1&#8243;][vc_column][mk_edge_slider first_el=\u00bbtrue\u00bb swiper_bg=\u00bb#ffffff\u00bb parallax=\u00bbtrue\u00bb height=\u00bb\u00bb slideshow_speed=\u00bb10000&#8243; direction_nav=\u00bbround\u00bb pagination=\u00bbsmall_dot_stroke\u00bb slides=\u00bb14865, 14869, 14872&#8243;][vc_row_inner el_class=\u00bbsub-nav-row\u00bb][vc_column_inner][vc_raw_html]JTNDc2VjdGlvbiUyMGNsYXNzJTNEJTIyc3ViLW5hdiUyMiUzRSUwQSUwOSUzQ2RpdiUyMGNsYXNzJTNEJTIyc3ViLW5hdiUyMiUzRSUwQSUyMCUyMCUyMCUyMCUwOSUzQ2RpdiUyMGNsYXNzJTNEJTIybmF2LWxlZnQlMjIlMjBzdHlsZSUzRCUyMm1hcmdpbi1sZWZ0JTNBMThweCUzQiUyMiUzRSUwQSUyMCUyMCUyMCUyMCUyMCUyMCUyMCUyMCUwOSUzQ3VsJTNFJTBBJTIwJTIwJTIwJTIwJTIwJTIwJTIwJTIwJTIwJTIwJTIwJTIwJTA5JTNDbGklM0UlM0NhJTIwaHJlZiUzRCUyMiUyRmVzJTJGY29udGFjdC11cyUyRiUyMiUzRUNvbnQlQzMlQTFjdGVub3MlM0MlMkZhJTNFJTNDJTJGbGklM0UlMEElMjAlMjAlMjAlMjAlMjAlMjAlMjAlMjAlMjAlMjAlMjAlMjAlMjAlMjAlMjAlMjAlM0NsaSUzRSUzQ2ElMjBocmVmJTNEJTIyJTJGZXMlMkZhYm91dCUyRmNhcmVlcnMlMkYlMjIlM0VFbXBsZW8lM0MlMkZhJTNFJTNDJTJGbGklM0UlMEElMjAlMjAlMjAlMjAlMjAlMjAlMjAlMjAlMjAlMjAlMjAlMjAlMjAlMjAlMjAlMjAlM0NsaSUzRSUzQ2ElMjBocmVmJTNEJTIyJTJGZXMlMkZiZWNvbWUtYS1wYXJ0bmVyJTJGJTIyJTNFQXMlQzMlQjNjaWVzZSUyMGNvbiUyMG5vc290cm9zJTNDJTJGYSUzRSUzQyUyRmxpJTNFJTBBJTIwJTIwJTIwJTIwJTIwJTIwJTIwJTIwJTIwJTIwJTIwJTIwJTIwJTIwJTIwJTIwJTIwJTNDbGklM0UlM0NhJTIwaHJlZiUzRCUyMiUyRiUyMiUzRUVOJTNDJTJGYSUzRSUzQyUyRmxpJTNFJTBBJTNDbGklM0UlM0NhJTIwaHJlZiUzRCUyMiUyRmZyJTIyJTNFRlIlM0MlMkZhJTNFJTNDJTJGbGklM0UlMEElMjAlMjAlMjAlMjAlMjAlMjAlMjAlMjAlMjAlMjAlMjAlMjAlM0MlMkZ1bCUzRSUwQSUyMCUyMCUyMCUyMCUyMCUyMCUyMCUyMCUzQyUyRmRpdiUzRSUwQSUyMCUyMCUyMCUyMCUyMCUyMCUyMCUyMCUzQ2RpdiUyMGNsYXNzJTNEJTIybmF2LXJpZ2h0JTIyJTNFJTBBJTIwJTIwJTIwJTIwJTIwJTIwJTIwJTIwJTA5JTNDdWwlM0UlMEElMjAlMjAlMjAlMjAlMjAlMjAlMjAlMjAlMjAlMjAlMjAlMjAlMDklM0NsaSUzRSUzQ2ElMjB0aXRsZSUzRCUyMkZvbGxvdyUyMHVzJTIwb24lMjBUd2l0dGVyJTIyJTIwdGFyZ2V0JTNEJTIyX2JsYW5rJTIyJTIwaHJlZiUzRCUyMmh0dHBzJTNBJTJGJTJGdHdpdHRlci5jb20lMkZPS0lPS0RhdGElMjIlM0UlM0NpbWclMjBzcmMlM0QlMjIlMkZ3cC1jb250ZW50JTJGdXBsb2FkcyUyRjIwMTYlMkYwOCUyRnR3aXR0ZXIucG5nJTIyJTIwYWx0JTNEJTIyJTIyJTNFJTNDJTJGYSUzRSUzQyUyRmxpJTNFJTBBJTIwJTIwJTIwJTIwJTIwJTIwJTIwJTIwJTIwJTIwJTIwJTIwJTIwJTIwJTIwJTIwJTNDbGklM0UlM0NhJTIwdGl0bGUlM0QlMjJGb2xsb3clMjB1cyUyMG9uJTIwTGlua2VkSW4lMjIlMjB0YXJnZXQlM0QlMjJfYmxhbmslMjIlMjBocmVmJTNEJTIyaHR0cHMlM0ElMkYlMkZ3d3cubGlua2VkaW4uY29tJTJGY29tcGFueSUyRjExOTQzNiUzRnRyayUzRHByb2YtMC1vdnctY3Vycl9wb3MlMjIlM0UlM0NpbWclMjBzcmMlM0QlMjIlMkZ3cC1jb250ZW50JTJGdXBsb2FkcyUyRjIwMTYlMkYxMCUyRmxpbmtlZGluLnBuZyUyMiUyMGFsdCUzRCUyMiUyMiUzRSUzQyUyRmElM0UlM0MlMkZsaSUzRSUwQSUwQSUzQ2xpJTNFJTNDYSUyMHRpdGxlJTNEJTIyRm9sbG93JTIwdXMlMjB3aXRoJTIwb3VyJTIwUlNTJTIwZmVlZCUyMiUyMHRhcmdldCUzRCUyMl9ibGFuayUyMiUyMGhyZWYlM0QlMjIlMkZmZWVkJTJGcnNzJTJGJTIyJTNFJTNDaW1nJTIwc3JjJTNEJTIyJTJGd3AtY29udGVudCUyRnVwbG9hZHMlMkYyMDE2JTJGMTElMkZyc3MtMjQucG5nJTIyJTIwc3R5bGUlM0QlMjJoZWlnaHQlM0ExMnB4JTNCd2lkdGglM0ExMnB4JTNCJTIyJTIwYWx0JTNEJTIyJTIyJTNFJTNDJTJGYSUzRSUzQyUyRmxpJTNFJTBBJTBBJTIwJTIwJTIwJTIwJTIwJTIwJTIwJTIwJTIwJTIwJTIwJTIwJTNDJTJGdWwlM0UlMEElMjAlMjAlMjAlMjAlMjAlMjAlMjAlMjAlM0MlMkZkaXYlM0UlMEElMjAlMjAlMjAlMjAlM0MlMkZkaXYlM0UlMEElMjAlMjAlMjAlMjAlM0NkaXYlMjBjbGFzcyUzRCUyMmNsZWFyZml4JTIyJTNFJTNDJTJGZGl2JTNFJTBBJTNDJTJGc2VjdGlvbiUzRQ==[\/vc_raw_html][\/vc_column_inner][\/vc_row_inner][vc_row_inner el_class=\u00bbhbanner-header\u00bb][vc_column_inner][mk_header align=\u00bbcenter\u00bb el_class=\u00bbhomepage-header\u00bb][\/vc_column_inner][\/vc_row_inner][\/vc_column][\/mk_page_section][mk_page_section bg_image=\u00bbhttp:\/\/prod.okiok.com\/wp-content\/uploads\/2025\/05\/avro_arrow_white-1.jpg\u00bb bg_position=\u00bbcenter center\u00bb bg_repeat=\u00bbno-repeat\u00bb enable_3d=\u00bbtrue\u00bb video_opacity=\u00bb0&#8243; min_height=\u00bb\u00bb full_width=\u00bbtrue\u00bb padding_top=\u00bb0&#8243; padding_bottom=\u00bb50&#8243; top_shape_color=\u00bb#ffffff\u00bb bottom_shape_color=\u00bb#ffffff\u00bb el_class=\u00bbadjust-zindex\u00bb sidebar=\u00bbsidebar-1&#8243;][vc_column][mk_padding_divider size=\u00bb80&#8243;][mk_fancy_title color=\u00bb#333333&#8243; size=\u00bb26&#8243; force_font_size=\u00bbtrue\u00bb size_smallscreen=\u00bb24&#8243; size_tablet=\u00bb22&#8243; size_phone=\u00bb18&#8243; font_weight=\u00bbbold\u00bb txt_transform=\u00bbuppercase\u00bb margin_bottom=\u00bb5&#8243; font_family=\u00bbnone\u00bb align=\u00bbcenter\u00bb]sobre okiok[\/mk_fancy_title][mk_divider style=\u00bbthick_solid\u00bb divider_width=\u00bbcustom_width\u00bb custom_width=\u00bb72&#8243; border_color=\u00bb#1775bb\u00bb margin_top=\u00bb0&#8243; margin_bottom=\u00bb45&#8243;][vc_column_text align=\u00bbcenter\u00bb margin_bottom=\u00bb35&#8243; el_class=\u00bblimit-width\u00bb]As\u00ed como los hermanos Wright cambiaron para siempre la historia de la aviaci\u00f3n, los avances de OKIOK en materia de ciberseguridad han transformado un \u00e1rea que est\u00e1 en perpetua evoluci\u00f3n. OKIOK, l\u00edder mundial que se distingue por su experiencia y pericia, impulsa el desarrollo de productos y servicios de primera categor\u00eda, que abarcan soluciones de gobernabilidad y protecci\u00f3n de la informaci\u00f3n.[\/vc_column_text][mk_button dimension=\u00bbflat\u00bb size=\u00bblarge\u00bb url=\u00bb\/es\/about\/\u00bb align=\u00bbcenter\u00bb button_custom_width=\u00bb200&#8243; margin_bottom=\u00bb40&#8243; margin_right=\u00bb0&#8243; bg_color=\u00bb#1775bb\u00bb btn_hover_bg=\u00bb#115c93&#8243; btn_hover_txt_color=\u00bb#ffffff\u00bb]M\u00c1S INFORMACI\u00d3N[\/mk_button][\/vc_column][\/mk_page_section][vc_row fullwidth=\u00bbtrue\u00bb equal_columns=\u00bbtrue\u00bb attached=\u00bbtrue\u00bb][vc_column width=\u00bb1\/4&#8243;][mk_animated_columns column_height=\u00bb450&#8243; column_number=\u00bb1&#8243; title_size=\u00bb16&#8243; border_color=\u00bb#959393&#8243; bg_color=\u00bb#ffffff\u00bb bg_hover_color=\u00bb#111a2d\u00bb icon_size=\u00bb128&#8243; icon_color=\u00bb#ffffff\u00bb icon_hover_color=\u00bb#ffffff\u00bb txt_color=\u00bb#737373&#8243; txt_hover_color=\u00bb#ffffff\u00bb btn_color=\u00bb#ffffff\u00bb btn_hover_color=\u00bb#ffffff\u00bb btn_hover_txt_color=\u00bb#222222&#8243; el_class=\u00bborange1&#8243; columns=\u00bb10486&#8243;][\/vc_column][vc_column width=\u00bb1\/4&#8243;][mk_animated_columns column_height=\u00bb450&#8243; column_number=\u00bb1&#8243; title_size=\u00bb16&#8243; border_color=\u00bb#959393&#8243; bg_color=\u00bb#ffffff\u00bb bg_hover_color=\u00bb#111a2d\u00bb icon_size=\u00bb128&#8243; icon_color=\u00bb#ffffff\u00bb icon_hover_color=\u00bb#ffffff\u00bb txt_color=\u00bb#737373&#8243; txt_hover_color=\u00bb#ffffff\u00bb btn_color=\u00bb#ffffff\u00bb btn_hover_color=\u00bb#ffffff\u00bb btn_hover_txt_color=\u00bb#222222&#8243; el_class=\u00bborange1&#8243; columns=\u00bb10490&#8243;][\/vc_column][vc_column width=\u00bb1\/4&#8243;][mk_animated_columns column_height=\u00bb450&#8243; column_number=\u00bb1&#8243; title_size=\u00bb16&#8243; border_color=\u00bb#959393&#8243; bg_color=\u00bb#ffffff\u00bb bg_hover_color=\u00bb#111a2d\u00bb icon_size=\u00bb128&#8243; icon_color=\u00bb#ffffff\u00bb icon_hover_color=\u00bb#ffffff\u00bb txt_color=\u00bb#737373&#8243; txt_hover_color=\u00bb#ffffff\u00bb btn_color=\u00bb#ffffff\u00bb btn_hover_color=\u00bb#ffffff\u00bb btn_hover_txt_color=\u00bb#222222&#8243; el_class=\u00bbgreen1&#8243; columns=\u00bb10492&#8243;][\/vc_column][vc_column width=\u00bb1\/4&#8243;][mk_animated_columns column_height=\u00bb450&#8243; column_number=\u00bb1&#8243; title_size=\u00bb16&#8243; border_color=\u00bb#959393&#8243; bg_color=\u00bb#ffffff\u00bb bg_hover_color=\u00bb#111a2d\u00bb icon_size=\u00bb128&#8243; icon_color=\u00bb#ffffff\u00bb icon_hover_color=\u00bb#ffffff\u00bb txt_color=\u00bb#737373&#8243; txt_hover_color=\u00bb#ffffff\u00bb btn_color=\u00bb#ffffff\u00bb btn_hover_color=\u00bb#ffffff\u00bb btn_hover_txt_color=\u00bb#222222&#8243; el_class=\u00bbgreen1&#8243; columns=\u00bb10494&#8243;][\/vc_column][\/vc_row][vc_row fullwidth=\u00bbtrue\u00bb fullwidth_content=\u00bbfalse\u00bb css=\u00bb.vc_custom_1471781307466{background-color: #eeeeee !important;}\u00bb el_class=\u00bbindex-blog\u00bb][vc_column][mk_padding_divider size=\u00bb60&#8243;][mk_divider style=\u00bbpadding_space\u00bb divider_width=\u00bbcustom_width\u00bb custom_width=\u00bb72&#8243; margin_top=\u00bb0&#8243; margin_bottom=\u00bb1&#8243;][mk_fancy_title color=\u00bb#333333&#8243; size=\u00bb26&#8243; force_font_size=\u00bbtrue\u00bb size_smallscreen=\u00bb22&#8243; size_tablet=\u00bb18&#8243; size_phone=\u00bb16&#8243; font_weight=\u00bbbold\u00bb txt_transform=\u00bbuppercase\u00bb margin_bottom=\u00bb7&#8243; font_family=\u00bbnone\u00bb align=\u00bbcenter\u00bb]NOTICIAS RECIENTES[\/mk_fancy_title][mk_divider style=\u00bbthick_solid\u00bb divider_width=\u00bbcustom_width\u00bb custom_width=\u00bb72&#8243; border_color=\u00bb#1775bb\u00bb margin_top=\u00bb0&#8243; margin_bottom=\u00bb30&#8243;][mk_blog_teaser image_height=\u00bb475&#8243; slideshow_cat=\u00bb99&#8243;][mk_button dimension=\u00bbflat\u00bb size=\u00bblarge\u00bb url=\u00bb\/recent-post\/\u00bb align=\u00bbcenter\u00bb button_custom_width=\u00bb301&#8243; margin_top=\u00bb12&#8243; margin_bottom=\u00bb40&#8243; margin_right=\u00bb0&#8243; bg_color=\u00bb#1775bb\u00bb btn_hover_bg=\u00bb#115c93&#8243; btn_hover_txt_color=\u00bb#ffffff\u00bb]TODAS LAS NOTICIAS[\/mk_button][mk_padding_divider][\/vc_column][\/vc_row][vc_row][vc_column][mk_padding_divider size=\u00bb60&#8243;][mk_fancy_title tag_name=\u00bbh3&#8243; color=\u00bb#333333&#8243; size=\u00bb26&#8243; force_font_size=\u00bbtrue\u00bb size_smallscreen=\u00bb24&#8243; size_tablet=\u00bb20&#8243; size_phone=\u00bb18&#8243; font_weight=\u00bbbold\u00bb txt_transform=\u00bbuppercase\u00bb margin_bottom=\u00bb7&#8243; font_family=\u00bbnone\u00bb align=\u00bbcenter\u00bb]COMPROMISO SOCIAL[\/mk_fancy_title][mk_divider style=\u00bbthick_solid\u00bb divider_width=\u00bbcustom_width\u00bb custom_width=\u00bb72&#8243; border_color=\u00bb#1775bb\u00bb margin_top=\u00bb0&#8243; margin_bottom=\u00bb30&#8243;][\/vc_column][\/vc_row][vc_row][vc_column width=\u00bb1\/2&#8243;][vc_column_text]\n<p style=\"font-size: 12px; color: #737373;\"><a href=\"http:\/\/www.24htremblant.com\/en\" target=\"_blank\" rel=\"noopener noreferrer\"><img loading=\"lazy\" decoding=\"async\" class=\"alignleft wp-image-12524 size-full\" src=\"\/wp-content\/uploads\/2015\/12\/logo24h-tremblant-1-1.jpg\" width=\"140\" height=\"108\" \/><\/a><\/p>\n<p style=\"font-size: 14px; margin-bottom: 0px;\"><a href=\"http:\/\/www.24htremblant.com\/en\" target=\"_blank\" rel=\"noopener noreferrer\"><strong>24h de Tremblant<\/strong><\/a><\/p>\n<p style=\"font-size: 12px; color: #737373; margin-top: 0px;\">OKIOK contribuye con este importante evento que tiene como objetivo recaudar fondos para varias fundaciones e instituciones de beneficencia. Una buena oportunidad para los equipos de OKIOK de correr y hacer esqu\u00ed con el fin de vencer las enfermedades infantiles.<br \/>\n<a href=\"http:\/\/www.24htremblant.com\/en\" target=\"_blank\" rel=\"noopener noreferrer\">www.24htremblant.com<\/a><\/p>\n[\/vc_column_text][\/vc_column][vc_column width=\u00bb1\/2&#8243;][vc_column_text]\n<p style=\"font-size: 12px; color: #737373;\"><a href=\"https:\/\/diapasonjeunesse.ca\/\" target=\"_blank\" rel=\"noopener noreferrer\"><img loading=\"lazy\" decoding=\"async\" class=\"alignleft wp-image-12069 size-full\" src=\"\/wp-content\/uploads\/2015\/12\/diapason.jpg\" width=\"162\" height=\"125\" \/><\/a><\/p>\n<p style=\"font-size: 14px; margin-bottom: 0px;\"><a href=\"https:\/\/diapasonjeunesse.ca\/\" target=\"_blank\" rel=\"noopener noreferrer\"><strong>Diapason Jeunesse<\/strong><\/a><\/p>\n<p style=\"font-size: 12px; color: #737373; margin-top: 0px;\">OKIOK est\u00e1 comprometido con el \u00e9xito escolar de los j\u00f3venes. Todos los a\u00f1os, la empresa efect\u00faa donaciones para ayudar a esta instituci\u00f3n de beneficencia que proporciona orientaci\u00f3n gratuita y servicios de apoyo a estudiantes en Laval.<br \/>\n<a href=\"https:\/\/diapasonjeunesse.ca\/\" target=\"_blank\" rel=\"noopener noreferrer\">www.diapasonjeunesse.ca<\/a><\/p>\n[\/vc_column_text][\/vc_column][\/vc_row][vc_row][vc_column][mk_padding_divider size=\u00bb30&#8243;][\/vc_column][\/vc_row][mk_page_section bg_color=\u00bb#1775bb\u00bb min_height=\u00bb0&#8243; padding_top=\u00bb30&#8243; padding_bottom=\u00bb0&#8243; top_shape_color=\u00bb#ffffff\u00bb bottom_shape_color=\u00bb#ffffff\u00bb sidebar=\u00bbsidebar-1&#8243; first_page=\u00bbfalse\u00bb last_page=\u00bbfalse\u00bb][vc_column][vc_row_inner attached=\u00bbtrue\u00bb css=\u00bb.vc_custom_1473265596194{padding-top: 2px !important;padding-right: 2px !important;padding-bottom: 2px !important;padding-left: 30px !important;}\u00bb][vc_column_inner width=\u00bb1\/6&#8243;][vc_icon icon_fontawesome=\u00bbfa fa-envelope-o\u00bb color=\u00bbwhite\u00bb background_style=\u00bbrounded-outline\u00bb background_color=\u00bbwhite\u00bb size=\u00bblg\u00bb link=\u00bburl:\/about\/contact-us\/|||\u00bb][\/vc_column_inner][vc_column_inner width=\u00bb3\/6&#8243;][mk_fancy_title tag_name=\u00bbh5&#8243; color=\u00bb#ffffff\u00bb size=\u00bb24&#8243; font_weight=\u00bb400&#8243; txt_transform=\u00bbnone\u00bb letter_spacing=\u00bb1&#8243; margin_top=\u00bb20&#8243; margin_bottom=\u00bb0&#8243; font_family=\u00bbnone\u00bb]\u00bfQUIERE SABER M\u00c1S?[\/mk_fancy_title][\/vc_column_inner][vc_column_inner width=\u00bb2\/6&#8243;][mk_button dimension=\u00bbflat\u00bb size=\u00bbmedium\u00bb url=\u00bb\/es\/about\/contact-us\/\u00bb align=\u00bbcenter\u00bb button_custom_width=\u00bb225&#8243; margin_top=\u00bb10&#8243; margin_bottom=\u00bb0&#8243; margin_right=\u00bb0&#8243; bg_color=\u00bb#ffffff\u00bb btn_hover_bg=\u00bb#ffffff\u00bb text_color=\u00bbdark\u00bb btn_hover_txt_color=\u00bb#1775bb\u00bb]CONT\u00c1CTENOS[\/mk_button][\/vc_column_inner][\/vc_row_inner][\/vc_column][\/mk_page_section]\n<\/div>","protected":false},"excerpt":{"rendered":"<p>[mk_page_section bg_color=\u00bb#ffffff\u00bb attachment=\u00bbfixed\u00bb bg_position=\u00bbcenter top\u00bb bg_repeat=\u00bbno-repeat\u00bb bg_video=\u00bbyes\u00bb video_mask=\u00bbtrue\u00bb bg_gradient=\u00bbvertical\u00bb video_opacity=\u00bb0.001&#8243; min_height=\u00bb600&#8243; full_width=\u00bbtrue\u00bb full_height=\u00bbtrue\u00bb padding_top=\u00bb0&#8243; padding_bottom=\u00bb0&#8243; sidebar=\u00bbsidebar-1&#8243;][vc_column][mk_edge_slider first_el=\u00bbtrue\u00bb swiper_bg=\u00bb#ffffff\u00bb parallax=\u00bbtrue\u00bb height=\u00bb\u00bb slideshow_speed=\u00bb10000&#8243; direction_nav=\u00bbround\u00bb pagination=\u00bbsmall_dot_stroke\u00bb slides=\u00bb14865, 14869, 14872&#8243;][vc_row_inner el_class=\u00bbsub-nav-row\u00bb][vc_column_inner][vc_raw_html]JTNDc2VjdGlvbiUyMGNsYXNzJTNEJTIyc3ViLW5hdiUyMiUzRSUwQSUwOSUzQ2RpdiUyMGNsYXNzJTNEJTIyc3ViLW5hdiUyMiUzRSUwQSUyMCUyMCUyMCUyMCUwOSUzQ2RpdiUyMGNsYXNzJTNEJTIybmF2LWxlZnQlMjIlMjBzdHlsZSUzRCUyMm1hcmdpbi1sZWZ0JTNBMThweCUzQiUyMiUzRSUwQSUyMCUyMCUyMCUyMCUyMCUyMCUyMCUyMCUwOSUzQ3VsJTNFJTBBJTIwJTIwJTIwJTIwJTIwJTIwJTIwJTIwJTIwJTIwJTIwJTIwJTA5JTNDbGklM0UlM0NhJTIwaHJlZiUzRCUyMiUyRmVzJTJGY29udGFjdC11cyUyRiUyMiUzRUNvbnQlQzMlQTFjdGVub3MlM0MlMkZhJTNFJTNDJTJGbGklM0UlMEElMjAlMjAlMjAlMjAlMjAlMjAlMjAlMjAlMjAlMjAlMjAlMjAlMjAlMjAlMjAlMjAlM0NsaSUzRSUzQ2ElMjBocmVmJTNEJTIyJTJGZXMlMkZhYm91dCUyRmNhcmVlcnMlMkYlMjIlM0VFbXBsZW8lM0MlMkZhJTNFJTNDJTJGbGklM0UlMEElMjAlMjAlMjAlMjAlMjAlMjAlMjAlMjAlMjAlMjAlMjAlMjAlMjAlMjAlMjAlMjAlM0NsaSUzRSUzQ2ElMjBocmVmJTNEJTIyJTJGZXMlMkZiZWNvbWUtYS1wYXJ0bmVyJTJGJTIyJTNFQXMlQzMlQjNjaWVzZSUyMGNvbiUyMG5vc290cm9zJTNDJTJGYSUzRSUzQyUyRmxpJTNFJTBBJTIwJTIwJTIwJTIwJTIwJTIwJTIwJTIwJTIwJTIwJTIwJTIwJTIwJTIwJTIwJTIwJTIwJTNDbGklM0UlM0NhJTIwaHJlZiUzRCUyMiUyRiUyMiUzRUVOJTNDJTJGYSUzRSUzQyUyRmxpJTNFJTBBJTNDbGklM0UlM0NhJTIwaHJlZiUzRCUyMiUyRmZyJTIyJTNFRlIlM0MlMkZhJTNFJTNDJTJGbGklM0UlMEElMjAlMjAlMjAlMjAlMjAlMjAlMjAlMjAlMjAlMjAlMjAlMjAlM0MlMkZ1bCUzRSUwQSUyMCUyMCUyMCUyMCUyMCUyMCUyMCUyMCUzQyUyRmRpdiUzRSUwQSUyMCUyMCUyMCUyMCUyMCUyMCUyMCUyMCUzQ2RpdiUyMGNsYXNzJTNEJTIybmF2LXJpZ2h0JTIyJTNFJTBBJTIwJTIwJTIwJTIwJTIwJTIwJTIwJTIwJTA5JTNDdWwlM0UlMEElMjAlMjAlMjAlMjAlMjAlMjAlMjAlMjAlMjAlMjAlMjAlMjAlMDklM0NsaSUzRSUzQ2ElMjB0aXRsZSUzRCUyMkZvbGxvdyUyMHVzJTIwb24lMjBUd2l0dGVyJTIyJTIwdGFyZ2V0JTNEJTIyX2JsYW5rJTIyJTIwaHJlZiUzRCUyMmh0dHBzJTNBJTJGJTJGdHdpdHRlci5jb20lMkZPS0lPS0RhdGElMjIlM0UlM0NpbWclMjBzcmMlM0QlMjIlMkZ3cC1jb250ZW50JTJGdXBsb2FkcyUyRjIwMTYlMkYwOCUyRnR3aXR0ZXIucG5nJTIyJTIwYWx0JTNEJTIyJTIyJTNFJTNDJTJGYSUzRSUzQyUyRmxpJTNFJTBBJTIwJTIwJTIwJTIwJTIwJTIwJTIwJTIwJTIwJTIwJTIwJTIwJTIwJTIwJTIwJTIwJTNDbGklM0UlM0NhJTIwdGl0bGUlM0QlMjJGb2xsb3clMjB1cyUyMG9uJTIwTGlua2VkSW4lMjIlMjB0YXJnZXQlM0QlMjJfYmxhbmslMjIlMjBocmVmJTNEJTIyaHR0cHMlM0ElMkYlMkZ3d3cubGlua2VkaW4uY29tJTJGY29tcGFueSUyRjExOTQzNiUzRnRyayUzRHByb2YtMC1vdnctY3Vycl9wb3MlMjIlM0UlM0NpbWclMjBzcmMlM0QlMjIlMkZ3cC1jb250ZW50JTJGdXBsb2FkcyUyRjIwMTYlMkYxMCUyRmxpbmtlZGluLnBuZyUyMiUyMGFsdCUzRCUyMiUyMiUzRSUzQyUyRmElM0UlM0MlMkZsaSUzRSUwQSUwQSUzQ2xpJTNFJTNDYSUyMHRpdGxlJTNEJTIyRm9sbG93JTIwdXMlMjB3aXRoJTIwb3VyJTIwUlNTJTIwZmVlZCUyMiUyMHRhcmdldCUzRCUyMl9ibGFuayUyMiUyMGhyZWYlM0QlMjIlMkZmZWVkJTJGcnNzJTJGJTIyJTNFJTNDaW1nJTIwc3JjJTNEJTIyJTJGd3AtY29udGVudCUyRnVwbG9hZHMlMkYyMDE2JTJGMTElMkZyc3MtMjQucG5nJTIyJTIwc3R5bGUlM0QlMjJoZWlnaHQlM0ExMnB4JTNCd2lkdGglM0ExMnB4JTNCJTIyJTIwYWx0JTNEJTIyJTIyJTNFJTNDJTJGYSUzRSUzQyUyRmxpJTNFJTBBJTBBJTIwJTIwJTIwJTIwJTIwJTIwJTIwJTIwJTIwJTIwJTIwJTIwJTNDJTJGdWwlM0UlMEElMjAlMjAlMjAlMjAlMjAlMjAlMjAlMjAlM0MlMkZkaXYlM0UlMEElMjAlMjAlMjAlMjAlM0MlMkZkaXYlM0UlMEElMjAlMjAlMjAlMjAlM0NkaXYlMjBjbGFzcyUzRCUyMmNsZWFyZml4JTIyJTNFJTNDJTJGZGl2JTNFJTBBJTNDJTJGc2VjdGlvbiUzRQ==[\/vc_raw_html][\/vc_column_inner][\/vc_row_inner][vc_row_inner el_class=\u00bbhbanner-header\u00bb][vc_column_inner][mk_header align=\u00bbcenter\u00bb el_class=\u00bbhomepage-header\u00bb][\/vc_column_inner][\/vc_row_inner][\/vc_column][\/mk_page_section][mk_page_section bg_image=\u00bbhttp:\/\/prod.okiok.com\/wp-content\/uploads\/2025\/05\/avro_arrow_white-1.jpg\u00bb bg_position=\u00bbcenter center\u00bb bg_repeat=\u00bbno-repeat\u00bb enable_3d=\u00bbtrue\u00bb video_opacity=\u00bb0&#8243; min_height=\u00bb\u00bb full_width=\u00bbtrue\u00bb padding_top=\u00bb0&#8243; padding_bottom=\u00bb50&#8243; top_shape_color=\u00bb#ffffff\u00bb bottom_shape_color=\u00bb#ffffff\u00bb el_class=\u00bbadjust-zindex\u00bb sidebar=\u00bbsidebar-1&#8243;][vc_column][mk_padding_divider size=\u00bb80&#8243;][mk_fancy_title color=\u00bb#333333&#8243; size=\u00bb26&#8243; force_font_size=\u00bbtrue\u00bb size_smallscreen=\u00bb24&#8243; size_tablet=\u00bb22&#8243; size_phone=\u00bb18&#8243; font_weight=\u00bbbold\u00bb txt_transform=\u00bbuppercase\u00bb margin_bottom=\u00bb5&#8243; font_family=\u00bbnone\u00bb [&hellip;]<\/p>\n","protected":false},"author":6,"featured_media":0,"parent":0,"menu_order":8,"comment_status":"open","ping_status":"closed","template":"","meta":{"footnotes":""},"class_list":["post-14853","page","type-page","status-publish","hentry"],"yoast_head":"<!-- This site is optimized with the Yoast SEO plugin v26.8 - https:\/\/yoast.com\/product\/yoast-seo-wordpress\/ -->\n<title>OKIOK |\u00a0Gobernabilidad y protecci\u00f3n de la informaci\u00f3n<\/title>\n<meta name=\"description\" content=\"L\u00edder mundial que se distingue por su experiencia y pericia, OKIOK abarcan soluciones de gobernabilidad y protecci\u00f3n de la informaci\u00f3n.\" \/>\n<meta name=\"robots\" content=\"index, follow, max-snippet:-1, max-image-preview:large, max-video-preview:-1\" \/>\n<meta property=\"og:locale\" content=\"es_ES\" \/>\n<meta property=\"og:type\" content=\"article\" \/>\n<meta property=\"og:title\" content=\"OKIOK |\u00a0Gobernabilidad y protecci\u00f3n de la informaci\u00f3n\" \/>\n<meta property=\"og:description\" content=\"L\u00edder mundial que se distingue por su experiencia y pericia, OKIOK abarcan soluciones de gobernabilidad y protecci\u00f3n de la informaci\u00f3n.\" \/>\n<meta property=\"og:site_name\" content=\"Okiok\" \/>\n<meta property=\"article:publisher\" content=\"https:\/\/www.facebook.com\/okiokdata\/\" \/>\n<meta property=\"article:modified_time\" content=\"2025-05-26T16:07:20+00:00\" \/>\n<meta property=\"og:image\" content=\"https:\/\/www.okiok.com\/wp-content\/uploads\/2017\/06\/okiok-social.png\" \/>\n<meta name=\"twitter:card\" content=\"summary_large_image\" \/>\n<meta name=\"twitter:image\" content=\"https:\/\/www.okiok.com\/wp-content\/uploads\/2017\/06\/okiok-social.png\" \/>\n<meta name=\"twitter:site\" content=\"@OKIOKdata\" \/>\n<meta name=\"twitter:label1\" content=\"Tiempo de lectura\" \/>\n\t<meta name=\"twitter:data1\" content=\"3 minutos\" \/>\n<!-- \/ Yoast SEO plugin. -->","yoast_head_json":{"title":"OKIOK |\u00a0Gobernabilidad y protecci\u00f3n de la informaci\u00f3n","description":"L\u00edder mundial que se distingue por su experiencia y pericia, OKIOK abarcan soluciones de gobernabilidad y protecci\u00f3n de la informaci\u00f3n.","robots":{"index":"index","follow":"follow","max-snippet":"max-snippet:-1","max-image-preview":"max-image-preview:large","max-video-preview":"max-video-preview:-1"},"og_locale":"es_ES","og_type":"article","og_title":"OKIOK |\u00a0Gobernabilidad y protecci\u00f3n de la informaci\u00f3n","og_description":"L\u00edder mundial que se distingue por su experiencia y pericia, OKIOK abarcan soluciones de gobernabilidad y protecci\u00f3n de la informaci\u00f3n.","og_site_name":"Okiok","article_publisher":"https:\/\/www.facebook.com\/okiokdata\/","article_modified_time":"2025-05-26T16:07:20+00:00","og_image":[{"url":"https:\/\/www.okiok.com\/wp-content\/uploads\/2017\/06\/okiok-social.png","type":"","width":"","height":""}],"twitter_card":"summary_large_image","twitter_image":"https:\/\/www.okiok.com\/wp-content\/uploads\/2017\/06\/okiok-social.png","twitter_site":"@OKIOKdata","twitter_misc":{"Tiempo de lectura":"3 minutos"},"schema":{"@context":"https:\/\/schema.org","@graph":[{"@type":"WebPage","@id":"https:\/\/www.okiok.com\/es\/","url":"https:\/\/www.okiok.com\/es\/","name":"OKIOK |\u00a0Gobernabilidad y protecci\u00f3n de la informaci\u00f3n","isPartOf":{"@id":"https:\/\/www.okiok.com\/fr\/#website"},"datePublished":"2017-03-01T20:32:07+00:00","dateModified":"2025-05-26T16:07:20+00:00","description":"L\u00edder mundial que se distingue por su experiencia y pericia, OKIOK abarcan soluciones de gobernabilidad y protecci\u00f3n de la informaci\u00f3n.","breadcrumb":{"@id":"https:\/\/www.okiok.com\/es\/#breadcrumb"},"inLanguage":"es","potentialAction":[{"@type":"ReadAction","target":["https:\/\/www.okiok.com\/es\/"]}]},{"@type":"BreadcrumbList","@id":"https:\/\/www.okiok.com\/es\/#breadcrumb","itemListElement":[{"@type":"ListItem","position":1,"name":"Home","item":"https:\/\/www.okiok.com\/es\/"},{"@type":"ListItem","position":2,"name":"ES &#8211; Homepage"}]},{"@type":"WebSite","@id":"https:\/\/www.okiok.com\/fr\/#website","url":"https:\/\/www.okiok.com\/fr\/","name":"Okiok","description":"","publisher":{"@id":"https:\/\/www.okiok.com\/fr\/#organization"},"potentialAction":[{"@type":"SearchAction","target":{"@type":"EntryPoint","urlTemplate":"https:\/\/www.okiok.com\/fr\/?s={search_term_string}"},"query-input":{"@type":"PropertyValueSpecification","valueRequired":true,"valueName":"search_term_string"}}],"inLanguage":"es"},{"@type":"Organization","@id":"https:\/\/www.okiok.com\/fr\/#organization","name":"Okiok","url":"https:\/\/www.okiok.com\/fr\/","logo":{"@type":"ImageObject","inLanguage":"es","@id":"https:\/\/www.okiok.com\/fr\/#\/schema\/logo\/image\/","url":"https:\/\/www.okiok.com\/wp-content\/uploads\/2017\/06\/logo-okiok-2.png","contentUrl":"https:\/\/www.okiok.com\/wp-content\/uploads\/2017\/06\/logo-okiok-2.png","width":300,"height":369,"caption":"Okiok"},"image":{"@id":"https:\/\/www.okiok.com\/fr\/#\/schema\/logo\/image\/"},"sameAs":["https:\/\/www.facebook.com\/okiokdata\/","https:\/\/x.com\/OKIOKdata","https:\/\/www.linkedin.com\/company-beta\/119436\/"]}]}},"_links":{"self":[{"href":"https:\/\/www.okiok.com\/es\/wp-json\/wp\/v2\/pages\/14853","targetHints":{"allow":["GET"]}}],"collection":[{"href":"https:\/\/www.okiok.com\/es\/wp-json\/wp\/v2\/pages"}],"about":[{"href":"https:\/\/www.okiok.com\/es\/wp-json\/wp\/v2\/types\/page"}],"author":[{"embeddable":true,"href":"https:\/\/www.okiok.com\/es\/wp-json\/wp\/v2\/users\/6"}],"replies":[{"embeddable":true,"href":"https:\/\/www.okiok.com\/es\/wp-json\/wp\/v2\/comments?post=14853"}],"version-history":[{"count":34,"href":"https:\/\/www.okiok.com\/es\/wp-json\/wp\/v2\/pages\/14853\/revisions"}],"predecessor-version":[{"id":26655,"href":"https:\/\/www.okiok.com\/es\/wp-json\/wp\/v2\/pages\/14853\/revisions\/26655"}],"wp:attachment":[{"href":"https:\/\/www.okiok.com\/es\/wp-json\/wp\/v2\/media?parent=14853"}],"curies":[{"name":"wp","href":"https:\/\/api.w.org\/{rel}","templated":true}]}}