{"id":14879,"date":"2016-09-21T07:19:56","date_gmt":"2016-09-21T07:19:56","guid":{"rendered":"http:\/\/pre-www.okiok.com\/a-global-network\/"},"modified":"2021-04-16T08:35:11","modified_gmt":"2021-04-16T13:35:11","slug":"a-global-network","status":"publish","type":"page","link":"https:\/\/www.okiok.com\/es\/a-global-network\/","title":{"rendered":"A Global Network"},"content":{"rendered":"<div class=\"wpb-content-wrapper\">[vc_row fullwidth=\u00bbtrue\u00bb fullwidth_content=\u00bbfalse\u00bb el_class=\u00bbmax-780&#8243; css=\u00bb.vc_custom_1479079220675{margin-right: 5% !important;margin-left: 5% !important;}\u00bb][vc_column][mk_padding_divider size=\u00bb60&#8243;][vc_row_inner css=\u00bb.vc_custom_1479079190080{margin-right: 5% !important;margin-left: 5% !important;}\u00bb][vc_column_inner width=\u00bb1\/2&#8243;][mk_fancy_title tag_name=\u00bbh1&#8243; color=\u00bb#1770b3&#8243; size=\u00bb42&#8243; force_font_size=\u00bbtrue\u00bb size_smallscreen=\u00bb35&#8243; size_tablet=\u00bb30&#8243; size_phone=\u00bb20&#8243; font_weight=\u00bbbold\u00bb txt_transform=\u00bbuppercase\u00bb font_family=\u00bbnone\u00bb]A global network[\/mk_fancy_title][mk_divider style=\u00bbthick_solid\u00bb border_color=\u00bb#1770b3&#8243; margin_top=\u00bb0&#8243; el_class=\u00bbdivider-width-8 limit-width-330&#8243;][\/vc_column_inner][vc_column_inner width=\u00bb1\/2&#8243;][vc_column_text align=\u00bbright\u00bb margin_bottom=\u00bb35&#8243;]\n<p style=\"text-align: right;\"><span style=\"color: #1770b3;\">Cyber security is a global concern that crosses borders. Through reseller partners, OKIOK offers its products and services to organizations around the world, including in North America, Latin America and Europe.<\/span><\/p>\n[\/vc_column_text][\/vc_column_inner][\/vc_row_inner][\/vc_column][\/vc_row][vc_row fullwidth=\u00bbtrue\u00bb column_padding=\u00bb5&#8243;][vc_column][vc_column_text css=\u00bb.vc_custom_1618580108608{margin-bottom: 0px !important;}\u00bb]<div id=\"mapplic-id20648\" data-mapdata=\"{&quot;mapwidth&quot;:&quot;1000&quot;,&quot;mapheight&quot;:&quot;600&quot;,&quot;action&quot;:&quot;lightbox&quot;,&quot;fillcolor&quot;:&quot;#343f4b&quot;,&quot;maxscale&quot;:&quot;3&quot;,&quot;fullscreen&quot;:false,&quot;hovertip&quot;:false,&quot;hovertipdesc&quot;:false,&quot;smartip&quot;:false,&quot;deeplinking&quot;:false,&quot;linknewtab&quot;:false,&quot;minimap&quot;:true,&quot;animations&quot;:false,&quot;zoom&quot;:true,&quot;zoombuttons&quot;:true,&quot;clearbutton&quot;:true,&quot;zoomoutclose&quot;:false,&quot;closezoomout&quot;:false,&quot;mousewheel&quot;:true,&quot;mapfill&quot;:true,&quot;sidebar&quot;:true,&quot;search&quot;:false,&quot;searchdescription&quot;:false,&quot;alphabetic&quot;:true,&quot;thumbholder&quot;:false,&quot;sidebartoggle&quot;:false,&quot;filtersopened&quot;:false,&quot;highlight&quot;:false,&quot;customcss&quot;:&quot;&quot;,&quot;topLat&quot;:&quot;&quot;,&quot;leftLng&quot;:&quot;&quot;,&quot;bottomLat&quot;:&quot;&quot;,&quot;rightLng&quot;:&quot;&quot;,&quot;levels&quot;:[{&quot;id&quot;:&quot;world&quot;,&quot;title&quot;:&quot;World&quot;,&quot;map&quot;:&quot;\\\/wp-content\\\/plugins\\\/mapplic\\\/maps\\\/world.svg&quot;,&quot;minimap&quot;:&quot;&quot;,&quot;show&quot;:&quot;true&quot;}],&quot;styles&quot;:[],&quot;categories&quot;:[],&quot;locations&quot;:[{&quot;id&quot;:&quot;eu&quot;,&quot;title&quot;:&quot;Europe \\u2013 Middle East \\u2013 Africa&quot;,&quot;description&quot;:&quot;&lt;h4&gt;Orre Management Consulting&lt;\\\/h4&gt;&lt;p&gt;Peter Orre, of Orre Management Consulting, has over 25 years of experience in marketing, sales and business management in the IT industry in both Europe and the United States, including Silicon Valley. He has worked with a wide range of companies, including Apple, Compaq, HP and various consulting and start-up firms. Of Swedish nationality, Peter has been living in Munich for 16 years after holding various positions and carrying out various contracts in Sweden, France and the United States. He speaks fluent French, English, German and Swedish. Peter is the central point of contact for all European partners that market OKIOK solutions in Europe, in addition to being responsible for the growth of OKIOK\\u2019s presence in European markets. Peter can be contacted at: &lt;a title=\\&quot;peter.orre@okiok.com\\&quot; href=\\&quot;mailto:peter.orre@okiok.com\\&quot;&gt;peter.orre@okiok.com&lt;\\\/a&gt;.&lt;\\\/p&gt;&quot;,&quot;pin&quot;:&quot;orange no-fill&quot;,&quot;category&quot;:&quot;false&quot;,&quot;action&quot;:&quot;default&quot;,&quot;about&quot;:&quot;Orre Management Consulting&quot;,&quot;x&quot;:&quot;0.6028&quot;,&quot;y&quot;:&quot;0.5201&quot;,&quot;thumbnail&quot;:&quot;\\\/wp-content\\\/uploads\\\/2016\\\/11\\\/filler.png&quot;,&quot;color&quot;:&quot;#343f4b&quot;,&quot;level&quot;:&quot;world&quot;},{&quot;id&quot;:&quot;de&quot;,&quot;title&quot;:&quot;Germany&quot;,&quot;description&quot;:&quot;&lt;div class=\\&quot;column column-2-3 column-last\\&quot;&gt;&lt;h4&gt;&lt;img class=\\&quot;alignleft size-full wp-image-12444\\&quot; src=\\&quot;\\\/wp-content\\\/uploads\\\/2016\\\/09\\\/LAUNCHPAD.jpg\\&quot; alt=\\&quot;launchpad\\&quot; width=\\&quot;98\\&quot; height=\\&quot;98\\&quot; \\\/&gt;LaunchPad Service (LPS)&lt;\\\/h4&gt;&lt;p&gt;LaunchPad Service (LPS) is a company delivering tailored sales and business development services that drive rapid European sales expansion for its customers in the IT-industry. Focusing on IT-players new to European markets, LPS develops and implements sales, distribution and business development programs that shorten time from vendor to customer. Extending its customers\\u2019 market reach and sales bandwidth with hands-on execution activities, LPS provide a variety of market entry solutions boosting sales and local presence while minimizing risk.&lt;\\\/p&gt;&lt;p&gt;The LPS team has long experience of direct and indirect business &amp;amp; sales development in the European business environment. It consists of experienced IT industry sales, marketing, and technology experts, and operates with a pragmatic, end-user-centric business and working approach. It also leverages its extensive network of qualified experts to ensure a full-service portfolio of competencies to client and end-customers.&lt;\\\/p&gt;&lt;p&gt;LPS is based in Munich, Germany, and operates across Europe.&lt;br \\\/&gt; &lt;a href=\\&quot;http:\\\/\\\/www.launchpadservice.com\\&quot; target=\\&quot;_blank\\&quot;&gt;www.launchpadservice.com&lt;\\\/a&gt;&lt;\\\/p&gt;&lt;\\\/div&gt;&quot;,&quot;pin&quot;:&quot;orange no-fill&quot;,&quot;category&quot;:&quot;false&quot;,&quot;action&quot;:&quot;default&quot;,&quot;about&quot;:&quot;LaunchPad Service (LPS)&quot;,&quot;x&quot;:&quot;0.5271&quot;,&quot;y&quot;:&quot;0.4516&quot;,&quot;thumbnail&quot;:&quot;\\\/wp-content\\\/uploads\\\/2016\\\/11\\\/filler.png&quot;,&quot;color&quot;:&quot;#343f4b&quot;,&quot;level&quot;:&quot;world&quot;},{&quot;id&quot;:&quot;fr&quot;,&quot;title&quot;:&quot;France&quot;,&quot;description&quot;:&quot;&lt;div class=\\&quot;column column-2-3 column-last\\&quot;&gt;&lt;h4&gt;&lt;img class=\\&quot;alignleft size-full wp-image-12457\\&quot; src=\\&quot;\\\/wp-content\\\/uploads\\\/2016\\\/09\\\/sifaris1-150x150.jpg\\&quot; alt=\\&quot;sifaris1-150x150\\&quot; width=\\&quot;150\\&quot; height=\\&quot;150\\&quot; \\\/&gt;SIFARIS&lt;\\\/h4&gt;&lt;p&gt;SIFARIS is an IT consulting firm specializing in regulated sectors. Their services cover the whole scope of consultancy, management and security of information systems. SIFARIS now has over 30 references, primarily targeting the SME market in regulated sectors such as finance. To support the ever increasing pressure for these companies to formalize and improve their performance monitoring systems, SIFARIS offers solutions aligned with financial and banking regulatory constraints, as well as specialized, value-added services facilitating operations, governance and optimal performance of the IT infrastructure.&lt;br \\\/&gt; &lt;a title=\\&quot;www.sifaris.fr\\&quot; href=\\&quot;http:\\\/\\\/www.sifaris.fr\\&quot; target=\\&quot;_blank\\&quot;&gt;http:\\\/\\\/www.sifaris.fr&lt;\\\/a&gt;&lt;\\\/p&gt;&lt;\\\/div&gt;&quot;,&quot;pin&quot;:&quot;orange no-fill&quot;,&quot;category&quot;:&quot;false&quot;,&quot;action&quot;:&quot;default&quot;,&quot;about&quot;:&quot;SIFARIS&quot;,&quot;x&quot;:&quot;0.5088&quot;,&quot;y&quot;:&quot;0.4766&quot;,&quot;thumbnail&quot;:&quot;\\\/wp-content\\\/uploads\\\/2016\\\/11\\\/filler.png&quot;,&quot;color&quot;:&quot;#343f4b&quot;,&quot;level&quot;:&quot;world&quot;},{&quot;id&quot;:&quot;cz&quot;,&quot;title&quot;:&quot;Czech Republic and Slovakia&quot;,&quot;description&quot;:&quot;&lt;h4&gt;&lt;img class=\\&quot;alignleft size-full wp-image-12469\\&quot; src=\\&quot;\\\/wp-content\\\/uploads\\\/2016\\\/09\\\/tecobu1.png\\&quot; alt=\\&quot;tecobu1\\&quot; width=\\&quot;172\\&quot; height=\\&quot;172\\&quot; \\\/&gt;TECOBU&lt;\\\/h4&gt;&lt;p&gt;Based in Prague, TECOBU holds a strong telecom and ITC expertise in Central Europe, Eastern Europe and Africa. TECOBU markets and provides technical support of OKIOK security solutions in Czech Republic and Slovakia.&lt;br \\\/&gt; &lt;a title=\\&quot;www.tecobu.cz\\&quot; href=\\&quot;http:\\\/\\\/www.tecobu.cz\\\/index.php?lang=en\\&quot; target=\\&quot;_blank\\&quot;&gt;www.tecobu.cz&lt;\\\/a&gt;&lt;\\\/p&gt;&quot;,&quot;pin&quot;:&quot;orange no-fill&quot;,&quot;category&quot;:&quot;false&quot;,&quot;action&quot;:&quot;default&quot;,&quot;about&quot;:&quot;TECOBU&quot;,&quot;x&quot;:&quot;0.5381&quot;,&quot;y&quot;:&quot;0.4583&quot;,&quot;thumbnail&quot;:&quot;\\\/wp-content\\\/uploads\\\/2016\\\/11\\\/filler.png&quot;,&quot;color&quot;:&quot;#343f4b&quot;,&quot;level&quot;:&quot;world&quot;},{&quot;id&quot;:&quot;mx&quot;,&quot;title&quot;:&quot;Mexico and Latin America&quot;,&quot;description&quot;:&quot;&lt;h4&gt;&lt;img class=\\&quot;alignleft size-full wp-image-11545\\&quot; src=\\&quot;\\\/wp-content\\\/uploads\\\/2016\\\/09\\\/ProtektNet1-150x150.jpg\\&quot; alt=\\&quot;protektnet1-150x150\\&quot; width=\\&quot;150\\&quot; height=\\&quot;150\\&quot; \\\/&gt;Protektnet&lt;\\\/h4&gt;&lt;p&gt;Protektnet through its dealer network distributes OKIOK solutions, such as S-Filer\\\/Portal, in Mexico and in Latin America.&lt;br \\\/&gt; &lt;a title=\\&quot;www.protektnet.com\\&quot; href=\\&quot;http:\\\/\\\/www.protektnet.com\\\/productos\\\/marcas\\\/okiok.html\\\/\\&quot; target=\\&quot;_blank\\&quot;&gt;www.protektnet.com&lt;\\\/a&gt;&lt;\\\/p&gt;&quot;,&quot;pin&quot;:&quot;orange no-fill&quot;,&quot;category&quot;:&quot;false&quot;,&quot;action&quot;:&quot;default&quot;,&quot;about&quot;:&quot;Protektnet&quot;,&quot;x&quot;:&quot;0.2375&quot;,&quot;y&quot;:&quot;0.5903&quot;,&quot;thumbnail&quot;:&quot;\\\/wp-content\\\/uploads\\\/2016\\\/11\\\/filler.png&quot;,&quot;color&quot;:&quot;#343f4b&quot;,&quot;level&quot;:&quot;world&quot;},{&quot;id&quot;:&quot;us&quot;,&quot;title&quot;:&quot;North America&quot;,&quot;description&quot;:&quot;&lt;img class=\\&quot;alignleft size-full wp-image-11549\\&quot; src=\\&quot;\\\/wp-content\\\/uploads\\\/2016\\\/09\\\/cdms-150x150.jpg\\&quot; alt=\\&quot;cdms-150x150\\&quot; width=\\&quot;150\\&quot; height=\\&quot;150\\&quot; \\\/&gt;\\n&lt;h4&gt;CDMS&lt;\\\/h4&gt;\\nCDMS is a company comprised of a group of highly experienced technical professionals dedicated to personalizing IT solutions to fit individual clients\\u2019 unique business needs, incorporating superior quality and flexible IT solutions. &lt;a title=\\&quot;www.cdmsfirst.com\\&quot; href=\\&quot;http:\\\/\\\/www.cdmsfirst.com\\&quot; target=\\&quot;_blank\\&quot; rel=\\&quot;noopener\\&quot;&gt;www.cdmsfirst.com&lt;\\\/a&gt;\\n&lt;br\\\/&gt;\\n&lt;br\\\/&gt;\\n&lt;img class=\\&quot;alignleft size-full\\&quot; src=\\&quot;\\\/wp-content\\\/uploads\\\/2017\\\/11\\\/omnibased.png\\&quot; alt=\\&quot;omnibased\\&quot; \\\/&gt;\\n&lt;h4&gt;OMNIBASED&lt;\\\/h4&gt;\\nOmnibased is a multi-tenant platform that connects clients to trusted vendors through cutting-edge software marketplaces that let clients control the whole procurement process in one place. &lt;a href=\\&quot;http:\\\/\\\/www.omnibased.com\\\/for-buyers\\\/ \\&quot;&gt;http:\\\/\\\/www.omnibased.com\\\/for-buyers\\\/&lt;\\\/a&gt;\\n&lt;br\\\/&gt;\\n&lt;br\\\/&gt;\\n&lt;img class=\\&quot;alignleft size-full wp-image-11548\\&quot; src=\\&quot;\\\/wp-content\\\/uploads\\\/2016\\\/09\\\/terranova-150x150.jpg\\&quot; alt=\\&quot;terranova-150x150\\&quot; width=\\&quot;150\\&quot; height=\\&quot;150\\&quot; \\\/&gt;\\n&lt;h4&gt;Terranova&lt;\\\/h4&gt;\\nOKIOK partners with Terranova in order to lead the evolution of training and awareness programs, constantly aligning it to industry best practices. OKIOK`s reseller channel also offers Terranova solutions in Mexico and in Latin America. &lt;a href=\\&quot;http:\\\/\\\/www.tnawareness.com\\&quot;&gt;http:\\\/\\\/www.tnawareness.com&lt;\\\/a&gt;&quot;,&quot;pin&quot;:&quot;orange no-fill&quot;,&quot;category&quot;:&quot;false&quot;,&quot;action&quot;:&quot;default&quot;,&quot;about&quot;:&quot;CDMS, OMNIBASED &amp; Terranova&quot;,&quot;x&quot;:&quot;0.2433&quot;,&quot;y&quot;:&quot;0.5141&quot;,&quot;thumbnail&quot;:&quot;\\\/wp-content\\\/uploads\\\/2016\\\/11\\\/filler.png&quot;,&quot;color&quot;:&quot;#343f4b&quot;,&quot;level&quot;:&quot;world&quot;},{&quot;id&quot;:&quot;jb&quot;,&quot;title&quot;:&quot;Benin&quot;,&quot;description&quot;:&quot;&lt;div class=\\&quot;column column-2-3 column-last\\&quot;&gt;&lt;h4&gt;&lt;img class=\\&quot;alignleft size-full wp-image-12453\\&quot; src=\\&quot;\\\/wp-content\\\/uploads\\\/2025\\\/04\\\/africavalley.png\\&quot; alt=\\&quot;africavalley\\&quot; width=\\&quot;98\\&quot; height=\\&quot;98\\&quot; \\\/&gt;AFRICA VALLEY&lt;\\\/h4&gt;&lt;p&gt;The AFRICA VALLEY concept is a win-win expertise-as-a-service (EaaS) initiative developed to meet the challenges of labor shortages faced by Western companies, while making a significant contribution not only to knowledge development, but also to economic and social growth and the generation of value at all levels of society on the African continent&lt;\\\/p&gt;&lt;a href=\\&quot;https:\\\/\\\/africavalley.ca\\\/\\&quot; target=\\&quot;_blank\\&quot; rel=\\&quot;noopener\\&quot;&gt;https:\\\/\\\/africavalley.ca\\\/&lt;\\\/a&gt;&lt;\\\/div&gt;&quot;,&quot;action&quot;:&quot;default&quot;,&quot;about&quot;:&quot;Africa Valley&quot;,&quot;x&quot;:&quot;0.5063&quot;,&quot;y&quot;:&quot;0.6575&quot;,&quot;thumbnail&quot;:&quot;\\\/wp-content\\\/uploads\\\/2016\\\/11\\\/filler.png&quot;,&quot;color&quot;:&quot;#343f4b&quot;,&quot;level&quot;:&quot;world&quot;},{&quot;id&quot;:&quot;se&quot;,&quot;title&quot;:&quot;Sweden&quot;,&quot;description&quot;:&quot;&lt;div class=\\&quot;column column-2-3 column-last\\&quot;&gt;\\n&lt;h4&gt;&lt;a title=\\&quot;SecureState\\&quot; href=\\&quot;http:\\\/\\\/securestate.se\\\/en\\\/about-us\\\/ \\&quot; target=\\&quot;_blank\\&quot; rel=\\&quot;noopener\\&quot;&gt;&lt;img class=\\&quot;alignleft size-full wp-image-12453\\&quot; src=\\&quot;\\\/wp-content\\\/uploads\\\/2017\\\/11\\\/securestate.png\\&quot; alt=\\&quot;SecureState\\&quot; width=\\&quot;98\\&quot; height=\\&quot;98\\&quot; \\\/&gt;SecureState&lt;\\\/a&gt;&lt;\\\/h4&gt;\\nSecureState, founded in 2005, operates from its headquarters in Norrk\\u00f6ping, Sweden along with an office in central Stockholm, Sweden.\\n\\n\\nSecure State offers cutting-edge cybersecurity services and solutions based on customer\\u2019s needs and requirements.\\n\\n&lt;\\\/div&gt;&quot;,&quot;pin&quot;:&quot;orange no-fill&quot;,&quot;category&quot;:&quot;false&quot;,&quot;action&quot;:&quot;default&quot;,&quot;x&quot;:&quot;0.5444&quot;,&quot;y&quot;:&quot;0.3892&quot;,&quot;about&quot;:&quot;SecureState&quot;,&quot;thumbnail&quot;:&quot;\\\/wp-content\\\/uploads\\\/2016\\\/11\\\/filler.png&quot;,&quot;color&quot;:&quot;#343f4b&quot;,&quot;level&quot;:&quot;world&quot;},{&quot;title&quot;:&quot;SPAIN&quot;,&quot;id&quot;:&quot;es&quot;,&quot;description&quot;:&quot;&lt;h4&gt;MELCOX&lt;\\\/h4&gt;&lt;br\\\/&gt;\\nMELCOX is a multinational company founded in 1993. Its headquarter is located in Madrid, Spain from where it serves the European market. MELCOX also has a sales office in Montevideo, Uruguay to cater for Latin American countries. MELCOX\\u2019s current customers are telecommunications service providers, ISP\\u2019s, data centres, integrators, contractors, manufacturers, utilities and various enterprises.&quot;,&quot;action&quot;:&quot;default&quot;,&quot;x&quot;:&quot;0.4938&quot;,&quot;y&quot;:&quot;0.5150&quot;,&quot;level&quot;:&quot;world&quot;,&quot;color&quot;:&quot;#343f4b&quot;,&quot;about&quot;:&quot;MELCOX&quot;},{&quot;title&quot;:&quot;Canada&quot;,&quot;id&quot;:&quot;ca&quot;,&quot;description&quot;:&quot;&lt;h4&gt;&lt;img class=\\&quot;alignleft size-full wp-image-11549\\&quot; src=\\&quot;\\\/wp-content\\\/uploads\\\/2016\\\/09\\\/cdms-150x150.jpg\\&quot; alt=\\&quot;cdms-150x150\\&quot; width=\\&quot;200\\&quot; height=\\&quot;250\\&quot; \\\/&gt;&lt;\\\/h4&gt;&lt;div class=\\&quot;column column-2-3 column-last\\&quot;&gt;&lt;h4&gt;CDMS&lt;\\\/h4&gt;&lt;p&gt;CDMS is a company made up of a group of highly qualified technicians dedicated to customizing superior information technology (IT) solutions tailored to the unique needs of their customers.&lt;br \\\/&gt; &lt;a title=\\&quot;www.cdmsfirst.com\\&quot; href=\\&quot;http:\\\/\\\/www.cdmsfirst.com\\&quot; target=\\&quot;_blank\\&quot;&gt;www.cdmsfirst.com&lt;\\\/a&gt;&lt;\\\/p&gt;&lt;\\\/div&gt;&lt;div class=\\&quot;column column-2-3 column-last\\&quot;&gt;&lt;h4&gt;&lt;img class=\\&quot;alignleft size-full wp-image-11548\\&quot; src=\\&quot;\\\/wp-content\\\/uploads\\\/2016\\\/09\\\/terranova-150x150.jpg\\&quot; alt=\\&quot;terranova-150x150\\&quot; width=\\&quot;200\\&quot; height=\\&quot;250\\&quot; \\\/&gt;&lt;\\\/h4&gt;&lt;div class=\\&quot;column column-2-3 column-last\\&quot;&gt;\\n\\n&lt;h4&gt;Terranova&lt;\\\/h4&gt;&lt;p&gt;OKIOK collaborates with Terranova on the evolution of training content to ensure that industry best practices are reflected. OKIOK also offers Terranova solutions in Mexico and Latin America.&lt;br \\\/&gt;&lt;a href=\\&quot;https:\\\/\\\/terranovacorporation.com\\\/\\&quot;&gt;terranovacorporation.com&lt;\\\/a&gt;&lt;\\\/p&gt;&lt;\\\/div&gt;&lt;\\\/div&gt;\\n\\n&lt;h4&gt;&lt;img class=\\&quot;alignleft size-full wp-image-11549\\&quot; src=\\&quot;\\\/wp-content\\\/uploads\\\/2025\\\/04\\\/doublego.png\\&quot; alt=\\&quot;cdms-150x150\\&quot; width=\\&quot;200\\&quot; height=\\&quot;250\\&quot; \\\/&gt;&lt;\\\/h4&gt;\\n&lt;p&gt;GROUPE DOUBLEGO CORP contributes to its customers&#039; success through a comprehensive range of quality services and extensive expertise. We develop this expertise by building on our main asset: you. &lt;br \\\/&gt;&lt;a href=\\&quot;https:\\\/\\\/doublego.com\\\/\\&quot;&gt;doublego.com\\\/&lt;\\\/a&gt;&lt;\\\/p&gt;&lt;\\\/div&gt;&lt;\\\/div&gt;\\n\\n\\n&quot;,&quot;fill&quot;:&quot;#343f4b&quot;,&quot;thumbnail&quot;:&quot;\\\/wp-content\\\/uploads\\\/2016\\\/11\\\/filler.png&quot;,&quot;action&quot;:&quot;default&quot;,&quot;about&quot;:&quot;Terra Nova, CDMS &amp; DoubleGo&quot;,&quot;x&quot;:&quot;0.2336&quot;,&quot;y&quot;:&quot;0.4211&quot;,&quot;level&quot;:&quot;world&quot;,&quot;color&quot;:&quot;#343f4b&quot;}]}\" data-height=\"700\"><\/div>[\/vc_column_text][\/vc_column][\/vc_row]\n<\/div>","protected":false},"excerpt":{"rendered":"<p>[vc_row fullwidth=\u00bbtrue\u00bb fullwidth_content=\u00bbfalse\u00bb el_class=\u00bbmax-780&#8243; css=\u00bb.vc_custom_1479079220675{margin-right: 5% !important;margin-left: 5% !important;}\u00bb][vc_column][mk_padding_divider size=\u00bb60&#8243;][vc_row_inner css=\u00bb.vc_custom_1479079190080{margin-right: 5% !important;margin-left: 5% !important;}\u00bb][vc_column_inner width=\u00bb1\/2&#8243;][mk_fancy_title tag_name=\u00bbh1&#8243; color=\u00bb#1770b3&#8243; size=\u00bb42&#8243; force_font_size=\u00bbtrue\u00bb size_smallscreen=\u00bb35&#8243; size_tablet=\u00bb30&#8243; size_phone=\u00bb20&#8243; font_weight=\u00bbbold\u00bb txt_transform=\u00bbuppercase\u00bb font_family=\u00bbnone\u00bb]A global network[\/mk_fancy_title][mk_divider style=\u00bbthick_solid\u00bb border_color=\u00bb#1770b3&#8243; margin_top=\u00bb0&#8243; el_class=\u00bbdivider-width-8 limit-width-330&#8243;][\/vc_column_inner][vc_column_inner width=\u00bb1\/2&#8243;][vc_column_text align=\u00bbright\u00bb margin_bottom=\u00bb35&#8243;] Cyber security is a global concern that crosses borders. Through reseller partners, OKIOK offers its products and services to [&hellip;]<\/p>\n","protected":false},"author":1,"featured_media":0,"parent":0,"menu_order":0,"comment_status":"closed","ping_status":"closed","template":"","meta":{"footnotes":""},"class_list":["post-14879","page","type-page","status-publish","hentry"],"yoast_head":"<!-- This site is optimized with the Yoast SEO plugin v26.8 - https:\/\/yoast.com\/product\/yoast-seo-wordpress\/ -->\n<title>Empresa de Ciberseguridad OKIOK | Una presencia global<\/title>\n<meta name=\"description\" content=\"A trav\u00e9s revendedores, OKIOK ofrece sus productos y servicios a organizaciones de todo el mundo, incluso en Am\u00e9rica del Norte, Am\u00e9rica Latina y Europa.\" \/>\n<meta name=\"robots\" content=\"index, follow, max-snippet:-1, max-image-preview:large, max-video-preview:-1\" \/>\n<meta property=\"og:locale\" content=\"es_ES\" \/>\n<meta property=\"og:type\" content=\"article\" \/>\n<meta property=\"og:title\" content=\"Empresa de Ciberseguridad OKIOK | Una presencia global\" \/>\n<meta property=\"og:description\" content=\"A trav\u00e9s revendedores, OKIOK ofrece sus productos y servicios a organizaciones de todo el mundo, incluso en Am\u00e9rica del Norte, Am\u00e9rica Latina y Europa.\" \/>\n<meta property=\"og:site_name\" content=\"Okiok\" \/>\n<meta property=\"article:publisher\" content=\"https:\/\/www.facebook.com\/okiokdata\/\" \/>\n<meta property=\"article:modified_time\" content=\"2021-04-16T13:35:11+00:00\" \/>\n<meta name=\"twitter:card\" content=\"summary_large_image\" \/>\n<meta name=\"twitter:site\" content=\"@OKIOKdata\" \/>\n<meta name=\"twitter:label1\" content=\"Tiempo de lectura\" \/>\n\t<meta name=\"twitter:data1\" content=\"1 minuto\" \/>\n<!-- \/ Yoast SEO plugin. -->","yoast_head_json":{"title":"Empresa de Ciberseguridad OKIOK | Una presencia global","description":"A trav\u00e9s revendedores, OKIOK ofrece sus productos y servicios a organizaciones de todo el mundo, incluso en Am\u00e9rica del Norte, Am\u00e9rica Latina y Europa.","robots":{"index":"index","follow":"follow","max-snippet":"max-snippet:-1","max-image-preview":"max-image-preview:large","max-video-preview":"max-video-preview:-1"},"og_locale":"es_ES","og_type":"article","og_title":"Empresa de Ciberseguridad OKIOK | Una presencia global","og_description":"A trav\u00e9s revendedores, OKIOK ofrece sus productos y servicios a organizaciones de todo el mundo, incluso en Am\u00e9rica del Norte, Am\u00e9rica Latina y Europa.","og_site_name":"Okiok","article_publisher":"https:\/\/www.facebook.com\/okiokdata\/","article_modified_time":"2021-04-16T13:35:11+00:00","twitter_card":"summary_large_image","twitter_site":"@OKIOKdata","twitter_misc":{"Tiempo de lectura":"1 minuto"},"schema":{"@context":"https:\/\/schema.org","@graph":[{"@type":"WebPage","@id":"https:\/\/www.okiok.com\/es\/a-global-network\/","url":"https:\/\/www.okiok.com\/es\/a-global-network\/","name":"Empresa de Ciberseguridad OKIOK | Una presencia global","isPartOf":{"@id":"https:\/\/www.okiok.com\/fr\/#website"},"datePublished":"2016-09-21T07:19:56+00:00","dateModified":"2021-04-16T13:35:11+00:00","description":"A trav\u00e9s revendedores, OKIOK ofrece sus productos y servicios a organizaciones de todo el mundo, incluso en Am\u00e9rica del Norte, Am\u00e9rica Latina y Europa.","breadcrumb":{"@id":"https:\/\/www.okiok.com\/es\/a-global-network\/#breadcrumb"},"inLanguage":"es","potentialAction":[{"@type":"ReadAction","target":["https:\/\/www.okiok.com\/es\/a-global-network\/"]}]},{"@type":"BreadcrumbList","@id":"https:\/\/www.okiok.com\/es\/a-global-network\/#breadcrumb","itemListElement":[{"@type":"ListItem","position":1,"name":"Home","item":"https:\/\/www.okiok.com\/es\/"},{"@type":"ListItem","position":2,"name":"A Global Network"}]},{"@type":"WebSite","@id":"https:\/\/www.okiok.com\/fr\/#website","url":"https:\/\/www.okiok.com\/fr\/","name":"Okiok","description":"","publisher":{"@id":"https:\/\/www.okiok.com\/fr\/#organization"},"potentialAction":[{"@type":"SearchAction","target":{"@type":"EntryPoint","urlTemplate":"https:\/\/www.okiok.com\/fr\/?s={search_term_string}"},"query-input":{"@type":"PropertyValueSpecification","valueRequired":true,"valueName":"search_term_string"}}],"inLanguage":"es"},{"@type":"Organization","@id":"https:\/\/www.okiok.com\/fr\/#organization","name":"Okiok","url":"https:\/\/www.okiok.com\/fr\/","logo":{"@type":"ImageObject","inLanguage":"es","@id":"https:\/\/www.okiok.com\/fr\/#\/schema\/logo\/image\/","url":"https:\/\/www.okiok.com\/wp-content\/uploads\/2017\/06\/logo-okiok-2.png","contentUrl":"https:\/\/www.okiok.com\/wp-content\/uploads\/2017\/06\/logo-okiok-2.png","width":300,"height":369,"caption":"Okiok"},"image":{"@id":"https:\/\/www.okiok.com\/fr\/#\/schema\/logo\/image\/"},"sameAs":["https:\/\/www.facebook.com\/okiokdata\/","https:\/\/x.com\/OKIOKdata","https:\/\/www.linkedin.com\/company-beta\/119436\/"]}]}},"_links":{"self":[{"href":"https:\/\/www.okiok.com\/es\/wp-json\/wp\/v2\/pages\/14879","targetHints":{"allow":["GET"]}}],"collection":[{"href":"https:\/\/www.okiok.com\/es\/wp-json\/wp\/v2\/pages"}],"about":[{"href":"https:\/\/www.okiok.com\/es\/wp-json\/wp\/v2\/types\/page"}],"author":[{"embeddable":true,"href":"https:\/\/www.okiok.com\/es\/wp-json\/wp\/v2\/users\/1"}],"replies":[{"embeddable":true,"href":"https:\/\/www.okiok.com\/es\/wp-json\/wp\/v2\/comments?post=14879"}],"version-history":[{"count":8,"href":"https:\/\/www.okiok.com\/es\/wp-json\/wp\/v2\/pages\/14879\/revisions"}],"predecessor-version":[{"id":20708,"href":"https:\/\/www.okiok.com\/es\/wp-json\/wp\/v2\/pages\/14879\/revisions\/20708"}],"wp:attachment":[{"href":"https:\/\/www.okiok.com\/es\/wp-json\/wp\/v2\/media?parent=14879"}],"curies":[{"name":"wp","href":"https:\/\/api.w.org\/{rel}","templated":true}]}}