{"id":14882,"date":"2016-08-15T11:49:22","date_gmt":"2016-08-15T16:49:22","guid":{"rendered":"http:\/\/pre-www.okiok.com\/about\/"},"modified":"2025-04-14T15:13:18","modified_gmt":"2025-04-14T20:13:18","slug":"ciberseguridad-about","status":"publish","type":"page","link":"https:\/\/www.okiok.com\/es\/ciberseguridad-about\/","title":{"rendered":"About"},"content":{"rendered":"<div class=\"wpb-content-wrapper\">[mk_page_section bg_image=\u00bbhttp:\/\/prod.okiok.com\/wp-content\/uploads\/2025\/04\/board-1.png\u00bb bg_color=\u00bb#000000&#8243; bg_position=\u00bbcenter center\u00bb bg_repeat=\u00bbno-repeat\u00bb video_opacity=\u00bb0&#8243; min_height=\u00bb200&#8243; padding_top=\u00bb0&#8243; padding_bottom=\u00bb0&#8243; top_shape_color=\u00bb#ffffff\u00bb bottom_shape_color=\u00bb#ffffff\u00bb sidebar=\u00bbsidebar-1&#8243; first_page=\u00bbfalse\u00bb last_page=\u00bbfalse\u00bb][vc_column css=\u00bb.vc_custom_1474314006621{padding-top: 80px !important;padding-bottom: 15px !important;background-position: center !important;background-repeat: no-repeat !important;background-size: cover !important;}\u00bb][mk_fancy_title color=\u00bb#ffffff\u00bb size=\u00bb30&#8243; force_font_size=\u00bbtrue\u00bb size_smallscreen=\u00bb26&#8243; size_tablet=\u00bb20&#8243; size_phone=\u00bb20&#8243; font_weight=\u00bb400&#8243; font_style=\u00bbnormal\u00bb txt_transform=\u00bbuppercase\u00bb letter_spacing=\u00bb4&#8243; margin_bottom=\u00bb0&#8243; font_family=\u00bbnone\u00bb][\/mk_fancy_title][\/vc_column][\/mk_page_section][vc_row fullwidth=\u00bbtrue\u00bb css=\u00bb.vc_custom_1471332663344{padding-right: 20px !important;padding-left: 20px !important;}\u00bb][vc_column][mk_padding_divider size=\u00bb75&#8243;][vc_row_inner is_fullwidth_content=\u00bbfalse\u00bb css=\u00bb.vc_custom_1475412093454{padding-right: 40px !important;padding-left: 60px !important;}\u00bb][vc_column_inner width=\u00bb1\/3&#8243; css=\u00bb.vc_custom_1474314963376{padding-right: 50px !important;}\u00bb][mk_fancy_title color=\u00bb#ffffff\u00bb size=\u00bb38&#8243; line_height=\u00bb99&#8243; font_weight=\u00bbbold\u00bb txt_transform=\u00bbuppercase\u00bb margin_bottom=\u00bb\u00bb font_family=\u00bbnone\u00bb]M\u00e1s de 40 a\u00f1os de innovaci\u00f3n en seguridad de la informaci\u00f3n[\/mk_fancy_title][mk_divider style=\u00bbthick_solid\u00bb divider_width=\u00bbone_half\u00bb align=\u00bbleft\u00bb border_color=\u00bb#ffffff\u00bb margin_top=\u00bb\u00bb][\/vc_column_inner][vc_column_inner width=\u00bb2\/3&#8243;][vc_column_text css=\u00bb.vc_custom_1744661589992{margin-bottom: 0px !important;}\u00bb]\n<div style=\"color: white;\">Durante m\u00e1s de cuatro d\u00e9cadas, hemos estado superando los l\u00edmites de la innovaci\u00f3n en seguridad de la informaci\u00f3n, habi\u00e9ndola convertido en nuestro enfoque central. Nuestra oferta de productos y servicios constituye la fuerza distintiva de OKIOK a escala mundial y nos permite abordar la totalidad de las necesidades de gobernanza de la seguridad y protecci\u00f3n de la informaci\u00f3n de una organizaci\u00f3n. Los productos de transferencia segura de archivos y de gobernanza de la identidad, los servicios profesionales espec\u00edficos y de valor a\u00f1adido, as\u00ed como las soluciones de seguridad personalizadas aprovechan las habilidades y la experiencia de nuestros especialistas, lo que nos permite ofrecer nada menos que excelencia.Estar a la vanguardia es parte de nuestro ADN desde nuestros inicios, ya sea en t\u00e9rminos de desarrollo de nuevos productos, exploraci\u00f3n de nuevas t\u00e9cnicas o renovaci\u00f3n constante de nuestras habilidades. Nuestro enfoque \u00fanico tambi\u00e9n nos ha llevado a exportar nuestros conocimientos al desarrollar nuestras metodolog\u00edas de manera estructurada y estandarizada, lo que permite a nuestros socios internacionales ofrecer nuestras pruebas de penetraci\u00f3n y nuestros servicios de cumplimiento de identidad y acceso en sus mercados.<\/div>\n<div style=\"color: white;\">La amplia experiencia y creatividad de nuestros expertos, as\u00ed como nuestro dominio de las mejores pr\u00e1cticas de la industria, nos convierten en su mejor aliado para afrontar sus retos empresariales actuales y futuros de forma segura y para abordar sus retos de cumplimiento relacionados con las diversas leyes y normativas vigentes.<\/div>\n<div style=\"color: white;\">Conocida como pionera mundial, OKIOK lleva treinta a\u00f1os en racha&#8230; y no tiene previsto detenerse en el corto plazo.<\/div>\n[\/vc_column_text][\/vc_column_inner][\/vc_row_inner][mk_padding_divider size=\u00bb65&#8243;][\/vc_column][\/vc_row][mk_page_section bg_color=\u00bb#ffffff\u00bb min_height=\u00bb0&#8243; padding_top=\u00bb0&#8243; padding_bottom=\u00bb0&#8243; sidebar=\u00bbsidebar-1&#8243; first_page=\u00bbfalse\u00bb last_page=\u00bbfalse\u00bb][vc_column][mk_padding_divider size=\u00bb75&#8243;][mk_fancy_title tag_name=\u00bbh3&#8243; color=\u00bb#333333&#8243; size=\u00bb26&#8243; force_font_size=\u00bbtrue\u00bb size_smallscreen=\u00bb22&#8243; size_tablet=\u00bb20&#8243; size_phone=\u00bb18&#8243; font_weight=\u00bbbold\u00bb txt_transform=\u00bbuppercase\u00bb margin_bottom=\u00bb0&#8243; font_family=\u00bbnone\u00bb align=\u00bbcenter\u00bb]Atr\u00e9vete a ir m\u00e1s all\u00e1 de los caminos trillados[\/mk_fancy_title][mk_divider style=\u00bbthick_solid\u00bb divider_width=\u00bbcustom_width\u00bb custom_width=\u00bb72&#8243; margin_top=\u00bb22&#8243; margin_bottom=\u00bb25&#8243;][vc_column_text css=\u00bb.vc_custom_1744661457894{margin-bottom: 0px !important;}\u00bb]\n<p>OKIOK se ha convertido en sin\u00f3nimo de innovaci\u00f3n en investigaci\u00f3n y desarrollo. Mientras que las tecnolog\u00edas y su uso conducen a nuevos desaf\u00edos a un ritmo acelerado, encontramos nuevas formas de hacer las cosas y vamos donde otros temen pisar. Esta cultura de excelencia nos impulsa a superarnos constantemente en el desarrollo de las soluciones m\u00e1s relevantes y en el servicio a los mejores intereses de nuestros clientes. Mientras que las soluciones convencionales suelen ser complejas y costosas, nos esforzamos por ofrecer soluciones que sean sencillas y se ajusten a su presupuesto.<\/p>\n<p>Nuestros expertos son conocidos por estar en la cima de su profesi\u00f3n, los mejores del sector. No es casualidad que a muchos de ellos se les pida a menudo que concedan entrevistas a los medios de comunicaci\u00f3n y que compartan sus conocimientos en seminarios y conferencias del sector.<br \/>\nLa cultura de OKIOK consiste, en \u00faltima instancia, en garantizar que prevalezca en todo momento un ambiente estimulante y que nuestros expertos sigan manteniendo el esp\u00edritu innovador que sigue vivo y vibrante despu\u00e9s de treinta a\u00f1os.[\/vc_column_text][mk_padding_divider][\/vc_column][\/mk_page_section][mk_page_section bg_color=\u00bb#1775bb\u00bb min_height=\u00bb0&#8243; padding_top=\u00bb30&#8243; padding_bottom=\u00bb0&#8243; top_shape_color=\u00bb#ffffff\u00bb bottom_shape_color=\u00bb#ffffff\u00bb sidebar=\u00bbsidebar-1&#8243; first_page=\u00bbfalse\u00bb last_page=\u00bbfalse\u00bb][vc_column][vc_row_inner attached=\u00bbtrue\u00bb css=\u00bb.vc_custom_1473265596194{padding-top: 2px !important;padding-right: 2px !important;padding-bottom: 2px !important;padding-left: 30px !important;}\u00bb][vc_column_inner width=\u00bb1\/6&#8243;][vc_icon icon_fontawesome=\u00bbfa fa-envelope-o\u00bb color=\u00bbwhite\u00bb background_style=\u00bbrounded-outline\u00bb background_color=\u00bbwhite\u00bb size=\u00bblg\u00bb link=\u00bburl:\/about%2Fcontact-us%2F|||\u00bb][\/vc_column_inner][vc_column_inner width=\u00bb3\/6&#8243;][mk_fancy_title tag_name=\u00bbh5&#8243; color=\u00bb#ffffff\u00bb size=\u00bb24&#8243; font_weight=\u00bb400&#8243; txt_transform=\u00bbnone\u00bb letter_spacing=\u00bb1&#8243; margin_top=\u00bb20&#8243; margin_bottom=\u00bb0&#8243; font_family=\u00bbnone\u00bb]\u00bfQUIERE SABER M\u00c1S?[\/mk_fancy_title][\/vc_column_inner][vc_column_inner width=\u00bb2\/6&#8243;][mk_button dimension=\u00bbflat\u00bb size=\u00bbmedium\u00bb url=\u00bb\/about\/contact-us\/\u00bb align=\u00bbcenter\u00bb button_custom_width=\u00bb160&#8243; margin_top=\u00bb10&#8243; margin_bottom=\u00bb0&#8243; margin_right=\u00bb0&#8243; bg_color=\u00bb#ffffff\u00bb btn_hover_bg=\u00bb#ffffff\u00bb text_color=\u00bbdark\u00bb btn_hover_txt_color=\u00bb#1775bb\u00bb]ENVIARNOS UN E-MAIL[\/mk_button][\/vc_column_inner][\/vc_row_inner][\/vc_column][\/mk_page_section]\n<\/div>","protected":false},"excerpt":{"rendered":"<p>[mk_page_section bg_image=\u00bbhttp:\/\/prod.okiok.com\/wp-content\/uploads\/2025\/04\/board-1.png\u00bb bg_color=\u00bb#000000&#8243; bg_position=\u00bbcenter center\u00bb bg_repeat=\u00bbno-repeat\u00bb video_opacity=\u00bb0&#8243; min_height=\u00bb200&#8243; padding_top=\u00bb0&#8243; padding_bottom=\u00bb0&#8243; top_shape_color=\u00bb#ffffff\u00bb bottom_shape_color=\u00bb#ffffff\u00bb sidebar=\u00bbsidebar-1&#8243; first_page=\u00bbfalse\u00bb last_page=\u00bbfalse\u00bb][vc_column css=\u00bb.vc_custom_1474314006621{padding-top: 80px !important;padding-bottom: 15px !important;background-position: center !important;background-repeat: no-repeat !important;background-size: cover !important;}\u00bb][mk_fancy_title color=\u00bb#ffffff\u00bb size=\u00bb30&#8243; force_font_size=\u00bbtrue\u00bb size_smallscreen=\u00bb26&#8243; size_tablet=\u00bb20&#8243; size_phone=\u00bb20&#8243; font_weight=\u00bb400&#8243; font_style=\u00bbnormal\u00bb txt_transform=\u00bbuppercase\u00bb letter_spacing=\u00bb4&#8243; margin_bottom=\u00bb0&#8243; font_family=\u00bbnone\u00bb][\/mk_fancy_title][\/vc_column][\/mk_page_section][vc_row fullwidth=\u00bbtrue\u00bb css=\u00bb.vc_custom_1471332663344{padding-right: 20px !important;padding-left: 20px !important;}\u00bb][vc_column][mk_padding_divider size=\u00bb75&#8243;][vc_row_inner is_fullwidth_content=\u00bbfalse\u00bb css=\u00bb.vc_custom_1475412093454{padding-right: 40px !important;padding-left: 60px !important;}\u00bb][vc_column_inner width=\u00bb1\/3&#8243; css=\u00bb.vc_custom_1474314963376{padding-right: 50px !important;}\u00bb][mk_fancy_title [&hellip;]<\/p>\n","protected":false},"author":1,"featured_media":0,"parent":0,"menu_order":0,"comment_status":"closed","ping_status":"closed","template":"","meta":{"footnotes":""},"class_list":["post-14882","page","type-page","status-publish","hentry"],"yoast_head":"<!-- This site is optimized with the Yoast SEO plugin v26.8 - https:\/\/yoast.com\/product\/yoast-seo-wordpress\/ -->\n<title>About us | OKIOK | Experts in cybersecurity<\/title>\n<meta name=\"description\" content=\"L\u00edder en el mercado de la ciberseguridad, abordamos todas las necesidades de seguridad de la informaci\u00f3n de las empresas.\" \/>\n<meta name=\"robots\" content=\"index, follow, max-snippet:-1, max-image-preview:large, max-video-preview:-1\" \/>\n<meta property=\"og:locale\" content=\"es_ES\" \/>\n<meta property=\"og:type\" content=\"article\" \/>\n<meta property=\"og:title\" content=\"About us | OKIOK | Experts in cybersecurity\" \/>\n<meta property=\"og:description\" content=\"L\u00edder en el mercado de la ciberseguridad, abordamos todas las necesidades de seguridad de la informaci\u00f3n de las empresas.\" \/>\n<meta property=\"og:site_name\" content=\"Okiok\" \/>\n<meta property=\"article:publisher\" content=\"https:\/\/www.facebook.com\/okiokdata\/\" \/>\n<meta property=\"article:modified_time\" content=\"2025-04-14T20:13:18+00:00\" \/>\n<meta name=\"twitter:card\" content=\"summary_large_image\" \/>\n<meta name=\"twitter:site\" content=\"@OKIOKdata\" \/>\n<meta name=\"twitter:label1\" content=\"Tiempo de lectura\" \/>\n\t<meta name=\"twitter:data1\" content=\"3 minutos\" \/>\n<!-- \/ Yoast SEO plugin. -->","yoast_head_json":{"title":"About us | OKIOK | Experts in cybersecurity","description":"L\u00edder en el mercado de la ciberseguridad, abordamos todas las necesidades de seguridad de la informaci\u00f3n de las empresas.","robots":{"index":"index","follow":"follow","max-snippet":"max-snippet:-1","max-image-preview":"max-image-preview:large","max-video-preview":"max-video-preview:-1"},"og_locale":"es_ES","og_type":"article","og_title":"About us | OKIOK | Experts in cybersecurity","og_description":"L\u00edder en el mercado de la ciberseguridad, abordamos todas las necesidades de seguridad de la informaci\u00f3n de las empresas.","og_site_name":"Okiok","article_publisher":"https:\/\/www.facebook.com\/okiokdata\/","article_modified_time":"2025-04-14T20:13:18+00:00","twitter_card":"summary_large_image","twitter_site":"@OKIOKdata","twitter_misc":{"Tiempo de lectura":"3 minutos"},"schema":{"@context":"https:\/\/schema.org","@graph":[{"@type":"WebPage","@id":"https:\/\/www.okiok.com\/es\/ciberseguridad-about\/","url":"https:\/\/www.okiok.com\/es\/ciberseguridad-about\/","name":"About us | OKIOK | Experts in cybersecurity","isPartOf":{"@id":"https:\/\/www.okiok.com\/fr\/#website"},"datePublished":"2016-08-15T16:49:22+00:00","dateModified":"2025-04-14T20:13:18+00:00","description":"L\u00edder en el mercado de la ciberseguridad, abordamos todas las necesidades de seguridad de la informaci\u00f3n de las empresas.","breadcrumb":{"@id":"https:\/\/www.okiok.com\/es\/ciberseguridad-about\/#breadcrumb"},"inLanguage":"es","potentialAction":[{"@type":"ReadAction","target":["https:\/\/www.okiok.com\/es\/ciberseguridad-about\/"]}]},{"@type":"BreadcrumbList","@id":"https:\/\/www.okiok.com\/es\/ciberseguridad-about\/#breadcrumb","itemListElement":[{"@type":"ListItem","position":1,"name":"Home","item":"https:\/\/www.okiok.com\/es\/"},{"@type":"ListItem","position":2,"name":"About"}]},{"@type":"WebSite","@id":"https:\/\/www.okiok.com\/fr\/#website","url":"https:\/\/www.okiok.com\/fr\/","name":"Okiok","description":"","publisher":{"@id":"https:\/\/www.okiok.com\/fr\/#organization"},"potentialAction":[{"@type":"SearchAction","target":{"@type":"EntryPoint","urlTemplate":"https:\/\/www.okiok.com\/fr\/?s={search_term_string}"},"query-input":{"@type":"PropertyValueSpecification","valueRequired":true,"valueName":"search_term_string"}}],"inLanguage":"es"},{"@type":"Organization","@id":"https:\/\/www.okiok.com\/fr\/#organization","name":"Okiok","url":"https:\/\/www.okiok.com\/fr\/","logo":{"@type":"ImageObject","inLanguage":"es","@id":"https:\/\/www.okiok.com\/fr\/#\/schema\/logo\/image\/","url":"https:\/\/www.okiok.com\/wp-content\/uploads\/2017\/06\/logo-okiok-2.png","contentUrl":"https:\/\/www.okiok.com\/wp-content\/uploads\/2017\/06\/logo-okiok-2.png","width":300,"height":369,"caption":"Okiok"},"image":{"@id":"https:\/\/www.okiok.com\/fr\/#\/schema\/logo\/image\/"},"sameAs":["https:\/\/www.facebook.com\/okiokdata\/","https:\/\/x.com\/OKIOKdata","https:\/\/www.linkedin.com\/company-beta\/119436\/"]}]}},"_links":{"self":[{"href":"https:\/\/www.okiok.com\/es\/wp-json\/wp\/v2\/pages\/14882","targetHints":{"allow":["GET"]}}],"collection":[{"href":"https:\/\/www.okiok.com\/es\/wp-json\/wp\/v2\/pages"}],"about":[{"href":"https:\/\/www.okiok.com\/es\/wp-json\/wp\/v2\/types\/page"}],"author":[{"embeddable":true,"href":"https:\/\/www.okiok.com\/es\/wp-json\/wp\/v2\/users\/1"}],"replies":[{"embeddable":true,"href":"https:\/\/www.okiok.com\/es\/wp-json\/wp\/v2\/comments?post=14882"}],"version-history":[{"count":11,"href":"https:\/\/www.okiok.com\/es\/wp-json\/wp\/v2\/pages\/14882\/revisions"}],"predecessor-version":[{"id":26468,"href":"https:\/\/www.okiok.com\/es\/wp-json\/wp\/v2\/pages\/14882\/revisions\/26468"}],"wp:attachment":[{"href":"https:\/\/www.okiok.com\/es\/wp-json\/wp\/v2\/media?parent=14882"}],"curies":[{"name":"wp","href":"https:\/\/api.w.org\/{rel}","templated":true}]}}