{"id":14888,"date":"2016-08-23T08:42:27","date_gmt":"2016-08-23T08:42:27","guid":{"rendered":"http:\/\/pre-www.okiok.com\/about\/contact-us\/"},"modified":"2020-04-08T11:17:06","modified_gmt":"2020-04-08T16:17:06","slug":"contact-us","status":"publish","type":"page","link":"https:\/\/www.okiok.com\/es\/ciberseguridad-about\/contact-us\/","title":{"rendered":"ES  &#8211; Contact Us"},"content":{"rendered":"<div class=\"wpb-content-wrapper\">[mk_page_section bg_image=\u00bb\/wp-content\/uploads\/2016\/08\/contact-us-banner.jpg\u00bb bg_position=\u00bbcenter top\u00bb bg_repeat=\u00bbno-repeat\u00bb min_height=\u00bb0&#8243; sidebar=\u00bbsidebar-1&#8243; first_page=\u00bbfalse\u00bb last_page=\u00bbfalse\u00bb][vc_column][mk_fancy_title color=\u00bb#ffffff\u00bb size=\u00bb28&#8243; font_weight=\u00bbbold\u00bb txt_transform=\u00bbuppercase\u00bb letter_spacing=\u00bb6&#8243; margin_top=\u00bb100&#8243; margin_bottom=\u00bb0&#8243; font_family=\u00bbnone\u00bb align=\u00bbcenter\u00bb]CONT\u00c1CTO[\/mk_fancy_title][mk_divider style=\u00bbthin_solid\u00bb divider_width=\u00bbcustom_width\u00bb custom_width=\u00bb75&#8243; thin_single_color=\u00bb#ffffff\u00bb thickness=\u00bb5&#8243; margin_bottom=\u00bb30&#8243;][vc_column_text disable_pattern=\u00bbfalse\u00bb align=\u00bbcenter\u00bb]\n<p style=\"color: white; line-height: 20px; font-size: 16px; letter-spacing: 1px;\"><span style=\"color: #ffffff;\">655, Promenade du Centropolis<\/span><\/p>\n<p style=\"color: white; line-height: 20px; font-size: 16px; letter-spacing: 1px;\"><span style=\"color: #ffffff;\">Oficina\u00a0230<\/span><\/p>\n<p style=\"color: white; line-height: 20px; font-size: 16px; letter-spacing: 1px;\"><span style=\"color: #ffffff;\">Laval (Quebec) H7T 0A3<\/span><\/p>\n[\/vc_column_text][vc_row_inner][vc_column_inner width=\u00bb1\/3&#8243;][\/vc_column_inner][vc_column_inner width=\u00bb1\/3&#8243;][vc_column_text disable_pattern=\u00bbfalse\u00bb align=\u00bbcenter\u00bb]\n<p style=\"color: white; line-height: 20px; font-size: 16px; letter-spacing: 1px; text-align: center;\"><i class=\"fa fa-envelope-o\"><\/i> <a style=\"color: white;\" href=\"mailto:info@okiok.com\">info@okiok.com<\/a><\/p>\n<p style=\"color: white; line-height: 20px; font-size: 24px; letter-spacing: 1px; text-align: center; margin-bottom: 48px;\"><i class=\"fa fa-phone\"><\/i> 450 681-1681<\/p>\n[\/vc_column_text][\/vc_column_inner][vc_column_inner width=\u00bb1\/3&#8243;][\/vc_column_inner][\/vc_row_inner][vc_row_inner attached=\u00bbtrue\u00bb][vc_column_inner width=\u00bb1\/4&#8243;][\/vc_column_inner][vc_column_inner width=\u00bb1\/4&#8243;][mk_button dimension=\u00bboutline\u00bb size=\u00bblarge\u00bb url=\u00bbhttps:\/\/www.google.ca\/maps\/place\/655+Promenade+Du+Centropolis,+Laval,+QC+H7T+0A3\/@45.5609235,-73.7492903,17z\/data=!3m1!4b1!4m5!3m4!1s0x4cc923c7f60152ad:0x17abf7e05526febd!8m2!3d45.5609198!4d-73.7471016&#8243; target=\u00bb_blank\u00bb align=\u00bbright\u00bb button_custom_width=\u00bb204&#8243; margin_right=\u00bb25&#8243; el_class=\u00bbcust-btn12&#8243; outline_skin=\u00bblight\u00bb]C\u00d3MO LLEGAR[\/mk_button][\/vc_column_inner][vc_column_inner width=\u00bb1\/4&#8243;][mk_button dimension=\u00bboutline\u00bb corner_style=\u00bbrounded\u00bb size=\u00bblarge\u00bb url=\u00bb#msg\u00bb button_custom_width=\u00bb204&#8243; el_class=\u00bbcust-btn12&#8243; outline_skin=\u00bblight\u00bb]CORREO[\/mk_button][\/vc_column_inner][vc_column_inner width=\u00bb1\/4&#8243;][\/vc_column_inner][\/vc_row_inner][mk_divider style=\u00bbpadding_space\u00bb divider_width=\u00bbcustom_width\u00bb custom_width=\u00bb20&#8243;][mk_fancy_title tag_name=\u00bbh3&#8243; color=\u00bb#f7941e\u00bb size=\u00bb22&#8243; txt_transform=\u00bbuppercase\u00bb margin_bottom=\u00bb0&#8243; font_family=\u00bbnone\u00bb el_class=\u00bbside-pad15&#8243;]\n<p class=\"p-heading-03 p-component-title\">Asistencia<\/p>\n<p><span style=\"display: block; font-size: 14px; color: #fff; text-transform: none;\">*Marque la extensi\u00f3n 224 para todos los pa\u00edses<\/span>[\/mk_fancy_title][vc_row_inner][vc_column_inner][vc_column_text]\n<p style=\"color: #f7941e; text-transform: uppercase; margin: 0;\">Canada,\u00a0ESTADOS UNIDOS<\/p>\n[\/vc_column_text][vc_column_text el_class=\u00bbphone-text\u00bb]\n<p style=\"color: #fff; margin: 0; font-size: 14px;\"><i class=\"fa fa-phone\"><\/i> 1 877 561-1681<\/p>\n[\/vc_column_text][vc_separator color=\u00bbwhite\u00bb css=\u00bb.vc_custom_1474527836206{margin-top: 6px !important;margin-bottom: 8px !important;}\u00bb][vc_column_text]\n<p style=\"color: #f7941e; text-transform: uppercase; margin: 0;\">Montreal<\/p>\n[\/vc_column_text][vc_column_text el_class=\u00bbphone-text\u00bb]\n<p style=\"color: #fff; margin: 0; font-size: 14px;\"><i class=\"fa fa-phone\"><\/i> 1 450 681-1681<\/p>\n[\/vc_column_text][vc_separator color=\u00bbwhite\u00bb css=\u00bb.vc_custom_1474527836206{margin-top: 6px !important;margin-bottom: 8px !important;}\u00bb][vc_column_text el_class=\u00bbemail-text\u00bb]\n<p style=\"color: white; line-height: 18px; font-size: 14px; letter-spacing: 1px;\"><i class=\"fa fa-envelope-o\"><\/i> <a style=\"color: white;\" href=\"mailto:info@okiok.com\">info@okiok.com<\/a><\/p>\n[\/vc_column_text][\/vc_column_inner][\/vc_row_inner][mk_padding_divider size=\u00bb80&#8243;][\/vc_column][\/mk_page_section][vc_row fullwidth=\u00bbtrue\u00bb padding=\u00bb0&#8243; id=\u00bbmap\u00bb][vc_column][mk_advanced_gmaps custom_markers=\u00bbtrue\u00bb latitude=\u00bb45.56119449485915&#8243; longitude=\u00bb-73.74736905097961&#8243; address=\u00bb655, Promenade du Centropolis Bureau 230 Laval (Qu\u00e9bec) H7T 0A3&#8243; custom_marker_1=\u00bb\/wp-content\/uploads\/2016\/08\/bulle.png\u00bb content_font_color=\u00bb#ffffff\u00bb height=\u00bb400&#8243; pan_control=\u00bbfalse\u00bb draggable=\u00bbfalse\u00bb zoom_control=\u00bbfalse\u00bb modify_coloring=\u00bbtrue\u00bb hue=\u00bb#878787&#8243; saturation=\u00bb-100&#8243; href=\u00bb\u00abhttps:\/\/goo.gl\/maps\/weZCYKDNA3J2\u00ab\u00bb parallax=\u00bbfalse\u00bb][\/vc_column][\/vc_row][mk_page_section bg_color=\u00bb#ffffff\u00bb min_height=\u00bb0&#8243; padding_top=\u00bb80&#8243; padding_bottom=\u00bb0&#8243; section_id=\u00bbmsg\u00bb sidebar=\u00bbsidebar-1&#8243; first_page=\u00bbfalse\u00bb last_page=\u00bbfalse\u00bb][vc_column][vc_row_inner][vc_column_inner width=\u00bb1\/6&#8243;][\/vc_column_inner][vc_column_inner width=\u00bb2\/3&#8243;][mk_fancy_title tag_name=\u00bbh3&#8243; color=\u00bb#1774ba\u00bb size=\u00bb24&#8243; font_weight=\u00bbbold\u00bb txt_transform=\u00bbuppercase\u00bb letter_spacing=\u00bb1&#8243; margin_bottom=\u00bb0&#8243; font_family=\u00bbnone\u00bb]Rellena el siguiente formulario[\/mk_fancy_title][mk_padding_divider size=\u00bb20&#8243;][vc_column_text]\n<p style=\"color: #1774ba; font-size: 16px; font-weight: bold; margin-bottom: 7px;\">SU INFORMACI\u00d3N<\/p>\n<div class=\"wpforms-container wpforms-container-full\" id=\"wpforms-15451\"><form id=\"wpforms-form-15451\" class=\"wpforms-validate wpforms-form\" data-formid=\"15451\" method=\"post\" enctype=\"multipart\/form-data\" action=\"\/es\/wp-json\/wp\/v2\/pages\/14888\" data-token=\"92598d16951109c652d4f714c3776060\" data-token-time=\"1776567543\"><noscript class=\"wpforms-error-noscript\">Por favor, activa JavaScript en tu navegador para completar este formulario.<\/noscript><div class=\"wpforms-field-container\"><div id=\"wpforms-15451-field_1-container\" class=\"wpforms-field wpforms-field-name\" data-field-id=\"1\"><label class=\"wpforms-field-label wpforms-label-hide\" for=\"wpforms-15451-field_1\">NOMBRE<\/label><input type=\"text\" id=\"wpforms-15451-field_1\" class=\"wpforms-field-large\" name=\"wpforms[fields][1]\" placeholder=\"NOMBRE\" ><\/div><div id=\"wpforms-15451-field_2-container\" class=\"wpforms-field wpforms-field-email\" data-field-id=\"2\"><label class=\"wpforms-field-label wpforms-label-hide\" for=\"wpforms-15451-field_2\">Email <span class=\"wpforms-required-label\">*<\/span><\/label><input type=\"email\" id=\"wpforms-15451-field_2\" class=\"wpforms-field-large wpforms-field-required\" name=\"wpforms[fields][2]\" placeholder=\"EMAIL *\" spellcheck=\"false\" required><\/div><div id=\"wpforms-15451-field_3-container\" class=\"wpforms-field wpforms-field-text\" data-field-id=\"3\"><label class=\"wpforms-field-label wpforms-label-hide\" for=\"wpforms-15451-field_3\">Subject<\/label><input type=\"text\" id=\"wpforms-15451-field_3\" class=\"wpforms-field-large\" name=\"wpforms[fields][3]\" placeholder=\"ASUNTO\" ><\/div><div id=\"wpforms-15451-field_5-container\" class=\"wpforms-field wpforms-field-select wpforms-field-select-style-classic\" data-field-id=\"5\"><label class=\"wpforms-field-label\" for=\"wpforms-15451-field_5\">PRODUCTO O SERVICIO <span class=\"wpforms-required-label\">*<\/span><\/label><select id=\"wpforms-15451-field_5\" class=\"wpforms-field-large wpforms-field-required\" name=\"wpforms[fields][5]\" required=\"required\"><option value=\"\" class=\"placeholder\" disabled  selected='selected'>Por favor haga una selecci\u00f3n<\/option><option value=\"S-Filer - Portal\"  class=\"choice-1 depth-1\"  >S-Filer - Portal<\/option><option value=\"RAC\/M Identity\"  class=\"choice-2 depth-1\"  >RAC\/M Identity<\/option><option value=\"Pruebas de intrusi\u00f3n y evaluaci\u00f3n de vulnerabilidad\"  class=\"choice-3 depth-1\"  >Pruebas de intrusi\u00f3n y evaluaci\u00f3n de vulnerabilidad<\/option><option value=\"Cumplimiento de las identidades como  servicio \"  class=\"choice-4 depth-1\"  >Cumplimiento de las identidades como  servicio<\/option><option value=\"Consultor\u00eda estrat\u00e9gica y servicio de asesor\u00eda a la carta\"  class=\"choice-5 depth-1\"  >Consultor\u00eda estrat\u00e9gica y servicio de asesor\u00eda a la carta<\/option><option value=\"Inform\u00e1tica forense\"  class=\"choice-6 depth-1\"  >Inform\u00e1tica forense<\/option><option value=\"Soluciones personalizadas\"  class=\"choice-7 depth-1\"  >Soluciones personalizadas<\/option><option value=\"Gobernabilidad y cumplimiento\"  class=\"choice-8 depth-1\"  >Gobernabilidad y cumplimiento<\/option><option value=\"Otro\"  class=\"choice-9 depth-1\"  >Otro<\/option><\/select><\/div><div id=\"wpforms-15451-field_4-container\" class=\"wpforms-field wpforms-field-textarea\" data-field-id=\"4\"><label class=\"wpforms-field-label\" for=\"wpforms-15451-field_4\">SU MENSAJE<\/label><textarea id=\"wpforms-15451-field_4\" class=\"wpforms-field-medium\" name=\"wpforms[fields][4]\" ><\/textarea><div class=\"wpforms-field-description\">* Campos obligatorios<\/div><\/div><div id=\"wpforms-15451-field_6-container\" class=\"wpforms-field wpforms-field-checkbox\" data-field-id=\"6\"><label class=\"wpforms-field-label\">Aviso sobre la protecci\u00f3n de su informaci\u00f3n <span class=\"wpforms-required-label\">*<\/span><\/label><ul id=\"wpforms-15451-field_6\" class=\"wpforms-field-required\"><li class=\"choice-1 depth-1\"><input type=\"checkbox\" id=\"wpforms-15451-field_6_1\" name=\"wpforms[fields][6][]\" value=\"Acepto\" required ><label class=\"wpforms-field-label-inline\" for=\"wpforms-15451-field_6_1\">Acepto<\/label><\/li><\/ul><div class=\"wpforms-field-description\">Para procesar su solicitud de informaci\u00f3n, s\u00f3lo recogemos los datos de contacto de su empresa y su nombre y apellidos. Esta informaci\u00f3n ser\u00e1 utilizada internamente en OKIOK exclusivamente para contactarle con informaci\u00f3n sobre nuestros productos y servicios.\r\nSi tiene alguna pregunta sobre la protecci\u00f3n de sus datos, consulte nuestra <a href=\"\/privacy-policy\/\">Pol\u00edtica de privacidad (enlace en ingl\u00e9s)<\/a>, disponible en nuestro sitio web.<\/div><\/div><\/div><!-- .wpforms-field-container --><div class=\"wpforms-field wpforms-field-hp\"><label for=\"wpforms-15451-field-hp\" class=\"wpforms-field-label\">Email<\/label><input type=\"text\" name=\"wpforms[hp]\" id=\"wpforms-15451-field-hp\" class=\"wpforms-field-medium\"><\/div><div class=\"wpforms-recaptcha-container wpforms-is-recaptcha wpforms-is-recaptcha-type-v2\" ><div class=\"g-recaptcha\" data-sitekey=\"6Ldh4QwUAAAAAPztyjflSvP3xxlQXaAXPgpA7MCf\"><\/div><input type=\"text\" name=\"g-recaptcha-hidden\" class=\"wpforms-recaptcha-hidden\" style=\"position:absolute!important;clip:rect(0,0,0,0)!important;height:1px!important;width:1px!important;border:0!important;overflow:hidden!important;padding:0!important;margin:0!important;\" data-rule-recaptcha=\"1\"><\/div><div class=\"wpforms-submit-container\" ><input type=\"hidden\" name=\"wpforms[id]\" value=\"15451\"><input type=\"hidden\" name=\"page_title\" value=\"\"><input type=\"hidden\" name=\"page_url\" value=\"https:\/\/www.okiok.com\/es\/wp-json\/wp\/v2\/pages\/14888\"><input type=\"hidden\" name=\"url_referer\" value=\"\"><button type=\"submit\" name=\"wpforms[submit]\" id=\"wpforms-submit-15451\" class=\"wpforms-submit\" data-alt-text=\"Sending...\" data-submit-text=\"ENVIAR\" aria-live=\"assertive\" value=\"wpforms-submit\">ENVIAR<\/button><\/div><\/form><\/div>  <!-- .wpforms-container -->[\/vc_column_text][vc_icon color=\u00bbwhite\u00bb][\/vc_column_inner][vc_column_inner width=\u00bb1\/6&#8243;][\/vc_column_inner][\/vc_row_inner][\/vc_column][\/mk_page_section]\n<\/div>","protected":false},"excerpt":{"rendered":"<p>[mk_page_section bg_image=\u00bb\/wp-content\/uploads\/2016\/08\/contact-us-banner.jpg\u00bb bg_position=\u00bbcenter top\u00bb bg_repeat=\u00bbno-repeat\u00bb min_height=\u00bb0&#8243; sidebar=\u00bbsidebar-1&#8243; first_page=\u00bbfalse\u00bb last_page=\u00bbfalse\u00bb][vc_column][mk_fancy_title color=\u00bb#ffffff\u00bb size=\u00bb28&#8243; font_weight=\u00bbbold\u00bb txt_transform=\u00bbuppercase\u00bb letter_spacing=\u00bb6&#8243; margin_top=\u00bb100&#8243; margin_bottom=\u00bb0&#8243; font_family=\u00bbnone\u00bb align=\u00bbcenter\u00bb]CONT\u00c1CTO[\/mk_fancy_title][mk_divider style=\u00bbthin_solid\u00bb divider_width=\u00bbcustom_width\u00bb custom_width=\u00bb75&#8243; thin_single_color=\u00bb#ffffff\u00bb thickness=\u00bb5&#8243; margin_bottom=\u00bb30&#8243;][vc_column_text disable_pattern=\u00bbfalse\u00bb align=\u00bbcenter\u00bb] 655, Promenade du Centropolis Oficina\u00a0230 Laval (Quebec) H7T 0A3 [\/vc_column_text][vc_row_inner][vc_column_inner width=\u00bb1\/3&#8243;][\/vc_column_inner][vc_column_inner width=\u00bb1\/3&#8243;][vc_column_text disable_pattern=\u00bbfalse\u00bb align=\u00bbcenter\u00bb] info@okiok.com 450 681-1681 [\/vc_column_text][\/vc_column_inner][vc_column_inner width=\u00bb1\/3&#8243;][\/vc_column_inner][\/vc_row_inner][vc_row_inner attached=\u00bbtrue\u00bb][vc_column_inner width=\u00bb1\/4&#8243;][\/vc_column_inner][vc_column_inner width=\u00bb1\/4&#8243;][mk_button dimension=\u00bboutline\u00bb size=\u00bblarge\u00bb url=\u00bbhttps:\/\/www.google.ca\/maps\/place\/655+Promenade+Du+Centropolis,+Laval,+QC+H7T+0A3\/@45.5609235,-73.7492903,17z\/data=!3m1!4b1!4m5!3m4!1s0x4cc923c7f60152ad:0x17abf7e05526febd!8m2!3d45.5609198!4d-73.7471016&#8243; target=\u00bb_blank\u00bb align=\u00bbright\u00bb button_custom_width=\u00bb204&#8243; margin_right=\u00bb25&#8243; [&hellip;]<\/p>\n","protected":false},"author":1,"featured_media":0,"parent":14882,"menu_order":0,"comment_status":"closed","ping_status":"closed","template":"","meta":{"footnotes":""},"class_list":["post-14888","page","type-page","status-publish","hentry"],"yoast_head":"<!-- This site is optimized with the Yoast SEO plugin v26.8 - https:\/\/yoast.com\/product\/yoast-seo-wordpress\/ -->\n<title>Informaci\u00f3n de contacto | OKIOK Empresa de ciberseguridad<\/title>\n<meta name=\"description\" content=\"Toda nuestra informaci\u00f3n de contacto. Correo : info@okiok.com. 655, Promenade du CentropolisOficina 230Laval (Quebec) H7T 0A3\" \/>\n<meta name=\"robots\" content=\"index, follow, max-snippet:-1, max-image-preview:large, max-video-preview:-1\" \/>\n<meta property=\"og:locale\" content=\"es_ES\" \/>\n<meta property=\"og:type\" content=\"article\" \/>\n<meta property=\"og:title\" content=\"Informaci\u00f3n de contacto | OKIOK Empresa de ciberseguridad\" \/>\n<meta property=\"og:description\" content=\"Toda nuestra informaci\u00f3n de contacto. Correo : info@okiok.com. 655, Promenade du CentropolisOficina 230Laval (Quebec) H7T 0A3\" \/>\n<meta property=\"og:site_name\" content=\"Okiok\" \/>\n<meta property=\"article:publisher\" content=\"https:\/\/www.facebook.com\/okiokdata\/\" \/>\n<meta property=\"article:modified_time\" content=\"2020-04-08T16:17:06+00:00\" \/>\n<meta name=\"twitter:card\" content=\"summary_large_image\" \/>\n<meta name=\"twitter:site\" content=\"@OKIOKdata\" \/>\n<meta name=\"twitter:label1\" content=\"Tiempo de lectura\" \/>\n\t<meta name=\"twitter:data1\" content=\"3 minutos\" \/>\n<!-- \/ Yoast SEO plugin. -->","yoast_head_json":{"title":"Informaci\u00f3n de contacto | OKIOK Empresa de ciberseguridad","description":"Toda nuestra informaci\u00f3n de contacto. Correo : info@okiok.com. 655, Promenade du CentropolisOficina 230Laval (Quebec) H7T 0A3","robots":{"index":"index","follow":"follow","max-snippet":"max-snippet:-1","max-image-preview":"max-image-preview:large","max-video-preview":"max-video-preview:-1"},"og_locale":"es_ES","og_type":"article","og_title":"Informaci\u00f3n de contacto | OKIOK Empresa de ciberseguridad","og_description":"Toda nuestra informaci\u00f3n de contacto. Correo : info@okiok.com. 655, Promenade du CentropolisOficina 230Laval (Quebec) H7T 0A3","og_site_name":"Okiok","article_publisher":"https:\/\/www.facebook.com\/okiokdata\/","article_modified_time":"2020-04-08T16:17:06+00:00","twitter_card":"summary_large_image","twitter_site":"@OKIOKdata","twitter_misc":{"Tiempo de lectura":"3 minutos"},"schema":{"@context":"https:\/\/schema.org","@graph":[{"@type":"WebPage","@id":"https:\/\/www.okiok.com\/es\/ciberseguridad-about\/contact-us\/","url":"https:\/\/www.okiok.com\/es\/ciberseguridad-about\/contact-us\/","name":"Informaci\u00f3n de contacto | OKIOK Empresa de ciberseguridad","isPartOf":{"@id":"https:\/\/www.okiok.com\/fr\/#website"},"datePublished":"2016-08-23T08:42:27+00:00","dateModified":"2020-04-08T16:17:06+00:00","description":"Toda nuestra informaci\u00f3n de contacto. Correo : info@okiok.com. 655, Promenade du CentropolisOficina 230Laval (Quebec) H7T 0A3","breadcrumb":{"@id":"https:\/\/www.okiok.com\/es\/ciberseguridad-about\/contact-us\/#breadcrumb"},"inLanguage":"es","potentialAction":[{"@type":"ReadAction","target":["https:\/\/www.okiok.com\/es\/ciberseguridad-about\/contact-us\/"]}]},{"@type":"BreadcrumbList","@id":"https:\/\/www.okiok.com\/es\/ciberseguridad-about\/contact-us\/#breadcrumb","itemListElement":[{"@type":"ListItem","position":1,"name":"Home","item":"https:\/\/www.okiok.com\/es\/"},{"@type":"ListItem","position":2,"name":"About","item":"https:\/\/www.okiok.com\/es\/ciberseguridad-about\/"},{"@type":"ListItem","position":3,"name":"ES &#8211; Contact Us"}]},{"@type":"WebSite","@id":"https:\/\/www.okiok.com\/fr\/#website","url":"https:\/\/www.okiok.com\/fr\/","name":"Okiok","description":"","publisher":{"@id":"https:\/\/www.okiok.com\/fr\/#organization"},"potentialAction":[{"@type":"SearchAction","target":{"@type":"EntryPoint","urlTemplate":"https:\/\/www.okiok.com\/fr\/?s={search_term_string}"},"query-input":{"@type":"PropertyValueSpecification","valueRequired":true,"valueName":"search_term_string"}}],"inLanguage":"es"},{"@type":"Organization","@id":"https:\/\/www.okiok.com\/fr\/#organization","name":"Okiok","url":"https:\/\/www.okiok.com\/fr\/","logo":{"@type":"ImageObject","inLanguage":"es","@id":"https:\/\/www.okiok.com\/fr\/#\/schema\/logo\/image\/","url":"https:\/\/www.okiok.com\/wp-content\/uploads\/2017\/06\/logo-okiok-2.png","contentUrl":"https:\/\/www.okiok.com\/wp-content\/uploads\/2017\/06\/logo-okiok-2.png","width":300,"height":369,"caption":"Okiok"},"image":{"@id":"https:\/\/www.okiok.com\/fr\/#\/schema\/logo\/image\/"},"sameAs":["https:\/\/www.facebook.com\/okiokdata\/","https:\/\/x.com\/OKIOKdata","https:\/\/www.linkedin.com\/company-beta\/119436\/"]}]}},"_links":{"self":[{"href":"https:\/\/www.okiok.com\/es\/wp-json\/wp\/v2\/pages\/14888","targetHints":{"allow":["GET"]}}],"collection":[{"href":"https:\/\/www.okiok.com\/es\/wp-json\/wp\/v2\/pages"}],"about":[{"href":"https:\/\/www.okiok.com\/es\/wp-json\/wp\/v2\/types\/page"}],"author":[{"embeddable":true,"href":"https:\/\/www.okiok.com\/es\/wp-json\/wp\/v2\/users\/1"}],"replies":[{"embeddable":true,"href":"https:\/\/www.okiok.com\/es\/wp-json\/wp\/v2\/comments?post=14888"}],"version-history":[{"count":18,"href":"https:\/\/www.okiok.com\/es\/wp-json\/wp\/v2\/pages\/14888\/revisions"}],"predecessor-version":[{"id":19415,"href":"https:\/\/www.okiok.com\/es\/wp-json\/wp\/v2\/pages\/14888\/revisions\/19415"}],"up":[{"embeddable":true,"href":"https:\/\/www.okiok.com\/es\/wp-json\/wp\/v2\/pages\/14882"}],"wp:attachment":[{"href":"https:\/\/www.okiok.com\/es\/wp-json\/wp\/v2\/media?parent=14888"}],"curies":[{"name":"wp","href":"https:\/\/api.w.org\/{rel}","templated":true}]}}