{"id":14891,"date":"2016-08-19T06:44:06","date_gmt":"2016-08-19T06:44:06","guid":{"rendered":"http:\/\/pre-www.okiok.com\/about\/history\/"},"modified":"2019-03-05T14:29:57","modified_gmt":"2019-03-05T19:29:57","slug":"history","status":"publish","type":"page","link":"https:\/\/www.okiok.com\/es\/ciberseguridad-about\/history\/","title":{"rendered":"ES &#8211; About &#8211; History"},"content":{"rendered":"<div class=\"wpb-content-wrapper\">[vc_row][vc_column][mk_padding_divider size=\u00bb90&#8243;][mk_fancy_title color=\u00bb#333333&#8243; size=\u00bb30&#8243; force_font_size=\u00bbtrue\u00bb size_smallscreen=\u00bb28&#8243; size_tablet=\u00bb24&#8243; size_phone=\u00bb22&#8243; font_weight=\u00bbbold\u00bb txt_transform=\u00bbuppercase\u00bb margin_bottom=\u00bb10&#8243; font_family=\u00bbnone\u00bb align=\u00bbcenter\u00bb]History[\/mk_fancy_title][mk_divider style=\u00bbthick_solid\u00bb divider_width=\u00bbcustom_width\u00bb custom_width=\u00bb72&#8243; border_color=\u00bb#283755&#8243; margin_top=\u00bb0&#8243; margin_bottom=\u00bb70&#8243;][\/vc_column][\/vc_row][vc_row fullwidth=\u00bbtrue\u00bb el_class=\u00bbmasonry-1&#8243;][vc_column][mk_portfolio style=\u00bbmasonry\u00bb hover_scenarios=\u00bbfadebox\u00bb grid_spacing=\u00bb0&#8243; image_size=\u00bbfull\u00bb permalink_icon=\u00bbfalse\u00bb zoom_icon=\u00bbfalse\u00bb count=\u00bb-1&#8243; sortable_style=\u00bboutline\u00bb order=\u00bbASC\u00bb categories=\u00bb2000-and-more, 1973-2000&#8243;][\/vc_column][\/vc_row]\n<\/div>","protected":false},"excerpt":{"rendered":"<p>[vc_row][vc_column][mk_padding_divider size=\u00bb90&#8243;][mk_fancy_title color=\u00bb#333333&#8243; size=\u00bb30&#8243; force_font_size=\u00bbtrue\u00bb size_smallscreen=\u00bb28&#8243; size_tablet=\u00bb24&#8243; size_phone=\u00bb22&#8243; font_weight=\u00bbbold\u00bb txt_transform=\u00bbuppercase\u00bb margin_bottom=\u00bb10&#8243; font_family=\u00bbnone\u00bb align=\u00bbcenter\u00bb]History[\/mk_fancy_title][mk_divider style=\u00bbthick_solid\u00bb divider_width=\u00bbcustom_width\u00bb custom_width=\u00bb72&#8243; border_color=\u00bb#283755&#8243; margin_top=\u00bb0&#8243; margin_bottom=\u00bb70&#8243;][\/vc_column][\/vc_row][vc_row fullwidth=\u00bbtrue\u00bb el_class=\u00bbmasonry-1&#8243;][vc_column][mk_portfolio style=\u00bbmasonry\u00bb hover_scenarios=\u00bbfadebox\u00bb grid_spacing=\u00bb0&#8243; image_size=\u00bbfull\u00bb permalink_icon=\u00bbfalse\u00bb zoom_icon=\u00bbfalse\u00bb count=\u00bb-1&#8243; sortable_style=\u00bboutline\u00bb order=\u00bbASC\u00bb categories=\u00bb2000-and-more, 1973-2000&#8243;][\/vc_column][\/vc_row]<\/p>\n","protected":false},"author":1,"featured_media":0,"parent":14882,"menu_order":0,"comment_status":"closed","ping_status":"closed","template":"","meta":{"footnotes":""},"class_list":["post-14891","page","type-page","status-publish","hentry"],"yoast_head":"<!-- This site is optimized with the Yoast SEO plugin v26.8 - https:\/\/yoast.com\/product\/yoast-seo-wordpress\/ -->\n<title>30 a\u00f1os de innovaci\u00f3n en ciberseguridad |\u00a0Historia de OKIOK<\/title>\n<meta name=\"description\" content=\"Vea c\u00f3mo OKIOK se ha convertido en un l\u00edder global en gobernanza y protecci\u00f3n de la informaci\u00f3n a trav\u00e9s de sus 30 a\u00f1os de existencia.\" \/>\n<meta name=\"robots\" content=\"index, follow, max-snippet:-1, max-image-preview:large, max-video-preview:-1\" \/>\n<meta property=\"og:locale\" content=\"es_ES\" \/>\n<meta property=\"og:type\" content=\"article\" \/>\n<meta property=\"og:title\" content=\"30 a\u00f1os de innovaci\u00f3n en ciberseguridad |\u00a0Historia de OKIOK\" \/>\n<meta property=\"og:description\" content=\"Vea c\u00f3mo OKIOK se ha convertido en un l\u00edder global en gobernanza y protecci\u00f3n de la informaci\u00f3n a trav\u00e9s de sus 30 a\u00f1os de existencia.\" \/>\n<meta property=\"og:site_name\" content=\"Okiok\" \/>\n<meta property=\"article:publisher\" content=\"https:\/\/www.facebook.com\/okiokdata\/\" \/>\n<meta property=\"article:modified_time\" content=\"2019-03-05T19:29:57+00:00\" \/>\n<meta name=\"twitter:card\" content=\"summary_large_image\" \/>\n<meta name=\"twitter:site\" content=\"@OKIOKdata\" \/>\n<meta name=\"twitter:label1\" content=\"Tiempo de lectura\" \/>\n\t<meta name=\"twitter:data1\" content=\"1 minuto\" \/>\n<!-- \/ Yoast SEO plugin. -->","yoast_head_json":{"title":"30 a\u00f1os de innovaci\u00f3n en ciberseguridad |\u00a0Historia de OKIOK","description":"Vea c\u00f3mo OKIOK se ha convertido en un l\u00edder global en gobernanza y protecci\u00f3n de la informaci\u00f3n a trav\u00e9s de sus 30 a\u00f1os de existencia.","robots":{"index":"index","follow":"follow","max-snippet":"max-snippet:-1","max-image-preview":"max-image-preview:large","max-video-preview":"max-video-preview:-1"},"og_locale":"es_ES","og_type":"article","og_title":"30 a\u00f1os de innovaci\u00f3n en ciberseguridad |\u00a0Historia de OKIOK","og_description":"Vea c\u00f3mo OKIOK se ha convertido en un l\u00edder global en gobernanza y protecci\u00f3n de la informaci\u00f3n a trav\u00e9s de sus 30 a\u00f1os de existencia.","og_site_name":"Okiok","article_publisher":"https:\/\/www.facebook.com\/okiokdata\/","article_modified_time":"2019-03-05T19:29:57+00:00","twitter_card":"summary_large_image","twitter_site":"@OKIOKdata","twitter_misc":{"Tiempo de lectura":"1 minuto"},"schema":{"@context":"https:\/\/schema.org","@graph":[{"@type":"WebPage","@id":"https:\/\/www.okiok.com\/es\/ciberseguridad-about\/history\/","url":"https:\/\/www.okiok.com\/es\/ciberseguridad-about\/history\/","name":"30 a\u00f1os de innovaci\u00f3n en ciberseguridad |\u00a0Historia de OKIOK","isPartOf":{"@id":"https:\/\/www.okiok.com\/fr\/#website"},"datePublished":"2016-08-19T06:44:06+00:00","dateModified":"2019-03-05T19:29:57+00:00","description":"Vea c\u00f3mo OKIOK se ha convertido en un l\u00edder global en gobernanza y protecci\u00f3n de la informaci\u00f3n a trav\u00e9s de sus 30 a\u00f1os de existencia.","breadcrumb":{"@id":"https:\/\/www.okiok.com\/es\/ciberseguridad-about\/history\/#breadcrumb"},"inLanguage":"es","potentialAction":[{"@type":"ReadAction","target":["https:\/\/www.okiok.com\/es\/ciberseguridad-about\/history\/"]}]},{"@type":"BreadcrumbList","@id":"https:\/\/www.okiok.com\/es\/ciberseguridad-about\/history\/#breadcrumb","itemListElement":[{"@type":"ListItem","position":1,"name":"Home","item":"https:\/\/www.okiok.com\/es\/"},{"@type":"ListItem","position":2,"name":"About","item":"https:\/\/www.okiok.com\/es\/ciberseguridad-about\/"},{"@type":"ListItem","position":3,"name":"ES &#8211; About &#8211; History"}]},{"@type":"WebSite","@id":"https:\/\/www.okiok.com\/fr\/#website","url":"https:\/\/www.okiok.com\/fr\/","name":"Okiok","description":"","publisher":{"@id":"https:\/\/www.okiok.com\/fr\/#organization"},"potentialAction":[{"@type":"SearchAction","target":{"@type":"EntryPoint","urlTemplate":"https:\/\/www.okiok.com\/fr\/?s={search_term_string}"},"query-input":{"@type":"PropertyValueSpecification","valueRequired":true,"valueName":"search_term_string"}}],"inLanguage":"es"},{"@type":"Organization","@id":"https:\/\/www.okiok.com\/fr\/#organization","name":"Okiok","url":"https:\/\/www.okiok.com\/fr\/","logo":{"@type":"ImageObject","inLanguage":"es","@id":"https:\/\/www.okiok.com\/fr\/#\/schema\/logo\/image\/","url":"https:\/\/www.okiok.com\/wp-content\/uploads\/2017\/06\/logo-okiok-2.png","contentUrl":"https:\/\/www.okiok.com\/wp-content\/uploads\/2017\/06\/logo-okiok-2.png","width":300,"height":369,"caption":"Okiok"},"image":{"@id":"https:\/\/www.okiok.com\/fr\/#\/schema\/logo\/image\/"},"sameAs":["https:\/\/www.facebook.com\/okiokdata\/","https:\/\/x.com\/OKIOKdata","https:\/\/www.linkedin.com\/company-beta\/119436\/"]}]}},"_links":{"self":[{"href":"https:\/\/www.okiok.com\/es\/wp-json\/wp\/v2\/pages\/14891","targetHints":{"allow":["GET"]}}],"collection":[{"href":"https:\/\/www.okiok.com\/es\/wp-json\/wp\/v2\/pages"}],"about":[{"href":"https:\/\/www.okiok.com\/es\/wp-json\/wp\/v2\/types\/page"}],"author":[{"embeddable":true,"href":"https:\/\/www.okiok.com\/es\/wp-json\/wp\/v2\/users\/1"}],"replies":[{"embeddable":true,"href":"https:\/\/www.okiok.com\/es\/wp-json\/wp\/v2\/comments?post=14891"}],"version-history":[{"count":7,"href":"https:\/\/www.okiok.com\/es\/wp-json\/wp\/v2\/pages\/14891\/revisions"}],"predecessor-version":[{"id":17649,"href":"https:\/\/www.okiok.com\/es\/wp-json\/wp\/v2\/pages\/14891\/revisions\/17649"}],"up":[{"embeddable":true,"href":"https:\/\/www.okiok.com\/es\/wp-json\/wp\/v2\/pages\/14882"}],"wp:attachment":[{"href":"https:\/\/www.okiok.com\/es\/wp-json\/wp\/v2\/media?parent=14891"}],"curies":[{"name":"wp","href":"https:\/\/api.w.org\/{rel}","templated":true}]}}