{"id":14903,"date":"2016-08-15T11:49:05","date_gmt":"2016-08-15T16:49:05","guid":{"rendered":"http:\/\/pre-www.okiok.com\/industries\/"},"modified":"2019-03-05T15:37:49","modified_gmt":"2019-03-05T20:37:49","slug":"industrias","status":"publish","type":"page","link":"https:\/\/www.okiok.com\/es\/industrias\/","title":{"rendered":"ES &#8211; Industry &#8211; Global Offer"},"content":{"rendered":"<div class=\"wpb-content-wrapper\">[mk_page_section bg_image=\u00bb\/wp-content\/uploads\/2016\/08\/industries-2.jpg\u00bb bg_position=\u00bbcenter top\u00bb bg_repeat=\u00bbno-repeat\u00bb video_loop=\u00bbfalse\u00bb video_opacity=\u00bb0&#8243; min_height=\u00bb200&#8243; full_width=\u00bbtrue\u00bb padding_top=\u00bb0&#8243; padding_bottom=\u00bb0&#8243; top_shape_color=\u00bb#ffffff\u00bb bottom_shape_color=\u00bb#ffffff\u00bb sidebar=\u00bbsidebar-1&#8243; first_page=\u00bbfalse\u00bb last_page=\u00bbfalse\u00bb][vc_column css=\u00bb.vc_custom_1474013518423{padding-top: 60px !important;padding-bottom: 15px !important;background-position: center !important;background-repeat: no-repeat !important;background-size: cover !important;}\u00bb][vc_row_inner is_fullwidth_content=\u00bbfalse\u00bb css=\u00bb.vc_custom_1475370526022{padding-right: 30px !important;padding-left: 0px !important;}\u00bb][vc_column_inner][mk_fancy_title color=\u00bb#ffffff\u00bb size=\u00bb30&#8243; force_font_size=\u00bbtrue\u00bb size_smallscreen=\u00bb26&#8243; size_tablet=\u00bb20&#8243; size_phone=\u00bb20&#8243; font_weight=\u00bb400&#8243; font_style=\u00bbnormal\u00bb txt_transform=\u00bbuppercase\u00bb letter_spacing=\u00bb4&#8243; margin_top=\u00bb16&#8243; margin_bottom=\u00bb0&#8243; font_family=\u00bbnone\u00bb]INDUSTRIES[\/mk_fancy_title][\/vc_column_inner][\/vc_row_inner][\/vc_column][\/mk_page_section][mk_page_section full_width=\u00bbtrue\u00bb padding_top=\u00bb0&#8243; el_class=\u00bbblue-divider\u00bb sidebar=\u00bbsidebar-1&#8243;][vc_column][mk_animated_columns column_height=\u00bb450&#8243; order=\u00bbASC\u00bb title_size=\u00bb16&#8243; border_color=\u00bb#959393&#8243; bg_hover_color=\u00bb#323336&#8243; icon_size=\u00bb48&#8243; txt_color=\u00bb#737373&#8243; txt_hover_color=\u00bb#ffffff\u00bb btn_hover_txt_color=\u00bb#323336&#8243; el_class=\u00bbindu-tiles\u00bb columns=\u00bb15074, 15046, 15050, 15053, 15056, 15059, 15044, 15041&#8243;][\/vc_column][\/mk_page_section][mk_page_section bg_image=\u00bb\/wp-content\/uploads\/2016\/08\/Rectangle-44.jpg\u00bb attachment=\u00bbfixed\u00bb bg_position=\u00bbcenter center\u00bb bg_repeat=\u00bbno-repeat\u00bb bg_stretch=\u00bbtrue\u00bb enable_3d=\u00bbtrue\u00bb padding_top=\u00bb80&#8243; padding_bottom=\u00bb80&#8243; top_shape_color=\u00bb#ffffff\u00bb bottom_shape_color=\u00bb#ffffff\u00bb sidebar=\u00bbsidebar-1&#8243;][vc_column css=\u00bb.vc_custom_1475524436693{margin-top: -15px !important;}\u00bb][mk_fancy_title color=\u00bb#ffffff\u00bb size=\u00bb20&#8243; txt_transform=\u00bbuppercase\u00bb margin_bottom=\u00bb10&#8243; font_family=\u00bbnone\u00bb align=\u00bbcenter\u00bb]WANT TO KNOW MORE?[\/mk_fancy_title][vc_column_text margin_bottom=\u00bb30&#8243;]\n<p style=\"text-align: center;\"><span style=\"color: #ffffff;\">Our experts will gladly advise you and answer your questions.\u00a0<\/span><\/p>\n[\/vc_column_text][mk_button dimension=\u00bboutline\u00bb size=\u00bblarge\u00bb url=\u00bb\/about\/contact-us\/\u00bb align=\u00bbcenter\u00bb button_custom_width=\u00bb316&#8243; el_class=\u00bbbtn-font-22 btn-font-normal\u00bb outline_skin=\u00bbcustom\u00bb outline_active_text_color=\u00bb#ffffff\u00bb outline_hover_bg_color=\u00bb#ffffff\u00bb outline_hover_color=\u00bb#4b5664&#8243;]CONTACT US[\/mk_button][\/vc_column][\/mk_page_section]\n<\/div>","protected":false},"excerpt":{"rendered":"<p>[mk_page_section bg_image=\u00bb\/wp-content\/uploads\/2016\/08\/industries-2.jpg\u00bb bg_position=\u00bbcenter top\u00bb bg_repeat=\u00bbno-repeat\u00bb video_loop=\u00bbfalse\u00bb video_opacity=\u00bb0&#8243; min_height=\u00bb200&#8243; full_width=\u00bbtrue\u00bb padding_top=\u00bb0&#8243; padding_bottom=\u00bb0&#8243; top_shape_color=\u00bb#ffffff\u00bb bottom_shape_color=\u00bb#ffffff\u00bb sidebar=\u00bbsidebar-1&#8243; first_page=\u00bbfalse\u00bb last_page=\u00bbfalse\u00bb][vc_column css=\u00bb.vc_custom_1474013518423{padding-top: 60px !important;padding-bottom: 15px !important;background-position: center !important;background-repeat: no-repeat !important;background-size: cover !important;}\u00bb][vc_row_inner is_fullwidth_content=\u00bbfalse\u00bb css=\u00bb.vc_custom_1475370526022{padding-right: 30px !important;padding-left: 0px !important;}\u00bb][vc_column_inner][mk_fancy_title color=\u00bb#ffffff\u00bb size=\u00bb30&#8243; force_font_size=\u00bbtrue\u00bb size_smallscreen=\u00bb26&#8243; size_tablet=\u00bb20&#8243; size_phone=\u00bb20&#8243; font_weight=\u00bb400&#8243; font_style=\u00bbnormal\u00bb txt_transform=\u00bbuppercase\u00bb letter_spacing=\u00bb4&#8243; margin_top=\u00bb16&#8243; margin_bottom=\u00bb0&#8243; font_family=\u00bbnone\u00bb]INDUSTRIES[\/mk_fancy_title][\/vc_column_inner][\/vc_row_inner][\/vc_column][\/mk_page_section][mk_page_section full_width=\u00bbtrue\u00bb padding_top=\u00bb0&#8243; el_class=\u00bbblue-divider\u00bb sidebar=\u00bbsidebar-1&#8243;][vc_column][mk_animated_columns column_height=\u00bb450&#8243; order=\u00bbASC\u00bb title_size=\u00bb16&#8243; border_color=\u00bb#959393&#8243; bg_hover_color=\u00bb#323336&#8243; [&hellip;]<\/p>\n","protected":false},"author":1,"featured_media":0,"parent":0,"menu_order":0,"comment_status":"closed","ping_status":"closed","template":"","meta":{"footnotes":""},"class_list":["post-14903","page","type-page","status-publish","hentry"],"yoast_head":"<!-- This site is optimized with the Yoast SEO plugin v26.8 - https:\/\/yoast.com\/product\/yoast-seo-wordpress\/ -->\n<title>Productos y servicios por industrias | Oferta global de OKIOK<\/title>\n<meta name=\"description\" content=\"Oferta global de OKIOK detallada por industrias: Finanzas, Salud, Energ\u00eda, Venta minorista, Juegos y loter\u00edas, Transporte, Gobierno, Medios de comunicaci\u00f3n.\" \/>\n<meta name=\"robots\" content=\"index, follow, max-snippet:-1, max-image-preview:large, max-video-preview:-1\" \/>\n<meta property=\"og:locale\" content=\"es_ES\" \/>\n<meta property=\"og:type\" content=\"article\" \/>\n<meta property=\"og:title\" content=\"Productos y servicios por industrias | Oferta global de OKIOK\" \/>\n<meta property=\"og:description\" content=\"Oferta global de OKIOK detallada por industrias: Finanzas, Salud, Energ\u00eda, Venta minorista, Juegos y loter\u00edas, Transporte, Gobierno, Medios de comunicaci\u00f3n.\" \/>\n<meta property=\"og:site_name\" content=\"Okiok\" \/>\n<meta property=\"article:publisher\" content=\"https:\/\/www.facebook.com\/okiokdata\/\" \/>\n<meta property=\"article:modified_time\" content=\"2019-03-05T20:37:49+00:00\" \/>\n<meta name=\"twitter:card\" content=\"summary_large_image\" \/>\n<meta name=\"twitter:site\" content=\"@OKIOKdata\" \/>\n<meta name=\"twitter:label1\" content=\"Tiempo de lectura\" \/>\n\t<meta name=\"twitter:data1\" content=\"2 minutos\" \/>\n<!-- \/ Yoast SEO plugin. -->","yoast_head_json":{"title":"Productos y servicios por industrias | Oferta global de OKIOK","description":"Oferta global de OKIOK detallada por industrias: Finanzas, Salud, Energ\u00eda, Venta minorista, Juegos y loter\u00edas, Transporte, Gobierno, Medios de comunicaci\u00f3n.","robots":{"index":"index","follow":"follow","max-snippet":"max-snippet:-1","max-image-preview":"max-image-preview:large","max-video-preview":"max-video-preview:-1"},"og_locale":"es_ES","og_type":"article","og_title":"Productos y servicios por industrias | Oferta global de OKIOK","og_description":"Oferta global de OKIOK detallada por industrias: Finanzas, Salud, Energ\u00eda, Venta minorista, Juegos y loter\u00edas, Transporte, Gobierno, Medios de comunicaci\u00f3n.","og_site_name":"Okiok","article_publisher":"https:\/\/www.facebook.com\/okiokdata\/","article_modified_time":"2019-03-05T20:37:49+00:00","twitter_card":"summary_large_image","twitter_site":"@OKIOKdata","twitter_misc":{"Tiempo de lectura":"2 minutos"},"schema":{"@context":"https:\/\/schema.org","@graph":[{"@type":"WebPage","@id":"https:\/\/www.okiok.com\/es\/industrias\/","url":"https:\/\/www.okiok.com\/es\/industrias\/","name":"Productos y servicios por industrias | Oferta global de OKIOK","isPartOf":{"@id":"https:\/\/www.okiok.com\/fr\/#website"},"datePublished":"2016-08-15T16:49:05+00:00","dateModified":"2019-03-05T20:37:49+00:00","description":"Oferta global de OKIOK detallada por industrias: Finanzas, Salud, Energ\u00eda, Venta minorista, Juegos y loter\u00edas, Transporte, Gobierno, Medios de comunicaci\u00f3n.","breadcrumb":{"@id":"https:\/\/www.okiok.com\/es\/industrias\/#breadcrumb"},"inLanguage":"es","potentialAction":[{"@type":"ReadAction","target":["https:\/\/www.okiok.com\/es\/industrias\/"]}]},{"@type":"BreadcrumbList","@id":"https:\/\/www.okiok.com\/es\/industrias\/#breadcrumb","itemListElement":[{"@type":"ListItem","position":1,"name":"Home","item":"https:\/\/www.okiok.com\/es\/"},{"@type":"ListItem","position":2,"name":"ES &#8211; Industry &#8211; Global Offer"}]},{"@type":"WebSite","@id":"https:\/\/www.okiok.com\/fr\/#website","url":"https:\/\/www.okiok.com\/fr\/","name":"Okiok","description":"","publisher":{"@id":"https:\/\/www.okiok.com\/fr\/#organization"},"potentialAction":[{"@type":"SearchAction","target":{"@type":"EntryPoint","urlTemplate":"https:\/\/www.okiok.com\/fr\/?s={search_term_string}"},"query-input":{"@type":"PropertyValueSpecification","valueRequired":true,"valueName":"search_term_string"}}],"inLanguage":"es"},{"@type":"Organization","@id":"https:\/\/www.okiok.com\/fr\/#organization","name":"Okiok","url":"https:\/\/www.okiok.com\/fr\/","logo":{"@type":"ImageObject","inLanguage":"es","@id":"https:\/\/www.okiok.com\/fr\/#\/schema\/logo\/image\/","url":"https:\/\/www.okiok.com\/wp-content\/uploads\/2017\/06\/logo-okiok-2.png","contentUrl":"https:\/\/www.okiok.com\/wp-content\/uploads\/2017\/06\/logo-okiok-2.png","width":300,"height":369,"caption":"Okiok"},"image":{"@id":"https:\/\/www.okiok.com\/fr\/#\/schema\/logo\/image\/"},"sameAs":["https:\/\/www.facebook.com\/okiokdata\/","https:\/\/x.com\/OKIOKdata","https:\/\/www.linkedin.com\/company-beta\/119436\/"]}]}},"_links":{"self":[{"href":"https:\/\/www.okiok.com\/es\/wp-json\/wp\/v2\/pages\/14903","targetHints":{"allow":["GET"]}}],"collection":[{"href":"https:\/\/www.okiok.com\/es\/wp-json\/wp\/v2\/pages"}],"about":[{"href":"https:\/\/www.okiok.com\/es\/wp-json\/wp\/v2\/types\/page"}],"author":[{"embeddable":true,"href":"https:\/\/www.okiok.com\/es\/wp-json\/wp\/v2\/users\/1"}],"replies":[{"embeddable":true,"href":"https:\/\/www.okiok.com\/es\/wp-json\/wp\/v2\/comments?post=14903"}],"version-history":[{"count":8,"href":"https:\/\/www.okiok.com\/es\/wp-json\/wp\/v2\/pages\/14903\/revisions"}],"predecessor-version":[{"id":17667,"href":"https:\/\/www.okiok.com\/es\/wp-json\/wp\/v2\/pages\/14903\/revisions\/17667"}],"wp:attachment":[{"href":"https:\/\/www.okiok.com\/es\/wp-json\/wp\/v2\/media?parent=14903"}],"curies":[{"name":"wp","href":"https:\/\/api.w.org\/{rel}","templated":true}]}}