{"id":14939,"date":"2016-10-07T15:02:33","date_gmt":"2016-10-07T15:02:33","guid":{"rendered":"http:\/\/pre-www.okiok.com\/products\/s-filer-cloud\/"},"modified":"2017-03-06T15:57:00","modified_gmt":"2017-03-06T20:57:00","slug":"s-filer-cloud","status":"publish","type":"page","link":"https:\/\/www.okiok.com\/es\/products\/s-filer-cloud\/","title":{"rendered":"S-Filer &#8211; Cloud"},"content":{"rendered":"<div class=\"wpb-content-wrapper\">[vc_row][vc_column width=\u00bb1\/3&#8243;][mk_divider style=\u00bbpadding_space\u00bb margin_top=\u00bb90&#8243;][mk_fancy_title color=\u00bb#1775bb\u00bb size=\u00bb32&#8243; line_height=\u00bb99&#8243; font_weight=\u00bbbold\u00bb txt_transform=\u00bbuppercase\u00bb letter_spacing=\u00bb1&#8243; margin_bottom=\u00bb0&#8243; font_family=\u00bbnone\u00bb]LA VERSI\u00d3N EN LA NUBE[\/mk_fancy_title][mk_fancy_title tag_name=\u00bbh3&#8243; color=\u00bb#1775bb\u00bb size=\u00bb18&#8243; font_weight=\u00bb100&#8243; txt_transform=\u00bbnone\u00bb letter_spacing=\u00bb1&#8243; margin_bottom=\u00bb0&#8243; font_family=\u00bbnone\u00bb]<em>No requiere infraestructura ni instalaci\u00f3n. La misma soluci\u00f3n segura y sencilla de transferencia de archivos<\/em>[\/mk_fancy_title][mk_divider style=\u00bbthick_solid\u00bb divider_width=\u00bbone_half\u00bb align=\u00bbleft\u00bb border_color=\u00bb#1775bb\u00bb margin_top=\u00bb0&#8243; margin_bottom=\u00bb0&#8243;][\/vc_column][vc_column width=\u00bb2\/3&#8243;][mk_divider style=\u00bbpadding_space\u00bb margin_top=\u00bb90&#8243;][vc_column_text]La versi\u00f3n en la nube (software como servicio o SAAS, por sus siglas en ingl\u00e9s) de la soluci\u00f3n S-Filer permite a las organizaciones que no poseen la infraestructura necesaria para implementar S-Filer en sus instalaciones, acceder a las mismas funcionalidades de transferencia segura de datos, mediante una subscripci\u00f3n mensual. Ideal para peque\u00f1as y medianas empresas, S-Filer Cloud ofrece el mismo nivel de seguridad que la versi\u00f3n tradicional y es f\u00e1cil de usar, pues la empresa no tiene que preocuparse por la implementaci\u00f3n y administraci\u00f3n de una infraestructura tecnol\u00f3gica que est\u00e1 fuera de su alcance.<\/p>\n<p>Es una soluci\u00f3n de infraestructura hospedada, lista para su uso. Dispone de varios niveles de membres\u00eda, dependiendo del n\u00famero de usuarios y del espacio de disco requerido.<\/p>\n<p>Su organizaci\u00f3n finalmente tendr\u00e1 acceso a una soluci\u00f3n que protege autom\u00e1ticamente todos los archivos compartidos interna y externamente, garantizando de manera continua la protecci\u00f3n de sus datos confidenciales y los de sus clientes y socios.[\/vc_column_text][vc_empty_space height=\u00bb70px\u00bb][\/vc_column][\/vc_row][mk_page_section bg_image=\u00bb\/wp-content\/uploads\/2016\/08\/Rectangle-44.jpg\u00bb attachment=\u00bbfixed\u00bb bg_position=\u00bbcenter center\u00bb bg_repeat=\u00bbno-repeat\u00bb bg_stretch=\u00bbtrue\u00bb enable_3d=\u00bbtrue\u00bb padding_top=\u00bb80&#8243; padding_bottom=\u00bb80&#8243; top_shape_color=\u00bb#ffffff\u00bb bottom_shape_color=\u00bb#ffffff\u00bb sidebar=\u00bbsidebar-1&#8243;][vc_column][mk_fancy_title color=\u00bb#ffffff\u00bb size=\u00bb20&#8243; txt_transform=\u00bbuppercase\u00bb margin_bottom=\u00bb10&#8243; font_family=\u00bbnone\u00bb align=\u00bbcenter\u00bb]\u00bfQUIERE SABER M\u00c1S?[\/mk_fancy_title][mk_button dimension=\u00bboutline\u00bb size=\u00bblarge\u00bb url=\u00bb\/about\/contact-us\/\u00bb align=\u00bbcenter\u00bb button_custom_width=\u00bb316&#8243; el_class=\u00bbbtn-font-22 btn-font-normal\u00bb outline_skin=\u00bbcustom\u00bb outline_active_text_color=\u00bb#ffffff\u00bb outline_hover_bg_color=\u00bb#ffffff\u00bb outline_hover_color=\u00bb#4b5664&#8243;]CONT\u00c1CTENOS[\/mk_button][\/vc_column][\/mk_page_section]\n<\/div>","protected":false},"excerpt":{"rendered":"<p>[vc_row][vc_column width=\u00bb1\/3&#8243;][mk_divider style=\u00bbpadding_space\u00bb margin_top=\u00bb90&#8243;][mk_fancy_title color=\u00bb#1775bb\u00bb size=\u00bb32&#8243; line_height=\u00bb99&#8243; font_weight=\u00bbbold\u00bb txt_transform=\u00bbuppercase\u00bb letter_spacing=\u00bb1&#8243; margin_bottom=\u00bb0&#8243; font_family=\u00bbnone\u00bb]LA VERSI\u00d3N EN LA NUBE[\/mk_fancy_title][mk_fancy_title tag_name=\u00bbh3&#8243; color=\u00bb#1775bb\u00bb size=\u00bb18&#8243; font_weight=\u00bb100&#8243; txt_transform=\u00bbnone\u00bb letter_spacing=\u00bb1&#8243; margin_bottom=\u00bb0&#8243; font_family=\u00bbnone\u00bb]No requiere infraestructura ni instalaci\u00f3n. La misma soluci\u00f3n segura y sencilla de transferencia de archivos[\/mk_fancy_title][mk_divider style=\u00bbthick_solid\u00bb divider_width=\u00bbone_half\u00bb align=\u00bbleft\u00bb border_color=\u00bb#1775bb\u00bb margin_top=\u00bb0&#8243; margin_bottom=\u00bb0&#8243;][\/vc_column][vc_column width=\u00bb2\/3&#8243;][mk_divider style=\u00bbpadding_space\u00bb margin_top=\u00bb90&#8243;][vc_column_text]La versi\u00f3n en la nube (software como servicio o [&hellip;]<\/p>\n","protected":false},"author":1,"featured_media":0,"parent":14933,"menu_order":0,"comment_status":"closed","ping_status":"closed","template":"","meta":{"footnotes":""},"class_list":["post-14939","page","type-page","status-publish","hentry"],"yoast_head":"<!-- This site is optimized with the Yoast SEO plugin v26.8 - https:\/\/yoast.com\/product\/yoast-seo-wordpress\/ -->\n<title>S-Filer - Cloud - Okiok<\/title>\n<meta name=\"robots\" content=\"index, follow, max-snippet:-1, max-image-preview:large, max-video-preview:-1\" \/>\n<meta property=\"og:locale\" content=\"es_ES\" \/>\n<meta property=\"og:type\" content=\"article\" \/>\n<meta property=\"og:title\" content=\"S-Filer - Cloud - Okiok\" \/>\n<meta property=\"og:description\" content=\"[vc_row][vc_column width=\u00bb1\/3&#8243;][mk_divider style=\u00bbpadding_space\u00bb margin_top=\u00bb90&#8243;][mk_fancy_title color=\u00bb#1775bb\u00bb size=\u00bb32&#8243; line_height=\u00bb99&#8243; font_weight=\u00bbbold\u00bb txt_transform=\u00bbuppercase\u00bb letter_spacing=\u00bb1&#8243; margin_bottom=\u00bb0&#8243; font_family=\u00bbnone\u00bb]LA VERSI\u00d3N EN LA NUBE[\/mk_fancy_title][mk_fancy_title tag_name=\u00bbh3&#8243; color=\u00bb#1775bb\u00bb size=\u00bb18&#8243; font_weight=\u00bb100&#8243; txt_transform=\u00bbnone\u00bb letter_spacing=\u00bb1&#8243; margin_bottom=\u00bb0&#8243; font_family=\u00bbnone\u00bb]No requiere infraestructura ni instalaci\u00f3n. La misma soluci\u00f3n segura y sencilla de transferencia de archivos[\/mk_fancy_title][mk_divider style=\u00bbthick_solid\u00bb divider_width=\u00bbone_half\u00bb align=\u00bbleft\u00bb border_color=\u00bb#1775bb\u00bb margin_top=\u00bb0&#8243; margin_bottom=\u00bb0&#8243;][\/vc_column][vc_column width=\u00bb2\/3&#8243;][mk_divider style=\u00bbpadding_space\u00bb margin_top=\u00bb90&#8243;][vc_column_text]La versi\u00f3n en la nube (software como servicio o [&hellip;]\" \/>\n<meta property=\"og:site_name\" content=\"Okiok\" \/>\n<meta property=\"article:publisher\" content=\"https:\/\/www.facebook.com\/okiokdata\/\" \/>\n<meta property=\"article:modified_time\" content=\"2017-03-06T20:57:00+00:00\" \/>\n<meta name=\"twitter:card\" content=\"summary_large_image\" \/>\n<meta name=\"twitter:site\" content=\"@OKIOKdata\" \/>\n<meta name=\"twitter:label1\" content=\"Tiempo de lectura\" \/>\n\t<meta name=\"twitter:data1\" content=\"2 minutos\" \/>\n<!-- \/ Yoast SEO plugin. -->","yoast_head_json":{"title":"S-Filer - Cloud - Okiok","robots":{"index":"index","follow":"follow","max-snippet":"max-snippet:-1","max-image-preview":"max-image-preview:large","max-video-preview":"max-video-preview:-1"},"og_locale":"es_ES","og_type":"article","og_title":"S-Filer - Cloud - Okiok","og_description":"[vc_row][vc_column width=\u00bb1\/3&#8243;][mk_divider style=\u00bbpadding_space\u00bb margin_top=\u00bb90&#8243;][mk_fancy_title color=\u00bb#1775bb\u00bb size=\u00bb32&#8243; line_height=\u00bb99&#8243; font_weight=\u00bbbold\u00bb txt_transform=\u00bbuppercase\u00bb letter_spacing=\u00bb1&#8243; margin_bottom=\u00bb0&#8243; font_family=\u00bbnone\u00bb]LA VERSI\u00d3N EN LA NUBE[\/mk_fancy_title][mk_fancy_title tag_name=\u00bbh3&#8243; color=\u00bb#1775bb\u00bb size=\u00bb18&#8243; font_weight=\u00bb100&#8243; txt_transform=\u00bbnone\u00bb letter_spacing=\u00bb1&#8243; margin_bottom=\u00bb0&#8243; font_family=\u00bbnone\u00bb]No requiere infraestructura ni instalaci\u00f3n. La misma soluci\u00f3n segura y sencilla de transferencia de archivos[\/mk_fancy_title][mk_divider style=\u00bbthick_solid\u00bb divider_width=\u00bbone_half\u00bb align=\u00bbleft\u00bb border_color=\u00bb#1775bb\u00bb margin_top=\u00bb0&#8243; margin_bottom=\u00bb0&#8243;][\/vc_column][vc_column width=\u00bb2\/3&#8243;][mk_divider style=\u00bbpadding_space\u00bb margin_top=\u00bb90&#8243;][vc_column_text]La versi\u00f3n en la nube (software como servicio o [&hellip;]","og_site_name":"Okiok","article_publisher":"https:\/\/www.facebook.com\/okiokdata\/","article_modified_time":"2017-03-06T20:57:00+00:00","twitter_card":"summary_large_image","twitter_site":"@OKIOKdata","twitter_misc":{"Tiempo de lectura":"2 minutos"},"schema":{"@context":"https:\/\/schema.org","@graph":[{"@type":"WebPage","@id":"https:\/\/www.okiok.com\/es\/products\/s-filer-cloud\/","url":"https:\/\/www.okiok.com\/es\/products\/s-filer-cloud\/","name":"S-Filer - Cloud - Okiok","isPartOf":{"@id":"https:\/\/www.okiok.com\/fr\/#website"},"datePublished":"2016-10-07T15:02:33+00:00","dateModified":"2017-03-06T20:57:00+00:00","breadcrumb":{"@id":"https:\/\/www.okiok.com\/es\/products\/s-filer-cloud\/#breadcrumb"},"inLanguage":"es","potentialAction":[{"@type":"ReadAction","target":["https:\/\/www.okiok.com\/es\/products\/s-filer-cloud\/"]}]},{"@type":"BreadcrumbList","@id":"https:\/\/www.okiok.com\/es\/products\/s-filer-cloud\/#breadcrumb","itemListElement":[{"@type":"ListItem","position":1,"name":"Home","item":"https:\/\/www.okiok.com\/es\/"},{"@type":"ListItem","position":2,"name":"Products","item":"https:\/\/www.okiok.com\/es\/products\/"},{"@type":"ListItem","position":3,"name":"S-Filer &#8211; Cloud"}]},{"@type":"WebSite","@id":"https:\/\/www.okiok.com\/fr\/#website","url":"https:\/\/www.okiok.com\/fr\/","name":"Okiok","description":"","publisher":{"@id":"https:\/\/www.okiok.com\/fr\/#organization"},"potentialAction":[{"@type":"SearchAction","target":{"@type":"EntryPoint","urlTemplate":"https:\/\/www.okiok.com\/fr\/?s={search_term_string}"},"query-input":{"@type":"PropertyValueSpecification","valueRequired":true,"valueName":"search_term_string"}}],"inLanguage":"es"},{"@type":"Organization","@id":"https:\/\/www.okiok.com\/fr\/#organization","name":"Okiok","url":"https:\/\/www.okiok.com\/fr\/","logo":{"@type":"ImageObject","inLanguage":"es","@id":"https:\/\/www.okiok.com\/fr\/#\/schema\/logo\/image\/","url":"https:\/\/www.okiok.com\/wp-content\/uploads\/2017\/06\/logo-okiok-2.png","contentUrl":"https:\/\/www.okiok.com\/wp-content\/uploads\/2017\/06\/logo-okiok-2.png","width":300,"height":369,"caption":"Okiok"},"image":{"@id":"https:\/\/www.okiok.com\/fr\/#\/schema\/logo\/image\/"},"sameAs":["https:\/\/www.facebook.com\/okiokdata\/","https:\/\/x.com\/OKIOKdata","https:\/\/www.linkedin.com\/company-beta\/119436\/"]}]}},"_links":{"self":[{"href":"https:\/\/www.okiok.com\/es\/wp-json\/wp\/v2\/pages\/14939","targetHints":{"allow":["GET"]}}],"collection":[{"href":"https:\/\/www.okiok.com\/es\/wp-json\/wp\/v2\/pages"}],"about":[{"href":"https:\/\/www.okiok.com\/es\/wp-json\/wp\/v2\/types\/page"}],"author":[{"embeddable":true,"href":"https:\/\/www.okiok.com\/es\/wp-json\/wp\/v2\/users\/1"}],"replies":[{"embeddable":true,"href":"https:\/\/www.okiok.com\/es\/wp-json\/wp\/v2\/comments?post=14939"}],"version-history":[{"count":3,"href":"https:\/\/www.okiok.com\/es\/wp-json\/wp\/v2\/pages\/14939\/revisions"}],"predecessor-version":[{"id":15431,"href":"https:\/\/www.okiok.com\/es\/wp-json\/wp\/v2\/pages\/14939\/revisions\/15431"}],"up":[{"embeddable":true,"href":"https:\/\/www.okiok.com\/es\/wp-json\/wp\/v2\/pages\/14933"}],"wp:attachment":[{"href":"https:\/\/www.okiok.com\/es\/wp-json\/wp\/v2\/media?parent=14939"}],"curies":[{"name":"wp","href":"https:\/\/api.w.org\/{rel}","templated":true}]}}