{"id":14951,"date":"2016-08-18T08:19:56","date_gmt":"2016-08-18T08:19:56","guid":{"rendered":"http:\/\/pre-www.okiok.com\/services\/computer-forensics\/"},"modified":"2019-08-02T15:21:10","modified_gmt":"2019-08-02T20:21:10","slug":"computer-forensics","status":"publish","type":"page","link":"https:\/\/www.okiok.com\/es\/services\/computer-forensics\/","title":{"rendered":"Informatica forense"},"content":{"rendered":"<div class=\"wpb-content-wrapper\">[mk_page_section bg_image=\u00bb\/wp-content\/uploads\/2016\/10\/cumputer-foremsic-1.png\u00bb bg_position=\u00bbcenter top\u00bb bg_repeat=\u00bbno-repeat\u00bb video_loop=\u00bbfalse\u00bb video_opacity=\u00bb0&#8243; min_height=\u00bb200&#8243; padding_top=\u00bb0&#8243; padding_bottom=\u00bb0&#8243; top_shape_color=\u00bb#ffffff\u00bb bottom_shape_color=\u00bb#ffffff\u00bb sidebar=\u00bbsidebar-1&#8243; first_page=\u00bbfalse\u00bb last_page=\u00bbfalse\u00bb][vc_column css=\u00bb.vc_custom_1474386737880{padding-top: 60px !important;padding-bottom: 0px !important;background-position: center !important;background-repeat: no-repeat !important;background-size: cover !important;}\u00bb][vc_row_inner is_fullwidth_content=\u00bbfalse\u00bb css=\u00bb.vc_custom_1474386947669{padding-right: 30px !important;padding-left: 0px !important;}\u00bb][vc_column_inner width=\u00bb1\/2&#8243;][mk_fancy_title color=\u00bb#ffffff\u00bb size=\u00bb26&#8243; force_font_size=\u00bbtrue\u00bb size_smallscreen=\u00bb26&#8243; size_tablet=\u00bb20&#8243; size_phone=\u00bb20&#8243; font_weight=\u00bb400&#8243; font_style=\u00bbnormal\u00bb txt_transform=\u00bbuppercase\u00bb letter_spacing=\u00bb3&#8243; margin_top=\u00bb5&#8243; margin_bottom=\u00bb0&#8243; font_family=\u00bbnone\u00bb]<img loading=\"lazy\" decoding=\"async\" class=\"alignleft wp-image-11288 size-full\" style=\"margin-top: 0px;\" src=\"https:\/\/www.okiok.com\/wp-content\/uploads\/2016\/08\/computer-forensics.jpg\" alt=\"Computer Forensics\" width=\"87\" height=\"84\" \/><\/p>\n<h1 id=\"fancy-title-3\" class=\"mk-fancy-title simple-style color-single\" style=\"padding-top: 10px; color: #fff; font-weight: 400; letter-spacing: 3px; font-size: 24px;\">Informatica forense<\/h1>\n[\/mk_fancy_title][\/vc_column_inner][vc_column_inner width=\u00bb1\/2&#8243;][mk_button dimension=\u00bbflat\u00bb size=\u00bblarge\u00bb url=\u00bb#contact-form\u00bb align=\u00bbright\u00bb button_custom_width=\u00bb\u00bb margin_top=\u00bb20&#8243; margin_right=\u00bb0&#8243; el_class=\u00bbpopup-shown\u00bb bg_color=\u00bb#00b034&#8243; btn_hover_bg=\u00bb#007c25&#8243;]SOLICITE UNA PRESENTACI\u00d3N[\/mk_button][\/vc_column_inner][\/vc_row_inner][\/vc_column][\/mk_page_section][vc_row fullwidth=\u00bbtrue\u00bb fullwidth_content=\u00bbfalse\u00bb][vc_column width=\u00bb1\/3&#8243;][mk_padding_divider size=\u00bb70&#8243;][mk_fancy_title tag_name=\u00bbh3&#8243; color=\u00bb#00b034&#8243; size=\u00bb38&#8243; force_font_size=\u00bbtrue\u00bb size_smallscreen=\u00bb22&#8243; size_tablet=\u00bb20&#8243; size_phone=\u00bb18&#8243; line_height=\u00bb99&#8243; font_weight=\u00bbbold\u00bb txt_transform=\u00bbuppercase\u00bb margin_bottom=\u00bb0&#8243; font_family=\u00bbnone\u00bb]Identificar y preservar las pruebas electr\u00f3nicas[\/mk_fancy_title][mk_divider style=\u00bbthick_solid\u00bb divider_width=\u00bbone_half\u00bb align=\u00bbleft\u00bb border_color=\u00bb#00b034&#8243; margin_top=\u00bb0&#8243; margin_bottom=\u00bb40&#8243;][\/vc_column][vc_column width=\u00bb2\/3&#8243;][mk_padding_divider size=\u00bb70&#8243;][vc_column_text disable_pattern=\u00bbfalse\u00bb]\n<p style=\"text-align: left;\">Las disputas que involucran las tecnolog\u00edas de la informaci\u00f3n tienen sus propios desaf\u00edos y complejidad, requiriendo experiencia especial en inform\u00e1tica forense para asegurar que la evidencia permanezca intacta y pueda ser reconocida en la corte. Apoyados en su experiencia, formaci\u00f3n y herramientas especializadas, los expertos certificados de OKIOK manejan la evidencia obtenida de acuerdo a las mejores pr\u00e1cticas de la industria para asegurar su integridad durante todo el proceso de obtenci\u00f3n, duplicaci\u00f3n, an\u00e1lisis, procesamiento y presentaci\u00f3n de resultados y protecci\u00f3n de la evidencia. Un protocolo de respuesta espec\u00edfico garantiza la confidencialidad, integridad, cadena de custodia y admisibilidad en los tribunales.<\/p>\n<p style=\"text-align: left;\">Los especialistas en inform\u00e1tica forense de OKIOK siguen procedimientos estrictos adem\u00e1s de tener locales seguros con acceso controlado, cajas fuertes, software especializado y equipo de transporte de alta seguridad.<\/p>\n[\/vc_column_text][mk_padding_divider size=\u00bb60&#8243;][\/vc_column][\/vc_row][vc_row fullwidth=\u00bbtrue\u00bb fullwidth_content=\u00bbfalse\u00bb css=\u00bb.vc_custom_1471512753699{background-color: #00b033 !important;}\u00bb][vc_column][mk_padding_divider size=\u00bb75&#8243;][vc_row_inner][vc_column_inner width=\u00bb1\/3&#8243;][mk_fancy_title color=\u00bb#ffffff\u00bb size=\u00bb32&#8243; force_font_size=\u00bbtrue\u00bb size_smallscreen=\u00bb35&#8243; size_tablet=\u00bb30&#8243; size_phone=\u00bb20&#8243; line_height=\u00bb99&#8243; font_weight=\u00bbbold\u00bb txt_transform=\u00bbuppercase\u00bb margin_bottom=\u00bb0&#8243; font_family=\u00bbnone\u00bb]NUESTROS<br \/>\nSERVICIOS[\/mk_fancy_title][mk_divider style=\u00bbthick_solid\u00bb divider_width=\u00bbone_half\u00bb align=\u00bbleft\u00bb border_color=\u00bb#ffffff\u00bb margin_top=\u00bb0&#8243; margin_bottom=\u00bb40&#8243;][\/vc_column_inner][vc_column_inner width=\u00bb1\/3&#8243;][mk_custom_list style=\u00bb\u00bb margin_bottom=\u00bb0&#8243;]\n<ul>\n<li>Incautaciones de datos y ordenadores<\/li>\n<li>An\u00e1lisis de las pruebas y de la integridad de los datos<\/li>\n<li>Recuperaci\u00f3n de datos y restauraci\u00f3n de archivos eliminados<\/li>\n<li>Intentos de descifrar la encriptaci\u00f3n<\/li>\n<li>An\u00e1lisis de correos electr\u00f3nicos litigiosos<\/li>\n<\/ul>\n[\/mk_custom_list][\/vc_column_inner][vc_column_inner width=\u00bb1\/3&#8243;][mk_custom_list style=\u00bb\u00bb margin_bottom=\u00bb0&#8243;]\n<ul>\n<li>Identificaci\u00f3n y correlaci\u00f3n de trazas<\/li>\n<li>An\u00e1lisis de Smartphones y dispositivos<\/li>\n<li>Anti-forense<\/li>\n<li>Coaching estrat\u00e9gico<\/li>\n<li>Informe pericial y testimonio en juicio<\/li>\n<\/ul>\n[\/mk_custom_list][\/vc_column_inner][\/vc_row_inner][mk_padding_divider size=\u00bb65&#8243;][\/vc_column][\/vc_row][vc_row fullwidth=\u00bbtrue\u00bb fullwidth_content=\u00bbfalse\u00bb id=\u00bbfull-width1&#8243;][vc_column][mk_padding_divider size=\u00bb80&#8243;][vc_row_inner][vc_column_inner width=\u00bb1\/3&#8243;][mk_fancy_title color=\u00bb#00b034&#8243; size=\u00bb32&#8243; force_font_size=\u00bbtrue\u00bb size_smallscreen=\u00bb35&#8243; size_tablet=\u00bb30&#8243; size_phone=\u00bb20&#8243; line_height=\u00bb99&#8243; font_weight=\u00bbbold\u00bb txt_transform=\u00bbuppercase\u00bb margin_bottom=\u00bb0&#8243; font_family=\u00bbnone\u00bb]EJEMPLOS<br \/>\nDE CASOS[\/mk_fancy_title][mk_divider style=\u00bbthick_solid\u00bb divider_width=\u00bbone_half\u00bb align=\u00bbleft\u00bb border_color=\u00bb#00b034&#8243; margin_top=\u00bb0&#8243; margin_bottom=\u00bb40&#8243;][\/vc_column_inner][vc_column_inner width=\u00bb1\/3&#8243;][mk_custom_list style=\u00bb\u00bb]\n<ul>\n<li>Casos penales (fraude, extorsi\u00f3n, etc.)<\/li>\n<li>\u00d3rdenes Anton Piller y Norwich<\/li>\n<li>Falsificaci\u00f3n de datos<\/li>\n<li>Trabajo e investigaciones laborales<\/li>\n<li>Privacidad y violaci\u00f3n de datos<\/li>\n<\/ul>\n[\/mk_custom_list][\/vc_column_inner][vc_column_inner width=\u00bb1\/3&#8243;][mk_custom_list style=\u00bb\u00bb]\n<ul>\n<li>Difamaci\u00f3n<\/li>\n<li>Hacking inform\u00e1tico y respuesta a incidentes<\/li>\n<li>Investigaciones corporativas y auditor\u00edas internas<\/li>\n<li>Propiedad Intelectual y espionaje industrial<\/li>\n<\/ul>\n[\/mk_custom_list][\/vc_column_inner][\/vc_row_inner][mk_padding_divider size=\u00bb10&#8243;][mk_font_icons icon=\u00bbmk-icon-sun-o\u00bb color=\u00bb#00b034&#8243; size=\u00bblarge\u00bb margin_horizental=\u00bb7&#8243; align=\u00bbleft\u00bb][mk_font_icons icon=\u00bbmk-moon-moon\u00bb color=\u00bb#00b034&#8243; size=\u00bblarge\u00bb margin_horizental=\u00bb7&#8243; align=\u00bbleft\u00bb][mk_fancy_title tag_name=\u00bbh5&#8243; color=\u00bb#00b034&#8243; size=\u00bb30&#8243; force_font_size=\u00bbtrue\u00bb size_smallscreen=\u00bb28&#8243; size_tablet=\u00bb26&#8243; size_phone=\u00bb20&#8243; font_weight=\u00bbbold\u00bb txt_transform=\u00bbuppercase\u00bb font_family=\u00bbnone\u00bb]SERVICIO 24H : (450) 681-1681 <span style=\"text-transform: lowercase;\">int.<\/span> 212[\/mk_fancy_title][mk_padding_divider size=\u00bb30&#8243;][\/vc_column][\/vc_row][vc_row fullwidth=\u00bbtrue\u00bb fullwidth_content=\u00bbfalse\u00bb css=\u00bb.vc_custom_1476718147268{padding-top: 20px !important;padding-bottom: 15px !important;background-color: #1775bb !important;}\u00bb][vc_column width=\u00bb1\/2&#8243; css=\u00bb.vc_custom_1473270615699{margin-top: 10px !important;padding-left: 10% !important;}\u00bb][mk_fancy_title tag_name=\u00bbh5&#8243; color=\u00bb#ffffff\u00bb size=\u00bb24&#8243; force_font_size=\u00bbtrue\u00bb size_smallscreen=\u00bb21&#8243; size_tablet=\u00bb18&#8243; size_phone=\u00bb16&#8243; font_weight=\u00bb400&#8243; txt_transform=\u00bbuppercase\u00bb letter_spacing=\u00bb1&#8243; margin_bottom=\u00bb0&#8243; font_family=\u00bbnone\u00bb]QUIERE SABER M\u00c1S SOBRE<br \/>\nNUESTROS SERVICIOS?[\/mk_fancy_title][\/vc_column][vc_column width=\u00bb1\/2&#8243;][mk_button dimension=\u00bbflat\u00bb size=\u00bblarge\u00bb url=\u00bb\/wp-content\/uploads\/fiches-techniques\/Fiche-forenics-en.pdf\u00bb target=\u00bb_blank\u00bb button_custom_width=\u00bb\u00bb margin_top=\u00bb20&#8243; margin_right=\u00bb10&#8243; bg_color=\u00bb#ffffff\u00bb btn_hover_bg=\u00bb#efefef\u00bb text_color=\u00bbdark\u00bb btn_hover_txt_color=\u00bb#202b40&#8243;]DESCARGUE LA HOJA INFORMATIVA (ingl\u00e9s)[\/mk_button][mk_font_icons icon=\u00bbmk-moon-file-download\u00bb color=\u00bb#ffffff\u00bb size=\u00bblarge\u00bb margin_horizental=\u00bb10&#8243; margin_vertical=\u00bb13&#8243; align=\u00bbleft\u00bb link=\u00bb\/wp-content\/uploads\/2016\/10\/Fiche-forenics-en.pdf\u00bb target=\u00bb_blank\u00bb][\/vc_column][\/vc_row][vc_row][vc_column][vc_separator][mk_fancy_title color=\u00bb#1774ba\u00bb size=\u00bb26&#8243; font_weight=\u00bbbold\u00bb txt_transform=\u00bbuppercase\u00bb margin_top=\u00bb16&#8243; margin_bottom=\u00bb0&#8243; font_family=\u00bbnone\u00bb]<a id=\"contact-form\"><\/a><br \/>\nSOLICITAR UNA PRESENTACI\u00d3N \u2013 FORENSE[\/mk_fancy_title][vc_column_text]NUESTROS CONSULTORES SE HAN GANADO LA CONFIANZA DE LOS CLIENTES M\u00c1S EXIGENTES.<\/p>\n<p>Perm\u00edtanos mostrarle por qu\u00e9! Rellene el siguiente formulario, uno de nuestros representantes se pondr\u00e1 en contacto con usted en breve.[\/vc_column_text]<div class=\"wpforms-container wpforms-container-full\" id=\"wpforms-15451\"><form id=\"wpforms-form-15451\" class=\"wpforms-validate wpforms-form\" data-formid=\"15451\" method=\"post\" enctype=\"multipart\/form-data\" action=\"\/es\/wp-json\/wp\/v2\/pages\/14951\" data-token=\"7ffa5f887950edcc39bf5d324ae77bc9\" data-token-time=\"1775551469\"><noscript class=\"wpforms-error-noscript\">Por favor, activa JavaScript en tu navegador para completar este formulario.<\/noscript><div class=\"wpforms-field-container\"><div id=\"wpforms-15451-field_1-container\" class=\"wpforms-field wpforms-field-name\" data-field-id=\"1\"><label class=\"wpforms-field-label wpforms-label-hide\" for=\"wpforms-15451-field_1\">NOMBRE<\/label><input type=\"text\" id=\"wpforms-15451-field_1\" class=\"wpforms-field-large\" name=\"wpforms[fields][1]\" placeholder=\"NOMBRE\" ><\/div><div id=\"wpforms-15451-field_2-container\" class=\"wpforms-field wpforms-field-email\" data-field-id=\"2\"><label class=\"wpforms-field-label wpforms-label-hide\" for=\"wpforms-15451-field_2\">Email <span class=\"wpforms-required-label\">*<\/span><\/label><input type=\"email\" id=\"wpforms-15451-field_2\" class=\"wpforms-field-large wpforms-field-required\" name=\"wpforms[fields][2]\" placeholder=\"EMAIL *\" spellcheck=\"false\" required><\/div><div id=\"wpforms-15451-field_3-container\" class=\"wpforms-field wpforms-field-text\" data-field-id=\"3\"><label class=\"wpforms-field-label wpforms-label-hide\" for=\"wpforms-15451-field_3\">Subject<\/label><input type=\"text\" id=\"wpforms-15451-field_3\" class=\"wpforms-field-large\" name=\"wpforms[fields][3]\" placeholder=\"ASUNTO\" ><\/div><div id=\"wpforms-15451-field_5-container\" class=\"wpforms-field wpforms-field-select wpforms-field-select-style-classic\" data-field-id=\"5\"><label class=\"wpforms-field-label\" for=\"wpforms-15451-field_5\">PRODUCTO O SERVICIO <span class=\"wpforms-required-label\">*<\/span><\/label><select id=\"wpforms-15451-field_5\" class=\"wpforms-field-large wpforms-field-required\" name=\"wpforms[fields][5]\" required=\"required\"><option value=\"\" class=\"placeholder\" disabled  selected='selected'>Por favor haga una selecci\u00f3n<\/option><option value=\"S-Filer - Portal\"  class=\"choice-1 depth-1\"  >S-Filer - Portal<\/option><option value=\"RAC\/M Identity\"  class=\"choice-2 depth-1\"  >RAC\/M Identity<\/option><option value=\"Pruebas de intrusi\u00f3n y evaluaci\u00f3n de vulnerabilidad\"  class=\"choice-3 depth-1\"  >Pruebas de intrusi\u00f3n y evaluaci\u00f3n de vulnerabilidad<\/option><option value=\"Cumplimiento de las identidades como  servicio \"  class=\"choice-4 depth-1\"  >Cumplimiento de las identidades como  servicio<\/option><option value=\"Consultor\u00eda estrat\u00e9gica y servicio de asesor\u00eda a la carta\"  class=\"choice-5 depth-1\"  >Consultor\u00eda estrat\u00e9gica y servicio de asesor\u00eda a la carta<\/option><option value=\"Inform\u00e1tica forense\"  class=\"choice-6 depth-1\"  >Inform\u00e1tica forense<\/option><option value=\"Soluciones personalizadas\"  class=\"choice-7 depth-1\"  >Soluciones personalizadas<\/option><option value=\"Gobernabilidad y cumplimiento\"  class=\"choice-8 depth-1\"  >Gobernabilidad y cumplimiento<\/option><option value=\"Otro\"  class=\"choice-9 depth-1\"  >Otro<\/option><\/select><\/div><div id=\"wpforms-15451-field_4-container\" class=\"wpforms-field wpforms-field-textarea\" data-field-id=\"4\"><label class=\"wpforms-field-label\" for=\"wpforms-15451-field_4\">SU MENSAJE<\/label><textarea id=\"wpforms-15451-field_4\" class=\"wpforms-field-medium\" name=\"wpforms[fields][4]\" ><\/textarea><div class=\"wpforms-field-description\">* Campos obligatorios<\/div><\/div><div id=\"wpforms-15451-field_6-container\" class=\"wpforms-field wpforms-field-checkbox\" data-field-id=\"6\"><label class=\"wpforms-field-label\">Aviso sobre la protecci\u00f3n de su informaci\u00f3n <span class=\"wpforms-required-label\">*<\/span><\/label><ul id=\"wpforms-15451-field_6\" class=\"wpforms-field-required\"><li class=\"choice-1 depth-1\"><input type=\"checkbox\" id=\"wpforms-15451-field_6_1\" name=\"wpforms[fields][6][]\" value=\"Acepto\" required ><label class=\"wpforms-field-label-inline\" for=\"wpforms-15451-field_6_1\">Acepto<\/label><\/li><\/ul><div class=\"wpforms-field-description\">Para procesar su solicitud de informaci\u00f3n, s\u00f3lo recogemos los datos de contacto de su empresa y su nombre y apellidos. Esta informaci\u00f3n ser\u00e1 utilizada internamente en OKIOK exclusivamente para contactarle con informaci\u00f3n sobre nuestros productos y servicios.\r\nSi tiene alguna pregunta sobre la protecci\u00f3n de sus datos, consulte nuestra <a href=\"\/privacy-policy\/\">Pol\u00edtica de privacidad (enlace en ingl\u00e9s)<\/a>, disponible en nuestro sitio web.<\/div><\/div><\/div><!-- .wpforms-field-container --><div class=\"wpforms-field wpforms-field-hp\"><label for=\"wpforms-15451-field-hp\" class=\"wpforms-field-label\">Phone<\/label><input type=\"text\" name=\"wpforms[hp]\" id=\"wpforms-15451-field-hp\" class=\"wpforms-field-medium\"><\/div><div class=\"wpforms-recaptcha-container wpforms-is-recaptcha wpforms-is-recaptcha-type-v2\" ><div class=\"g-recaptcha\" data-sitekey=\"6Ldh4QwUAAAAAPztyjflSvP3xxlQXaAXPgpA7MCf\"><\/div><input type=\"text\" name=\"g-recaptcha-hidden\" class=\"wpforms-recaptcha-hidden\" style=\"position:absolute!important;clip:rect(0,0,0,0)!important;height:1px!important;width:1px!important;border:0!important;overflow:hidden!important;padding:0!important;margin:0!important;\" data-rule-recaptcha=\"1\"><\/div><div class=\"wpforms-submit-container\" ><input type=\"hidden\" name=\"wpforms[id]\" value=\"15451\"><input type=\"hidden\" name=\"page_title\" value=\"\"><input type=\"hidden\" name=\"page_url\" value=\"https:\/\/www.okiok.com\/es\/wp-json\/wp\/v2\/pages\/14951\"><input type=\"hidden\" name=\"url_referer\" value=\"\"><button type=\"submit\" name=\"wpforms[submit]\" id=\"wpforms-submit-15451\" class=\"wpforms-submit\" data-alt-text=\"Sending...\" data-submit-text=\"ENVIAR\" aria-live=\"assertive\" value=\"wpforms-submit\">ENVIAR<\/button><\/div><\/form><\/div>  <!-- .wpforms-container -->[vc_raw_js]JTNDc2NyaXB0JTIwdHlwZSUzRCUyMnRleHQlMkZqYXZhc2NyaXB0JTIyJTNFJTIwZG9jdW1lbnQuZ2V0RWxlbWVudEJ5SWQlMjglMjJ3cGZvcm1zLTE1NDUxLWZpZWxkXzUlMjIlMjkuc2VsZWN0ZWRJbmRleCUyMCUzRCUyMDYlM0IlMjAlM0MlMkZzY3JpcHQlM0U=[\/vc_raw_js][\/vc_column][\/vc_row]\n<\/div>","protected":false},"excerpt":{"rendered":"<p>[mk_page_section bg_image=\u00bb\/wp-content\/uploads\/2016\/10\/cumputer-foremsic-1.png\u00bb bg_position=\u00bbcenter top\u00bb bg_repeat=\u00bbno-repeat\u00bb video_loop=\u00bbfalse\u00bb video_opacity=\u00bb0&#8243; min_height=\u00bb200&#8243; padding_top=\u00bb0&#8243; padding_bottom=\u00bb0&#8243; top_shape_color=\u00bb#ffffff\u00bb bottom_shape_color=\u00bb#ffffff\u00bb sidebar=\u00bbsidebar-1&#8243; first_page=\u00bbfalse\u00bb last_page=\u00bbfalse\u00bb][vc_column css=\u00bb.vc_custom_1474386737880{padding-top: 60px !important;padding-bottom: 0px !important;background-position: center !important;background-repeat: no-repeat !important;background-size: cover !important;}\u00bb][vc_row_inner is_fullwidth_content=\u00bbfalse\u00bb css=\u00bb.vc_custom_1474386947669{padding-right: 30px !important;padding-left: 0px !important;}\u00bb][vc_column_inner width=\u00bb1\/2&#8243;][mk_fancy_title color=\u00bb#ffffff\u00bb size=\u00bb26&#8243; force_font_size=\u00bbtrue\u00bb size_smallscreen=\u00bb26&#8243; size_tablet=\u00bb20&#8243; size_phone=\u00bb20&#8243; font_weight=\u00bb400&#8243; font_style=\u00bbnormal\u00bb txt_transform=\u00bbuppercase\u00bb letter_spacing=\u00bb3&#8243; margin_top=\u00bb5&#8243; margin_bottom=\u00bb0&#8243; font_family=\u00bbnone\u00bb] Informatica forense [\/mk_fancy_title][\/vc_column_inner][vc_column_inner width=\u00bb1\/2&#8243;][mk_button dimension=\u00bbflat\u00bb size=\u00bblarge\u00bb url=\u00bb#contact-form\u00bb align=\u00bbright\u00bb button_custom_width=\u00bb\u00bb [&hellip;]<\/p>\n","protected":false},"author":1,"featured_media":0,"parent":14948,"menu_order":0,"comment_status":"closed","ping_status":"closed","template":"","meta":{"footnotes":""},"class_list":["post-14951","page","type-page","status-publish","hentry"],"yoast_head":"<!-- This site is optimized with the Yoast SEO plugin v26.8 - https:\/\/yoast.com\/product\/yoast-seo-wordpress\/ -->\n<title>Computer forensics | OKIOK | Experts in cybersecurity<\/title>\n<meta name=\"description\" content=\"Protect yourself during computer investigations by recovering the necessary electronic evidence with our computer forensics service. Contact us 24\/7.\" \/>\n<meta name=\"robots\" content=\"index, follow, max-snippet:-1, max-image-preview:large, max-video-preview:-1\" \/>\n<meta property=\"og:locale\" content=\"es_ES\" \/>\n<meta property=\"og:type\" content=\"article\" \/>\n<meta property=\"og:title\" content=\"Computer forensics | OKIOK | Experts in cybersecurity\" \/>\n<meta property=\"og:description\" content=\"Protect yourself during computer investigations by recovering the necessary electronic evidence with our computer forensics service. Contact us 24\/7.\" \/>\n<meta property=\"og:site_name\" content=\"Okiok\" \/>\n<meta property=\"article:publisher\" content=\"https:\/\/www.facebook.com\/okiokdata\/\" \/>\n<meta property=\"article:modified_time\" content=\"2019-08-02T20:21:10+00:00\" \/>\n<meta property=\"og:image\" content=\"https:\/\/www.okiok.com\/wp-content\/uploads\/2016\/08\/computer-forensics.jpg\" \/>\n<meta name=\"twitter:card\" content=\"summary_large_image\" \/>\n<meta name=\"twitter:site\" content=\"@OKIOKdata\" \/>\n<meta name=\"twitter:label1\" content=\"Tiempo de lectura\" \/>\n\t<meta name=\"twitter:data1\" content=\"5 minutos\" \/>\n<!-- \/ Yoast SEO plugin. -->","yoast_head_json":{"title":"Computer forensics | OKIOK | Experts in cybersecurity","description":"Protect yourself during computer investigations by recovering the necessary electronic evidence with our computer forensics service. Contact us 24\/7.","robots":{"index":"index","follow":"follow","max-snippet":"max-snippet:-1","max-image-preview":"max-image-preview:large","max-video-preview":"max-video-preview:-1"},"og_locale":"es_ES","og_type":"article","og_title":"Computer forensics | OKIOK | Experts in cybersecurity","og_description":"Protect yourself during computer investigations by recovering the necessary electronic evidence with our computer forensics service. Contact us 24\/7.","og_site_name":"Okiok","article_publisher":"https:\/\/www.facebook.com\/okiokdata\/","article_modified_time":"2019-08-02T20:21:10+00:00","og_image":[{"url":"https:\/\/www.okiok.com\/wp-content\/uploads\/2016\/08\/computer-forensics.jpg","type":"","width":"","height":""}],"twitter_card":"summary_large_image","twitter_site":"@OKIOKdata","twitter_misc":{"Tiempo de lectura":"5 minutos"},"schema":{"@context":"https:\/\/schema.org","@graph":[{"@type":"WebPage","@id":"https:\/\/www.okiok.com\/es\/services\/computer-forensics\/","url":"https:\/\/www.okiok.com\/es\/services\/computer-forensics\/","name":"Computer forensics | OKIOK | Experts in cybersecurity","isPartOf":{"@id":"https:\/\/www.okiok.com\/fr\/#website"},"primaryImageOfPage":{"@id":"https:\/\/www.okiok.com\/es\/services\/computer-forensics\/#primaryimage"},"image":{"@id":"https:\/\/www.okiok.com\/es\/services\/computer-forensics\/#primaryimage"},"thumbnailUrl":"https:\/\/www.okiok.com\/wp-content\/uploads\/2016\/08\/computer-forensics.jpg","datePublished":"2016-08-18T08:19:56+00:00","dateModified":"2019-08-02T20:21:10+00:00","description":"Protect yourself during computer investigations by recovering the necessary electronic evidence with our computer forensics service. Contact us 24\/7.","breadcrumb":{"@id":"https:\/\/www.okiok.com\/es\/services\/computer-forensics\/#breadcrumb"},"inLanguage":"es","potentialAction":[{"@type":"ReadAction","target":["https:\/\/www.okiok.com\/es\/services\/computer-forensics\/"]}]},{"@type":"ImageObject","inLanguage":"es","@id":"https:\/\/www.okiok.com\/es\/services\/computer-forensics\/#primaryimage","url":"https:\/\/www.okiok.com\/wp-content\/uploads\/2016\/08\/computer-forensics.jpg","contentUrl":"https:\/\/www.okiok.com\/wp-content\/uploads\/2016\/08\/computer-forensics.jpg"},{"@type":"BreadcrumbList","@id":"https:\/\/www.okiok.com\/es\/services\/computer-forensics\/#breadcrumb","itemListElement":[{"@type":"ListItem","position":1,"name":"Home","item":"https:\/\/www.okiok.com\/es\/"},{"@type":"ListItem","position":2,"name":"Services | OKIOK","item":"https:\/\/www.okiok.com\/es\/services\/"},{"@type":"ListItem","position":3,"name":"Informatica forense"}]},{"@type":"WebSite","@id":"https:\/\/www.okiok.com\/fr\/#website","url":"https:\/\/www.okiok.com\/fr\/","name":"Okiok","description":"","publisher":{"@id":"https:\/\/www.okiok.com\/fr\/#organization"},"potentialAction":[{"@type":"SearchAction","target":{"@type":"EntryPoint","urlTemplate":"https:\/\/www.okiok.com\/fr\/?s={search_term_string}"},"query-input":{"@type":"PropertyValueSpecification","valueRequired":true,"valueName":"search_term_string"}}],"inLanguage":"es"},{"@type":"Organization","@id":"https:\/\/www.okiok.com\/fr\/#organization","name":"Okiok","url":"https:\/\/www.okiok.com\/fr\/","logo":{"@type":"ImageObject","inLanguage":"es","@id":"https:\/\/www.okiok.com\/fr\/#\/schema\/logo\/image\/","url":"https:\/\/www.okiok.com\/wp-content\/uploads\/2017\/06\/logo-okiok-2.png","contentUrl":"https:\/\/www.okiok.com\/wp-content\/uploads\/2017\/06\/logo-okiok-2.png","width":300,"height":369,"caption":"Okiok"},"image":{"@id":"https:\/\/www.okiok.com\/fr\/#\/schema\/logo\/image\/"},"sameAs":["https:\/\/www.facebook.com\/okiokdata\/","https:\/\/x.com\/OKIOKdata","https:\/\/www.linkedin.com\/company-beta\/119436\/"]}]}},"_links":{"self":[{"href":"https:\/\/www.okiok.com\/es\/wp-json\/wp\/v2\/pages\/14951","targetHints":{"allow":["GET"]}}],"collection":[{"href":"https:\/\/www.okiok.com\/es\/wp-json\/wp\/v2\/pages"}],"about":[{"href":"https:\/\/www.okiok.com\/es\/wp-json\/wp\/v2\/types\/page"}],"author":[{"embeddable":true,"href":"https:\/\/www.okiok.com\/es\/wp-json\/wp\/v2\/users\/1"}],"replies":[{"embeddable":true,"href":"https:\/\/www.okiok.com\/es\/wp-json\/wp\/v2\/comments?post=14951"}],"version-history":[{"count":13,"href":"https:\/\/www.okiok.com\/es\/wp-json\/wp\/v2\/pages\/14951\/revisions"}],"predecessor-version":[{"id":19005,"href":"https:\/\/www.okiok.com\/es\/wp-json\/wp\/v2\/pages\/14951\/revisions\/19005"}],"up":[{"embeddable":true,"href":"https:\/\/www.okiok.com\/es\/wp-json\/wp\/v2\/pages\/14948"}],"wp:attachment":[{"href":"https:\/\/www.okiok.com\/es\/wp-json\/wp\/v2\/media?parent=14951"}],"curies":[{"name":"wp","href":"https:\/\/api.w.org\/{rel}","templated":true}]}}