{"id":14954,"date":"2016-09-16T11:21:17","date_gmt":"2016-09-16T11:21:17","guid":{"rendered":"http:\/\/pre-www.okiok.com\/services\/tailored-solutions\/"},"modified":"2019-08-05T07:39:43","modified_gmt":"2019-08-05T12:39:43","slug":"tailored-solutions","status":"publish","type":"page","link":"https:\/\/www.okiok.com\/es\/services\/tailored-solutions\/","title":{"rendered":"Soluciones personalizadas"},"content":{"rendered":"<div class=\"wpb-content-wrapper\">[mk_page_section bg_image=\u00bb\/wp-content\/uploads\/2016\/10\/Tailored-solution-1.png\u00bb bg_position=\u00bbcenter top\u00bb bg_repeat=\u00bbno-repeat\u00bb video_loop=\u00bbfalse\u00bb video_opacity=\u00bb0&#8243; min_height=\u00bb200&#8243; padding_top=\u00bb0&#8243; padding_bottom=\u00bb0&#8243; top_shape_color=\u00bb#ffffff\u00bb bottom_shape_color=\u00bb#ffffff\u00bb el_class=\u00bbidentity-banner\u00bb sidebar=\u00bbsidebar-1&#8243; first_page=\u00bbfalse\u00bb last_page=\u00bbfalse\u00bb][vc_column css=\u00bb.vc_custom_1474022518322{padding-top: 60px !important;padding-bottom: 15px !important;background-position: center !important;background-repeat: no-repeat !important;background-size: cover !important;}\u00bb][vc_row_inner css=\u00bb.vc_custom_1471426440584{padding-right: 30px !important;padding-left: 0px !important;}\u00bb][vc_column_inner width=\u00bb1\/2&#8243;][vc_column_text]<img loading=\"lazy\" decoding=\"async\" class=\"alignleft size-full wp-image-11654\" style=\"margin-top: -20px;\" src=\"\/wp-content\/uploads\/2016\/11\/custom-solutions.jpg\" alt=\"s-filter-icon\" width=\"86\" height=\"83\" \/><\/p>\n<h1 id=\"fancy-title-3\" class=\"mk-fancy-title simple-style color-single\" style=\"padding-top: 6px; color: #fff; font-weight: 400; letter-spacing: 1px; font-size: 26px;\">Soluciones a medida<\/h1>\n[\/vc_column_text][\/vc_column_inner][vc_column_inner width=\u00bb1\/2&#8243;][mk_button dimension=\u00bbflat\u00bb size=\u00bblarge\u00bb url=\u00bb#contact-form\u00bb align=\u00bbright\u00bb button_custom_width=\u00bb\u00bb margin_top=\u00bb20&#8243; margin_bottom=\u00bb0&#8243; margin_right=\u00bb0&#8243; el_class=\u00bbpopup-shown\u00bb bg_color=\u00bb#00b034&#8243; btn_hover_bg=\u00bb#007c25&#8243;]SOLICITE UNA PRESENTACI\u00d3N[\/mk_button][\/vc_column_inner][\/vc_row_inner][\/vc_column][\/mk_page_section][vc_row fullwidth=\u00bbtrue\u00bb fullwidth_content=\u00bbfalse\u00bb][vc_column][mk_padding_divider size=\u00bb70&#8243;][vc_row_inner][vc_column_inner width=\u00bb1\/3&#8243;][mk_fancy_title color=\u00bb#00b034&#8243; size=\u00bb38&#8243; force_font_size=\u00bbtrue\u00bb size_smallscreen=\u00bb32&#8243; size_tablet=\u00bb28&#8243; size_phone=\u00bb20&#8243; line_height=\u00bb99&#8243; font_weight=\u00bbbold\u00bb txt_transform=\u00bbuppercase\u00bb margin_bottom=\u00bb0&#8243; font_family=\u00bbnone\u00bb]OBTENGA UNA SOLUCI\u00d3N A MEDIDA[\/mk_fancy_title][mk_fancy_title tag_name=\u00bbh3&#8243; color=\u00bb#00b034&#8243; size=\u00bb18&#8243; force_font_size=\u00bbtrue\u00bb size_smallscreen=\u00bb16&#8243; size_tablet=\u00bb16&#8243; size_phone=\u00bb16&#8243; font_weight=\u00bb400&#8243; txt_transform=\u00bblowercase\u00bb margin_bottom=\u00bb0&#8243; font_family=\u00bbnone\u00bb]<em>QUE SATISFAGA SUS NECESIDADES PARTICULARES<\/em>[\/mk_fancy_title][mk_divider style=\u00bbthick_solid\u00bb divider_width=\u00bbone_half\u00bb align=\u00bbleft\u00bb border_color=\u00bb#00b034&#8243; margin_top=\u00bb0&#8243; margin_bottom=\u00bb0&#8243;][\/vc_column_inner][vc_column_inner width=\u00bb2\/3&#8243;][mk_custom_list style=\u00bb\u00bb]Las necesidades tecnol\u00f3gicas son \u00fanicas para cada organizaci\u00f3n. Aunque en el mercado se dispone de una gran variedad de soluciones de seguridad, no es raro que ninguna de ellas pueda cubrir todas las funciones deseadas de forma c\u00f3moda y rentable.<\/p>\n<p>Cuando este es el caso, OKIOK es capaz de proporcionar soluciones personalizadas que satisfagan las necesidades reales de una organizaci\u00f3n. Ya se trate del desarrollo de una soluci\u00f3n completa o de la integraci\u00f3n de un componente en un marco tecnol\u00f3gico existente, el equipo de OKIOK garantiza una intervenci\u00f3n eficaz y adecuada, siempre con el objetivo de maximizar el retorno de la inversi\u00f3n.<br \/>\n[\/mk_custom_list][\/vc_column_inner][\/vc_row_inner][mk_padding_divider][\/vc_column][\/vc_row][vc_row fullwidth=\u00bbtrue\u00bb fullwidth_content=\u00bbfalse\u00bb css=\u00bb.vc_custom_1471512753699{background-color: #00b033 !important;}\u00bb][vc_column][mk_padding_divider size=\u00bb75&#8243;][vc_row_inner is_fullwidth_content=\u00bbfalse\u00bb el_class=\u00bbdisc-list\u00bb][vc_column_inner width=\u00bb1\/3&#8243;][mk_fancy_title color=\u00bb#ffffff\u00bb size=\u00bb32&#8243; force_font_size=\u00bbtrue\u00bb size_smallscreen=\u00bb20&#8243; size_tablet=\u00bb18&#8243; size_phone=\u00bb16&#8243; line_height=\u00bb99&#8243; font_weight=\u00bbbold\u00bb txt_transform=\u00bbuppercase\u00bb margin_bottom=\u00bb0&#8243; font_family=\u00bbnone\u00bb]ALGUNOS<br \/>\nEJEMPLOS[\/mk_fancy_title][mk_divider style=\u00bbthick_solid\u00bb border_color=\u00bb#ffffff\u00bb margin_top=\u00bb0&#8243; el_class=\u00bbmax-width76&#8243;][\/vc_column_inner][vc_column_inner width=\u00bb1\/3&#8243;][mk_custom_list style=\u00bb\u00bb margin_bottom=\u00bb0&#8243; el_class=\u00bbwhite-list\u00bb]\n<ul>\n<li>Soluci\u00f3n de anonimizaci\u00f3n<\/li>\n<li>Soluci\u00f3n de elecci\u00f3n de PIN<\/li>\n<li>Soluci\u00f3n de corretaje de pr\u00e9stamos RRSP<\/li>\n<li>Securizaci\u00f3n de protocolos relacionados con controladores de energ\u00eda en redes inteligentes (smart grid)<\/li>\n<\/ul>\n[\/mk_custom_list][\/vc_column_inner][vc_column_inner width=\u00bb1\/3&#8243;][mk_custom_list style=\u00bb\u00bb margin_bottom=\u00bb0&#8243; el_class=\u00bbwhite-list\u00bb]\n<ul>\n<li>Soluci\u00f3n de autenticaci\u00f3n federada<\/li>\n<li>Infraestructura de claves p\u00fablicas personalizada<\/li>\n<li>Soluci\u00f3n de firma de formularios en l\u00ednea<\/li>\n<li>Infraestructura de seguridad corporativa (CSI)<\/li>\n<li>Kiosco seguro que emite tarjetas de identificaci\u00f3n personal<\/li>\n<\/ul>\n[\/mk_custom_list][\/vc_column_inner][\/vc_row_inner][mk_padding_divider size=\u00bb70&#8243;][\/vc_column][\/vc_row][mk_page_section bg_color=\u00bb#1775bb\u00bb video_loop=\u00bbfalse\u00bb min_height=\u00bb0&#8243; padding_top=\u00bb30&#8243; padding_bottom=\u00bb0&#8243; top_shape_color=\u00bb#ffffff\u00bb bottom_shape_color=\u00bb#ffffff\u00bb sidebar=\u00bbsidebar-1&#8243; first_page=\u00bbfalse\u00bb last_page=\u00bbfalse\u00bb][vc_column][vc_row_inner attached=\u00bbtrue\u00bb css=\u00bb.vc_custom_1473265596194{padding-top: 2px !important;padding-right: 2px !important;padding-bottom: 2px !important;padding-left: 30px !important;}\u00bb][vc_column_inner width=\u00bb1\/6&#8243;][vc_icon icon_fontawesome=\u00bbfa fa-envelope-o\u00bb color=\u00bbwhite\u00bb background_style=\u00bbrounded-outline\u00bb background_color=\u00bbwhite\u00bb size=\u00bblg\u00bb link=\u00bburl:\/about%2Fcontact-us%2F|||\u00bb][\/vc_column_inner][vc_column_inner width=\u00bb3\/6&#8243;][mk_fancy_title tag_name=\u00bbh5&#8243; color=\u00bb#ffffff\u00bb size=\u00bb24&#8243; font_weight=\u00bb400&#8243; txt_transform=\u00bbnone\u00bb letter_spacing=\u00bb1&#8243; margin_top=\u00bb20&#8243; margin_bottom=\u00bb0&#8243; font_family=\u00bbnone\u00bb]QUIERE SABER M\u00c1S[\/mk_fancy_title][\/vc_column_inner][vc_column_inner width=\u00bb2\/6&#8243;][mk_button dimension=\u00bbflat\u00bb url=\u00bb\/about\/contact-us\/\u00bb align=\u00bbcenter\u00bb margin_top=\u00bb10&#8243; margin_bottom=\u00bb0&#8243; margin_right=\u00bb0&#8243; bg_color=\u00bb#ffffff\u00bb btn_hover_bg=\u00bb#ffffff\u00bb text_color=\u00bbdark\u00bb btn_hover_txt_color=\u00bb#1775bb\u00bb]ENV\u00cdENOS UN CORREO ELECTR\u00d3NICO[\/mk_button][\/vc_column_inner][\/vc_row_inner][\/vc_column][\/mk_page_section][vc_row][vc_column_inner el_class=\u00bbcontact-form-location\u00bb][vc_separator][mk_fancy_title color=\u00bb#1774ba\u00bb size=\u00bb26&#8243; font_weight=\u00bbbold\u00bb txt_transform=\u00bbuppercase\u00bb margin_top=\u00bb24&#8243; margin_bottom=\u00bb0&#8243; font_family=\u00bbnone\u00bb]<a id=\"contact-form\"><\/a><br \/>\nSolicitar una presentaci\u00f3n &#8211; Soluciones a medida[\/mk_fancy_title][mk_fancy_title color=\u00bb#1774ba\u00bb size=\u00bb20&#8243; txt_transform=\u00bbuppercase\u00bb margin_bottom=\u00bb9&#8243; font_family=\u00bbnone\u00bb]Discuta sus necesidades \u00fanicas con nuestros expertos![\/mk_fancy_title]<div class=\"wpforms-container wpforms-container-full\" id=\"wpforms-15451\"><form id=\"wpforms-form-15451\" class=\"wpforms-validate wpforms-form\" data-formid=\"15451\" method=\"post\" enctype=\"multipart\/form-data\" action=\"\/es\/wp-json\/wp\/v2\/pages\/14954\" data-token=\"415b5e4d874858307478a849a9bb6c13\" data-token-time=\"1777192405\"><noscript class=\"wpforms-error-noscript\">Por favor, activa JavaScript en tu navegador para completar este formulario.<\/noscript><div class=\"wpforms-field-container\"><div id=\"wpforms-15451-field_1-container\" class=\"wpforms-field wpforms-field-name\" data-field-id=\"1\"><label class=\"wpforms-field-label wpforms-label-hide\" for=\"wpforms-15451-field_1\">NOMBRE<\/label><input type=\"text\" id=\"wpforms-15451-field_1\" class=\"wpforms-field-large\" name=\"wpforms[fields][1]\" placeholder=\"NOMBRE\" ><\/div><div id=\"wpforms-15451-field_2-container\" class=\"wpforms-field wpforms-field-email\" data-field-id=\"2\"><label class=\"wpforms-field-label wpforms-label-hide\" for=\"wpforms-15451-field_2\">Email <span class=\"wpforms-required-label\">*<\/span><\/label><input type=\"email\" id=\"wpforms-15451-field_2\" class=\"wpforms-field-large wpforms-field-required\" name=\"wpforms[fields][2]\" placeholder=\"EMAIL *\" spellcheck=\"false\" required><\/div><div id=\"wpforms-15451-field_3-container\" class=\"wpforms-field wpforms-field-text\" data-field-id=\"3\"><label class=\"wpforms-field-label wpforms-label-hide\" for=\"wpforms-15451-field_3\">Subject<\/label><input type=\"text\" id=\"wpforms-15451-field_3\" class=\"wpforms-field-large\" name=\"wpforms[fields][3]\" placeholder=\"ASUNTO\" ><\/div><div id=\"wpforms-15451-field_5-container\" class=\"wpforms-field wpforms-field-select wpforms-field-select-style-classic\" data-field-id=\"5\"><label class=\"wpforms-field-label\" for=\"wpforms-15451-field_5\">PRODUCTO O SERVICIO <span class=\"wpforms-required-label\">*<\/span><\/label><select id=\"wpforms-15451-field_5\" class=\"wpforms-field-large wpforms-field-required\" name=\"wpforms[fields][5]\" required=\"required\"><option value=\"\" class=\"placeholder\" disabled  selected='selected'>Por favor haga una selecci\u00f3n<\/option><option value=\"S-Filer - Portal\"  class=\"choice-1 depth-1\"  >S-Filer - Portal<\/option><option value=\"RAC\/M Identity\"  class=\"choice-2 depth-1\"  >RAC\/M Identity<\/option><option value=\"Pruebas de intrusi\u00f3n y evaluaci\u00f3n de vulnerabilidad\"  class=\"choice-3 depth-1\"  >Pruebas de intrusi\u00f3n y evaluaci\u00f3n de vulnerabilidad<\/option><option value=\"Cumplimiento de las identidades como  servicio \"  class=\"choice-4 depth-1\"  >Cumplimiento de las identidades como  servicio<\/option><option value=\"Consultor\u00eda estrat\u00e9gica y servicio de asesor\u00eda a la carta\"  class=\"choice-5 depth-1\"  >Consultor\u00eda estrat\u00e9gica y servicio de asesor\u00eda a la carta<\/option><option value=\"Inform\u00e1tica forense\"  class=\"choice-6 depth-1\"  >Inform\u00e1tica forense<\/option><option value=\"Soluciones personalizadas\"  class=\"choice-7 depth-1\"  >Soluciones personalizadas<\/option><option value=\"Gobernabilidad y cumplimiento\"  class=\"choice-8 depth-1\"  >Gobernabilidad y cumplimiento<\/option><option value=\"Otro\"  class=\"choice-9 depth-1\"  >Otro<\/option><\/select><\/div><div id=\"wpforms-15451-field_4-container\" class=\"wpforms-field wpforms-field-textarea\" data-field-id=\"4\"><label class=\"wpforms-field-label\" for=\"wpforms-15451-field_4\">SU MENSAJE<\/label><textarea id=\"wpforms-15451-field_4\" class=\"wpforms-field-medium\" name=\"wpforms[fields][4]\" ><\/textarea><div class=\"wpforms-field-description\">* Campos obligatorios<\/div><\/div><div id=\"wpforms-15451-field_6-container\" class=\"wpforms-field wpforms-field-checkbox\" data-field-id=\"6\"><label class=\"wpforms-field-label\">Aviso sobre la protecci\u00f3n de su informaci\u00f3n <span class=\"wpforms-required-label\">*<\/span><\/label><ul id=\"wpforms-15451-field_6\" class=\"wpforms-field-required\"><li class=\"choice-1 depth-1\"><input type=\"checkbox\" id=\"wpforms-15451-field_6_1\" name=\"wpforms[fields][6][]\" value=\"Acepto\" required ><label class=\"wpforms-field-label-inline\" for=\"wpforms-15451-field_6_1\">Acepto<\/label><\/li><\/ul><div class=\"wpforms-field-description\">Para procesar su solicitud de informaci\u00f3n, s\u00f3lo recogemos los datos de contacto de su empresa y su nombre y apellidos. Esta informaci\u00f3n ser\u00e1 utilizada internamente en OKIOK exclusivamente para contactarle con informaci\u00f3n sobre nuestros productos y servicios.\r\nSi tiene alguna pregunta sobre la protecci\u00f3n de sus datos, consulte nuestra <a href=\"\/privacy-policy\/\">Pol\u00edtica de privacidad (enlace en ingl\u00e9s)<\/a>, disponible en nuestro sitio web.<\/div><\/div><\/div><!-- .wpforms-field-container --><div class=\"wpforms-field wpforms-field-hp\"><label for=\"wpforms-15451-field-hp\" class=\"wpforms-field-label\">Email<\/label><input type=\"text\" name=\"wpforms[hp]\" id=\"wpforms-15451-field-hp\" class=\"wpforms-field-medium\"><\/div><div class=\"wpforms-recaptcha-container wpforms-is-recaptcha wpforms-is-recaptcha-type-v2\" ><div class=\"g-recaptcha\" data-sitekey=\"6Ldh4QwUAAAAAPztyjflSvP3xxlQXaAXPgpA7MCf\"><\/div><input type=\"text\" name=\"g-recaptcha-hidden\" class=\"wpforms-recaptcha-hidden\" style=\"position:absolute!important;clip:rect(0,0,0,0)!important;height:1px!important;width:1px!important;border:0!important;overflow:hidden!important;padding:0!important;margin:0!important;\" data-rule-recaptcha=\"1\"><\/div><div class=\"wpforms-submit-container\" ><input type=\"hidden\" name=\"wpforms[id]\" value=\"15451\"><input type=\"hidden\" name=\"page_title\" value=\"\"><input type=\"hidden\" name=\"page_url\" value=\"https:\/\/www.okiok.com\/es\/wp-json\/wp\/v2\/pages\/14954\"><input type=\"hidden\" name=\"url_referer\" value=\"\"><button type=\"submit\" name=\"wpforms[submit]\" id=\"wpforms-submit-15451\" class=\"wpforms-submit\" data-alt-text=\"Sending...\" data-submit-text=\"ENVIAR\" aria-live=\"assertive\" value=\"wpforms-submit\">ENVIAR<\/button><\/div><\/form><\/div>  <!-- .wpforms-container -->[vc_raw_js]JTNDc2NyaXB0JTIwdHlwZSUzRCUyMnRleHQlMkZqYXZhc2NyaXB0JTIyJTNFJTIwZG9jdW1lbnQuZ2V0RWxlbWVudEJ5SWQlMjglMjJ3cGZvcm1zLTE1NDUxLWZpZWxkXzUlMjIlMjkuc2VsZWN0ZWRJbmRleCUyMCUzRCUyMDclM0IlMjAlM0MlMkZzY3JpcHQlM0UlMEElMjAlMjAlMjAlMjAlMjAlMjAlMjAlMjAlMjAlMjAlMjAlMjAlMjAlMjAlMjAlMjAlMjAlMjAlMjAlMjAlMjAlMjAlMjAlMjAlMjAlMjAlMjAlMjAlMjAlMjAlMjAlMjAlMjAlMjAlMjAlMjAlMjAlMjAlMjAlMjAlMjAlMjAlMjAlMjAlMjAlMjAlMjAlMjAlMjAlMjAlMjAlMjAlMjAlMjAlMjAlMjAlMjA=[\/vc_raw_js][\/vc_column_inner][\/vc_row]\n<\/div>","protected":false},"excerpt":{"rendered":"<p>[mk_page_section bg_image=\u00bb\/wp-content\/uploads\/2016\/10\/Tailored-solution-1.png\u00bb bg_position=\u00bbcenter top\u00bb bg_repeat=\u00bbno-repeat\u00bb video_loop=\u00bbfalse\u00bb video_opacity=\u00bb0&#8243; min_height=\u00bb200&#8243; padding_top=\u00bb0&#8243; padding_bottom=\u00bb0&#8243; top_shape_color=\u00bb#ffffff\u00bb bottom_shape_color=\u00bb#ffffff\u00bb el_class=\u00bbidentity-banner\u00bb sidebar=\u00bbsidebar-1&#8243; first_page=\u00bbfalse\u00bb last_page=\u00bbfalse\u00bb][vc_column css=\u00bb.vc_custom_1474022518322{padding-top: 60px !important;padding-bottom: 15px !important;background-position: center !important;background-repeat: no-repeat !important;background-size: cover !important;}\u00bb][vc_row_inner css=\u00bb.vc_custom_1471426440584{padding-right: 30px !important;padding-left: 0px !important;}\u00bb][vc_column_inner width=\u00bb1\/2&#8243;][vc_column_text] Soluciones a medida [\/vc_column_text][\/vc_column_inner][vc_column_inner width=\u00bb1\/2&#8243;][mk_button dimension=\u00bbflat\u00bb size=\u00bblarge\u00bb url=\u00bb#contact-form\u00bb align=\u00bbright\u00bb button_custom_width=\u00bb\u00bb margin_top=\u00bb20&#8243; margin_bottom=\u00bb0&#8243; margin_right=\u00bb0&#8243; el_class=\u00bbpopup-shown\u00bb bg_color=\u00bb#00b034&#8243; btn_hover_bg=\u00bb#007c25&#8243;]SOLICITE UNA PRESENTACI\u00d3N[\/mk_button][\/vc_column_inner][\/vc_row_inner][\/vc_column][\/mk_page_section][vc_row fullwidth=\u00bbtrue\u00bb fullwidth_content=\u00bbfalse\u00bb][vc_column][mk_padding_divider size=\u00bb70&#8243;][vc_row_inner][vc_column_inner width=\u00bb1\/3&#8243;][mk_fancy_title [&hellip;]<\/p>\n","protected":false},"author":1,"featured_media":0,"parent":14948,"menu_order":0,"comment_status":"closed","ping_status":"closed","template":"","meta":{"footnotes":""},"class_list":["post-14954","page","type-page","status-publish","hentry"],"yoast_head":"<!-- This site is optimized with the Yoast SEO plugin v26.8 - https:\/\/yoast.com\/product\/yoast-seo-wordpress\/ -->\n<title>Custom solutions that meets your particular needs, OKIOK<\/title>\n<meta name=\"description\" content=\"Okiok provides custom solutions that fulfill an organization\u2019s real needs. We develop complete solutions or integrate components to existing frameworks\" \/>\n<meta name=\"robots\" content=\"index, follow, max-snippet:-1, max-image-preview:large, max-video-preview:-1\" \/>\n<meta property=\"og:locale\" content=\"es_ES\" \/>\n<meta property=\"og:type\" content=\"article\" \/>\n<meta property=\"og:title\" content=\"Custom solutions that meets your particular needs, OKIOK\" \/>\n<meta property=\"og:description\" content=\"Okiok provides custom solutions that fulfill an organization\u2019s real needs. We develop complete solutions or integrate components to existing frameworks\" \/>\n<meta property=\"og:site_name\" content=\"Okiok\" \/>\n<meta property=\"article:publisher\" content=\"https:\/\/www.facebook.com\/okiokdata\/\" \/>\n<meta property=\"article:modified_time\" content=\"2019-08-05T12:39:43+00:00\" \/>\n<meta name=\"twitter:card\" content=\"summary_large_image\" \/>\n<meta name=\"twitter:site\" content=\"@OKIOKdata\" \/>\n<meta name=\"twitter:label1\" content=\"Tiempo de lectura\" \/>\n\t<meta name=\"twitter:data1\" content=\"4 minutos\" \/>\n<!-- \/ Yoast SEO plugin. -->","yoast_head_json":{"title":"Custom solutions that meets your particular needs, OKIOK","description":"Okiok provides custom solutions that fulfill an organization\u2019s real needs. We develop complete solutions or integrate components to existing frameworks","robots":{"index":"index","follow":"follow","max-snippet":"max-snippet:-1","max-image-preview":"max-image-preview:large","max-video-preview":"max-video-preview:-1"},"og_locale":"es_ES","og_type":"article","og_title":"Custom solutions that meets your particular needs, OKIOK","og_description":"Okiok provides custom solutions that fulfill an organization\u2019s real needs. We develop complete solutions or integrate components to existing frameworks","og_site_name":"Okiok","article_publisher":"https:\/\/www.facebook.com\/okiokdata\/","article_modified_time":"2019-08-05T12:39:43+00:00","twitter_card":"summary_large_image","twitter_site":"@OKIOKdata","twitter_misc":{"Tiempo de lectura":"4 minutos"},"schema":{"@context":"https:\/\/schema.org","@graph":[{"@type":"WebPage","@id":"https:\/\/www.okiok.com\/es\/services\/tailored-solutions\/","url":"https:\/\/www.okiok.com\/es\/services\/tailored-solutions\/","name":"Custom solutions that meets your particular needs, OKIOK","isPartOf":{"@id":"https:\/\/www.okiok.com\/fr\/#website"},"datePublished":"2016-09-16T11:21:17+00:00","dateModified":"2019-08-05T12:39:43+00:00","description":"Okiok provides custom solutions that fulfill an organization\u2019s real needs. We develop complete solutions or integrate components to existing frameworks","breadcrumb":{"@id":"https:\/\/www.okiok.com\/es\/services\/tailored-solutions\/#breadcrumb"},"inLanguage":"es","potentialAction":[{"@type":"ReadAction","target":["https:\/\/www.okiok.com\/es\/services\/tailored-solutions\/"]}]},{"@type":"BreadcrumbList","@id":"https:\/\/www.okiok.com\/es\/services\/tailored-solutions\/#breadcrumb","itemListElement":[{"@type":"ListItem","position":1,"name":"Home","item":"https:\/\/www.okiok.com\/es\/"},{"@type":"ListItem","position":2,"name":"Services | OKIOK","item":"https:\/\/www.okiok.com\/es\/services\/"},{"@type":"ListItem","position":3,"name":"Soluciones personalizadas"}]},{"@type":"WebSite","@id":"https:\/\/www.okiok.com\/fr\/#website","url":"https:\/\/www.okiok.com\/fr\/","name":"Okiok","description":"","publisher":{"@id":"https:\/\/www.okiok.com\/fr\/#organization"},"potentialAction":[{"@type":"SearchAction","target":{"@type":"EntryPoint","urlTemplate":"https:\/\/www.okiok.com\/fr\/?s={search_term_string}"},"query-input":{"@type":"PropertyValueSpecification","valueRequired":true,"valueName":"search_term_string"}}],"inLanguage":"es"},{"@type":"Organization","@id":"https:\/\/www.okiok.com\/fr\/#organization","name":"Okiok","url":"https:\/\/www.okiok.com\/fr\/","logo":{"@type":"ImageObject","inLanguage":"es","@id":"https:\/\/www.okiok.com\/fr\/#\/schema\/logo\/image\/","url":"https:\/\/www.okiok.com\/wp-content\/uploads\/2017\/06\/logo-okiok-2.png","contentUrl":"https:\/\/www.okiok.com\/wp-content\/uploads\/2017\/06\/logo-okiok-2.png","width":300,"height":369,"caption":"Okiok"},"image":{"@id":"https:\/\/www.okiok.com\/fr\/#\/schema\/logo\/image\/"},"sameAs":["https:\/\/www.facebook.com\/okiokdata\/","https:\/\/x.com\/OKIOKdata","https:\/\/www.linkedin.com\/company-beta\/119436\/"]}]}},"_links":{"self":[{"href":"https:\/\/www.okiok.com\/es\/wp-json\/wp\/v2\/pages\/14954","targetHints":{"allow":["GET"]}}],"collection":[{"href":"https:\/\/www.okiok.com\/es\/wp-json\/wp\/v2\/pages"}],"about":[{"href":"https:\/\/www.okiok.com\/es\/wp-json\/wp\/v2\/types\/page"}],"author":[{"embeddable":true,"href":"https:\/\/www.okiok.com\/es\/wp-json\/wp\/v2\/users\/1"}],"replies":[{"embeddable":true,"href":"https:\/\/www.okiok.com\/es\/wp-json\/wp\/v2\/comments?post=14954"}],"version-history":[{"count":12,"href":"https:\/\/www.okiok.com\/es\/wp-json\/wp\/v2\/pages\/14954\/revisions"}],"predecessor-version":[{"id":19012,"href":"https:\/\/www.okiok.com\/es\/wp-json\/wp\/v2\/pages\/14954\/revisions\/19012"}],"up":[{"embeddable":true,"href":"https:\/\/www.okiok.com\/es\/wp-json\/wp\/v2\/pages\/14948"}],"wp:attachment":[{"href":"https:\/\/www.okiok.com\/es\/wp-json\/wp\/v2\/media?parent=14954"}],"curies":[{"name":"wp","href":"https:\/\/api.w.org\/{rel}","templated":true}]}}