{"id":14960,"date":"2016-08-23T08:24:59","date_gmt":"2016-08-23T08:24:59","guid":{"rendered":"http:\/\/pre-www.okiok.com\/services\/identity-compliance-as-a-service-icaas\/"},"modified":"2019-08-01T10:00:17","modified_gmt":"2019-08-01T15:00:17","slug":"compliance-de-identidades-como-servicio","status":"publish","type":"page","link":"https:\/\/www.okiok.com\/es\/services\/compliance-de-identidades-como-servicio\/","title":{"rendered":"Compliance de identidades como servicio (ICAAS)"},"content":{"rendered":"<div class=\"wpb-content-wrapper\">[mk_page_section bg_image=\u00bb\/wp-content\/uploads\/2016\/10\/IDENTITY-COMPLIANCE-AS-A-SERVICE-ICAAS-1.png\u00bb bg_repeat=\u00bbno-repeat\u00bb video_loop=\u00bbfalse\u00bb video_opacity=\u00bb0&#8243; min_height=\u00bb200&#8243; padding_top=\u00bb\u00bb padding_bottom=\u00bb\u00bb top_shape_color=\u00bb#ffffff\u00bb bottom_shape_color=\u00bb#ffffff\u00bb el_class=\u00bbidentity-banner\u00bb sidebar=\u00bbsidebar-1&#8243; first_page=\u00bbfalse\u00bb last_page=\u00bbfalse\u00bb][vc_column css=\u00bb.vc_custom_1474022518322{padding-top: 60px !important;padding-bottom: 15px !important;background-position: center !important;background-repeat: no-repeat !important;background-size: cover !important;}\u00bb][vc_row_inner css=\u00bb.vc_custom_1471426440584{padding-right: 30px !important;padding-left: 0px !important;}\u00bb][vc_column_inner width=\u00bb2\/3&#8243;][mk_font_icons color=\u00bb#ffffff\u00bb size=\u00bbx-large\u00bb circle=\u00bbtrue\u00bb circle_color=\u00bb#39b549&#8243; circle_border_width=\u00bb0&#8243; align=\u00bbleft\u00bb el_class=\u00bbicon-identity\u00bb][mk_fancy_title tag_name=\u00bbh1&#8243; color=\u00bb#ffffff\u00bb size=\u00bb26&#8243; force_font_size=\u00bbtrue\u00bb size_smallscreen=\u00bb26&#8243; size_tablet=\u00bb20&#8243; size_phone=\u00bb20&#8243; font_weight=\u00bb400&#8243; font_style=\u00bbnormal\u00bb txt_transform=\u00bbuppercase\u00bb letter_spacing=\u00bb3&#8243; margin_top=\u00bb5&#8243; margin_bottom=\u00bb0&#8243; font_family=\u00bbnone\u00bb]Compliance de identidades<br \/>\ncomo servicio (ICAAS) [\/mk_fancy_title][\/vc_column_inner][vc_column_inner width=\u00bb1\/3&#8243;][mk_button dimension=\u00bbflat\u00bb size=\u00bblarge\u00bb url=\u00bb#contact-form\u00bb align=\u00bbright\u00bb button_custom_width=\u00bb\u00bb margin_top=\u00bb20&#8243; margin_bottom=\u00bb0&#8243; margin_right=\u00bb0&#8243; el_class=\u00bbpopup-shown\u00bb bg_color=\u00bb#00b034&#8243; btn_hover_bg=\u00bb#007c25&#8243;]SOLICITE UNA PRESENTACI\u00d3N[\/mk_button][\/vc_column_inner][\/vc_row_inner][\/vc_column][\/mk_page_section][vc_row fullwidth=\u00bbtrue\u00bb fullwidth_content=\u00bbfalse\u00bb][vc_column][mk_padding_divider size=\u00bb70&#8243;][vc_row_inner][vc_column_inner width=\u00bb1\/3&#8243;][mk_fancy_title color=\u00bb#00b034&#8243; size=\u00bb38&#8243; force_font_size=\u00bbtrue\u00bb size_smallscreen=\u00bb32&#8243; size_tablet=\u00bb28&#8243; size_phone=\u00bb20&#8243; line_height=\u00bb99&#8243; font_weight=\u00bbbold\u00bb txt_transform=\u00bbuppercase\u00bb margin_bottom=\u00bb0&#8243; font_family=\u00bbnone\u00bb]UNA METODOLOGIA PROBADA[\/mk_fancy_title][mk_fancy_title tag_name=\u00bbh3&#8243; color=\u00bb#00b034&#8243; size=\u00bb18&#8243; force_font_size=\u00bbtrue\u00bb size_smallscreen=\u00bb16&#8243; size_tablet=\u00bb16&#8243; size_phone=\u00bb16&#8243; font_weight=\u00bb400&#8243; txt_transform=\u00bbnone\u00bb margin_bottom=\u00bb0&#8243; font_family=\u00bbnone\u00bb]<em>con el apoyo de una poderosa herramienta de gesti\u00f3n de identidades y accesos<\/em>[\/mk_fancy_title][mk_divider style=\u00bbthick_solid\u00bb divider_width=\u00bbone_half\u00bb align=\u00bbleft\u00bb border_color=\u00bb#00b034&#8243; margin_top=\u00bb0&#8243;][\/vc_column_inner][vc_column_inner width=\u00bb2\/3&#8243;][mk_custom_list style=\u00bb\u00bb]Independientemente del campo empresarial, las organizaciones constantemente hacen malabares con las reasignaciones de los empleados, las diferentes funciones que cumplen en varios departamentos y los muchos accesos necesarios para que todos puedan realizar su trabajo. \u00bfQui\u00e9n tiene acceso a qu\u00e9?, \u00bfqu\u00e9 cuentas de acceso y que privilegios se requieren?, \u00bfcu\u00e1ntas licencias de software son realmente necesarias?,\u00bf qui\u00e9n debe aprobar las solicitudes de acceso?, etc. M\u00e1s a menudo que no, la gesti\u00f3n de las identidades y los accesos puede ser un dolor de cabeza importante y puede parecer un obst\u00e1culo imposible de superar.<\/p>\n<p>Las organizaciones comienzan entonces a temer que los diversos accesos a la red y al sistema est\u00e9n fuera de su control y que puedan convertirse en objetivos de robo de datos confidenciales y robo de identidad. Adem\u00e1s, las organizaciones est\u00e1n constantemente bajo la presi\u00f3n de sus auditores internos y externos para implementar controles eficaces para todos los aspectos de la autenticaci\u00f3n de usuarios y el acceso a los activos de informaci\u00f3n.<\/p>\n<p>Especialmente adecuada para peque\u00f1as y medianas empresas, la soluci\u00f3n RAC\/M Identity se ofrece como un servicio. Est\u00e1 basado en la nube y, por lo tanto, no requiere ninguna infraestructura tecnol\u00f3gica o habilidades especiales. Esta herramienta es la clave para poder finalmente controlar la gesti\u00f3n de identidades y el acceso a los distintos recursos de la empresa a un menor coste, a la vez que aprovecha todos los beneficios que ofrece la soluci\u00f3n.[\/mk_custom_list][\/vc_column_inner][vc_column_inner][vc_separator][mk_fancy_title color=\u00bb#1774ba\u00bb size=\u00bb26&#8243; font_weight=\u00bbbold\u00bb txt_transform=\u00bbuppercase\u00bb margin_top=\u00bb24&#8243; margin_bottom=\u00bb0&#8243; font_family=\u00bbnone\u00bb]<a id=\"contact-form\"><\/a><br \/>\nSolicitar una presentaci\u00f3n \u2013 compliance de identidades como servicio[\/mk_fancy_title][mk_fancy_title color=\u00bb#1774ba\u00bb size=\u00bb20&#8243; txt_transform=\u00bbuppercase\u00bb margin_bottom=\u00bb9&#8243; font_family=\u00bbnone\u00bb]Obtenga el control sobre sus identidades y accesos![\/mk_fancy_title][vc_column_text]\u00a1Una contrataci\u00f3n de servicio con RAC\/M Identity, en pocas semanas, le devolver\u00e1 el control sobre sus identidades y accesos! \u00a1D\u00e9jenos contarle sobre ello! Rellene el siguiente formulario y uno de nuestros representantes se pondr\u00e1 en contacto con usted en breve.[\/vc_column_text]<div class=\"wpforms-container wpforms-container-full\" id=\"wpforms-15451\"><form id=\"wpforms-form-15451\" class=\"wpforms-validate wpforms-form\" data-formid=\"15451\" method=\"post\" enctype=\"multipart\/form-data\" action=\"\/es\/wp-json\/wp\/v2\/pages\/14960\" data-token=\"24e7fa93a6b8a965e4ed6c818e17b526\" data-token-time=\"1776175816\"><noscript class=\"wpforms-error-noscript\">Por favor, activa JavaScript en tu navegador para completar este formulario.<\/noscript><div class=\"wpforms-field-container\"><div id=\"wpforms-15451-field_1-container\" class=\"wpforms-field wpforms-field-name\" data-field-id=\"1\"><label class=\"wpforms-field-label wpforms-label-hide\" for=\"wpforms-15451-field_1\">NOMBRE<\/label><input type=\"text\" id=\"wpforms-15451-field_1\" class=\"wpforms-field-large\" name=\"wpforms[fields][1]\" placeholder=\"NOMBRE\" ><\/div><div id=\"wpforms-15451-field_2-container\" class=\"wpforms-field wpforms-field-email\" data-field-id=\"2\"><label class=\"wpforms-field-label wpforms-label-hide\" for=\"wpforms-15451-field_2\">Email <span class=\"wpforms-required-label\">*<\/span><\/label><input type=\"email\" id=\"wpforms-15451-field_2\" class=\"wpforms-field-large wpforms-field-required\" name=\"wpforms[fields][2]\" placeholder=\"EMAIL *\" spellcheck=\"false\" required><\/div><div id=\"wpforms-15451-field_3-container\" class=\"wpforms-field wpforms-field-text\" data-field-id=\"3\"><label class=\"wpforms-field-label wpforms-label-hide\" for=\"wpforms-15451-field_3\">Subject<\/label><input type=\"text\" id=\"wpforms-15451-field_3\" class=\"wpforms-field-large\" name=\"wpforms[fields][3]\" placeholder=\"ASUNTO\" ><\/div><div id=\"wpforms-15451-field_5-container\" class=\"wpforms-field wpforms-field-select wpforms-field-select-style-classic\" data-field-id=\"5\"><label class=\"wpforms-field-label\" for=\"wpforms-15451-field_5\">PRODUCTO O SERVICIO <span class=\"wpforms-required-label\">*<\/span><\/label><select id=\"wpforms-15451-field_5\" class=\"wpforms-field-large wpforms-field-required\" name=\"wpforms[fields][5]\" required=\"required\"><option value=\"\" class=\"placeholder\" disabled  selected='selected'>Por favor haga una selecci\u00f3n<\/option><option value=\"S-Filer - Portal\"  class=\"choice-1 depth-1\"  >S-Filer - Portal<\/option><option value=\"RAC\/M Identity\"  class=\"choice-2 depth-1\"  >RAC\/M Identity<\/option><option value=\"Pruebas de intrusi\u00f3n y evaluaci\u00f3n de vulnerabilidad\"  class=\"choice-3 depth-1\"  >Pruebas de intrusi\u00f3n y evaluaci\u00f3n de vulnerabilidad<\/option><option value=\"Cumplimiento de las identidades como  servicio \"  class=\"choice-4 depth-1\"  >Cumplimiento de las identidades como  servicio<\/option><option value=\"Consultor\u00eda estrat\u00e9gica y servicio de asesor\u00eda a la carta\"  class=\"choice-5 depth-1\"  >Consultor\u00eda estrat\u00e9gica y servicio de asesor\u00eda a la carta<\/option><option value=\"Inform\u00e1tica forense\"  class=\"choice-6 depth-1\"  >Inform\u00e1tica forense<\/option><option value=\"Soluciones personalizadas\"  class=\"choice-7 depth-1\"  >Soluciones personalizadas<\/option><option value=\"Gobernabilidad y cumplimiento\"  class=\"choice-8 depth-1\"  >Gobernabilidad y cumplimiento<\/option><option value=\"Otro\"  class=\"choice-9 depth-1\"  >Otro<\/option><\/select><\/div><div id=\"wpforms-15451-field_4-container\" class=\"wpforms-field wpforms-field-textarea\" data-field-id=\"4\"><label class=\"wpforms-field-label\" for=\"wpforms-15451-field_4\">SU MENSAJE<\/label><textarea id=\"wpforms-15451-field_4\" class=\"wpforms-field-medium\" name=\"wpforms[fields][4]\" ><\/textarea><div class=\"wpforms-field-description\">* Campos obligatorios<\/div><\/div><div id=\"wpforms-15451-field_6-container\" class=\"wpforms-field wpforms-field-checkbox\" data-field-id=\"6\"><label class=\"wpforms-field-label\">Aviso sobre la protecci\u00f3n de su informaci\u00f3n <span class=\"wpforms-required-label\">*<\/span><\/label><ul id=\"wpforms-15451-field_6\" class=\"wpforms-field-required\"><li class=\"choice-1 depth-1\"><input type=\"checkbox\" id=\"wpforms-15451-field_6_1\" name=\"wpforms[fields][6][]\" value=\"Acepto\" required ><label class=\"wpforms-field-label-inline\" for=\"wpforms-15451-field_6_1\">Acepto<\/label><\/li><\/ul><div class=\"wpforms-field-description\">Para procesar su solicitud de informaci\u00f3n, s\u00f3lo recogemos los datos de contacto de su empresa y su nombre y apellidos. Esta informaci\u00f3n ser\u00e1 utilizada internamente en OKIOK exclusivamente para contactarle con informaci\u00f3n sobre nuestros productos y servicios.\r\nSi tiene alguna pregunta sobre la protecci\u00f3n de sus datos, consulte nuestra <a href=\"\/privacy-policy\/\">Pol\u00edtica de privacidad (enlace en ingl\u00e9s)<\/a>, disponible en nuestro sitio web.<\/div><\/div><\/div><!-- .wpforms-field-container --><div class=\"wpforms-field wpforms-field-hp\"><label for=\"wpforms-15451-field-hp\" class=\"wpforms-field-label\">Phone<\/label><input type=\"text\" name=\"wpforms[hp]\" id=\"wpforms-15451-field-hp\" class=\"wpforms-field-medium\"><\/div><div class=\"wpforms-recaptcha-container wpforms-is-recaptcha wpforms-is-recaptcha-type-v2\" ><div class=\"g-recaptcha\" data-sitekey=\"6Ldh4QwUAAAAAPztyjflSvP3xxlQXaAXPgpA7MCf\"><\/div><input type=\"text\" name=\"g-recaptcha-hidden\" class=\"wpforms-recaptcha-hidden\" style=\"position:absolute!important;clip:rect(0,0,0,0)!important;height:1px!important;width:1px!important;border:0!important;overflow:hidden!important;padding:0!important;margin:0!important;\" data-rule-recaptcha=\"1\"><\/div><div class=\"wpforms-submit-container\" ><input type=\"hidden\" name=\"wpforms[id]\" value=\"15451\"><input type=\"hidden\" name=\"page_title\" value=\"\"><input type=\"hidden\" name=\"page_url\" value=\"https:\/\/www.okiok.com\/es\/wp-json\/wp\/v2\/pages\/14960\"><input type=\"hidden\" name=\"url_referer\" value=\"\"><button type=\"submit\" name=\"wpforms[submit]\" id=\"wpforms-submit-15451\" class=\"wpforms-submit\" data-alt-text=\"Sending...\" data-submit-text=\"ENVIAR\" aria-live=\"assertive\" value=\"wpforms-submit\">ENVIAR<\/button><\/div><\/form><\/div>  <!-- .wpforms-container -->[vc_raw_js]JTNDc2NyaXB0JTIwdHlwZSUzRCUyMnRleHQlMkZqYXZhc2NyaXB0JTIyJTNFJTIwZG9jdW1lbnQuZ2V0RWxlbWVudEJ5SWQlMjglMjJ3cGZvcm1zLTE1NDUxLWZpZWxkXzUlMjIlMjkuc2VsZWN0ZWRJbmRleCUyMCUzRCUyMDQlM0IlMjAlM0MlMkZzY3JpcHQlM0UlMEElMjAlMjAlMjAlMjAlMjAlMjAlMjAlMjAlMjAlMjAlMjAlMjAlMjAlMjAlMjAlMjAlMjAlMjAlMjAlMjAlMjAlMjAlMjAlMjAlMjAlMjAlMjAlMjAlMjAlMjAlMjAlMjAlMjAlMjAlMjAlMjAlMjAlMjAlMjAlMjAlMjAlMjAlMjAlMjAlMjAlMjAlMjAlMjAlMjAlMjAlMjAlMjAlMjAlMjAlMjAlMjAlMjA=[\/vc_raw_js][\/vc_column_inner][\/vc_row_inner][mk_padding_divider size=\u00bb30&#8243;][\/vc_column][\/vc_row]\n<\/div>","protected":false},"excerpt":{"rendered":"<p>[mk_page_section bg_image=\u00bb\/wp-content\/uploads\/2016\/10\/IDENTITY-COMPLIANCE-AS-A-SERVICE-ICAAS-1.png\u00bb bg_repeat=\u00bbno-repeat\u00bb video_loop=\u00bbfalse\u00bb video_opacity=\u00bb0&#8243; min_height=\u00bb200&#8243; padding_top=\u00bb\u00bb padding_bottom=\u00bb\u00bb top_shape_color=\u00bb#ffffff\u00bb bottom_shape_color=\u00bb#ffffff\u00bb el_class=\u00bbidentity-banner\u00bb sidebar=\u00bbsidebar-1&#8243; first_page=\u00bbfalse\u00bb last_page=\u00bbfalse\u00bb][vc_column css=\u00bb.vc_custom_1474022518322{padding-top: 60px !important;padding-bottom: 15px !important;background-position: center !important;background-repeat: no-repeat !important;background-size: cover !important;}\u00bb][vc_row_inner css=\u00bb.vc_custom_1471426440584{padding-right: 30px !important;padding-left: 0px !important;}\u00bb][vc_column_inner width=\u00bb2\/3&#8243;][mk_font_icons color=\u00bb#ffffff\u00bb size=\u00bbx-large\u00bb circle=\u00bbtrue\u00bb circle_color=\u00bb#39b549&#8243; circle_border_width=\u00bb0&#8243; align=\u00bbleft\u00bb el_class=\u00bbicon-identity\u00bb][mk_fancy_title tag_name=\u00bbh1&#8243; color=\u00bb#ffffff\u00bb size=\u00bb26&#8243; force_font_size=\u00bbtrue\u00bb size_smallscreen=\u00bb26&#8243; size_tablet=\u00bb20&#8243; size_phone=\u00bb20&#8243; font_weight=\u00bb400&#8243; font_style=\u00bbnormal\u00bb txt_transform=\u00bbuppercase\u00bb letter_spacing=\u00bb3&#8243; margin_top=\u00bb5&#8243; margin_bottom=\u00bb0&#8243; font_family=\u00bbnone\u00bb]Compliance de identidades como [&hellip;]<\/p>\n","protected":false},"author":1,"featured_media":0,"parent":14948,"menu_order":0,"comment_status":"closed","ping_status":"closed","template":"","meta":{"footnotes":""},"class_list":["post-14960","page","type-page","status-publish","hentry"],"yoast_head":"<!-- This site is optimized with the Yoast SEO plugin v26.8 - https:\/\/yoast.com\/product\/yoast-seo-wordpress\/ -->\n<title>Compliance de identidades como servicio | ICAAS | OKIOK<\/title>\n<meta name=\"description\" content=\"Una metodologia probada con el apoyo de una poderosa herramienta de gesti\u00f3n de identidades y accesos\" \/>\n<meta name=\"robots\" content=\"index, follow, max-snippet:-1, max-image-preview:large, max-video-preview:-1\" \/>\n<meta property=\"og:locale\" content=\"es_ES\" \/>\n<meta property=\"og:type\" content=\"article\" \/>\n<meta property=\"og:title\" content=\"Compliance de identidades como servicio | ICAAS | OKIOK\" \/>\n<meta property=\"og:description\" content=\"Una metodologia probada con el apoyo de una poderosa herramienta de gesti\u00f3n de identidades y accesos\" \/>\n<meta property=\"og:site_name\" content=\"Okiok\" \/>\n<meta property=\"article:publisher\" content=\"https:\/\/www.facebook.com\/okiokdata\/\" \/>\n<meta property=\"article:modified_time\" content=\"2019-08-01T15:00:17+00:00\" \/>\n<meta name=\"twitter:card\" content=\"summary_large_image\" \/>\n<meta name=\"twitter:site\" content=\"@OKIOKdata\" \/>\n<meta name=\"twitter:label1\" content=\"Tiempo de lectura\" \/>\n\t<meta name=\"twitter:data1\" content=\"4 minutos\" \/>\n<!-- \/ Yoast SEO plugin. -->","yoast_head_json":{"title":"Compliance de identidades como servicio | ICAAS | OKIOK","description":"Una metodologia probada con el apoyo de una poderosa herramienta de gesti\u00f3n de identidades y accesos","robots":{"index":"index","follow":"follow","max-snippet":"max-snippet:-1","max-image-preview":"max-image-preview:large","max-video-preview":"max-video-preview:-1"},"og_locale":"es_ES","og_type":"article","og_title":"Compliance de identidades como servicio | ICAAS | OKIOK","og_description":"Una metodologia probada con el apoyo de una poderosa herramienta de gesti\u00f3n de identidades y accesos","og_site_name":"Okiok","article_publisher":"https:\/\/www.facebook.com\/okiokdata\/","article_modified_time":"2019-08-01T15:00:17+00:00","twitter_card":"summary_large_image","twitter_site":"@OKIOKdata","twitter_misc":{"Tiempo de lectura":"4 minutos"},"schema":{"@context":"https:\/\/schema.org","@graph":[{"@type":"WebPage","@id":"https:\/\/www.okiok.com\/es\/services\/compliance-de-identidades-como-servicio\/","url":"https:\/\/www.okiok.com\/es\/services\/compliance-de-identidades-como-servicio\/","name":"Compliance de identidades como servicio | ICAAS | OKIOK","isPartOf":{"@id":"https:\/\/www.okiok.com\/fr\/#website"},"datePublished":"2016-08-23T08:24:59+00:00","dateModified":"2019-08-01T15:00:17+00:00","description":"Una metodologia probada con el apoyo de una poderosa herramienta de gesti\u00f3n de identidades y accesos","breadcrumb":{"@id":"https:\/\/www.okiok.com\/es\/services\/compliance-de-identidades-como-servicio\/#breadcrumb"},"inLanguage":"es","potentialAction":[{"@type":"ReadAction","target":["https:\/\/www.okiok.com\/es\/services\/compliance-de-identidades-como-servicio\/"]}]},{"@type":"BreadcrumbList","@id":"https:\/\/www.okiok.com\/es\/services\/compliance-de-identidades-como-servicio\/#breadcrumb","itemListElement":[{"@type":"ListItem","position":1,"name":"Home","item":"https:\/\/www.okiok.com\/es\/"},{"@type":"ListItem","position":2,"name":"Services | OKIOK","item":"https:\/\/www.okiok.com\/es\/services\/"},{"@type":"ListItem","position":3,"name":"Compliance de identidades como servicio (ICAAS)"}]},{"@type":"WebSite","@id":"https:\/\/www.okiok.com\/fr\/#website","url":"https:\/\/www.okiok.com\/fr\/","name":"Okiok","description":"","publisher":{"@id":"https:\/\/www.okiok.com\/fr\/#organization"},"potentialAction":[{"@type":"SearchAction","target":{"@type":"EntryPoint","urlTemplate":"https:\/\/www.okiok.com\/fr\/?s={search_term_string}"},"query-input":{"@type":"PropertyValueSpecification","valueRequired":true,"valueName":"search_term_string"}}],"inLanguage":"es"},{"@type":"Organization","@id":"https:\/\/www.okiok.com\/fr\/#organization","name":"Okiok","url":"https:\/\/www.okiok.com\/fr\/","logo":{"@type":"ImageObject","inLanguage":"es","@id":"https:\/\/www.okiok.com\/fr\/#\/schema\/logo\/image\/","url":"https:\/\/www.okiok.com\/wp-content\/uploads\/2017\/06\/logo-okiok-2.png","contentUrl":"https:\/\/www.okiok.com\/wp-content\/uploads\/2017\/06\/logo-okiok-2.png","width":300,"height":369,"caption":"Okiok"},"image":{"@id":"https:\/\/www.okiok.com\/fr\/#\/schema\/logo\/image\/"},"sameAs":["https:\/\/www.facebook.com\/okiokdata\/","https:\/\/x.com\/OKIOKdata","https:\/\/www.linkedin.com\/company-beta\/119436\/"]}]}},"_links":{"self":[{"href":"https:\/\/www.okiok.com\/es\/wp-json\/wp\/v2\/pages\/14960","targetHints":{"allow":["GET"]}}],"collection":[{"href":"https:\/\/www.okiok.com\/es\/wp-json\/wp\/v2\/pages"}],"about":[{"href":"https:\/\/www.okiok.com\/es\/wp-json\/wp\/v2\/types\/page"}],"author":[{"embeddable":true,"href":"https:\/\/www.okiok.com\/es\/wp-json\/wp\/v2\/users\/1"}],"replies":[{"embeddable":true,"href":"https:\/\/www.okiok.com\/es\/wp-json\/wp\/v2\/comments?post=14960"}],"version-history":[{"count":14,"href":"https:\/\/www.okiok.com\/es\/wp-json\/wp\/v2\/pages\/14960\/revisions"}],"predecessor-version":[{"id":18997,"href":"https:\/\/www.okiok.com\/es\/wp-json\/wp\/v2\/pages\/14960\/revisions\/18997"}],"up":[{"embeddable":true,"href":"https:\/\/www.okiok.com\/es\/wp-json\/wp\/v2\/pages\/14948"}],"wp:attachment":[{"href":"https:\/\/www.okiok.com\/es\/wp-json\/wp\/v2\/media?parent=14960"}],"curies":[{"name":"wp","href":"https:\/\/api.w.org\/{rel}","templated":true}]}}