{"id":16466,"date":"2016-12-14T10:25:19","date_gmt":"2016-12-14T15:25:19","guid":{"rendered":"http:\/\/www.okiok.com\/holiday-sweepstake-2016\/"},"modified":"2020-12-22T13:49:42","modified_gmt":"2020-12-22T18:49:42","slug":"holiday-sweepstake-2020","status":"publish","type":"page","link":"https:\/\/www.okiok.com\/es\/holiday-sweepstake-2020\/","title":{"rendered":"Concurso Navide\u00f1o 2020"},"content":{"rendered":"<p>&nbsp;<\/p>\n<h3><span style=\"color: #008000;\">\u00a1Todo el equipo OKIOK le desea felices fiestas!<\/span><\/h3>\n<p>\u00a1Para agradecer su confianza, queremos ofrecerle la oportunidad de ganar una botella de champ\u00e1n <i>Veuve Clicquot&lt;. para compartir con su familia y amigos!<\/i><\/p>\n<p><span style=\"color: #ff0000;\">Tiene hasta el 31 de diciembre de 2020 para presentar su inscripci\u00f3n. El sorteo tendr\u00e1 lugar en enero de 2021.<\/span><\/p>\n<div class=\"wpforms-container wpforms-container-full\" id=\"wpforms-16497\"><form id=\"wpforms-form-16497\" class=\"wpforms-validate wpforms-form\" data-formid=\"16497\" method=\"post\" enctype=\"multipart\/form-data\" action=\"\/es\/wp-json\/wp\/v2\/pages\/16466\" data-token=\"22d7d27b4ed8837ba4f09d470b20c036\" data-token-time=\"1776685470\"><noscript class=\"wpforms-error-noscript\">Por favor, activa JavaScript en tu navegador para completar este formulario.<\/noscript><div class=\"wpforms-field-container\"><div id=\"wpforms-16497-field_2-container\" class=\"wpforms-field wpforms-field-email\" data-field-id=\"2\"><label class=\"wpforms-field-label wpforms-label-hide\" for=\"wpforms-16497-field_2\">Courriel <span class=\"wpforms-required-label\">*<\/span><\/label><input type=\"email\" id=\"wpforms-16497-field_2\" class=\"wpforms-field-large wpforms-field-required\" name=\"wpforms[fields][2]\" placeholder=\"Email*\" spellcheck=\"false\" required><div class=\"wpforms-field-description\">* Campo requerido<\/div><\/div><div id=\"wpforms-16497-field_1-container\" class=\"wpforms-field wpforms-field-name\" data-field-id=\"1\"><label class=\"wpforms-field-label wpforms-label-hide\" for=\"wpforms-16497-field_1\">phone<\/label><input type=\"text\" id=\"wpforms-16497-field_1\" class=\"wpforms-field-large\" name=\"wpforms[fields][1]\" placeholder=\"N\u00famero de tel\u00e9fono\" ><div class=\"wpforms-field-description\">No es obligatorio, pero es \u00fatil contactarlo r\u00e1pidamente si es el ganador.<\/div><\/div><div id=\"wpforms-16497-field_7-container\" class=\"wpforms-field wpforms-field-text\" data-field-id=\"7\"><label class=\"wpforms-field-label wpforms-label-hide\" for=\"wpforms-16497-field_7\">Code <span class=\"wpforms-required-label\">*<\/span><\/label><input type=\"text\" id=\"wpforms-16497-field_7\" class=\"wpforms-field-medium wpforms-field-required\" name=\"wpforms[fields][7]\" placeholder=\"C\u00f3digo de participaci\u00f3n *\" required><div class=\"wpforms-field-description\">* Para participar, debes introducir el c\u00f3digo recibido por correo electr\u00f3nico<\/div><\/div><\/div><!-- .wpforms-field-container --><div class=\"wpforms-field wpforms-field-hp\"><label for=\"wpforms-16497-field-hp\" class=\"wpforms-field-label\">Message<\/label><input type=\"text\" name=\"wpforms[hp]\" id=\"wpforms-16497-field-hp\" class=\"wpforms-field-medium\"><\/div><div class=\"wpforms-recaptcha-container wpforms-is-recaptcha wpforms-is-recaptcha-type-v2\" ><div class=\"g-recaptcha\" data-sitekey=\"6Ldh4QwUAAAAAPztyjflSvP3xxlQXaAXPgpA7MCf\"><\/div><input type=\"text\" name=\"g-recaptcha-hidden\" class=\"wpforms-recaptcha-hidden\" style=\"position:absolute!important;clip:rect(0,0,0,0)!important;height:1px!important;width:1px!important;border:0!important;overflow:hidden!important;padding:0!important;margin:0!important;\" data-rule-recaptcha=\"1\"><\/div><div class=\"wpforms-submit-container\" ><input type=\"hidden\" name=\"wpforms[id]\" value=\"16497\"><input type=\"hidden\" name=\"page_title\" value=\"\"><input type=\"hidden\" name=\"page_url\" value=\"https:\/\/www.okiok.com\/es\/wp-json\/wp\/v2\/pages\/16466\"><input type=\"hidden\" name=\"url_referer\" value=\"\"><button type=\"submit\" name=\"wpforms[submit]\" id=\"wpforms-submit-16497\" class=\"wpforms-submit\" data-alt-text=\"envoi en cours...\" data-submit-text=\"Enviar\" aria-live=\"assertive\" value=\"wpforms-submit\">Enviar<\/button><\/div><\/form><\/div>  <!-- .wpforms-container -->\n<p><em>El afortunado ganador ser\u00e1 contactado por correo electr\u00f3nico o por tel\u00e9fono en enero de 2021.<\/em><\/p>\n","protected":false},"excerpt":{"rendered":"<p>&nbsp; \u00a1Todo el equipo OKIOK le desea felices fiestas! \u00a1Para agradecer su confianza, queremos ofrecerle la oportunidad de ganar una botella de champ\u00e1n Veuve Clicquot&lt;. para compartir con su familia y amigos! Tiene hasta el 31 de diciembre de 2020 para presentar su inscripci\u00f3n. El sorteo tendr\u00e1 lugar en enero de 2021. El afortunado ganador [&hellip;]<\/p>\n","protected":false},"author":6,"featured_media":0,"parent":0,"menu_order":0,"comment_status":"closed","ping_status":"closed","template":"","meta":{"footnotes":""},"class_list":["post-16466","page","type-page","status-publish","hentry"],"yoast_head":"<!-- This site is optimized with the Yoast SEO plugin v26.8 - https:\/\/yoast.com\/product\/yoast-seo-wordpress\/ -->\n<title>Concurso Navide\u00f1o 2020 - Okiok<\/title>\n<meta name=\"robots\" content=\"noindex, nofollow\" \/>\n<meta property=\"og:locale\" content=\"es_ES\" \/>\n<meta property=\"og:type\" content=\"article\" \/>\n<meta property=\"og:title\" content=\"Concurso Navide\u00f1o 2020 - Okiok\" \/>\n<meta property=\"og:description\" content=\"&nbsp; \u00a1Todo el equipo OKIOK le desea felices fiestas! \u00a1Para agradecer su confianza, queremos ofrecerle la oportunidad de ganar una botella de champ\u00e1n Veuve Clicquot&lt;. para compartir con su familia y amigos! Tiene hasta el 31 de diciembre de 2020 para presentar su inscripci\u00f3n. El sorteo tendr\u00e1 lugar en enero de 2021. El afortunado ganador [&hellip;]\" \/>\n<meta property=\"og:site_name\" content=\"Okiok\" \/>\n<meta property=\"article:publisher\" content=\"https:\/\/www.facebook.com\/okiokdata\/\" \/>\n<meta property=\"article:modified_time\" content=\"2020-12-22T18:49:42+00:00\" \/>\n<meta name=\"twitter:card\" content=\"summary_large_image\" \/>\n<meta name=\"twitter:site\" content=\"@OKIOKdata\" \/>\n<!-- \/ Yoast SEO plugin. -->","yoast_head_json":{"title":"Concurso Navide\u00f1o 2020 - Okiok","robots":{"index":"noindex","follow":"nofollow"},"og_locale":"es_ES","og_type":"article","og_title":"Concurso Navide\u00f1o 2020 - Okiok","og_description":"&nbsp; \u00a1Todo el equipo OKIOK le desea felices fiestas! \u00a1Para agradecer su confianza, queremos ofrecerle la oportunidad de ganar una botella de champ\u00e1n Veuve Clicquot&lt;. para compartir con su familia y amigos! Tiene hasta el 31 de diciembre de 2020 para presentar su inscripci\u00f3n. El sorteo tendr\u00e1 lugar en enero de 2021. El afortunado ganador [&hellip;]","og_site_name":"Okiok","article_publisher":"https:\/\/www.facebook.com\/okiokdata\/","article_modified_time":"2020-12-22T18:49:42+00:00","twitter_card":"summary_large_image","twitter_site":"@OKIOKdata","schema":{"@context":"https:\/\/schema.org","@graph":[{"@type":"WebPage","@id":"https:\/\/www.okiok.com\/es\/holiday-sweepstake-2020\/","url":"https:\/\/www.okiok.com\/es\/holiday-sweepstake-2020\/","name":"Concurso Navide\u00f1o 2020 - Okiok","isPartOf":{"@id":"https:\/\/www.okiok.com\/fr\/#website"},"datePublished":"2016-12-14T15:25:19+00:00","dateModified":"2020-12-22T18:49:42+00:00","breadcrumb":{"@id":"https:\/\/www.okiok.com\/es\/holiday-sweepstake-2020\/#breadcrumb"},"inLanguage":"es","potentialAction":[{"@type":"ReadAction","target":["https:\/\/www.okiok.com\/es\/holiday-sweepstake-2020\/"]}]},{"@type":"BreadcrumbList","@id":"https:\/\/www.okiok.com\/es\/holiday-sweepstake-2020\/#breadcrumb","itemListElement":[{"@type":"ListItem","position":1,"name":"Home","item":"https:\/\/www.okiok.com\/es\/"},{"@type":"ListItem","position":2,"name":"Concurso Navide\u00f1o 2020"}]},{"@type":"WebSite","@id":"https:\/\/www.okiok.com\/fr\/#website","url":"https:\/\/www.okiok.com\/fr\/","name":"Okiok","description":"","publisher":{"@id":"https:\/\/www.okiok.com\/fr\/#organization"},"potentialAction":[{"@type":"SearchAction","target":{"@type":"EntryPoint","urlTemplate":"https:\/\/www.okiok.com\/fr\/?s={search_term_string}"},"query-input":{"@type":"PropertyValueSpecification","valueRequired":true,"valueName":"search_term_string"}}],"inLanguage":"es"},{"@type":"Organization","@id":"https:\/\/www.okiok.com\/fr\/#organization","name":"Okiok","url":"https:\/\/www.okiok.com\/fr\/","logo":{"@type":"ImageObject","inLanguage":"es","@id":"https:\/\/www.okiok.com\/fr\/#\/schema\/logo\/image\/","url":"https:\/\/www.okiok.com\/wp-content\/uploads\/2017\/06\/logo-okiok-2.png","contentUrl":"https:\/\/www.okiok.com\/wp-content\/uploads\/2017\/06\/logo-okiok-2.png","width":300,"height":369,"caption":"Okiok"},"image":{"@id":"https:\/\/www.okiok.com\/fr\/#\/schema\/logo\/image\/"},"sameAs":["https:\/\/www.facebook.com\/okiokdata\/","https:\/\/x.com\/OKIOKdata","https:\/\/www.linkedin.com\/company-beta\/119436\/"]}]}},"_links":{"self":[{"href":"https:\/\/www.okiok.com\/es\/wp-json\/wp\/v2\/pages\/16466","targetHints":{"allow":["GET"]}}],"collection":[{"href":"https:\/\/www.okiok.com\/es\/wp-json\/wp\/v2\/pages"}],"about":[{"href":"https:\/\/www.okiok.com\/es\/wp-json\/wp\/v2\/types\/page"}],"author":[{"embeddable":true,"href":"https:\/\/www.okiok.com\/es\/wp-json\/wp\/v2\/users\/6"}],"replies":[{"embeddable":true,"href":"https:\/\/www.okiok.com\/es\/wp-json\/wp\/v2\/comments?post=16466"}],"version-history":[{"count":10,"href":"https:\/\/www.okiok.com\/es\/wp-json\/wp\/v2\/pages\/16466\/revisions"}],"predecessor-version":[{"id":20113,"href":"https:\/\/www.okiok.com\/es\/wp-json\/wp\/v2\/pages\/16466\/revisions\/20113"}],"wp:attachment":[{"href":"https:\/\/www.okiok.com\/es\/wp-json\/wp\/v2\/media?parent=16466"}],"curies":[{"name":"wp","href":"https:\/\/api.w.org\/{rel}","templated":true}]}}