{"id":12582,"date":"2016-08-15T11:49:22","date_gmt":"2016-08-15T11:49:22","guid":{"rendered":"https:\/\/74.208.189.166\/okiok\/?page_id=12582"},"modified":"2025-04-14T15:14:07","modified_gmt":"2025-04-14T20:14:07","slug":"cybersecurite-a-propos","status":"publish","type":"page","link":"https:\/\/www.okiok.com\/fr\/cybersecurite-a-propos\/","title":{"rendered":"\u00c0 propos"},"content":{"rendered":"<div class=\"wpb-content-wrapper\">[mk_page_section bg_image=\u00a0\u00bbhttp:\/\/prod.okiok.com\/wp-content\/uploads\/2025\/04\/board-1.png\u00a0\u00bb bg_color=\u00a0\u00bb#000000&Prime; bg_position=\u00a0\u00bbcenter center\u00a0\u00bb bg_repeat=\u00a0\u00bbno-repeat\u00a0\u00bb video_opacity=\u00a0\u00bb0&Prime; min_height=\u00a0\u00bb200&Prime; padding_top=\u00a0\u00bb0&Prime; padding_bottom=\u00a0\u00bb0&Prime; top_shape_color=\u00a0\u00bb#ffffff\u00a0\u00bb bottom_shape_color=\u00a0\u00bb#ffffff\u00a0\u00bb sidebar=\u00a0\u00bbsidebar-1&Prime; first_page=\u00a0\u00bbfalse\u00a0\u00bb last_page=\u00a0\u00bbfalse\u00a0\u00bb][vc_column css=\u00a0\u00bb.vc_custom_1474314006621{padding-top: 80px !important;padding-bottom: 15px !important;background-position: center !important;background-repeat: no-repeat !important;background-size: cover !important;}\u00a0\u00bb][mk_fancy_title tag_name=\u00a0\u00bbh1&Prime; color=\u00a0\u00bb#ffffff\u00a0\u00bb size=\u00a0\u00bb30&Prime; force_font_size=\u00a0\u00bbtrue\u00a0\u00bb size_smallscreen=\u00a0\u00bb26&Prime; size_tablet=\u00a0\u00bb20&Prime; size_phone=\u00a0\u00bb20&Prime; font_weight=\u00a0\u00bb400&Prime; font_style=\u00a0\u00bbnormal\u00a0\u00bb txt_transform=\u00a0\u00bbuppercase\u00a0\u00bb letter_spacing=\u00a0\u00bb4&Prime; margin_bottom=\u00a0\u00bb0&Prime; font_family=\u00a0\u00bbnone\u00a0\u00bb][\/mk_fancy_title][\/vc_column][\/mk_page_section][vc_row fullwidth=\u00a0\u00bbtrue\u00a0\u00bb css=\u00a0\u00bb.vc_custom_1488833611601{padding-right: 20px !important;padding-left: 20px !important;}\u00a0\u00bb][vc_column][mk_padding_divider size=\u00a0\u00bb75&Prime;][vc_row_inner is_fullwidth_content=\u00a0\u00bbfalse\u00a0\u00bb css=\u00a0\u00bb.vc_custom_1488832509779{padding-right: 40px !important;padding-left: 60px !important;}\u00a0\u00bb][vc_column_inner width=\u00a0\u00bb1\/3&Prime; css=\u00a0\u00bb.vc_custom_1471332663344{padding-right: 50px !important;}\u00a0\u00bb][mk_fancy_title color=\u00a0\u00bb#ffffff\u00a0\u00bb size=\u00a0\u00bb32&Prime; line_height=\u00a0\u00bb99&Prime; font_weight=\u00a0\u00bbbold\u00a0\u00bb txt_transform=\u00a0\u00bbuppercase\u00a0\u00bb margin_bottom=\u00a0\u00bb\u00a0\u00bb font_family=\u00a0\u00bbnone\u00a0\u00bb]Depuis plus de quatre d\u00e9cennies: Pionnier de l&rsquo;innovation en cybers\u00e9curit\u00e9 au Canada[\/mk_fancy_title][mk_divider style=\u00a0\u00bbthick_solid\u00a0\u00bb divider_width=\u00a0\u00bbone_half\u00a0\u00bb align=\u00a0\u00bbleft\u00a0\u00bb border_color=\u00a0\u00bb#ffffff\u00a0\u00bb margin_top=\u00a0\u00bb\u00a0\u00bb][\/vc_column_inner][vc_column_inner width=\u00a0\u00bb2\/3&Prime;][vc_column_text css=\u00a0\u00bb.vc_custom_1744659263698{margin-bottom: 0px !important;}\u00a0\u00bb]\n<p style=\"font-weight: 600; color: #fff;\">Depuis plus de quatre d\u00e9cennies, OKIOK est \u00e0 l&rsquo;avant-garde de l&rsquo;innovation en mati\u00e8re de cybers\u00e9curit\u00e9, ce qui en fait son cheval de bataille.<\/p>\n<p style=\"color: #fff;\">En tant qu&rsquo;entreprise canadienne, nous sommes fiers de d\u00e9velopper des produits 100 % canadiens et d&rsquo;offrir des services enti\u00e8rement bas\u00e9s au Canada. Notre combinaison unique de technologies et de services professionnels repr\u00e9sente la force distinctive d&rsquo;OKIOK sur la sc\u00e8ne mondiale, ce qui nous permet de r\u00e9pondre \u00e0 l&rsquo;ensemble des besoins d&rsquo;une organisation en mati\u00e8re de gouvernance de la s\u00e9curit\u00e9 et de protection de l&rsquo;information.<\/p>\n<p style=\"color: #fff;\">L\u2019avant-garde est au c\u0153ur de notre ADN depuis nos tout d\u00e9buts, qu\u2019il soit question de d\u00e9velopper de nouveaux produits, de rechercher de nouvelles fa\u00e7ons de faire ou de renouveler constamment nos comp\u00e9tences. Notre approche unique nous a d\u2019ailleurs amen\u00e9s \u00e0 exporter notre savoir-faire en faisant \u00e9voluer nos m\u00e9thodologies de mani\u00e8re structur\u00e9e et normalis\u00e9e, afin de permettre \u00e0 nos partenaires internationaux d\u2019offrir nos services de tests d\u2019intrusion et de conformit\u00e9 des identit\u00e9s et des acc\u00e8s dans leurs march\u00e9s.<\/p>\n<p style=\"color: #fff;\">La ma\u00eetrise des meilleures pratiques de l\u2019industrie, combin\u00e9e \u00e0 l\u2019exp\u00e9rience approfondie et la cr\u00e9ativit\u00e9 de nos experts, font de nous votre meilleur alli\u00e9 pour faire face \u00e0 vos d\u00e9fis d\u2019affaires actuels et futurs de mani\u00e8re s\u00e9curis\u00e9e et pour r\u00e9pondre \u00e0 vos enjeux de conformit\u00e9 en lien avec les diff\u00e9rentes lois et r\u00e8glementations en vigueur.<\/p>\n<p style=\"color: #fff;\">Faisant figure de pionni\u00e8re mondiale, OKIOK est sur une lanc\u00e9e depuis trente ans\u2026 et ne compte pas s\u2019arr\u00eater de sit\u00f4t.<\/p>\n[\/vc_column_text][\/vc_column_inner][\/vc_row_inner][mk_padding_divider size=\u00a0\u00bb65&Prime;][\/vc_column][\/vc_row][mk_page_section bg_color=\u00a0\u00bb#ffffff\u00a0\u00bb min_height=\u00a0\u00bb0&Prime; padding_top=\u00a0\u00bb0&Prime; padding_bottom=\u00a0\u00bb0&Prime; sidebar=\u00a0\u00bbsidebar-1&Prime; first_page=\u00a0\u00bbfalse\u00a0\u00bb last_page=\u00a0\u00bbfalse\u00a0\u00bb][vc_column][mk_padding_divider size=\u00a0\u00bb75&Prime;][mk_fancy_title tag_name=\u00a0\u00bbh3&Prime; color=\u00a0\u00bb#333333&Prime; size=\u00a0\u00bb26&Prime; force_font_size=\u00a0\u00bbtrue\u00a0\u00bb size_smallscreen=\u00a0\u00bb22&Prime; size_tablet=\u00a0\u00bb20&Prime; size_phone=\u00a0\u00bb18&Prime; font_weight=\u00a0\u00bbbold\u00a0\u00bb txt_transform=\u00a0\u00bbuppercase\u00a0\u00bb margin_bottom=\u00a0\u00bb0&Prime; font_family=\u00a0\u00bbnone\u00a0\u00bb align=\u00a0\u00bbcenter\u00a0\u00bb]Osez sortir des sentiers battus[\/mk_fancy_title][mk_divider style=\u00a0\u00bbthick_solid\u00a0\u00bb divider_width=\u00a0\u00bbcustom_width\u00a0\u00bb custom_width=\u00a0\u00bb72&Prime; margin_top=\u00a0\u00bb22&Prime; margin_bottom=\u00a0\u00bb25&Prime;][vc_column_text]\n<p style=\"color: #333333; text-align: center;\">Chez OKIOK, nous avons fait de l\u2019innovation et de la recherche et d\u00e9veloppement notre marque de commerce. Bien que les technologies et leur utilisation am\u00e8nent de nouveaux d\u00e9fis \u00e0 un rythme fulgurant, nous arrivons \u00e0 trouver de nouvelles fa\u00e7ons de faire et \u00e0 aller l\u00e0 o\u00f9 d\u2019autres n\u2019osent pas. Cette culture de l\u2019excellence nous pousse constamment \u00e0 nous d\u00e9passer pour trouver les solutions les plus pertinentes et servant le mieux les int\u00e9r\u00eats de nos clients. Alors que les solutions conventionnelles sont souvent complexes et co\u00fbteuses, nous nous effor\u00e7ons de proposer des solutions \u00e0 la fois simples et conformes \u00e0 votre budget.<\/p>\n<p style=\"text-align: center; color: #333333;\">Nos experts sont reconnus pour \u00eatre au sommet de leur art, les meilleurs de l\u2019industrie. Ce n\u2019est pas un hasard si plusieurs d\u2019entre eux sont souvent appel\u00e9s \u00e0 intervenir dans les m\u00e9dias et \u00e0 partager leurs connaissances dans le cadre de s\u00e9minaires et conf\u00e9rences de l\u2019industrie.<\/p>\n<p style=\"text-align: center; color: #333333;\">La culture d\u2019OKIOK, c\u2019est finalement faire en sorte qu\u2019un climat stimulant r\u00e8gne en tout temps et que nos experts continuent \u00e0 entretenir l\u2019esprit d\u2019innovation qui est toujours aussi vivant apr\u00e8s trente ans.<\/p>\n[\/vc_column_text][mk_padding_divider size=\u00a0\u00bb50&Prime;][mk_fancy_title tag_name=\u00a0\u00bbh3&Prime; color=\u00a0\u00bb#333333&Prime; size=\u00a0\u00bb26&Prime; force_font_size=\u00a0\u00bbtrue\u00a0\u00bb size_smallscreen=\u00a0\u00bb22&Prime; size_tablet=\u00a0\u00bb20&Prime; size_phone=\u00a0\u00bb20&Prime; font_weight=\u00a0\u00bbbold\u00a0\u00bb margin_bottom=\u00a0\u00bb0&Prime; font_family=\u00a0\u00bbnone\u00a0\u00bb]\n<p style=\"text-align: center;\">Direction<\/p>\n[\/mk_fancy_title][vc_separator][mk_employees style=\u00a0\u00bbboxed\u00a0\u00bb column=\u00a0\u00bb2&Prime; box_bg_color=\u00a0\u00bb#ffffff\u00a0\u00bb box_border_color=\u00a0\u00bb#ffffff\u00a0\u00bb count=\u00a0\u00bb4&Prime; order=\u00a0\u00bbASC\u00a0\u00bb name_color=\u00a0\u00bb#1775bb\u00a0\u00bb position_color=\u00a0\u00bb#333333&Prime; about_color=\u00a0\u00bb#333333&Prime; social_color=\u00a0\u00bb#1775bb\u00a0\u00bb employees=\u00a0\u00bb13208, 13207, 13205, 22840&Prime;][mk_padding_divider][\/vc_column][\/mk_page_section][mk_page_section bg_color=\u00a0\u00bb#1775bb\u00a0\u00bb min_height=\u00a0\u00bb0&Prime; padding_top=\u00a0\u00bb30&Prime; padding_bottom=\u00a0\u00bb0&Prime; top_shape_color=\u00a0\u00bb#ffffff\u00a0\u00bb bottom_shape_color=\u00a0\u00bb#ffffff\u00a0\u00bb sidebar=\u00a0\u00bbsidebar-1&Prime; first_page=\u00a0\u00bbfalse\u00a0\u00bb last_page=\u00a0\u00bbfalse\u00a0\u00bb][vc_column][vc_row_inner attached=\u00a0\u00bbtrue\u00a0\u00bb css=\u00a0\u00bb.vc_custom_1473265596194{padding-top: 2px !important;padding-right: 2px !important;padding-bottom: 2px !important;padding-left: 30px !important;}\u00a0\u00bb][vc_column_inner width=\u00a0\u00bb1\/6&Prime;][vc_icon icon_fontawesome=\u00a0\u00bbfa fa-envelope-o\u00a0\u00bb color=\u00a0\u00bbwhite\u00a0\u00bb background_style=\u00a0\u00bbrounded-outline\u00a0\u00bb background_color=\u00a0\u00bbwhite\u00a0\u00bb size=\u00a0\u00bblg\u00a0\u00bb link=\u00a0\u00bburl:\/fr%2Fa-propos%2Fnous-joindre%2F|||\u00a0\u00bb][\/vc_column_inner][vc_column_inner width=\u00a0\u00bb3\/6&Prime;][mk_fancy_title tag_name=\u00a0\u00bbh5&Prime; color=\u00a0\u00bb#ffffff\u00a0\u00bb size=\u00a0\u00bb24&Prime; font_weight=\u00a0\u00bb400&Prime; txt_transform=\u00a0\u00bbnone\u00a0\u00bb letter_spacing=\u00a0\u00bb1&Prime; margin_top=\u00a0\u00bb20&Prime; margin_bottom=\u00a0\u00bb0&Prime; font_family=\u00a0\u00bbnone\u00a0\u00bb]POUR EN SAVOIR PLUS[\/mk_fancy_title][\/vc_column_inner][vc_column_inner width=\u00a0\u00bb2\/6&Prime;][mk_button dimension=\u00a0\u00bbflat\u00a0\u00bb size=\u00a0\u00bbmedium\u00a0\u00bb url=\u00a0\u00bb\/fr\/a-propos\/nous-joindre\/\u00a0\u00bb align=\u00a0\u00bbcenter\u00a0\u00bb button_custom_width=\u00a0\u00bb\u00a0\u00bb margin_top=\u00a0\u00bb10&Prime; margin_bottom=\u00a0\u00bb0&Prime; margin_right=\u00a0\u00bb0&Prime; bg_color=\u00a0\u00bb#ffffff\u00a0\u00bb btn_hover_bg=\u00a0\u00bb#ffffff\u00a0\u00bb text_color=\u00a0\u00bbdark\u00a0\u00bb btn_hover_txt_color=\u00a0\u00bb#1775bb\u00a0\u00bb]CONTACTEZ-NOUS[\/mk_button][\/vc_column_inner][\/vc_row_inner][\/vc_column][\/mk_page_section]\n<\/div>","protected":false},"excerpt":{"rendered":"<p>[mk_page_section bg_image=\u00a0\u00bbhttp:\/\/prod.okiok.com\/wp-content\/uploads\/2025\/04\/board-1.png\u00a0\u00bb bg_color=\u00a0\u00bb#000000&Prime; bg_position=\u00a0\u00bbcenter center\u00a0\u00bb bg_repeat=\u00a0\u00bbno-repeat\u00a0\u00bb video_opacity=\u00a0\u00bb0&Prime; min_height=\u00a0\u00bb200&Prime; padding_top=\u00a0\u00bb0&Prime; padding_bottom=\u00a0\u00bb0&Prime; top_shape_color=\u00a0\u00bb#ffffff\u00a0\u00bb bottom_shape_color=\u00a0\u00bb#ffffff\u00a0\u00bb sidebar=\u00a0\u00bbsidebar-1&Prime; first_page=\u00a0\u00bbfalse\u00a0\u00bb last_page=\u00a0\u00bbfalse\u00a0\u00bb][vc_column css=\u00a0\u00bb.vc_custom_1474314006621{padding-top: 80px !important;padding-bottom: 15px !important;background-position: center !important;background-repeat: no-repeat !important;background-size: cover !important;}\u00a0\u00bb][mk_fancy_title tag_name=\u00a0\u00bbh1&Prime; color=\u00a0\u00bb#ffffff\u00a0\u00bb size=\u00a0\u00bb30&Prime; force_font_size=\u00a0\u00bbtrue\u00a0\u00bb size_smallscreen=\u00a0\u00bb26&Prime; size_tablet=\u00a0\u00bb20&Prime; size_phone=\u00a0\u00bb20&Prime; font_weight=\u00a0\u00bb400&Prime; font_style=\u00a0\u00bbnormal\u00a0\u00bb txt_transform=\u00a0\u00bbuppercase\u00a0\u00bb letter_spacing=\u00a0\u00bb4&Prime; margin_bottom=\u00a0\u00bb0&Prime; font_family=\u00a0\u00bbnone\u00a0\u00bb][\/mk_fancy_title][\/vc_column][\/mk_page_section][vc_row fullwidth=\u00a0\u00bbtrue\u00a0\u00bb css=\u00a0\u00bb.vc_custom_1488833611601{padding-right: 20px !important;padding-left: 20px !important;}\u00a0\u00bb][vc_column][mk_padding_divider size=\u00a0\u00bb75&Prime;][vc_row_inner is_fullwidth_content=\u00a0\u00bbfalse\u00a0\u00bb css=\u00a0\u00bb.vc_custom_1488832509779{padding-right: 40px !important;padding-left: 60px !important;}\u00a0\u00bb][vc_column_inner width=\u00a0\u00bb1\/3&Prime; css=\u00a0\u00bb.vc_custom_1471332663344{padding-right: 50px [&hellip;]<\/p>\n","protected":false},"author":1,"featured_media":0,"parent":0,"menu_order":0,"comment_status":"closed","ping_status":"closed","template":"","meta":{"footnotes":""},"class_list":["post-12582","page","type-page","status-publish","hentry"],"yoast_head":"<!-- This site is optimized with the Yoast SEO plugin v26.8 - https:\/\/yoast.com\/product\/yoast-seo-wordpress\/ -->\n<title>\u00c0 propos | OKIOK | Experts en cybers\u00e9curit\u00e9<\/title>\n<meta name=\"description\" content=\"D\u00e9couvrez l\u2019histoire d&#039;OKIOK, leader en innovation dans le domaine de la cybers\u00e9curit\u00e9 depuis trois d\u00e9cennies.\" \/>\n<meta name=\"robots\" content=\"index, follow, max-snippet:-1, max-image-preview:large, max-video-preview:-1\" \/>\n<meta property=\"og:locale\" content=\"fr_FR\" \/>\n<meta property=\"og:type\" content=\"article\" \/>\n<meta property=\"og:title\" content=\"\u00c0 propos | OKIOK | Experts en cybers\u00e9curit\u00e9\" \/>\n<meta property=\"og:description\" content=\"D\u00e9couvrez l\u2019histoire d&#039;OKIOK, leader en innovation dans le domaine de la cybers\u00e9curit\u00e9 depuis trois d\u00e9cennies.\" \/>\n<meta property=\"og:site_name\" content=\"OKIOK - Securit\u00e9 dans un monde en changement\" \/>\n<meta property=\"article:publisher\" content=\"https:\/\/www.facebook.com\/okiokdata\/\" \/>\n<meta property=\"article:modified_time\" content=\"2025-04-14T20:14:07+00:00\" \/>\n<meta name=\"twitter:card\" content=\"summary_large_image\" \/>\n<meta name=\"twitter:site\" content=\"@OKIOKdata\" \/>\n<meta name=\"twitter:label1\" content=\"Dur\u00e9e de lecture estim\u00e9e\" \/>\n\t<meta name=\"twitter:data1\" content=\"3 minutes\" \/>\n<!-- \/ Yoast SEO plugin. -->","yoast_head_json":{"title":"\u00c0 propos | OKIOK | Experts en cybers\u00e9curit\u00e9","description":"D\u00e9couvrez l\u2019histoire d'OKIOK, leader en innovation dans le domaine de la cybers\u00e9curit\u00e9 depuis trois d\u00e9cennies.","robots":{"index":"index","follow":"follow","max-snippet":"max-snippet:-1","max-image-preview":"max-image-preview:large","max-video-preview":"max-video-preview:-1"},"og_locale":"fr_FR","og_type":"article","og_title":"\u00c0 propos | OKIOK | Experts en cybers\u00e9curit\u00e9","og_description":"D\u00e9couvrez l\u2019histoire d'OKIOK, leader en innovation dans le domaine de la cybers\u00e9curit\u00e9 depuis trois d\u00e9cennies.","og_site_name":"OKIOK - Securit\u00e9 dans un monde en changement","article_publisher":"https:\/\/www.facebook.com\/okiokdata\/","article_modified_time":"2025-04-14T20:14:07+00:00","twitter_card":"summary_large_image","twitter_site":"@OKIOKdata","twitter_misc":{"Dur\u00e9e de lecture estim\u00e9e":"3 minutes"},"schema":{"@context":"https:\/\/schema.org","@graph":[{"@type":"WebPage","@id":"https:\/\/www.okiok.com\/fr\/cybersecurite-a-propos\/","url":"https:\/\/www.okiok.com\/fr\/cybersecurite-a-propos\/","name":"\u00c0 propos | OKIOK | Experts en cybers\u00e9curit\u00e9","isPartOf":{"@id":"https:\/\/www.okiok.com\/fr\/#website"},"datePublished":"2016-08-15T11:49:22+00:00","dateModified":"2025-04-14T20:14:07+00:00","description":"D\u00e9couvrez l\u2019histoire d'OKIOK, leader en innovation dans le domaine de la cybers\u00e9curit\u00e9 depuis trois d\u00e9cennies.","breadcrumb":{"@id":"https:\/\/www.okiok.com\/fr\/cybersecurite-a-propos\/#breadcrumb"},"inLanguage":"fr-FR","potentialAction":[{"@type":"ReadAction","target":["https:\/\/www.okiok.com\/fr\/cybersecurite-a-propos\/"]}]},{"@type":"BreadcrumbList","@id":"https:\/\/www.okiok.com\/fr\/cybersecurite-a-propos\/#breadcrumb","itemListElement":[{"@type":"ListItem","position":1,"name":"Home","item":"https:\/\/prod.okiok.com\/fr\/"},{"@type":"ListItem","position":2,"name":"\u00c0 propos"}]},{"@type":"WebSite","@id":"https:\/\/www.okiok.com\/fr\/#website","url":"https:\/\/www.okiok.com\/fr\/","name":"OKIOK - Securit\u00e9 dans un monde en changement","description":"","publisher":{"@id":"https:\/\/www.okiok.com\/fr\/#organization"},"potentialAction":[{"@type":"SearchAction","target":{"@type":"EntryPoint","urlTemplate":"https:\/\/www.okiok.com\/fr\/?s={search_term_string}"},"query-input":{"@type":"PropertyValueSpecification","valueRequired":true,"valueName":"search_term_string"}}],"inLanguage":"fr-FR"},{"@type":"Organization","@id":"https:\/\/www.okiok.com\/fr\/#organization","name":"Okiok","url":"https:\/\/www.okiok.com\/fr\/","logo":{"@type":"ImageObject","inLanguage":"fr-FR","@id":"https:\/\/www.okiok.com\/fr\/#\/schema\/logo\/image\/","url":"https:\/\/www.okiok.com\/wp-content\/uploads\/2017\/06\/logo-okiok-2.png","contentUrl":"https:\/\/www.okiok.com\/wp-content\/uploads\/2017\/06\/logo-okiok-2.png","width":300,"height":369,"caption":"Okiok"},"image":{"@id":"https:\/\/www.okiok.com\/fr\/#\/schema\/logo\/image\/"},"sameAs":["https:\/\/www.facebook.com\/okiokdata\/","https:\/\/x.com\/OKIOKdata","https:\/\/www.linkedin.com\/company-beta\/119436\/"]}]}},"_links":{"self":[{"href":"https:\/\/www.okiok.com\/fr\/wp-json\/wp\/v2\/pages\/12582","targetHints":{"allow":["GET"]}}],"collection":[{"href":"https:\/\/www.okiok.com\/fr\/wp-json\/wp\/v2\/pages"}],"about":[{"href":"https:\/\/www.okiok.com\/fr\/wp-json\/wp\/v2\/types\/page"}],"author":[{"embeddable":true,"href":"https:\/\/www.okiok.com\/fr\/wp-json\/wp\/v2\/users\/1"}],"replies":[{"embeddable":true,"href":"https:\/\/www.okiok.com\/fr\/wp-json\/wp\/v2\/comments?post=12582"}],"version-history":[{"count":39,"href":"https:\/\/www.okiok.com\/fr\/wp-json\/wp\/v2\/pages\/12582\/revisions"}],"predecessor-version":[{"id":26470,"href":"https:\/\/www.okiok.com\/fr\/wp-json\/wp\/v2\/pages\/12582\/revisions\/26470"}],"wp:attachment":[{"href":"https:\/\/www.okiok.com\/fr\/wp-json\/wp\/v2\/media?parent=12582"}],"curies":[{"name":"wp","href":"https:\/\/api.w.org\/{rel}","templated":true}]}}