{"id":12591,"date":"2016-10-17T01:19:31","date_gmt":"2016-10-17T01:19:31","guid":{"rendered":"https:\/\/74.208.189.166\/okiok\/?page_id=12591"},"modified":"2023-08-09T13:50:35","modified_gmt":"2023-08-09T18:50:35","slug":"contactez-nous","status":"publish","type":"page","link":"https:\/\/www.okiok.com\/fr\/cybersecurite-a-propos\/contactez-nous\/","title":{"rendered":"Nous joindre"},"content":{"rendered":"<div class=\"wpb-content-wrapper\">[mk_page_section bg_image=\u00a0\u00bb\/wp-content\/uploads\/2016\/08\/contact-us-banner.jpg\u00a0\u00bb bg_position=\u00a0\u00bbcenter top\u00a0\u00bb bg_repeat=\u00a0\u00bbno-repeat\u00a0\u00bb min_height=\u00a0\u00bb0&Prime; sidebar=\u00a0\u00bbsidebar-1&Prime; first_page=\u00a0\u00bbfalse\u00a0\u00bb last_page=\u00a0\u00bbfalse\u00a0\u00bb][vc_column][mk_fancy_title tag_name=\u00a0\u00bbh1&Prime; color=\u00a0\u00bb#ffffff\u00a0\u00bb size=\u00a0\u00bb28&Prime; font_weight=\u00a0\u00bbbold\u00a0\u00bb txt_transform=\u00a0\u00bbuppercase\u00a0\u00bb letter_spacing=\u00a0\u00bb6&Prime; margin_top=\u00a0\u00bb100&Prime; margin_bottom=\u00a0\u00bb0&Prime; font_family=\u00a0\u00bbnone\u00a0\u00bb align=\u00a0\u00bbcenter\u00a0\u00bb]NOUS JOINDRE[\/mk_fancy_title][mk_divider style=\u00a0\u00bbthin_solid\u00a0\u00bb divider_width=\u00a0\u00bbcustom_width\u00a0\u00bb custom_width=\u00a0\u00bb75&Prime; thin_single_color=\u00a0\u00bb#ffffff\u00a0\u00bb thickness=\u00a0\u00bb5&Prime; margin_bottom=\u00a0\u00bb30&Prime;][vc_column_text disable_pattern=\u00a0\u00bbfalse\u00a0\u00bb align=\u00a0\u00bbcenter\u00a0\u00bb]\n<p style=\"color: white; line-height: 20px; font-size: 16px; letter-spacing: 1px;\">655, Promenade du Centropolis<\/p>\n<p style=\"color: white; line-height: 20px; font-size: 16px; letter-spacing: 1px;\">Bureau 230<\/p>\n<p style=\"color: white; line-height: 20px; font-size: 16px; letter-spacing: 1px;\">Laval (Qu\u00e9bec) H7T 0A3<\/p>\n[\/vc_column_text][vc_row_inner][vc_column_inner width=\u00a0\u00bb1\/3&Prime;][\/vc_column_inner][vc_column_inner width=\u00a0\u00bb1\/3&Prime;][vc_column_text disable_pattern=\u00a0\u00bbfalse\u00a0\u00bb align=\u00a0\u00bbcenter\u00a0\u00bb]\n<p style=\"color: white; line-height: 20px; font-size: 16px; letter-spacing: 1px; text-align: center;\"><i class=\"fa fa-envelope-o\"><\/i> <a style=\"color: white;\" href=\"mailto:info@okiok.com\">info@okiok.com<\/a><\/p>\n<p style=\"color: white; line-height: 20px; font-size: 24px; letter-spacing: 1px; text-align: center; margin-bottom: 48px;\"><i class=\"fa fa-phone\"><\/i> 450 681-1681<\/p>\n[\/vc_column_text][\/vc_column_inner][vc_column_inner width=\u00a0\u00bb1\/3&Prime;][\/vc_column_inner][\/vc_row_inner][vc_row_inner attached=\u00a0\u00bbtrue\u00a0\u00bb][vc_column_inner width=\u00a0\u00bb1\/4&Prime;][\/vc_column_inner][vc_column_inner width=\u00a0\u00bb1\/4&Prime;][mk_button dimension=\u00a0\u00bboutline\u00a0\u00bb size=\u00a0\u00bblarge\u00a0\u00bb url=\u00a0\u00bbhttps:\/\/www.google.ca\/maps\/place\/655+Promenade+Du+Centropolis,+Laval,+QC+H7T+0A3\/@45.5609235,-73.7492903,17z\/data=!3m1!4b1!4m5!3m4!1s0x4cc923c7f60152ad:0x17abf7e05526febd!8m2!3d45.5609198!4d-73.7471016&Prime; target=\u00a0\u00bb_blank\u00a0\u00bb align=\u00a0\u00bbright\u00a0\u00bb button_custom_width=\u00a0\u00bb204&Prime; margin_right=\u00a0\u00bb25&Prime; el_class=\u00a0\u00bbcust-btn12&Prime; outline_skin=\u00a0\u00bblight\u00a0\u00bb]DIRECTIONS[\/mk_button][\/vc_column_inner][vc_column_inner width=\u00a0\u00bb1\/4&Prime;][mk_button dimension=\u00a0\u00bboutline\u00a0\u00bb corner_style=\u00a0\u00bbrounded\u00a0\u00bb size=\u00a0\u00bblarge\u00a0\u00bb url=\u00a0\u00bb#msg\u00a0\u00bb button_custom_width=\u00a0\u00bb204&Prime; el_class=\u00a0\u00bbcust-btn12&Prime; outline_skin=\u00a0\u00bblight\u00a0\u00bb]NOUS \u00c9CRIRE[\/mk_button][\/vc_column_inner][vc_column_inner width=\u00a0\u00bb1\/4&Prime;][\/vc_column_inner][\/vc_row_inner][mk_divider style=\u00a0\u00bbpadding_space\u00a0\u00bb divider_width=\u00a0\u00bbcustom_width\u00a0\u00bb custom_width=\u00a0\u00bb20&Prime;][mk_fancy_title tag_name=\u00a0\u00bbh3&Prime; color=\u00a0\u00bb#f7941e\u00a0\u00bb size=\u00a0\u00bb22&Prime; txt_transform=\u00a0\u00bbuppercase\u00a0\u00bb margin_bottom=\u00a0\u00bb0&Prime; font_family=\u00a0\u00bbnone\u00a0\u00bb el_class=\u00a0\u00bbside-pad15&Prime;]Demande d\u2019assistance<span style=\"display: block; font-size: 14px; color: #fff; text-transform: none;\">*Poste 224 pour tous les pays<\/span><br \/>\nEn cas d&rsquo;incident<span style=\"display: block; font-size: 14px; color: #fff; text-transform: none;\">*Poste 277 pour tous les pays<\/span>[\/mk_fancy_title][vc_row_inner][vc_column_inner][vc_column_text]\n<p style=\"color: #f7941e; text-transform: uppercase; margin: 0;\">Canada, \u00c9tats-Unis<\/p>\n[\/vc_column_text][vc_column_text el_class=\u00a0\u00bbphone-text\u00a0\u00bb]\n<p style=\"color: #fff; margin: 0; font-size: 14px;\"><i class=\"fa fa-phone\"><\/i> 1 877 561-1681<\/p>\n[\/vc_column_text][vc_separator color=\u00a0\u00bbwhite\u00a0\u00bb css=\u00a0\u00bb.vc_custom_1474527836206{margin-top: 6px !important;margin-bottom: 8px !important;}\u00a0\u00bb][vc_column_text]\n<p style=\"color: #f7941e; text-transform: uppercase; margin: 0;\">Montr\u00e9al<\/p>\n[\/vc_column_text][vc_column_text el_class=\u00a0\u00bbphone-text\u00a0\u00bb]\n<p style=\"color: #fff; margin: 0; font-size: 14px;\"><i class=\"fa fa-phone\"><\/i> 1 450 681-1681<\/p>\n[\/vc_column_text][vc_separator color=\u00a0\u00bbwhite\u00a0\u00bb css=\u00a0\u00bb.vc_custom_1474527836206{margin-top: 6px !important;margin-bottom: 8px !important;}\u00a0\u00bb][vc_column_text el_class=\u00a0\u00bbemail-text\u00a0\u00bb]\n<p style=\"color: #fff; margin: 0; font-size: 14px;\"><i class=\"fa fa-envelope-o\"><\/i> <a style=\"color: white;\" href=\"mailto:support@okiok.com\">support@okiok.com<\/a><\/p>\n[\/vc_column_text][\/vc_column_inner][\/vc_row_inner][mk_padding_divider size=\u00a0\u00bb80&Prime;][\/vc_column][\/mk_page_section][vc_row fullwidth=\u00a0\u00bbtrue\u00a0\u00bb padding=\u00a0\u00bb0&Prime; id=\u00a0\u00bbmap\u00a0\u00bb][vc_column][mk_advanced_gmaps custom_markers=\u00a0\u00bbtrue\u00a0\u00bb latitude=\u00a0\u00bb45.5609198&Prime; longitude=\u00a0\u00bb-73.7492903&Prime; address=\u00a0\u00bb655, Promenade du Centropolis Bureau 230 Laval (Qu\u00e9bec) H7T 0A3&Prime; custom_marker_1=\u00a0\u00bb\/wp-content\/uploads\/2016\/08\/bulle.png\u00a0\u00bb content_font_color=\u00a0\u00bb#ffffff\u00a0\u00bb height=\u00a0\u00bb400&Prime; pan_control=\u00a0\u00bbfalse\u00a0\u00bb draggable=\u00a0\u00bbfalse\u00a0\u00bb zoom_control=\u00a0\u00bbfalse\u00a0\u00bb modify_coloring=\u00a0\u00bbtrue\u00a0\u00bb hue=\u00a0\u00bb#878787&Prime; saturation=\u00a0\u00bb-100&Prime; href=\u00a0\u00bb\u00ab\u00a0https:\/\/goo.gl\/maps\/weZCYKDNA3J2\u00ab\u00a0\u00a0\u00bb parallax=\u00a0\u00bbfalse\u00a0\u00bb][\/vc_column][\/vc_row][mk_page_section bg_color=\u00a0\u00bb#ffffff\u00a0\u00bb min_height=\u00a0\u00bb0&Prime; padding_top=\u00a0\u00bb80&Prime; padding_bottom=\u00a0\u00bb0&Prime; section_id=\u00a0\u00bbmsg\u00a0\u00bb sidebar=\u00a0\u00bbsidebar-1&Prime; first_page=\u00a0\u00bbfalse\u00a0\u00bb last_page=\u00a0\u00bbfalse\u00a0\u00bb][vc_column][vc_row_inner][vc_column_inner width=\u00a0\u00bb1\/6&Prime;][\/vc_column_inner][vc_column_inner width=\u00a0\u00bb2\/3&Prime;][mk_fancy_title tag_name=\u00a0\u00bbh3&Prime; color=\u00a0\u00bb#1774ba\u00a0\u00bb size=\u00a0\u00bb24&Prime; font_weight=\u00a0\u00bbbold\u00a0\u00bb txt_transform=\u00a0\u00bbuppercase\u00a0\u00bb letter_spacing=\u00a0\u00bb1&Prime; margin_bottom=\u00a0\u00bb0&Prime; font_family=\u00a0\u00bbnone\u00a0\u00bb]Remplissez le formulaire ci-dessous[\/mk_fancy_title][mk_padding_divider size=\u00a0\u00bb20&Prime;][vc_column_text]\n<p style=\"color: #1774ba; font-size: 16px; font-weight: bold; margin-bottom: 7px;\">VOS INFORMATIONS<\/p>\n<div class=\"wpforms-container wpforms-container-full\" id=\"wpforms-13668\"><form id=\"wpforms-form-13668\" class=\"wpforms-validate wpforms-form\" data-formid=\"13668\" method=\"post\" enctype=\"multipart\/form-data\" action=\"\/fr\/wp-json\/wp\/v2\/pages\/12591\" data-token=\"0be2a0185de01413119dd38163d6bcb9\" data-token-time=\"1776652004\"><noscript class=\"wpforms-error-noscript\">Veuillez activer JavaScript dans votre navigateur pour remplir ce formulaire.<\/noscript><div class=\"wpforms-field-container\"><div id=\"wpforms-13668-field_1-container\" class=\"wpforms-field wpforms-field-name\" data-field-id=\"1\"><label class=\"wpforms-field-label wpforms-label-hide\" for=\"wpforms-13668-field_1\">Nom<\/label><input type=\"text\" id=\"wpforms-13668-field_1\" class=\"wpforms-field-large\" name=\"wpforms[fields][1]\" placeholder=\"VOTRE NOM\" ><\/div><div id=\"wpforms-13668-field_2-container\" class=\"wpforms-field wpforms-field-email\" data-field-id=\"2\"><label class=\"wpforms-field-label wpforms-label-hide\" for=\"wpforms-13668-field_2\">Courriel <span class=\"wpforms-required-label\">*<\/span><\/label><input type=\"email\" id=\"wpforms-13668-field_2\" class=\"wpforms-field-large wpforms-field-required\" name=\"wpforms[fields][2]\" placeholder=\"VOTRE COURRIEL *\" spellcheck=\"false\" required><\/div><div id=\"wpforms-13668-field_3-container\" class=\"wpforms-field wpforms-field-text\" data-field-id=\"3\"><label class=\"wpforms-field-label wpforms-label-hide\" for=\"wpforms-13668-field_3\">Sujet<\/label><input type=\"text\" id=\"wpforms-13668-field_3\" class=\"wpforms-field-large\" name=\"wpforms[fields][3]\" placeholder=\"SUJET\" ><\/div><div id=\"wpforms-13668-field_7-container\" class=\"wpforms-field wpforms-field-select wpforms-field-select-style-classic\" data-field-id=\"7\"><label class=\"wpforms-field-label\" for=\"wpforms-13668-field_7\">PRODUIT OU SERVICE <span class=\"wpforms-required-label\">*<\/span><\/label><select id=\"wpforms-13668-field_7\" class=\"wpforms-field-medium wpforms-field-required\" name=\"wpforms[fields][7]\" required=\"required\"><option value=\"\" class=\"placeholder\" disabled  selected='selected'>Veuillez faire une s\u00e9lection<\/option><option value=\"S-Filer - Portal\"  class=\"choice-1 depth-1\"  >S-Filer - Portal<\/option><option value=\"RAC\/M Identity\"  class=\"choice-2 depth-1\"  >RAC\/M Identity<\/option><option value=\"D\u00e9tection et r\u00e9ponse g\u00e9r\u00e9es (Okiok MDR)\"  class=\"choice-11 depth-1\"  >D\u00e9tection et r\u00e9ponse g\u00e9r\u00e9es (Okiok MDR)<\/option><option value=\"Tests d\u2019intrusion et analyses de vuln\u00e9rabilit\u00e9s\"  class=\"choice-3 depth-1\"  >Tests d\u2019intrusion et analyses de vuln\u00e9rabilit\u00e9s<\/option><option value=\"Conformit\u00e9 des identit\u00e9s en tant que service\"  class=\"choice-4 depth-1\"  >Conformit\u00e9 des identit\u00e9s en tant que service<\/option><option value=\"Expertise \u00e0 la demande\"  class=\"choice-5 depth-1\"  >Expertise \u00e0 la demande<\/option><option value=\"Informatique judiciaire (forensic)\"  class=\"choice-6 depth-1\"  >Informatique judiciaire (forensic)<\/option><option value=\"Solutions sur mesure\"  class=\"choice-7 depth-1\"  >Solutions sur mesure<\/option><option value=\"Gouvernance &amp; conformit\u00e9\"  class=\"choice-8 depth-1\"  >Gouvernance &amp; conformit\u00e9<\/option><option value=\"R\u00e9ponse aux incidents\"  class=\"choice-10 depth-1\"  >R\u00e9ponse aux incidents<\/option><option value=\"Autre\"  class=\"choice-9 depth-1\"  >Autre<\/option><\/select><\/div><div id=\"wpforms-13668-field_4-container\" class=\"wpforms-field wpforms-field-textarea\" data-field-id=\"4\"><label class=\"wpforms-field-label\" for=\"wpforms-13668-field_4\">VOTRE MESSAGE<\/label><textarea id=\"wpforms-13668-field_4\" class=\"wpforms-field-medium\" name=\"wpforms[fields][4]\" ><\/textarea><div class=\"wpforms-field-description\">* Champs requis\r\n<\/div><\/div><div id=\"wpforms-13668-field_9-container\" class=\"wpforms-field wpforms-field-checkbox\" data-field-id=\"9\"><label class=\"wpforms-field-label\">Avis relatif \u00e0 la protection de vos informations <span class=\"wpforms-required-label\">*<\/span><\/label><ul id=\"wpforms-13668-field_9\" class=\"wpforms-field-required\"><li class=\"choice-1 depth-1\"><input type=\"checkbox\" id=\"wpforms-13668-field_9_1\" name=\"wpforms[fields][9][]\" value=\"J&#039;accepte\" required ><label class=\"wpforms-field-label-inline\" for=\"wpforms-13668-field_9_1\">J'accepte<\/label><\/li><\/ul><div class=\"wpforms-field-description\">Afin de traiter votre demande d\u2019information, nous recueillons seulement vos coordonn\u00e9es professionnelles ainsi que vos noms et pr\u00e9noms. Ces informations seront utilis\u00e9es \u00e0 l\u2019interne chez OKIOK exclusivement afin de vous contacter pour vous transmettre l\u2019information relative \u00e0 nos produits et services.\r\nPour toutes questions relatives \u00e0 la protection de vos informations, veuillez-vous r\u00e9f\u00e9rer \u00e0 notre <a href=\"\/fr\/politique-sur-la-protection-des-renseignements-personnels-et-confidentiels\/\">Politique de protection des renseignements personnels<\/a>, disponible sur notre site web.<\/div><\/div><\/div><!-- .wpforms-field-container --><div class=\"wpforms-field wpforms-field-hp\"><label for=\"wpforms-13668-field-hp\" class=\"wpforms-field-label\">Email<\/label><input type=\"text\" name=\"wpforms[hp]\" id=\"wpforms-13668-field-hp\" class=\"wpforms-field-medium\"><\/div><div class=\"wpforms-recaptcha-container wpforms-is-recaptcha wpforms-is-recaptcha-type-v2\" ><div class=\"g-recaptcha\" data-sitekey=\"6Ldh4QwUAAAAAPztyjflSvP3xxlQXaAXPgpA7MCf\"><\/div><input type=\"text\" name=\"g-recaptcha-hidden\" class=\"wpforms-recaptcha-hidden\" style=\"position:absolute!important;clip:rect(0,0,0,0)!important;height:1px!important;width:1px!important;border:0!important;overflow:hidden!important;padding:0!important;margin:0!important;\" data-rule-recaptcha=\"1\"><\/div><div class=\"wpforms-submit-container\" ><input type=\"hidden\" name=\"wpforms[id]\" value=\"13668\"><input type=\"hidden\" name=\"page_title\" value=\"\"><input type=\"hidden\" name=\"page_url\" value=\"https:\/\/www.okiok.com\/fr\/wp-json\/wp\/v2\/pages\/12591\"><input type=\"hidden\" name=\"url_referer\" value=\"\"><button type=\"submit\" name=\"wpforms[submit]\" id=\"wpforms-submit-13668\" class=\"wpforms-submit\" data-alt-text=\"envoi en cours...\" data-submit-text=\"Envoyer\" aria-live=\"assertive\" value=\"wpforms-submit\">Envoyer<\/button><\/div><\/form><\/div>  <!-- .wpforms-container -->[\/vc_column_text][vc_icon color=\u00a0\u00bbwhite\u00a0\u00bb][\/vc_column_inner][vc_column_inner width=\u00a0\u00bb1\/6&Prime;][\/vc_column_inner][\/vc_row_inner][\/vc_column][\/mk_page_section]\n<\/div>","protected":false},"excerpt":{"rendered":"<p>[mk_page_section bg_image=\u00a0\u00bb\/wp-content\/uploads\/2016\/08\/contact-us-banner.jpg\u00a0\u00bb bg_position=\u00a0\u00bbcenter top\u00a0\u00bb bg_repeat=\u00a0\u00bbno-repeat\u00a0\u00bb min_height=\u00a0\u00bb0&Prime; sidebar=\u00a0\u00bbsidebar-1&Prime; first_page=\u00a0\u00bbfalse\u00a0\u00bb last_page=\u00a0\u00bbfalse\u00a0\u00bb][vc_column][mk_fancy_title tag_name=\u00a0\u00bbh1&Prime; color=\u00a0\u00bb#ffffff\u00a0\u00bb size=\u00a0\u00bb28&Prime; font_weight=\u00a0\u00bbbold\u00a0\u00bb txt_transform=\u00a0\u00bbuppercase\u00a0\u00bb letter_spacing=\u00a0\u00bb6&Prime; margin_top=\u00a0\u00bb100&Prime; margin_bottom=\u00a0\u00bb0&Prime; font_family=\u00a0\u00bbnone\u00a0\u00bb align=\u00a0\u00bbcenter\u00a0\u00bb]NOUS JOINDRE[\/mk_fancy_title][mk_divider style=\u00a0\u00bbthin_solid\u00a0\u00bb divider_width=\u00a0\u00bbcustom_width\u00a0\u00bb custom_width=\u00a0\u00bb75&Prime; thin_single_color=\u00a0\u00bb#ffffff\u00a0\u00bb thickness=\u00a0\u00bb5&Prime; margin_bottom=\u00a0\u00bb30&Prime;][vc_column_text disable_pattern=\u00a0\u00bbfalse\u00a0\u00bb align=\u00a0\u00bbcenter\u00a0\u00bb] 655, Promenade du Centropolis Bureau 230 Laval (Qu\u00e9bec) H7T 0A3 [\/vc_column_text][vc_row_inner][vc_column_inner width=\u00a0\u00bb1\/3&Prime;][\/vc_column_inner][vc_column_inner width=\u00a0\u00bb1\/3&Prime;][vc_column_text disable_pattern=\u00a0\u00bbfalse\u00a0\u00bb align=\u00a0\u00bbcenter\u00a0\u00bb] info@okiok.com 450 681-1681 [\/vc_column_text][\/vc_column_inner][vc_column_inner width=\u00a0\u00bb1\/3&Prime;][\/vc_column_inner][\/vc_row_inner][vc_row_inner attached=\u00a0\u00bbtrue\u00a0\u00bb][vc_column_inner width=\u00a0\u00bb1\/4&Prime;][\/vc_column_inner][vc_column_inner width=\u00a0\u00bb1\/4&Prime;][mk_button dimension=\u00a0\u00bboutline\u00a0\u00bb size=\u00a0\u00bblarge\u00a0\u00bb url=\u00a0\u00bbhttps:\/\/www.google.ca\/maps\/place\/655+Promenade+Du+Centropolis,+Laval,+QC+H7T+0A3\/@45.5609235,-73.7492903,17z\/data=!3m1!4b1!4m5!3m4!1s0x4cc923c7f60152ad:0x17abf7e05526febd!8m2!3d45.5609198!4d-73.7471016&Prime; target=\u00a0\u00bb_blank\u00a0\u00bb [&hellip;]<\/p>\n","protected":false},"author":1,"featured_media":0,"parent":12582,"menu_order":0,"comment_status":"closed","ping_status":"closed","template":"","meta":{"footnotes":""},"class_list":["post-12591","page","type-page","status-publish","hentry"],"yoast_head":"<!-- This site is optimized with the Yoast SEO plugin v26.8 - https:\/\/yoast.com\/product\/yoast-seo-wordpress\/ -->\n<title>Nous joindre | OKIOK | Experts en cybers\u00e9curit\u00e9<\/title>\n<meta name=\"description\" content=\"Contactez-nous pour parler \u00e0 un expert et d\u00e9couvrir nos produits et services! Obtenez un soutien en cybers\u00e9curit\u00e9 aujourd&#039;hui.\" \/>\n<meta name=\"robots\" content=\"index, follow, max-snippet:-1, max-image-preview:large, max-video-preview:-1\" \/>\n<meta property=\"og:locale\" content=\"fr_FR\" \/>\n<meta property=\"og:type\" content=\"article\" \/>\n<meta property=\"og:title\" content=\"Nous joindre | OKIOK | Experts en cybers\u00e9curit\u00e9\" \/>\n<meta property=\"og:description\" content=\"Contactez-nous pour parler \u00e0 un expert et d\u00e9couvrir nos produits et services! Obtenez un soutien en cybers\u00e9curit\u00e9 aujourd&#039;hui.\" \/>\n<meta property=\"og:site_name\" content=\"OKIOK - Securit\u00e9 dans un monde en changement\" \/>\n<meta property=\"article:publisher\" content=\"https:\/\/www.facebook.com\/okiokdata\/\" \/>\n<meta property=\"article:modified_time\" content=\"2023-08-09T18:50:35+00:00\" \/>\n<meta name=\"twitter:card\" content=\"summary_large_image\" \/>\n<meta name=\"twitter:site\" content=\"@OKIOKdata\" \/>\n<meta name=\"twitter:label1\" content=\"Dur\u00e9e de lecture estim\u00e9e\" \/>\n\t<meta name=\"twitter:data1\" content=\"1 minute\" \/>\n<!-- \/ Yoast SEO plugin. -->","yoast_head_json":{"title":"Nous joindre | OKIOK | Experts en cybers\u00e9curit\u00e9","description":"Contactez-nous pour parler \u00e0 un expert et d\u00e9couvrir nos produits et services! Obtenez un soutien en cybers\u00e9curit\u00e9 aujourd'hui.","robots":{"index":"index","follow":"follow","max-snippet":"max-snippet:-1","max-image-preview":"max-image-preview:large","max-video-preview":"max-video-preview:-1"},"og_locale":"fr_FR","og_type":"article","og_title":"Nous joindre | OKIOK | Experts en cybers\u00e9curit\u00e9","og_description":"Contactez-nous pour parler \u00e0 un expert et d\u00e9couvrir nos produits et services! Obtenez un soutien en cybers\u00e9curit\u00e9 aujourd'hui.","og_site_name":"OKIOK - Securit\u00e9 dans un monde en changement","article_publisher":"https:\/\/www.facebook.com\/okiokdata\/","article_modified_time":"2023-08-09T18:50:35+00:00","twitter_card":"summary_large_image","twitter_site":"@OKIOKdata","twitter_misc":{"Dur\u00e9e de lecture estim\u00e9e":"1 minute"},"schema":{"@context":"https:\/\/schema.org","@graph":[{"@type":"WebPage","@id":"https:\/\/www.okiok.com\/fr\/cybersecurite-a-propos\/contactez-nous\/","url":"https:\/\/www.okiok.com\/fr\/cybersecurite-a-propos\/contactez-nous\/","name":"Nous joindre | OKIOK | Experts en cybers\u00e9curit\u00e9","isPartOf":{"@id":"https:\/\/www.okiok.com\/fr\/#website"},"datePublished":"2016-10-17T01:19:31+00:00","dateModified":"2023-08-09T18:50:35+00:00","description":"Contactez-nous pour parler \u00e0 un expert et d\u00e9couvrir nos produits et services! Obtenez un soutien en cybers\u00e9curit\u00e9 aujourd'hui.","breadcrumb":{"@id":"https:\/\/www.okiok.com\/fr\/cybersecurite-a-propos\/contactez-nous\/#breadcrumb"},"inLanguage":"fr-FR","potentialAction":[{"@type":"ReadAction","target":["https:\/\/www.okiok.com\/fr\/cybersecurite-a-propos\/contactez-nous\/"]}]},{"@type":"BreadcrumbList","@id":"https:\/\/www.okiok.com\/fr\/cybersecurite-a-propos\/contactez-nous\/#breadcrumb","itemListElement":[{"@type":"ListItem","position":1,"name":"Home","item":"https:\/\/prod.okiok.com\/fr\/"},{"@type":"ListItem","position":2,"name":"\u00c0 propos","item":"https:\/\/www.okiok.com\/fr\/cybersecurite-a-propos\/"},{"@type":"ListItem","position":3,"name":"Nous joindre"}]},{"@type":"WebSite","@id":"https:\/\/www.okiok.com\/fr\/#website","url":"https:\/\/www.okiok.com\/fr\/","name":"OKIOK - Securit\u00e9 dans un monde en changement","description":"","publisher":{"@id":"https:\/\/www.okiok.com\/fr\/#organization"},"potentialAction":[{"@type":"SearchAction","target":{"@type":"EntryPoint","urlTemplate":"https:\/\/www.okiok.com\/fr\/?s={search_term_string}"},"query-input":{"@type":"PropertyValueSpecification","valueRequired":true,"valueName":"search_term_string"}}],"inLanguage":"fr-FR"},{"@type":"Organization","@id":"https:\/\/www.okiok.com\/fr\/#organization","name":"Okiok","url":"https:\/\/www.okiok.com\/fr\/","logo":{"@type":"ImageObject","inLanguage":"fr-FR","@id":"https:\/\/www.okiok.com\/fr\/#\/schema\/logo\/image\/","url":"https:\/\/www.okiok.com\/wp-content\/uploads\/2017\/06\/logo-okiok-2.png","contentUrl":"https:\/\/www.okiok.com\/wp-content\/uploads\/2017\/06\/logo-okiok-2.png","width":300,"height":369,"caption":"Okiok"},"image":{"@id":"https:\/\/www.okiok.com\/fr\/#\/schema\/logo\/image\/"},"sameAs":["https:\/\/www.facebook.com\/okiokdata\/","https:\/\/x.com\/OKIOKdata","https:\/\/www.linkedin.com\/company-beta\/119436\/"]}]}},"_links":{"self":[{"href":"https:\/\/www.okiok.com\/fr\/wp-json\/wp\/v2\/pages\/12591","targetHints":{"allow":["GET"]}}],"collection":[{"href":"https:\/\/www.okiok.com\/fr\/wp-json\/wp\/v2\/pages"}],"about":[{"href":"https:\/\/www.okiok.com\/fr\/wp-json\/wp\/v2\/types\/page"}],"author":[{"embeddable":true,"href":"https:\/\/www.okiok.com\/fr\/wp-json\/wp\/v2\/users\/1"}],"replies":[{"embeddable":true,"href":"https:\/\/www.okiok.com\/fr\/wp-json\/wp\/v2\/comments?post=12591"}],"version-history":[{"count":16,"href":"https:\/\/www.okiok.com\/fr\/wp-json\/wp\/v2\/pages\/12591\/revisions"}],"predecessor-version":[{"id":20049,"href":"https:\/\/www.okiok.com\/fr\/wp-json\/wp\/v2\/pages\/12591\/revisions\/20049"}],"up":[{"embeddable":true,"href":"https:\/\/www.okiok.com\/fr\/wp-json\/wp\/v2\/pages\/12582"}],"wp:attachment":[{"href":"https:\/\/www.okiok.com\/fr\/wp-json\/wp\/v2\/media?parent=12591"}],"curies":[{"name":"wp","href":"https:\/\/api.w.org\/{rel}","templated":true}]}}