{"id":12596,"date":"2016-10-17T01:22:02","date_gmt":"2016-10-17T06:22:02","guid":{"rendered":"https:\/\/74.208.189.166\/okiok\/?page_id=12596"},"modified":"2023-06-05T15:19:47","modified_gmt":"2023-06-05T20:19:47","slug":"pourquoi-okiok","status":"publish","type":"page","link":"https:\/\/www.okiok.com\/fr\/cybersecurite-a-propos\/pourquoi-okiok\/","title":{"rendered":"Pourquoi Okiok"},"content":{"rendered":"<div class=\"wpb-content-wrapper\">[mk_page_section bg_image=\u00a0\u00bb\/wp-content\/uploads\/2016\/10\/Why-1.png\u00a0\u00bb bg_position=\u00a0\u00bbcenter top\u00a0\u00bb bg_repeat=\u00a0\u00bbno-repeat\u00a0\u00bb video_opacity=\u00a0\u00bb0&Prime; min_height=\u00a0\u00bb200&Prime; full_width=\u00a0\u00bbtrue\u00a0\u00bb padding_top=\u00a0\u00bb0&Prime; padding_bottom=\u00a0\u00bb0&Prime; top_shape_color=\u00a0\u00bb#ffffff\u00a0\u00bb bottom_shape_color=\u00a0\u00bb#ffffff\u00a0\u00bb sidebar=\u00a0\u00bbsidebar-1&Prime; first_page=\u00a0\u00bbfalse\u00a0\u00bb last_page=\u00a0\u00bbfalse\u00a0\u00bb][vc_column css=\u00a0\u00bb.vc_custom_1474013518423{padding-top: 80px !important;padding-bottom: 15px !important;background-position: center !important;background-repeat: no-repeat !important;background-size: cover !important;}\u00a0\u00bb][vc_row_inner is_fullwidth_content=\u00a0\u00bbfalse\u00a0\u00bb css=\u00a0\u00bb.vc_custom_1475412679184{padding-right: 30px !important;padding-left: 30px !important;}\u00a0\u00bb][vc_column_inner][mk_fancy_title tag_name=\u00a0\u00bbh1&Prime; color=\u00a0\u00bb#ffffff\u00a0\u00bb size=\u00a0\u00bb30&Prime; force_font_size=\u00a0\u00bbtrue\u00a0\u00bb size_smallscreen=\u00a0\u00bb26&Prime; size_tablet=\u00a0\u00bb20&Prime; size_phone=\u00a0\u00bb20&Prime; font_weight=\u00a0\u00bb400&Prime; font_style=\u00a0\u00bbnormal\u00a0\u00bb txt_transform=\u00a0\u00bbuppercase\u00a0\u00bb letter_spacing=\u00a0\u00bb4&Prime; font_family=\u00a0\u00bbnone\u00a0\u00bb]Pourquoi OKIOK[\/mk_fancy_title][\/vc_column_inner][\/vc_row_inner][\/vc_column][\/mk_page_section][vc_row fullwidth=\u00a0\u00bbtrue\u00a0\u00bb el_class=\u00a0\u00bbrow-pad-30&Prime;][vc_column][mk_padding_divider size=\u00a0\u00bb75&Prime;][vc_row_inner is_fullwidth_content=\u00a0\u00bbfalse\u00a0\u00bb][vc_column_inner width=\u00a0\u00bb1\/3&Prime;][mk_fancy_title color=\u00a0\u00bb#1775bb\u00a0\u00bb size=\u00a0\u00bb31&Prime; force_font_size=\u00a0\u00bbtrue\u00a0\u00bb size_smallscreen=\u00a0\u00bb30&Prime; size_tablet=\u00a0\u00bb24&Prime; size_phone=\u00a0\u00bb18&Prime; line_height=\u00a0\u00bb99&Prime; font_weight=\u00a0\u00bbbold\u00a0\u00bb txt_transform=\u00a0\u00bbuppercase\u00a0\u00bb margin_bottom=\u00a0\u00bb0&Prime; font_family=\u00a0\u00bbnone\u00a0\u00bb]L\u2019incontournable en cybers\u00e9curit\u00e9[\/mk_fancy_title][mk_divider style=\u00a0\u00bbthick_solid\u00a0\u00bb divider_width=\u00a0\u00bbone_half\u00a0\u00bb align=\u00a0\u00bbleft\u00a0\u00bb border_color=\u00a0\u00bb#1775bb\u00a0\u00bb margin_top=\u00a0\u00bb0&Prime;][\/vc_column_inner][vc_column_inner width=\u00a0\u00bb2\/3&Prime;][mk_custom_list style=\u00a0\u00bb\u00a0\u00bb margin_bottom=\u00a0\u00bb0&Prime;]Autant de raisons am\u00e8nent les organisations de divers secteurs \u00e0 se tourner vers OKIOK. Par-dessus tout, ce qui a fait et fait encore notre r\u00e9putation, c\u2019est le niveau d\u2019accompagnement que nous offrons \u00e0 nos clients. Ces derniers appr\u00e9cient l\u2019\u00e9coute, l\u2019agilit\u00e9, la disponibilit\u00e9 et la proximit\u00e9 qui caract\u00e9risent les \u00e9changes tout au long des mandats qui nous sont confi\u00e9s et lors de l\u2019implantation de nos produits. La qualit\u00e9 et le niveau du service que nous offrons constituent ainsi un atout majeur faisant qu\u2019autant d\u2019entreprises prestigieuses choisissent OKIOK.[\/mk_custom_list][mk_custom_list style=\u00a0\u00bb\u00a0\u00bb margin_bottom=\u00a0\u00bb0&Prime; el_class=\u00a0\u00bblist-101&Prime;]\n<ul>\n<li><del><\/del>Des bases solides<\/li>\n<li>Une culture d\u2019innovation qui cr\u00e9e des expertises de pointe<\/li>\n<li>Une ma\u00eetrise incontest\u00e9e des technologies<\/li>\n<li>Une approche unique<\/li>\n<li>Une offre compl\u00e8te regroupant des produits et des services novateurs en cybers\u00e9curit\u00e9<\/li>\n<li>Un service et un soutien qui ont la cote<\/li>\n<\/ul>\n[\/mk_custom_list][\/vc_column_inner][\/vc_row_inner][mk_padding_divider size=\u00a0\u00bb70&Prime;][\/vc_column][\/vc_row][mk_page_section bg_image=\u00a0\u00bb\/wp-content\/uploads\/2016\/08\/Rectangle-44.jpg\u00a0\u00bb attachment=\u00a0\u00bbfixed\u00a0\u00bb bg_position=\u00a0\u00bbcenter center\u00a0\u00bb bg_repeat=\u00a0\u00bbno-repeat\u00a0\u00bb bg_stretch=\u00a0\u00bbtrue\u00a0\u00bb enable_3d=\u00a0\u00bbtrue\u00a0\u00bb padding_top=\u00a0\u00bb80&Prime; padding_bottom=\u00a0\u00bb80&Prime; top_shape_color=\u00a0\u00bb#ffffff\u00a0\u00bb bottom_shape_color=\u00a0\u00bb#ffffff\u00a0\u00bb sidebar=\u00a0\u00bbsidebar-1&Prime;][vc_column][mk_fancy_title color=\u00a0\u00bb#ffffff\u00a0\u00bb size=\u00a0\u00bb20&Prime; txt_transform=\u00a0\u00bbuppercase\u00a0\u00bb margin_bottom=\u00a0\u00bb10&Prime; font_family=\u00a0\u00bbnone\u00a0\u00bb align=\u00a0\u00bbcenter\u00a0\u00bb]POUR EN SAVOIR PLUS[\/mk_fancy_title][vc_column_text margin_bottom=\u00a0\u00bb30&Prime;]\n<p style=\"text-align: center;\"><span style=\"color: #ffffff;\">Nos experts se feront un plaisir de vous conseiller et de r\u00e9pondre \u00e0 vos questions.\u00a0<\/span><\/p>\n[\/vc_column_text][mk_button dimension=\u00a0\u00bboutline\u00a0\u00bb size=\u00a0\u00bblarge\u00a0\u00bb url=\u00a0\u00bb\/fr\/a-propos\/nous-joindre\/\u00a0\u00bb align=\u00a0\u00bbcenter\u00a0\u00bb button_custom_width=\u00a0\u00bb316&Prime; margin_bottom=\u00a0\u00bb0&Prime; el_class=\u00a0\u00bbbtn-font-22 btn-font-normal\u00a0\u00bb outline_skin=\u00a0\u00bbcustom\u00a0\u00bb outline_active_text_color=\u00a0\u00bb#ffffff\u00a0\u00bb outline_hover_bg_color=\u00a0\u00bb#ffffff\u00a0\u00bb outline_hover_color=\u00a0\u00bb#4b5664&Prime;]CONTACTEZ-NOUS[\/mk_button][\/vc_column][\/mk_page_section]\n<\/div>","protected":false},"excerpt":{"rendered":"<p>[mk_page_section bg_image=\u00a0\u00bb\/wp-content\/uploads\/2016\/10\/Why-1.png\u00a0\u00bb bg_position=\u00a0\u00bbcenter top\u00a0\u00bb bg_repeat=\u00a0\u00bbno-repeat\u00a0\u00bb video_opacity=\u00a0\u00bb0&Prime; min_height=\u00a0\u00bb200&Prime; full_width=\u00a0\u00bbtrue\u00a0\u00bb padding_top=\u00a0\u00bb0&Prime; padding_bottom=\u00a0\u00bb0&Prime; top_shape_color=\u00a0\u00bb#ffffff\u00a0\u00bb bottom_shape_color=\u00a0\u00bb#ffffff\u00a0\u00bb sidebar=\u00a0\u00bbsidebar-1&Prime; first_page=\u00a0\u00bbfalse\u00a0\u00bb last_page=\u00a0\u00bbfalse\u00a0\u00bb][vc_column css=\u00a0\u00bb.vc_custom_1474013518423{padding-top: 80px !important;padding-bottom: 15px !important;background-position: center !important;background-repeat: no-repeat !important;background-size: cover !important;}\u00a0\u00bb][vc_row_inner is_fullwidth_content=\u00a0\u00bbfalse\u00a0\u00bb css=\u00a0\u00bb.vc_custom_1475412679184{padding-right: 30px !important;padding-left: 30px !important;}\u00a0\u00bb][vc_column_inner][mk_fancy_title tag_name=\u00a0\u00bbh1&Prime; color=\u00a0\u00bb#ffffff\u00a0\u00bb size=\u00a0\u00bb30&Prime; force_font_size=\u00a0\u00bbtrue\u00a0\u00bb size_smallscreen=\u00a0\u00bb26&Prime; size_tablet=\u00a0\u00bb20&Prime; size_phone=\u00a0\u00bb20&Prime; font_weight=\u00a0\u00bb400&Prime; font_style=\u00a0\u00bbnormal\u00a0\u00bb txt_transform=\u00a0\u00bbuppercase\u00a0\u00bb letter_spacing=\u00a0\u00bb4&Prime; font_family=\u00a0\u00bbnone\u00a0\u00bb]Pourquoi OKIOK[\/mk_fancy_title][\/vc_column_inner][\/vc_row_inner][\/vc_column][\/mk_page_section][vc_row fullwidth=\u00a0\u00bbtrue\u00a0\u00bb el_class=\u00a0\u00bbrow-pad-30&Prime;][vc_column][mk_padding_divider size=\u00a0\u00bb75&Prime;][vc_row_inner is_fullwidth_content=\u00a0\u00bbfalse\u00a0\u00bb][vc_column_inner width=\u00a0\u00bb1\/3&Prime;][mk_fancy_title color=\u00a0\u00bb#1775bb\u00a0\u00bb size=\u00a0\u00bb31&Prime; force_font_size=\u00a0\u00bbtrue\u00a0\u00bb size_smallscreen=\u00a0\u00bb30&Prime; size_tablet=\u00a0\u00bb24&Prime; [&hellip;]<\/p>\n","protected":false},"author":1,"featured_media":0,"parent":12582,"menu_order":0,"comment_status":"closed","ping_status":"closed","template":"","meta":{"footnotes":""},"class_list":["post-12596","page","type-page","status-publish","hentry"],"yoast_head":"<!-- This site is optimized with the Yoast SEO plugin v26.8 - https:\/\/yoast.com\/product\/yoast-seo-wordpress\/ -->\n<title>Votre alli\u00e9 incontournable en cybers\u00e9curit\u00e9 | OKIOK<\/title>\n<meta name=\"description\" content=\"Par-dessus les nombreuses raisons de se fier \u00e0 OKIOK, ce qui a fait notre r\u00e9putation, c\u2019est le niveau d\u2019accompagnement que nous offrons \u00e0 nos clients.\" \/>\n<meta name=\"robots\" content=\"index, follow, max-snippet:-1, max-image-preview:large, max-video-preview:-1\" \/>\n<meta property=\"og:locale\" content=\"fr_FR\" \/>\n<meta property=\"og:type\" content=\"article\" \/>\n<meta property=\"og:title\" content=\"Votre alli\u00e9 incontournable en cybers\u00e9curit\u00e9 | OKIOK\" \/>\n<meta property=\"og:description\" content=\"Par-dessus les nombreuses raisons de se fier \u00e0 OKIOK, ce qui a fait notre r\u00e9putation, c\u2019est le niveau d\u2019accompagnement que nous offrons \u00e0 nos clients.\" \/>\n<meta property=\"og:site_name\" content=\"OKIOK - Securit\u00e9 dans un monde en changement\" \/>\n<meta property=\"article:publisher\" content=\"https:\/\/www.facebook.com\/okiokdata\/\" \/>\n<meta property=\"article:modified_time\" content=\"2023-06-05T20:19:47+00:00\" \/>\n<meta name=\"twitter:card\" content=\"summary_large_image\" \/>\n<meta name=\"twitter:site\" content=\"@OKIOKdata\" \/>\n<meta name=\"twitter:label1\" content=\"Dur\u00e9e de lecture estim\u00e9e\" \/>\n\t<meta name=\"twitter:data1\" content=\"3 minutes\" \/>\n<!-- \/ Yoast SEO plugin. -->","yoast_head_json":{"title":"Votre alli\u00e9 incontournable en cybers\u00e9curit\u00e9 | OKIOK","description":"Par-dessus les nombreuses raisons de se fier \u00e0 OKIOK, ce qui a fait notre r\u00e9putation, c\u2019est le niveau d\u2019accompagnement que nous offrons \u00e0 nos clients.","robots":{"index":"index","follow":"follow","max-snippet":"max-snippet:-1","max-image-preview":"max-image-preview:large","max-video-preview":"max-video-preview:-1"},"og_locale":"fr_FR","og_type":"article","og_title":"Votre alli\u00e9 incontournable en cybers\u00e9curit\u00e9 | OKIOK","og_description":"Par-dessus les nombreuses raisons de se fier \u00e0 OKIOK, ce qui a fait notre r\u00e9putation, c\u2019est le niveau d\u2019accompagnement que nous offrons \u00e0 nos clients.","og_site_name":"OKIOK - Securit\u00e9 dans un monde en changement","article_publisher":"https:\/\/www.facebook.com\/okiokdata\/","article_modified_time":"2023-06-05T20:19:47+00:00","twitter_card":"summary_large_image","twitter_site":"@OKIOKdata","twitter_misc":{"Dur\u00e9e de lecture estim\u00e9e":"3 minutes"},"schema":{"@context":"https:\/\/schema.org","@graph":[{"@type":"WebPage","@id":"https:\/\/www.okiok.com\/fr\/cybersecurite-a-propos\/pourquoi-okiok\/","url":"https:\/\/www.okiok.com\/fr\/cybersecurite-a-propos\/pourquoi-okiok\/","name":"Votre alli\u00e9 incontournable en cybers\u00e9curit\u00e9 | OKIOK","isPartOf":{"@id":"https:\/\/www.okiok.com\/fr\/#website"},"datePublished":"2016-10-17T06:22:02+00:00","dateModified":"2023-06-05T20:19:47+00:00","description":"Par-dessus les nombreuses raisons de se fier \u00e0 OKIOK, ce qui a fait notre r\u00e9putation, c\u2019est le niveau d\u2019accompagnement que nous offrons \u00e0 nos clients.","breadcrumb":{"@id":"https:\/\/www.okiok.com\/fr\/cybersecurite-a-propos\/pourquoi-okiok\/#breadcrumb"},"inLanguage":"fr-FR","potentialAction":[{"@type":"ReadAction","target":["https:\/\/www.okiok.com\/fr\/cybersecurite-a-propos\/pourquoi-okiok\/"]}]},{"@type":"BreadcrumbList","@id":"https:\/\/www.okiok.com\/fr\/cybersecurite-a-propos\/pourquoi-okiok\/#breadcrumb","itemListElement":[{"@type":"ListItem","position":1,"name":"Home","item":"https:\/\/prod.okiok.com\/fr\/"},{"@type":"ListItem","position":2,"name":"\u00c0 propos","item":"https:\/\/www.okiok.com\/fr\/cybersecurite-a-propos\/"},{"@type":"ListItem","position":3,"name":"Pourquoi Okiok"}]},{"@type":"WebSite","@id":"https:\/\/www.okiok.com\/fr\/#website","url":"https:\/\/www.okiok.com\/fr\/","name":"OKIOK - Securit\u00e9 dans un monde en changement","description":"","publisher":{"@id":"https:\/\/www.okiok.com\/fr\/#organization"},"potentialAction":[{"@type":"SearchAction","target":{"@type":"EntryPoint","urlTemplate":"https:\/\/www.okiok.com\/fr\/?s={search_term_string}"},"query-input":{"@type":"PropertyValueSpecification","valueRequired":true,"valueName":"search_term_string"}}],"inLanguage":"fr-FR"},{"@type":"Organization","@id":"https:\/\/www.okiok.com\/fr\/#organization","name":"Okiok","url":"https:\/\/www.okiok.com\/fr\/","logo":{"@type":"ImageObject","inLanguage":"fr-FR","@id":"https:\/\/www.okiok.com\/fr\/#\/schema\/logo\/image\/","url":"https:\/\/www.okiok.com\/wp-content\/uploads\/2017\/06\/logo-okiok-2.png","contentUrl":"https:\/\/www.okiok.com\/wp-content\/uploads\/2017\/06\/logo-okiok-2.png","width":300,"height":369,"caption":"Okiok"},"image":{"@id":"https:\/\/www.okiok.com\/fr\/#\/schema\/logo\/image\/"},"sameAs":["https:\/\/www.facebook.com\/okiokdata\/","https:\/\/x.com\/OKIOKdata","https:\/\/www.linkedin.com\/company-beta\/119436\/"]}]}},"_links":{"self":[{"href":"https:\/\/www.okiok.com\/fr\/wp-json\/wp\/v2\/pages\/12596","targetHints":{"allow":["GET"]}}],"collection":[{"href":"https:\/\/www.okiok.com\/fr\/wp-json\/wp\/v2\/pages"}],"about":[{"href":"https:\/\/www.okiok.com\/fr\/wp-json\/wp\/v2\/types\/page"}],"author":[{"embeddable":true,"href":"https:\/\/www.okiok.com\/fr\/wp-json\/wp\/v2\/users\/1"}],"replies":[{"embeddable":true,"href":"https:\/\/www.okiok.com\/fr\/wp-json\/wp\/v2\/comments?post=12596"}],"version-history":[{"count":16,"href":"https:\/\/www.okiok.com\/fr\/wp-json\/wp\/v2\/pages\/12596\/revisions"}],"predecessor-version":[{"id":24465,"href":"https:\/\/www.okiok.com\/fr\/wp-json\/wp\/v2\/pages\/12596\/revisions\/24465"}],"up":[{"embeddable":true,"href":"https:\/\/www.okiok.com\/fr\/wp-json\/wp\/v2\/pages\/12582"}],"wp:attachment":[{"href":"https:\/\/www.okiok.com\/fr\/wp-json\/wp\/v2\/media?parent=12596"}],"curies":[{"name":"wp","href":"https:\/\/api.w.org\/{rel}","templated":true}]}}