{"id":12600,"date":"2016-10-17T01:23:06","date_gmt":"2016-10-17T01:23:06","guid":{"rendered":"https:\/\/74.208.189.166\/okiok\/?page_id=12600"},"modified":"2023-08-09T13:54:42","modified_gmt":"2023-08-09T18:54:42","slug":"devenez-partenaire","status":"publish","type":"page","link":"https:\/\/www.okiok.com\/fr\/devenez-partenaire\/","title":{"rendered":"Devenez partenaire"},"content":{"rendered":"<div class=\"wpb-content-wrapper\">[mk_page_section bg_image=\u00a0\u00bb\/wp-content\/uploads\/2016\/09\/partner2-1.jpg\u00a0\u00bb bg_position=\u00a0\u00bbcenter top\u00a0\u00bb bg_repeat=\u00a0\u00bbno-repeat\u00a0\u00bb video_loop=\u00a0\u00bbfalse\u00a0\u00bb min_height=\u00a0\u00bb200&Prime; full_width=\u00a0\u00bbtrue\u00a0\u00bb padding_top=\u00a0\u00bb60&Prime; padding_bottom=\u00a0\u00bb15&Prime; top_shape_color=\u00a0\u00bb#ffffff\u00a0\u00bb bottom_shape_color=\u00a0\u00bb#ffffff\u00a0\u00bb sidebar=\u00a0\u00bbsidebar-1&Prime; first_page=\u00a0\u00bbfalse\u00a0\u00bb last_page=\u00a0\u00bbfalse\u00a0\u00bb][vc_column css=\u00a0\u00bb.vc_custom_1474013518423{padding-top: 0px !important;padding-bottom: 0px !important;background-position: center !important;background-repeat: no-repeat !important;background-size: cover !important;}\u00a0\u00bb][vc_row_inner is_fullwidth_content=\u00a0\u00bbfalse\u00a0\u00bb css=\u00a0\u00bb.vc_custom_1475446003628{padding-right: 30px !important;padding-left: 30px !important;}\u00a0\u00bb][vc_column_inner][mk_fancy_title tag_name=\u00a0\u00bbh1&Prime; color=\u00a0\u00bb#ffffff\u00a0\u00bb size=\u00a0\u00bb30&Prime; force_font_size=\u00a0\u00bbtrue\u00a0\u00bb size_smallscreen=\u00a0\u00bb26&Prime; size_tablet=\u00a0\u00bb20&Prime; size_phone=\u00a0\u00bb20&Prime; font_weight=\u00a0\u00bb400&Prime; font_style=\u00a0\u00bbnormal\u00a0\u00bb txt_transform=\u00a0\u00bbuppercase\u00a0\u00bb letter_spacing=\u00a0\u00bb4&Prime; margin_top=\u00a0\u00bb15&Prime; margin_bottom=\u00a0\u00bb0&Prime; font_family=\u00a0\u00bbnone\u00a0\u00bb]Devenez partenaires[\/mk_fancy_title][\/vc_column_inner][\/vc_row_inner][\/vc_column][\/mk_page_section][vc_row fullwidth=\u00a0\u00bbtrue\u00a0\u00bb el_class=\u00a0\u00bbrow-pad-30&Prime;][vc_column][mk_padding_divider size=\u00a0\u00bb75&Prime;][vc_row_inner is_fullwidth_content=\u00a0\u00bbfalse\u00a0\u00bb][vc_column_inner width=\u00a0\u00bb1\/3&Prime;][mk_fancy_title color=\u00a0\u00bb#1775bb\u00a0\u00bb size=\u00a0\u00bb38&Prime; force_font_size=\u00a0\u00bbtrue\u00a0\u00bb size_smallscreen=\u00a0\u00bb35&Prime; size_tablet=\u00a0\u00bb30&Prime; size_phone=\u00a0\u00bb20&Prime; line_height=\u00a0\u00bb99&Prime; font_weight=\u00a0\u00bbbold\u00a0\u00bb txt_transform=\u00a0\u00bbuppercase\u00a0\u00bb margin_bottom=\u00a0\u00bb0&Prime; font_family=\u00a0\u00bbnone\u00a0\u00bb]Joignez-vous<\/p>\n<p>\u00e0 un r\u00e9seau global[\/mk_fancy_title][mk_divider style=\u00a0\u00bbthick_solid\u00a0\u00bb divider_width=\u00a0\u00bbone_half\u00a0\u00bb align=\u00a0\u00bbleft\u00a0\u00bb border_color=\u00a0\u00bb#1775bb\u00a0\u00bb margin_top=\u00a0\u00bb0&Prime; margin_bottom=\u00a0\u00bb0&Prime;][\/vc_column_inner][vc_column_inner width=\u00a0\u00bb2\/3&Prime;][mk_custom_list style=\u00a0\u00bb\u00a0\u00bb margin_bottom=\u00a0\u00bb0&Prime;]OKIOK offre plusieurs possibilit\u00e9s aux entreprises int\u00e9ress\u00e9es \u00e0 joindre leur force \u00e0 la sienne pour proposer des solutions et des services d\u2019OKIOK dans leur march\u00e9.<\/p>\n<p>Au niveau local, OKIOK propose \u00e0 ses partenaires de bonifier leur offre en revendant certains de ses produits et services uniques, tels que les solutions de transfert de fichiers s\u00e9curis\u00e9s S-Filer Portal et S-Filer Cloud, la solution de gouvernance des identit\u00e9s et des acc\u00e8s RAC\/M Identity ainsi que la conformit\u00e9 des identit\u00e9s en mode service.<\/p>\n<p>Au niveau mondial, les partenaires peuvent agir \u00e0 titre de revendeur des produits et services sp\u00e9cialis\u00e9s d\u2019OKIOK, en plus de recevoir la formation leur permettant d\u2019offrir sous licence certains services d\u2019OKIOK selon ses m\u00e9thodologies \u00e9prouv\u00e9es, notamment celle utilis\u00e9e dans le cadre des tests d\u2019intrusion.<\/p>\n<p>OKIOK souhaite ainsi continuer, par l\u2019entremise de partenaires, \u00e0 d\u00e9velopper de nouveaux march\u00e9s et \u00e0 \u00e9largir la port\u00e9e de ses solutions et ses services, tout en permettant \u00e0 ces partenaires de tirer profit de l\u2019innovation derri\u00e8re l\u2019approche g\u00e9n\u00e9rale d\u2019OKIOK et de la rapidit\u00e9 \u00e0 laquelle de nouveaux revenus peuvent \u00eatre g\u00e9n\u00e9r\u00e9s.<\/p>\n<p>Pour en savoir plus, communiquez avec OKIOK :<br \/>\ninfo@okiok.com<br \/>\n450 681-1681[\/mk_custom_list][\/vc_column_inner][\/vc_row_inner][mk_padding_divider size=\u00a0\u00bb70&Prime;][\/vc_column][\/vc_row][mk_page_section bg_image=\u00a0\u00bb\/wp-content\/uploads\/2016\/08\/Rectangle-44.jpg\u00a0\u00bb attachment=\u00a0\u00bbfixed\u00a0\u00bb bg_position=\u00a0\u00bbcenter center\u00a0\u00bb bg_repeat=\u00a0\u00bbno-repeat\u00a0\u00bb bg_stretch=\u00a0\u00bbtrue\u00a0\u00bb enable_3d=\u00a0\u00bbtrue\u00a0\u00bb padding_top=\u00a0\u00bb80&Prime; padding_bottom=\u00a0\u00bb80&Prime; top_shape_color=\u00a0\u00bb#ffffff\u00a0\u00bb bottom_shape_color=\u00a0\u00bb#ffffff\u00a0\u00bb sidebar=\u00a0\u00bbsidebar-1&Prime;][vc_column][mk_fancy_title color=\u00a0\u00bb#ffffff\u00a0\u00bb size=\u00a0\u00bb20&Prime; txt_transform=\u00a0\u00bbuppercase\u00a0\u00bb margin_bottom=\u00a0\u00bb10&Prime; font_family=\u00a0\u00bbnone\u00a0\u00bb align=\u00a0\u00bbcenter\u00a0\u00bb]VOUS D\u00c9SIREZ UNIR VOTRE FORCE \u00c0 CELLE D&rsquo;OKIOK?[\/mk_fancy_title][mk_button dimension=\u00a0\u00bboutline\u00a0\u00bb size=\u00a0\u00bblarge\u00a0\u00bb url=\u00a0\u00bb\/fr\/a-propos\/nous-joindre\/\u00a0\u00bb align=\u00a0\u00bbcenter\u00a0\u00bb button_custom_width=\u00a0\u00bb316&Prime; margin_bottom=\u00a0\u00bb0&Prime; el_class=\u00a0\u00bbbtn-font-22 btn-font-normal\u00a0\u00bb outline_skin=\u00a0\u00bbcustom\u00a0\u00bb outline_active_text_color=\u00a0\u00bb#ffffff\u00a0\u00bb outline_hover_bg_color=\u00a0\u00bb#ffffff\u00a0\u00bb outline_hover_color=\u00a0\u00bb#4b5664&Prime;]CONTACTEZ-NOUS[\/mk_button][\/vc_column][\/mk_page_section]\n<\/div>","protected":false},"excerpt":{"rendered":"<p>[mk_page_section bg_image=\u00a0\u00bb\/wp-content\/uploads\/2016\/09\/partner2-1.jpg\u00a0\u00bb bg_position=\u00a0\u00bbcenter top\u00a0\u00bb bg_repeat=\u00a0\u00bbno-repeat\u00a0\u00bb video_loop=\u00a0\u00bbfalse\u00a0\u00bb min_height=\u00a0\u00bb200&Prime; full_width=\u00a0\u00bbtrue\u00a0\u00bb padding_top=\u00a0\u00bb60&Prime; padding_bottom=\u00a0\u00bb15&Prime; top_shape_color=\u00a0\u00bb#ffffff\u00a0\u00bb bottom_shape_color=\u00a0\u00bb#ffffff\u00a0\u00bb sidebar=\u00a0\u00bbsidebar-1&Prime; first_page=\u00a0\u00bbfalse\u00a0\u00bb last_page=\u00a0\u00bbfalse\u00a0\u00bb][vc_column css=\u00a0\u00bb.vc_custom_1474013518423{padding-top: 0px !important;padding-bottom: 0px !important;background-position: center !important;background-repeat: no-repeat !important;background-size: cover !important;}\u00a0\u00bb][vc_row_inner is_fullwidth_content=\u00a0\u00bbfalse\u00a0\u00bb css=\u00a0\u00bb.vc_custom_1475446003628{padding-right: 30px !important;padding-left: 30px !important;}\u00a0\u00bb][vc_column_inner][mk_fancy_title tag_name=\u00a0\u00bbh1&Prime; color=\u00a0\u00bb#ffffff\u00a0\u00bb size=\u00a0\u00bb30&Prime; force_font_size=\u00a0\u00bbtrue\u00a0\u00bb size_smallscreen=\u00a0\u00bb26&Prime; size_tablet=\u00a0\u00bb20&Prime; size_phone=\u00a0\u00bb20&Prime; font_weight=\u00a0\u00bb400&Prime; font_style=\u00a0\u00bbnormal\u00a0\u00bb txt_transform=\u00a0\u00bbuppercase\u00a0\u00bb letter_spacing=\u00a0\u00bb4&Prime; margin_top=\u00a0\u00bb15&Prime; margin_bottom=\u00a0\u00bb0&Prime; font_family=\u00a0\u00bbnone\u00a0\u00bb]Devenez partenaires[\/mk_fancy_title][\/vc_column_inner][\/vc_row_inner][\/vc_column][\/mk_page_section][vc_row fullwidth=\u00a0\u00bbtrue\u00a0\u00bb el_class=\u00a0\u00bbrow-pad-30&Prime;][vc_column][mk_padding_divider size=\u00a0\u00bb75&Prime;][vc_row_inner is_fullwidth_content=\u00a0\u00bbfalse\u00a0\u00bb][vc_column_inner width=\u00a0\u00bb1\/3&Prime;][mk_fancy_title color=\u00a0\u00bb#1775bb\u00a0\u00bb size=\u00a0\u00bb38&Prime; force_font_size=\u00a0\u00bbtrue\u00a0\u00bb [&hellip;]<\/p>\n","protected":false},"author":1,"featured_media":0,"parent":0,"menu_order":0,"comment_status":"closed","ping_status":"closed","template":"","meta":{"footnotes":""},"class_list":["post-12600","page","type-page","status-publish","hentry"],"yoast_head":"<!-- This site is optimized with the Yoast SEO plugin v26.8 - https:\/\/yoast.com\/product\/yoast-seo-wordpress\/ -->\n<title>R\u00e9seau global | OKIOK | Experts en cybers\u00e9curit\u00e9<\/title>\n<meta name=\"description\" content=\"D\u00e9couvrez le r\u00e9seau global de partenaires qui s\u2019\u00e9tend notamment en Am\u00e9rique du Nord, en Am\u00e9rique Latine et en Europe.\" \/>\n<meta name=\"robots\" content=\"index, follow, max-snippet:-1, max-image-preview:large, max-video-preview:-1\" \/>\n<meta property=\"og:locale\" content=\"fr_FR\" \/>\n<meta property=\"og:type\" content=\"article\" \/>\n<meta property=\"og:title\" content=\"R\u00e9seau global | OKIOK | Experts en cybers\u00e9curit\u00e9\" \/>\n<meta property=\"og:description\" content=\"D\u00e9couvrez le r\u00e9seau global de partenaires qui s\u2019\u00e9tend notamment en Am\u00e9rique du Nord, en Am\u00e9rique Latine et en Europe.\" \/>\n<meta property=\"og:site_name\" content=\"OKIOK - Securit\u00e9 dans un monde en changement\" \/>\n<meta property=\"article:publisher\" content=\"https:\/\/www.facebook.com\/okiokdata\/\" \/>\n<meta property=\"article:modified_time\" content=\"2023-08-09T18:54:42+00:00\" \/>\n<meta name=\"twitter:card\" content=\"summary_large_image\" \/>\n<meta name=\"twitter:site\" content=\"@OKIOKdata\" \/>\n<meta name=\"twitter:label1\" content=\"Dur\u00e9e de lecture estim\u00e9e\" \/>\n\t<meta name=\"twitter:data1\" content=\"2 minutes\" \/>\n<!-- \/ Yoast SEO plugin. -->","yoast_head_json":{"title":"R\u00e9seau global | OKIOK | Experts en cybers\u00e9curit\u00e9","description":"D\u00e9couvrez le r\u00e9seau global de partenaires qui s\u2019\u00e9tend notamment en Am\u00e9rique du Nord, en Am\u00e9rique Latine et en Europe.","robots":{"index":"index","follow":"follow","max-snippet":"max-snippet:-1","max-image-preview":"max-image-preview:large","max-video-preview":"max-video-preview:-1"},"og_locale":"fr_FR","og_type":"article","og_title":"R\u00e9seau global | OKIOK | Experts en cybers\u00e9curit\u00e9","og_description":"D\u00e9couvrez le r\u00e9seau global de partenaires qui s\u2019\u00e9tend notamment en Am\u00e9rique du Nord, en Am\u00e9rique Latine et en Europe.","og_site_name":"OKIOK - Securit\u00e9 dans un monde en changement","article_publisher":"https:\/\/www.facebook.com\/okiokdata\/","article_modified_time":"2023-08-09T18:54:42+00:00","twitter_card":"summary_large_image","twitter_site":"@OKIOKdata","twitter_misc":{"Dur\u00e9e de lecture estim\u00e9e":"2 minutes"},"schema":{"@context":"https:\/\/schema.org","@graph":[{"@type":"WebPage","@id":"https:\/\/www.okiok.com\/fr\/devenez-partenaire\/","url":"https:\/\/www.okiok.com\/fr\/devenez-partenaire\/","name":"R\u00e9seau global | OKIOK | Experts en cybers\u00e9curit\u00e9","isPartOf":{"@id":"https:\/\/www.okiok.com\/fr\/#website"},"datePublished":"2016-10-17T01:23:06+00:00","dateModified":"2023-08-09T18:54:42+00:00","description":"D\u00e9couvrez le r\u00e9seau global de partenaires qui s\u2019\u00e9tend notamment en Am\u00e9rique du Nord, en Am\u00e9rique Latine et en Europe.","breadcrumb":{"@id":"https:\/\/www.okiok.com\/fr\/devenez-partenaire\/#breadcrumb"},"inLanguage":"fr-FR","potentialAction":[{"@type":"ReadAction","target":["https:\/\/www.okiok.com\/fr\/devenez-partenaire\/"]}]},{"@type":"BreadcrumbList","@id":"https:\/\/www.okiok.com\/fr\/devenez-partenaire\/#breadcrumb","itemListElement":[{"@type":"ListItem","position":1,"name":"Home","item":"https:\/\/prod.okiok.com\/fr\/"},{"@type":"ListItem","position":2,"name":"Devenez partenaire"}]},{"@type":"WebSite","@id":"https:\/\/www.okiok.com\/fr\/#website","url":"https:\/\/www.okiok.com\/fr\/","name":"OKIOK - Securit\u00e9 dans un monde en changement","description":"","publisher":{"@id":"https:\/\/www.okiok.com\/fr\/#organization"},"potentialAction":[{"@type":"SearchAction","target":{"@type":"EntryPoint","urlTemplate":"https:\/\/www.okiok.com\/fr\/?s={search_term_string}"},"query-input":{"@type":"PropertyValueSpecification","valueRequired":true,"valueName":"search_term_string"}}],"inLanguage":"fr-FR"},{"@type":"Organization","@id":"https:\/\/www.okiok.com\/fr\/#organization","name":"Okiok","url":"https:\/\/www.okiok.com\/fr\/","logo":{"@type":"ImageObject","inLanguage":"fr-FR","@id":"https:\/\/www.okiok.com\/fr\/#\/schema\/logo\/image\/","url":"https:\/\/www.okiok.com\/wp-content\/uploads\/2017\/06\/logo-okiok-2.png","contentUrl":"https:\/\/www.okiok.com\/wp-content\/uploads\/2017\/06\/logo-okiok-2.png","width":300,"height":369,"caption":"Okiok"},"image":{"@id":"https:\/\/www.okiok.com\/fr\/#\/schema\/logo\/image\/"},"sameAs":["https:\/\/www.facebook.com\/okiokdata\/","https:\/\/x.com\/OKIOKdata","https:\/\/www.linkedin.com\/company-beta\/119436\/"]}]}},"_links":{"self":[{"href":"https:\/\/www.okiok.com\/fr\/wp-json\/wp\/v2\/pages\/12600","targetHints":{"allow":["GET"]}}],"collection":[{"href":"https:\/\/www.okiok.com\/fr\/wp-json\/wp\/v2\/pages"}],"about":[{"href":"https:\/\/www.okiok.com\/fr\/wp-json\/wp\/v2\/types\/page"}],"author":[{"embeddable":true,"href":"https:\/\/www.okiok.com\/fr\/wp-json\/wp\/v2\/users\/1"}],"replies":[{"embeddable":true,"href":"https:\/\/www.okiok.com\/fr\/wp-json\/wp\/v2\/comments?post=12600"}],"version-history":[{"count":14,"href":"https:\/\/www.okiok.com\/fr\/wp-json\/wp\/v2\/pages\/12600\/revisions"}],"predecessor-version":[{"id":18838,"href":"https:\/\/www.okiok.com\/fr\/wp-json\/wp\/v2\/pages\/12600\/revisions\/18838"}],"wp:attachment":[{"href":"https:\/\/www.okiok.com\/fr\/wp-json\/wp\/v2\/media?parent=12600"}],"curies":[{"name":"wp","href":"https:\/\/api.w.org\/{rel}","templated":true}]}}