{"id":12724,"date":"2016-10-03T05:53:35","date_gmt":"2016-10-03T05:53:35","guid":{"rendered":"https:\/\/74.208.189.166\/okiok\/?page_id=12724"},"modified":"2019-05-14T16:01:56","modified_gmt":"2019-05-14T21:01:56","slug":"gouvernement","status":"publish","type":"page","link":"https:\/\/www.okiok.com\/fr\/secteurs\/gouvernement\/","title":{"rendered":"Gouvernement"},"content":{"rendered":"<div class=\"wpb-content-wrapper\">[mk_page_section bg_image=\u00a0\u00bb\/wp-content\/uploads\/2016\/08\/industries-2.jpg\u00a0\u00bb bg_position=\u00a0\u00bbcenter top\u00a0\u00bb bg_repeat=\u00a0\u00bbno-repeat\u00a0\u00bb video_loop=\u00a0\u00bbfalse\u00a0\u00bb video_opacity=\u00a0\u00bb0&Prime; min_height=\u00a0\u00bb200&Prime; full_width=\u00a0\u00bbtrue\u00a0\u00bb padding_top=\u00a0\u00bb0&Prime; padding_bottom=\u00a0\u00bb0&Prime; top_shape_color=\u00a0\u00bb#ffffff\u00a0\u00bb bottom_shape_color=\u00a0\u00bb#ffffff\u00a0\u00bb sidebar=\u00a0\u00bbsidebar-1&Prime; first_page=\u00a0\u00bbfalse\u00a0\u00bb last_page=\u00a0\u00bbfalse\u00a0\u00bb][vc_column css=\u00a0\u00bb.vc_custom_1474013518423{padding-top: 60px !important;padding-bottom: 15px !important;background-position: center !important;background-repeat: no-repeat !important;background-size: cover !important;}\u00a0\u00bb][vc_row_inner is_fullwidth_content=\u00a0\u00bbfalse\u00a0\u00bb css=\u00a0\u00bb.vc_custom_1475370526022{padding-right: 30px !important;padding-left: 0px !important;}\u00a0\u00bb][vc_column_inner][mk_fancy_title tag_name=\u00a0\u00bbh1&Prime; color=\u00a0\u00bb#ffffff\u00a0\u00bb size=\u00a0\u00bb30&Prime; force_font_size=\u00a0\u00bbtrue\u00a0\u00bb size_smallscreen=\u00a0\u00bb26&Prime; size_tablet=\u00a0\u00bb20&Prime; size_phone=\u00a0\u00bb20&Prime; font_weight=\u00a0\u00bb400&Prime; font_style=\u00a0\u00bbnormal\u00a0\u00bb txt_transform=\u00a0\u00bbuppercase\u00a0\u00bb letter_spacing=\u00a0\u00bb4&Prime; margin_top=\u00a0\u00bb16&Prime; margin_bottom=\u00a0\u00bb0&Prime; font_family=\u00a0\u00bbnone\u00a0\u00bb]Gouvernement[\/mk_fancy_title][\/vc_column_inner][\/vc_row_inner][\/vc_column][\/mk_page_section][vc_row][vc_column width=\u00a0\u00bb1\/3&Prime;][mk_divider style=\u00a0\u00bbpadding_space\u00a0\u00bb margin_top=\u00a0\u00bb75&Prime;][mk_fancy_title color=\u00a0\u00bb#1775bb\u00a0\u00bb size=\u00a0\u00bb32&Prime; line_height=\u00a0\u00bb99&Prime; font_weight=\u00a0\u00bbbold\u00a0\u00bb txt_transform=\u00a0\u00bbuppercase\u00a0\u00bb letter_spacing=\u00a0\u00bb1&Prime; margin_bottom=\u00a0\u00bb0&Prime; font_family=\u00a0\u00bbnone\u00a0\u00bb]Contr\u00f4le interne et fiabilit\u00e9 des services aux citoyens[\/mk_fancy_title][mk_fancy_title tag_name=\u00a0\u00bbh3&Prime; color=\u00a0\u00bb#1775bb\u00a0\u00bb size=\u00a0\u00bb18&Prime; font_weight=\u00a0\u00bb400&Prime; txt_transform=\u00a0\u00bbnone\u00a0\u00bb letter_spacing=\u00a0\u00bb1&Prime; margin_bottom=\u00a0\u00bb0&Prime; font_family=\u00a0\u00bbnone\u00a0\u00bb]<em>Des produits et services adapt\u00e9s pour une meilleure agilit\u00e9<\/em>[\/mk_fancy_title][mk_divider style=\u00a0\u00bbthick_solid\u00a0\u00bb divider_width=\u00a0\u00bbone_half\u00a0\u00bb align=\u00a0\u00bbleft\u00a0\u00bb border_color=\u00a0\u00bb#1775bb\u00a0\u00bb margin_top=\u00a0\u00bb0&Prime; margin_bottom=\u00a0\u00bb0&Prime;][\/vc_column][vc_column width=\u00a0\u00bb2\/3&Prime;][mk_divider style=\u00a0\u00bbpadding_space\u00a0\u00bb margin_top=\u00a0\u00bb75&Prime;][vc_column_text]Les diff\u00e9rents paliers de gouvernements et leurs multiples instances font appel aux technologies pour rendre leurs services disponibles aux citoyens. Ils doivent toutefois s\u2019assurer que les divers aspects critiques telles que l\u2019int\u00e9grit\u00e9 de l\u2019information et la confidentialit\u00e9 des donn\u00e9es sont pris en charge et prot\u00e9g\u00e9s ad\u00e9quatement. En outre, les structures internes tr\u00e8s fragment\u00e9es posent d\u2019importants d\u00e9fis au niveau du contr\u00f4le des acc\u00e8s et de la gestion des identit\u00e9s, alors que seules les bonnes personnes doivent pouvoir acc\u00e9der \u00e0 l\u2019information critique.<\/p>\n<p>Forte d\u2019une exp\u00e9rience approfondie dans ce secteur, OKIOK offre des services et des solutions qui contribuent \u00e0 rendre les gouvernements agiles et efficients dans leurs communications et leurs services \u00e0 la population, en assurant leur fiabilit\u00e9. De la conception d\u2019architecture de s\u00e9curit\u00e9 \u00e0 l\u2019\u00e9valuation des vuln\u00e9rabilit\u00e9s, en passant par le transfert de fichiers s\u00e9curis\u00e9, OKIOK est le partenaire tout d\u00e9sign\u00e9 en mati\u00e8re de cybers\u00e9curit\u00e9. Les diff\u00e9rents volets de l\u2019offre d\u2019OKIOK touchant \u00e0 la gestion des identit\u00e9s permettent \u00e9galement aux diverses instances gouvernementales, m\u00eame les plus petits minist\u00e8res, \u00e0 rencontrer leurs obligations de conformit\u00e9 aux diff\u00e9rentes normes. En outre, OKIOK travaille avec divers corps policiers pour mener des tests d\u2019intrusion visant \u00e0 v\u00e9rifier la fiabilit\u00e9 des syst\u00e8mes informatiques, et fournit \u00e9galement son expertise en mati\u00e8re d\u2019informatique judiciaire.[\/vc_column_text][\/vc_column][\/vc_row][mk_page_section full_width=\u00a0\u00bbtrue\u00a0\u00bb padding_top=\u00a0\u00bb0&Prime; padding_bottom=\u00a0\u00bb0&Prime; sidebar=\u00a0\u00bbsidebar-1&Prime;][vc_column][mk_divider style=\u00a0\u00bbpadding_space\u00a0\u00bb margin_top=\u00a0\u00bb25&Prime;][mk_animated_columns column_height=\u00a0\u00bb450&Prime; order=\u00a0\u00bbASC\u00a0\u00bb title_size=\u00a0\u00bb16&Prime; border_color=\u00a0\u00bb#959393&Prime; bg_hover_color=\u00a0\u00bb#323336&Prime; icon_size=\u00a0\u00bb48&Prime; txt_color=\u00a0\u00bb#737373&Prime; txt_hover_color=\u00a0\u00bb#ffffff\u00a0\u00bb btn_hover_txt_color=\u00a0\u00bb#323336&Prime; el_class=\u00a0\u00bbindu-tiles\u00a0\u00bb columns=\u00a0\u00bb13156, 13157, 13158, 13151, 13152, 13153, 13154, 13155, 13157&Prime;][\/vc_column][\/mk_page_section][mk_page_section bg_image=\u00a0\u00bb\/wp-content\/uploads\/2016\/08\/Rectangle-44.jpg\u00a0\u00bb attachment=\u00a0\u00bbfixed\u00a0\u00bb bg_position=\u00a0\u00bbcenter center\u00a0\u00bb bg_repeat=\u00a0\u00bbno-repeat\u00a0\u00bb bg_stretch=\u00a0\u00bbtrue\u00a0\u00bb enable_3d=\u00a0\u00bbtrue\u00a0\u00bb padding_top=\u00a0\u00bb80&Prime; padding_bottom=\u00a0\u00bb80&Prime; top_shape_color=\u00a0\u00bb#ffffff\u00a0\u00bb bottom_shape_color=\u00a0\u00bb#ffffff\u00a0\u00bb sidebar=\u00a0\u00bbsidebar-1&Prime;][vc_column][mk_fancy_title color=\u00a0\u00bb#ffffff\u00a0\u00bb size=\u00a0\u00bb20&Prime; txt_transform=\u00a0\u00bbuppercase\u00a0\u00bb margin_bottom=\u00a0\u00bb10&Prime; font_family=\u00a0\u00bbnone\u00a0\u00bb align=\u00a0\u00bbcenter\u00a0\u00bb]POUR EN SAVOIR PLUS[\/mk_fancy_title][vc_column_text align=\u00a0\u00bbcenter\u00a0\u00bb margin_bottom=\u00a0\u00bb30&Prime;]\n<p style=\"color: #fff;\">Nos experts se feront un plaisir de vous conseiller et de r\u00e9pondre \u00e0 vos questions.<\/p>\n[\/vc_column_text][mk_button dimension=\u00a0\u00bboutline\u00a0\u00bb size=\u00a0\u00bblarge\u00a0\u00bb url=\u00a0\u00bb\/fr\/a-propos\/nous-joindre\/\u00a0\u00bb align=\u00a0\u00bbcenter\u00a0\u00bb button_custom_width=\u00a0\u00bb\u00a0\u00bb el_class=\u00a0\u00bbbtn-font-22 btn-font-normal\u00a0\u00bb outline_skin=\u00a0\u00bbcustom\u00a0\u00bb outline_active_text_color=\u00a0\u00bb#ffffff\u00a0\u00bb outline_hover_bg_color=\u00a0\u00bb#ffffff\u00a0\u00bb outline_hover_color=\u00a0\u00bb#4b5664&Prime;]CONTACTEZ-NOUS[\/mk_button][\/vc_column][\/mk_page_section]\n<\/div>","protected":false},"excerpt":{"rendered":"<p>[mk_page_section bg_image=\u00a0\u00bb\/wp-content\/uploads\/2016\/08\/industries-2.jpg\u00a0\u00bb bg_position=\u00a0\u00bbcenter top\u00a0\u00bb bg_repeat=\u00a0\u00bbno-repeat\u00a0\u00bb video_loop=\u00a0\u00bbfalse\u00a0\u00bb video_opacity=\u00a0\u00bb0&Prime; min_height=\u00a0\u00bb200&Prime; full_width=\u00a0\u00bbtrue\u00a0\u00bb padding_top=\u00a0\u00bb0&Prime; padding_bottom=\u00a0\u00bb0&Prime; top_shape_color=\u00a0\u00bb#ffffff\u00a0\u00bb bottom_shape_color=\u00a0\u00bb#ffffff\u00a0\u00bb sidebar=\u00a0\u00bbsidebar-1&Prime; first_page=\u00a0\u00bbfalse\u00a0\u00bb last_page=\u00a0\u00bbfalse\u00a0\u00bb][vc_column css=\u00a0\u00bb.vc_custom_1474013518423{padding-top: 60px !important;padding-bottom: 15px !important;background-position: center !important;background-repeat: no-repeat !important;background-size: cover !important;}\u00a0\u00bb][vc_row_inner is_fullwidth_content=\u00a0\u00bbfalse\u00a0\u00bb css=\u00a0\u00bb.vc_custom_1475370526022{padding-right: 30px !important;padding-left: 0px !important;}\u00a0\u00bb][vc_column_inner][mk_fancy_title tag_name=\u00a0\u00bbh1&Prime; color=\u00a0\u00bb#ffffff\u00a0\u00bb size=\u00a0\u00bb30&Prime; force_font_size=\u00a0\u00bbtrue\u00a0\u00bb size_smallscreen=\u00a0\u00bb26&Prime; size_tablet=\u00a0\u00bb20&Prime; size_phone=\u00a0\u00bb20&Prime; font_weight=\u00a0\u00bb400&Prime; font_style=\u00a0\u00bbnormal\u00a0\u00bb txt_transform=\u00a0\u00bbuppercase\u00a0\u00bb letter_spacing=\u00a0\u00bb4&Prime; margin_top=\u00a0\u00bb16&Prime; margin_bottom=\u00a0\u00bb0&Prime; font_family=\u00a0\u00bbnone\u00a0\u00bb]Gouvernement[\/mk_fancy_title][\/vc_column_inner][\/vc_row_inner][\/vc_column][\/mk_page_section][vc_row][vc_column width=\u00a0\u00bb1\/3&Prime;][mk_divider style=\u00a0\u00bbpadding_space\u00a0\u00bb margin_top=\u00a0\u00bb75&Prime;][mk_fancy_title color=\u00a0\u00bb#1775bb\u00a0\u00bb size=\u00a0\u00bb32&Prime; line_height=\u00a0\u00bb99&Prime; font_weight=\u00a0\u00bbbold\u00a0\u00bb txt_transform=\u00a0\u00bbuppercase\u00a0\u00bb [&hellip;]<\/p>\n","protected":false},"author":1,"featured_media":0,"parent":12602,"menu_order":0,"comment_status":"closed","ping_status":"closed","template":"","meta":{"footnotes":""},"class_list":["post-12724","page","type-page","status-publish","hentry"],"yoast_head":"<!-- This site is optimized with the Yoast SEO plugin v26.8 - https:\/\/yoast.com\/product\/yoast-seo-wordpress\/ -->\n<title>Int\u00e9grit\u00e9 de l\u2019information dans les services aux citoyens | OKIOK<\/title>\n<meta name=\"description\" content=\"Contr\u00f4le interne et fiabilit\u00e9 des services aux citoyens avec des produits et services adapt\u00e9s pour une meilleure agilit\u00e9. Demandez l&#039;avis de nos experts.\" \/>\n<meta name=\"robots\" content=\"index, follow, max-snippet:-1, max-image-preview:large, max-video-preview:-1\" \/>\n<meta property=\"og:locale\" content=\"fr_FR\" \/>\n<meta property=\"og:type\" content=\"article\" \/>\n<meta property=\"og:title\" content=\"Int\u00e9grit\u00e9 de l\u2019information dans les services aux citoyens | OKIOK\" \/>\n<meta property=\"og:description\" content=\"Contr\u00f4le interne et fiabilit\u00e9 des services aux citoyens avec des produits et services adapt\u00e9s pour une meilleure agilit\u00e9. Demandez l&#039;avis de nos experts.\" \/>\n<meta property=\"og:site_name\" content=\"OKIOK - Securit\u00e9 dans un monde en changement\" \/>\n<meta property=\"article:publisher\" content=\"https:\/\/www.facebook.com\/okiokdata\/\" \/>\n<meta property=\"article:modified_time\" content=\"2019-05-14T21:01:56+00:00\" \/>\n<meta name=\"twitter:card\" content=\"summary_large_image\" \/>\n<meta name=\"twitter:site\" content=\"@OKIOKdata\" \/>\n<meta name=\"twitter:label1\" content=\"Dur\u00e9e de lecture estim\u00e9e\" \/>\n\t<meta name=\"twitter:data1\" content=\"3 minutes\" \/>\n<!-- \/ Yoast SEO plugin. -->","yoast_head_json":{"title":"Int\u00e9grit\u00e9 de l\u2019information dans les services aux citoyens | OKIOK","description":"Contr\u00f4le interne et fiabilit\u00e9 des services aux citoyens avec des produits et services adapt\u00e9s pour une meilleure agilit\u00e9. Demandez l'avis de nos experts.","robots":{"index":"index","follow":"follow","max-snippet":"max-snippet:-1","max-image-preview":"max-image-preview:large","max-video-preview":"max-video-preview:-1"},"og_locale":"fr_FR","og_type":"article","og_title":"Int\u00e9grit\u00e9 de l\u2019information dans les services aux citoyens | OKIOK","og_description":"Contr\u00f4le interne et fiabilit\u00e9 des services aux citoyens avec des produits et services adapt\u00e9s pour une meilleure agilit\u00e9. Demandez l'avis de nos experts.","og_site_name":"OKIOK - Securit\u00e9 dans un monde en changement","article_publisher":"https:\/\/www.facebook.com\/okiokdata\/","article_modified_time":"2019-05-14T21:01:56+00:00","twitter_card":"summary_large_image","twitter_site":"@OKIOKdata","twitter_misc":{"Dur\u00e9e de lecture estim\u00e9e":"3 minutes"},"schema":{"@context":"https:\/\/schema.org","@graph":[{"@type":"WebPage","@id":"https:\/\/www.okiok.com\/fr\/secteurs\/gouvernement\/","url":"https:\/\/www.okiok.com\/fr\/secteurs\/gouvernement\/","name":"Int\u00e9grit\u00e9 de l\u2019information dans les services aux citoyens | OKIOK","isPartOf":{"@id":"https:\/\/www.okiok.com\/fr\/#website"},"datePublished":"2016-10-03T05:53:35+00:00","dateModified":"2019-05-14T21:01:56+00:00","description":"Contr\u00f4le interne et fiabilit\u00e9 des services aux citoyens avec des produits et services adapt\u00e9s pour une meilleure agilit\u00e9. Demandez l'avis de nos experts.","breadcrumb":{"@id":"https:\/\/www.okiok.com\/fr\/secteurs\/gouvernement\/#breadcrumb"},"inLanguage":"fr-FR","potentialAction":[{"@type":"ReadAction","target":["https:\/\/www.okiok.com\/fr\/secteurs\/gouvernement\/"]}]},{"@type":"BreadcrumbList","@id":"https:\/\/www.okiok.com\/fr\/secteurs\/gouvernement\/#breadcrumb","itemListElement":[{"@type":"ListItem","position":1,"name":"Home","item":"https:\/\/prod.okiok.com\/fr\/"},{"@type":"ListItem","position":2,"name":"Secteurs","item":"https:\/\/www.okiok.com\/fr\/secteurs\/"},{"@type":"ListItem","position":3,"name":"Gouvernement"}]},{"@type":"WebSite","@id":"https:\/\/www.okiok.com\/fr\/#website","url":"https:\/\/www.okiok.com\/fr\/","name":"OKIOK - Securit\u00e9 dans un monde en changement","description":"","publisher":{"@id":"https:\/\/www.okiok.com\/fr\/#organization"},"potentialAction":[{"@type":"SearchAction","target":{"@type":"EntryPoint","urlTemplate":"https:\/\/www.okiok.com\/fr\/?s={search_term_string}"},"query-input":{"@type":"PropertyValueSpecification","valueRequired":true,"valueName":"search_term_string"}}],"inLanguage":"fr-FR"},{"@type":"Organization","@id":"https:\/\/www.okiok.com\/fr\/#organization","name":"Okiok","url":"https:\/\/www.okiok.com\/fr\/","logo":{"@type":"ImageObject","inLanguage":"fr-FR","@id":"https:\/\/www.okiok.com\/fr\/#\/schema\/logo\/image\/","url":"https:\/\/www.okiok.com\/wp-content\/uploads\/2017\/06\/logo-okiok-2.png","contentUrl":"https:\/\/www.okiok.com\/wp-content\/uploads\/2017\/06\/logo-okiok-2.png","width":300,"height":369,"caption":"Okiok"},"image":{"@id":"https:\/\/www.okiok.com\/fr\/#\/schema\/logo\/image\/"},"sameAs":["https:\/\/www.facebook.com\/okiokdata\/","https:\/\/x.com\/OKIOKdata","https:\/\/www.linkedin.com\/company-beta\/119436\/"]}]}},"_links":{"self":[{"href":"https:\/\/www.okiok.com\/fr\/wp-json\/wp\/v2\/pages\/12724","targetHints":{"allow":["GET"]}}],"collection":[{"href":"https:\/\/www.okiok.com\/fr\/wp-json\/wp\/v2\/pages"}],"about":[{"href":"https:\/\/www.okiok.com\/fr\/wp-json\/wp\/v2\/types\/page"}],"author":[{"embeddable":true,"href":"https:\/\/www.okiok.com\/fr\/wp-json\/wp\/v2\/users\/1"}],"replies":[{"embeddable":true,"href":"https:\/\/www.okiok.com\/fr\/wp-json\/wp\/v2\/comments?post=12724"}],"version-history":[{"count":13,"href":"https:\/\/www.okiok.com\/fr\/wp-json\/wp\/v2\/pages\/12724\/revisions"}],"predecessor-version":[{"id":16057,"href":"https:\/\/www.okiok.com\/fr\/wp-json\/wp\/v2\/pages\/12724\/revisions\/16057"}],"up":[{"embeddable":true,"href":"https:\/\/www.okiok.com\/fr\/wp-json\/wp\/v2\/pages\/12602"}],"wp:attachment":[{"href":"https:\/\/www.okiok.com\/fr\/wp-json\/wp\/v2\/media?parent=12724"}],"curies":[{"name":"wp","href":"https:\/\/api.w.org\/{rel}","templated":true}]}}