{"id":12741,"date":"2016-10-18T00:56:38","date_gmt":"2016-10-18T00:56:38","guid":{"rendered":"https:\/\/74.208.189.166\/okiok\/?page_id=12741"},"modified":"2019-05-14T15:33:07","modified_gmt":"2019-05-14T20:33:07","slug":"s-filer-cloud","status":"publish","type":"page","link":"https:\/\/www.okiok.com\/fr\/produits\/s-filer-cloud\/","title":{"rendered":"S-Filer Cloud"},"content":{"rendered":"<div class=\"wpb-content-wrapper\">[vc_row][vc_column width=\u00a0\u00bb1\/3&Prime;][mk_divider style=\u00a0\u00bbpadding_space\u00a0\u00bb margin_top=\u00a0\u00bb90&Prime;][mk_fancy_title tag_name=\u00a0\u00bbh1&Prime; color=\u00a0\u00bb#1775bb\u00a0\u00bb size=\u00a0\u00bb32&Prime; line_height=\u00a0\u00bb99&Prime; font_weight=\u00a0\u00bbbold\u00a0\u00bb txt_transform=\u00a0\u00bbuppercase\u00a0\u00bb letter_spacing=\u00a0\u00bb1&Prime; margin_bottom=\u00a0\u00bb0&Prime; font_family=\u00a0\u00bbnone\u00a0\u00bb]La version infonuagique[\/mk_fancy_title][mk_fancy_title tag_name=\u00a0\u00bbh3&Prime; color=\u00a0\u00bb#1775bb\u00a0\u00bb size=\u00a0\u00bb18&Prime; font_weight=\u00a0\u00bb100&Prime; txt_transform=\u00a0\u00bbnone\u00a0\u00bb letter_spacing=\u00a0\u00bb1&Prime; margin_bottom=\u00a0\u00bb0&Prime; font_family=\u00a0\u00bbnone\u00a0\u00bb]<em>Pas d\u2019infrastructure requise, pas d\u2019installation. La m\u00eame solution de transfert de fichiers simple et s\u00e9curitaire<\/em>[\/mk_fancy_title][mk_divider style=\u00a0\u00bbthick_solid\u00a0\u00bb divider_width=\u00a0\u00bbone_half\u00a0\u00bb align=\u00a0\u00bbleft\u00a0\u00bb border_color=\u00a0\u00bb#1775bb\u00a0\u00bb margin_top=\u00a0\u00bb0&Prime; margin_bottom=\u00a0\u00bb0&Prime;][\/vc_column][vc_column width=\u00a0\u00bb2\/3&Prime;][mk_divider style=\u00a0\u00bbpadding_space\u00a0\u00bb margin_top=\u00a0\u00bb90&Prime;][vc_column_text]La version infonuagique (en mode service) de la solution S-Filer permet aux organisations qui ne disposent pas de l\u2019infrastructure n\u00e9cessaire d\u2019acc\u00e9der aux m\u00eames fonctionnalit\u00e9s de transfert de fichiers s\u00e9curis\u00e9, sur une base d\u2019abonnement mensuel. Adapt\u00e9e particuli\u00e8rement pour les petites et moyennes entreprises, S-Filer Cloud propose le m\u00eame niveau de s\u00e9curit\u00e9 \u00e9prouv\u00e9 et la m\u00eame simplicit\u00e9 d\u2019utilisation sans avoir \u00e0 vous pr\u00e9occuper de la mise en place d\u2019une infrastructure technologique hors de votre port\u00e9e.<\/p>\n<p>Gr\u00e2ce \u00e0 l\u2019infrastructure h\u00e9berg\u00e9e, la solution est pr\u00eate \u00e0 utiliser. Les diff\u00e9rents niveaux d\u2019abonnements disponibles varient selon le nombre d\u2019utilisateurs et l\u2019espace disque dont vous avez besoin.<\/p>\n<p>Toutes les entreprises ont enfin acc\u00e8s \u00e0 une solution qui s\u00e9curise automatiquement tous les fichiers envoy\u00e9s, assurant continuellement la protection de vos donn\u00e9es confidentielles et celles de vos clients et partenaires.[\/vc_column_text][vc_empty_space height=\u00a0\u00bb70px\u00a0\u00bb][\/vc_column][\/vc_row][mk_page_section bg_image=\u00a0\u00bb\/wp-content\/uploads\/2016\/08\/Rectangle-44.jpg\u00a0\u00bb attachment=\u00a0\u00bbfixed\u00a0\u00bb bg_position=\u00a0\u00bbcenter center\u00a0\u00bb bg_repeat=\u00a0\u00bbno-repeat\u00a0\u00bb bg_stretch=\u00a0\u00bbtrue\u00a0\u00bb enable_3d=\u00a0\u00bbtrue\u00a0\u00bb padding_top=\u00a0\u00bb80&Prime; padding_bottom=\u00a0\u00bb80&Prime; top_shape_color=\u00a0\u00bb#ffffff\u00a0\u00bb bottom_shape_color=\u00a0\u00bb#ffffff\u00a0\u00bb sidebar=\u00a0\u00bbsidebar-1&Prime;][vc_column][mk_fancy_title color=\u00a0\u00bb#ffffff\u00a0\u00bb size=\u00a0\u00bb20&Prime; txt_transform=\u00a0\u00bbuppercase\u00a0\u00bb margin_bottom=\u00a0\u00bb10&Prime; font_family=\u00a0\u00bbnone\u00a0\u00bb align=\u00a0\u00bbcenter\u00a0\u00bb]VOUS D\u00c9SIREZ EN SAVOIR PLUS?[\/mk_fancy_title][mk_button dimension=\u00a0\u00bboutline\u00a0\u00bb size=\u00a0\u00bblarge\u00a0\u00bb url=\u00a0\u00bb\/fr\/a-propos\/nous-joindre\/\u00a0\u00bb align=\u00a0\u00bbcenter\u00a0\u00bb button_custom_width=\u00a0\u00bb316&Prime; el_class=\u00a0\u00bbbtn-font-22 btn-font-normal\u00a0\u00bb outline_skin=\u00a0\u00bbcustom\u00a0\u00bb outline_active_text_color=\u00a0\u00bb#ffffff\u00a0\u00bb outline_hover_bg_color=\u00a0\u00bb#ffffff\u00a0\u00bb outline_hover_color=\u00a0\u00bb#4b5664&Prime;]CONTACTEZ-NOUS[\/mk_button][\/vc_column][\/mk_page_section]\n<\/div>","protected":false},"excerpt":{"rendered":"<p>[vc_row][vc_column width=\u00a0\u00bb1\/3&Prime;][mk_divider style=\u00a0\u00bbpadding_space\u00a0\u00bb margin_top=\u00a0\u00bb90&Prime;][mk_fancy_title tag_name=\u00a0\u00bbh1&Prime; color=\u00a0\u00bb#1775bb\u00a0\u00bb size=\u00a0\u00bb32&Prime; line_height=\u00a0\u00bb99&Prime; font_weight=\u00a0\u00bbbold\u00a0\u00bb txt_transform=\u00a0\u00bbuppercase\u00a0\u00bb letter_spacing=\u00a0\u00bb1&Prime; margin_bottom=\u00a0\u00bb0&Prime; font_family=\u00a0\u00bbnone\u00a0\u00bb]La version infonuagique[\/mk_fancy_title][mk_fancy_title tag_name=\u00a0\u00bbh3&Prime; color=\u00a0\u00bb#1775bb\u00a0\u00bb size=\u00a0\u00bb18&Prime; font_weight=\u00a0\u00bb100&Prime; txt_transform=\u00a0\u00bbnone\u00a0\u00bb letter_spacing=\u00a0\u00bb1&Prime; margin_bottom=\u00a0\u00bb0&Prime; font_family=\u00a0\u00bbnone\u00a0\u00bb]Pas d\u2019infrastructure requise, pas d\u2019installation. La m\u00eame solution de transfert de fichiers simple et s\u00e9curitaire[\/mk_fancy_title][mk_divider style=\u00a0\u00bbthick_solid\u00a0\u00bb divider_width=\u00a0\u00bbone_half\u00a0\u00bb align=\u00a0\u00bbleft\u00a0\u00bb border_color=\u00a0\u00bb#1775bb\u00a0\u00bb margin_top=\u00a0\u00bb0&Prime; margin_bottom=\u00a0\u00bb0&Prime;][\/vc_column][vc_column width=\u00a0\u00bb2\/3&Prime;][mk_divider style=\u00a0\u00bbpadding_space\u00a0\u00bb margin_top=\u00a0\u00bb90&Prime;][vc_column_text]La version infonuagique (en mode service) de la solution S-Filer [&hellip;]<\/p>\n","protected":false},"author":1,"featured_media":0,"parent":12735,"menu_order":0,"comment_status":"closed","ping_status":"closed","template":"","meta":{"footnotes":""},"class_list":["post-12741","page","type-page","status-publish","hentry"],"yoast_head":"<!-- This site is optimized with the Yoast SEO plugin v26.8 - https:\/\/yoast.com\/product\/yoast-seo-wordpress\/ -->\n<title>S-Filer Cloud |\u00a0Transfert de fichiers s\u00e9curis\u00e9s par infonuagique - OKIOK<\/title>\n<meta name=\"description\" content=\"Adapt\u00e9e aux PME, S-Filer Cloud comble les besoins d\u2019entreprise en mati\u00e8re de transfert et de stockage s\u00e9curis\u00e9 de fichiers. Demandez l&#039;avis de nos experts.\" \/>\n<meta name=\"robots\" content=\"index, follow, max-snippet:-1, max-image-preview:large, max-video-preview:-1\" \/>\n<meta property=\"og:locale\" content=\"fr_FR\" \/>\n<meta property=\"og:type\" content=\"article\" \/>\n<meta property=\"og:title\" content=\"S-Filer Cloud |\u00a0Transfert de fichiers s\u00e9curis\u00e9s par infonuagique - OKIOK\" \/>\n<meta property=\"og:description\" content=\"Adapt\u00e9e aux PME, S-Filer Cloud comble les besoins d\u2019entreprise en mati\u00e8re de transfert et de stockage s\u00e9curis\u00e9 de fichiers. Demandez l&#039;avis de nos experts.\" \/>\n<meta property=\"og:site_name\" content=\"OKIOK - Securit\u00e9 dans un monde en changement\" \/>\n<meta property=\"article:publisher\" content=\"https:\/\/www.facebook.com\/okiokdata\/\" \/>\n<meta property=\"article:modified_time\" content=\"2019-05-14T20:33:07+00:00\" \/>\n<meta name=\"twitter:card\" content=\"summary_large_image\" \/>\n<meta name=\"twitter:site\" content=\"@OKIOKdata\" \/>\n<meta name=\"twitter:label1\" content=\"Dur\u00e9e de lecture estim\u00e9e\" \/>\n\t<meta name=\"twitter:data1\" content=\"2 minutes\" \/>\n<!-- \/ Yoast SEO plugin. -->","yoast_head_json":{"title":"S-Filer Cloud |\u00a0Transfert de fichiers s\u00e9curis\u00e9s par infonuagique - OKIOK","description":"Adapt\u00e9e aux PME, S-Filer Cloud comble les besoins d\u2019entreprise en mati\u00e8re de transfert et de stockage s\u00e9curis\u00e9 de fichiers. Demandez l'avis de nos experts.","robots":{"index":"index","follow":"follow","max-snippet":"max-snippet:-1","max-image-preview":"max-image-preview:large","max-video-preview":"max-video-preview:-1"},"og_locale":"fr_FR","og_type":"article","og_title":"S-Filer Cloud |\u00a0Transfert de fichiers s\u00e9curis\u00e9s par infonuagique - OKIOK","og_description":"Adapt\u00e9e aux PME, S-Filer Cloud comble les besoins d\u2019entreprise en mati\u00e8re de transfert et de stockage s\u00e9curis\u00e9 de fichiers. Demandez l'avis de nos experts.","og_site_name":"OKIOK - Securit\u00e9 dans un monde en changement","article_publisher":"https:\/\/www.facebook.com\/okiokdata\/","article_modified_time":"2019-05-14T20:33:07+00:00","twitter_card":"summary_large_image","twitter_site":"@OKIOKdata","twitter_misc":{"Dur\u00e9e de lecture estim\u00e9e":"2 minutes"},"schema":{"@context":"https:\/\/schema.org","@graph":[{"@type":"WebPage","@id":"https:\/\/www.okiok.com\/fr\/produits\/s-filer-cloud\/","url":"https:\/\/www.okiok.com\/fr\/produits\/s-filer-cloud\/","name":"S-Filer Cloud |\u00a0Transfert de fichiers s\u00e9curis\u00e9s par infonuagique - OKIOK","isPartOf":{"@id":"https:\/\/www.okiok.com\/fr\/#website"},"datePublished":"2016-10-18T00:56:38+00:00","dateModified":"2019-05-14T20:33:07+00:00","description":"Adapt\u00e9e aux PME, S-Filer Cloud comble les besoins d\u2019entreprise en mati\u00e8re de transfert et de stockage s\u00e9curis\u00e9 de fichiers. Demandez l'avis de nos experts.","breadcrumb":{"@id":"https:\/\/www.okiok.com\/fr\/produits\/s-filer-cloud\/#breadcrumb"},"inLanguage":"fr-FR","potentialAction":[{"@type":"ReadAction","target":["https:\/\/www.okiok.com\/fr\/produits\/s-filer-cloud\/"]}]},{"@type":"BreadcrumbList","@id":"https:\/\/www.okiok.com\/fr\/produits\/s-filer-cloud\/#breadcrumb","itemListElement":[{"@type":"ListItem","position":1,"name":"Home","item":"https:\/\/prod.okiok.com\/fr\/"},{"@type":"ListItem","position":2,"name":"Produits","item":"https:\/\/www.okiok.com\/fr\/produits\/"},{"@type":"ListItem","position":3,"name":"S-Filer Cloud"}]},{"@type":"WebSite","@id":"https:\/\/www.okiok.com\/fr\/#website","url":"https:\/\/www.okiok.com\/fr\/","name":"OKIOK - Securit\u00e9 dans un monde en changement","description":"","publisher":{"@id":"https:\/\/www.okiok.com\/fr\/#organization"},"potentialAction":[{"@type":"SearchAction","target":{"@type":"EntryPoint","urlTemplate":"https:\/\/www.okiok.com\/fr\/?s={search_term_string}"},"query-input":{"@type":"PropertyValueSpecification","valueRequired":true,"valueName":"search_term_string"}}],"inLanguage":"fr-FR"},{"@type":"Organization","@id":"https:\/\/www.okiok.com\/fr\/#organization","name":"Okiok","url":"https:\/\/www.okiok.com\/fr\/","logo":{"@type":"ImageObject","inLanguage":"fr-FR","@id":"https:\/\/www.okiok.com\/fr\/#\/schema\/logo\/image\/","url":"https:\/\/www.okiok.com\/wp-content\/uploads\/2017\/06\/logo-okiok-2.png","contentUrl":"https:\/\/www.okiok.com\/wp-content\/uploads\/2017\/06\/logo-okiok-2.png","width":300,"height":369,"caption":"Okiok"},"image":{"@id":"https:\/\/www.okiok.com\/fr\/#\/schema\/logo\/image\/"},"sameAs":["https:\/\/www.facebook.com\/okiokdata\/","https:\/\/x.com\/OKIOKdata","https:\/\/www.linkedin.com\/company-beta\/119436\/"]}]}},"_links":{"self":[{"href":"https:\/\/www.okiok.com\/fr\/wp-json\/wp\/v2\/pages\/12741","targetHints":{"allow":["GET"]}}],"collection":[{"href":"https:\/\/www.okiok.com\/fr\/wp-json\/wp\/v2\/pages"}],"about":[{"href":"https:\/\/www.okiok.com\/fr\/wp-json\/wp\/v2\/types\/page"}],"author":[{"embeddable":true,"href":"https:\/\/www.okiok.com\/fr\/wp-json\/wp\/v2\/users\/1"}],"replies":[{"embeddable":true,"href":"https:\/\/www.okiok.com\/fr\/wp-json\/wp\/v2\/comments?post=12741"}],"version-history":[{"count":7,"href":"https:\/\/www.okiok.com\/fr\/wp-json\/wp\/v2\/pages\/12741\/revisions"}],"predecessor-version":[{"id":15793,"href":"https:\/\/www.okiok.com\/fr\/wp-json\/wp\/v2\/pages\/12741\/revisions\/15793"}],"up":[{"embeddable":true,"href":"https:\/\/www.okiok.com\/fr\/wp-json\/wp\/v2\/pages\/12735"}],"wp:attachment":[{"href":"https:\/\/www.okiok.com\/fr\/wp-json\/wp\/v2\/media?parent=12741"}],"curies":[{"name":"wp","href":"https:\/\/api.w.org\/{rel}","templated":true}]}}