{"id":12751,"date":"2016-10-18T01:06:40","date_gmt":"2016-10-18T01:06:40","guid":{"rendered":"https:\/\/74.208.189.166\/okiok\/?page_id=12751"},"modified":"2023-08-09T13:53:01","modified_gmt":"2023-08-09T18:53:01","slug":"nouvelles","status":"publish","type":"page","link":"https:\/\/www.okiok.com\/fr\/nouvelles\/","title":{"rendered":"Nouvelles"},"content":{"rendered":"<div class=\"wpb-content-wrapper\">[vc_row css=\u00a0\u00bb.vc_custom_1478281095407{margin-top: 80px !important;}\u00a0\u00bb][vc_column][mk_blog post_count=\u00a0\u00bb20&Prime;][\/vc_column][\/vc_row][vc_row][vc_column][vc_raw_js]JTNDc2NyaXB0JTNFJTBBalF1ZXJ5JTI4JTI3Lm1rLWJ1dHRvbi0tdGV4dCUyNyUyOS50ZXh0JTI4JTI3TElSRSUyMExBJTIwU1VJVEUlMjclMjklM0IlMEElM0MlMkZzY3JpcHQlM0U=[\/vc_raw_js][\/vc_column][\/vc_row]\n<\/div>","protected":false},"excerpt":{"rendered":"<p>[vc_row css=\u00a0\u00bb.vc_custom_1478281095407{margin-top: 80px !important;}\u00a0\u00bb][vc_column][mk_blog post_count=\u00a0\u00bb20&Prime;][\/vc_column][\/vc_row][vc_row][vc_column][vc_raw_js]JTNDc2NyaXB0JTNFJTBBalF1ZXJ5JTI4JTI3Lm1rLWJ1dHRvbi0tdGV4dCUyNyUyOS50ZXh0JTI4JTI3TElSRSUyMExBJTIwU1VJVEUlMjclMjklM0IlMEElM0MlMkZzY3JpcHQlM0U=[\/vc_raw_js][\/vc_column][\/vc_row]<\/p>\n","protected":false},"author":1,"featured_media":0,"parent":0,"menu_order":0,"comment_status":"closed","ping_status":"closed","template":"","meta":{"footnotes":""},"class_list":["post-12751","page","type-page","status-publish","hentry"],"yoast_head":"<!-- This site is optimized with the Yoast SEO plugin v26.8 - https:\/\/yoast.com\/product\/yoast-seo-wordpress\/ -->\n<title>Nouvelles | OKIOK | Experts en cybers\u00e9curit\u00e9<\/title>\n<meta name=\"description\" content=\"Restez \u00e0 l&#039;aff\u00fbt des nouvelles en cybers\u00e9curit\u00e9 et des actualit\u00e9s d&#039;OKIOK. Apprenez-en plus sur l\u2019innovation en cybers\u00e9curit\u00e9.\" \/>\n<meta name=\"robots\" content=\"index, follow, max-snippet:-1, max-image-preview:large, max-video-preview:-1\" \/>\n<meta property=\"og:locale\" content=\"fr_FR\" \/>\n<meta property=\"og:type\" content=\"article\" \/>\n<meta property=\"og:title\" content=\"Nouvelles | OKIOK | Experts en cybers\u00e9curit\u00e9\" \/>\n<meta property=\"og:description\" content=\"Restez \u00e0 l&#039;aff\u00fbt des nouvelles en cybers\u00e9curit\u00e9 et des actualit\u00e9s d&#039;OKIOK. Apprenez-en plus sur l\u2019innovation en cybers\u00e9curit\u00e9.\" \/>\n<meta property=\"og:site_name\" content=\"OKIOK - Securit\u00e9 dans un monde en changement\" \/>\n<meta property=\"article:publisher\" content=\"https:\/\/www.facebook.com\/okiokdata\/\" \/>\n<meta property=\"article:modified_time\" content=\"2023-08-09T18:53:01+00:00\" \/>\n<meta name=\"twitter:card\" content=\"summary_large_image\" \/>\n<meta name=\"twitter:site\" content=\"@OKIOKdata\" \/>\n<meta name=\"twitter:label1\" content=\"Dur\u00e9e de lecture estim\u00e9e\" \/>\n\t<meta name=\"twitter:data1\" content=\"1 minute\" \/>\n<!-- \/ Yoast SEO plugin. -->","yoast_head_json":{"title":"Nouvelles | OKIOK | Experts en cybers\u00e9curit\u00e9","description":"Restez \u00e0 l'aff\u00fbt des nouvelles en cybers\u00e9curit\u00e9 et des actualit\u00e9s d'OKIOK. Apprenez-en plus sur l\u2019innovation en cybers\u00e9curit\u00e9.","robots":{"index":"index","follow":"follow","max-snippet":"max-snippet:-1","max-image-preview":"max-image-preview:large","max-video-preview":"max-video-preview:-1"},"og_locale":"fr_FR","og_type":"article","og_title":"Nouvelles | OKIOK | Experts en cybers\u00e9curit\u00e9","og_description":"Restez \u00e0 l'aff\u00fbt des nouvelles en cybers\u00e9curit\u00e9 et des actualit\u00e9s d'OKIOK. Apprenez-en plus sur l\u2019innovation en cybers\u00e9curit\u00e9.","og_site_name":"OKIOK - Securit\u00e9 dans un monde en changement","article_publisher":"https:\/\/www.facebook.com\/okiokdata\/","article_modified_time":"2023-08-09T18:53:01+00:00","twitter_card":"summary_large_image","twitter_site":"@OKIOKdata","twitter_misc":{"Dur\u00e9e de lecture estim\u00e9e":"1 minute"},"schema":{"@context":"https:\/\/schema.org","@graph":[{"@type":"WebPage","@id":"https:\/\/www.okiok.com\/fr\/nouvelles\/","url":"https:\/\/www.okiok.com\/fr\/nouvelles\/","name":"Nouvelles | OKIOK | Experts en cybers\u00e9curit\u00e9","isPartOf":{"@id":"https:\/\/www.okiok.com\/fr\/#website"},"datePublished":"2016-10-18T01:06:40+00:00","dateModified":"2023-08-09T18:53:01+00:00","description":"Restez \u00e0 l'aff\u00fbt des nouvelles en cybers\u00e9curit\u00e9 et des actualit\u00e9s d'OKIOK. Apprenez-en plus sur l\u2019innovation en cybers\u00e9curit\u00e9.","breadcrumb":{"@id":"https:\/\/www.okiok.com\/fr\/nouvelles\/#breadcrumb"},"inLanguage":"fr-FR","potentialAction":[{"@type":"ReadAction","target":["https:\/\/www.okiok.com\/fr\/nouvelles\/"]}]},{"@type":"BreadcrumbList","@id":"https:\/\/www.okiok.com\/fr\/nouvelles\/#breadcrumb","itemListElement":[{"@type":"ListItem","position":1,"name":"Home","item":"https:\/\/prod.okiok.com\/fr\/"},{"@type":"ListItem","position":2,"name":"Nouvelles"}]},{"@type":"WebSite","@id":"https:\/\/www.okiok.com\/fr\/#website","url":"https:\/\/www.okiok.com\/fr\/","name":"OKIOK - Securit\u00e9 dans un monde en changement","description":"","publisher":{"@id":"https:\/\/www.okiok.com\/fr\/#organization"},"potentialAction":[{"@type":"SearchAction","target":{"@type":"EntryPoint","urlTemplate":"https:\/\/www.okiok.com\/fr\/?s={search_term_string}"},"query-input":{"@type":"PropertyValueSpecification","valueRequired":true,"valueName":"search_term_string"}}],"inLanguage":"fr-FR"},{"@type":"Organization","@id":"https:\/\/www.okiok.com\/fr\/#organization","name":"Okiok","url":"https:\/\/www.okiok.com\/fr\/","logo":{"@type":"ImageObject","inLanguage":"fr-FR","@id":"https:\/\/www.okiok.com\/fr\/#\/schema\/logo\/image\/","url":"https:\/\/www.okiok.com\/wp-content\/uploads\/2017\/06\/logo-okiok-2.png","contentUrl":"https:\/\/www.okiok.com\/wp-content\/uploads\/2017\/06\/logo-okiok-2.png","width":300,"height":369,"caption":"Okiok"},"image":{"@id":"https:\/\/www.okiok.com\/fr\/#\/schema\/logo\/image\/"},"sameAs":["https:\/\/www.facebook.com\/okiokdata\/","https:\/\/x.com\/OKIOKdata","https:\/\/www.linkedin.com\/company-beta\/119436\/"]}]}},"_links":{"self":[{"href":"https:\/\/www.okiok.com\/fr\/wp-json\/wp\/v2\/pages\/12751","targetHints":{"allow":["GET"]}}],"collection":[{"href":"https:\/\/www.okiok.com\/fr\/wp-json\/wp\/v2\/pages"}],"about":[{"href":"https:\/\/www.okiok.com\/fr\/wp-json\/wp\/v2\/types\/page"}],"author":[{"embeddable":true,"href":"https:\/\/www.okiok.com\/fr\/wp-json\/wp\/v2\/users\/1"}],"replies":[{"embeddable":true,"href":"https:\/\/www.okiok.com\/fr\/wp-json\/wp\/v2\/comments?post=12751"}],"version-history":[{"count":13,"href":"https:\/\/www.okiok.com\/fr\/wp-json\/wp\/v2\/pages\/12751\/revisions"}],"predecessor-version":[{"id":20759,"href":"https:\/\/www.okiok.com\/fr\/wp-json\/wp\/v2\/pages\/12751\/revisions\/20759"}],"wp:attachment":[{"href":"https:\/\/www.okiok.com\/fr\/wp-json\/wp\/v2\/media?parent=12751"}],"curies":[{"name":"wp","href":"https:\/\/api.w.org\/{rel}","templated":true}]}}