{"id":12758,"date":"2016-10-18T01:10:54","date_gmt":"2016-10-18T01:10:54","guid":{"rendered":"https:\/\/74.208.189.166\/okiok\/?page_id=12758"},"modified":"2019-05-30T13:06:38","modified_gmt":"2019-05-30T18:06:38","slug":"solutions-sur-mesure","status":"publish","type":"page","link":"https:\/\/www.okiok.com\/fr\/services\/solutions-sur-mesure\/","title":{"rendered":"Solutions sur mesure"},"content":{"rendered":"<div class=\"wpb-content-wrapper\">[mk_page_section bg_image=\u00a0\u00bb\/wp-content\/uploads\/2016\/10\/Tailored-solution-1.png\u00a0\u00bb bg_position=\u00a0\u00bbcenter top\u00a0\u00bb bg_repeat=\u00a0\u00bbno-repeat\u00a0\u00bb video_loop=\u00a0\u00bbfalse\u00a0\u00bb video_opacity=\u00a0\u00bb0&Prime; min_height=\u00a0\u00bb200&Prime; padding_top=\u00a0\u00bb0&Prime; padding_bottom=\u00a0\u00bb0&Prime; top_shape_color=\u00a0\u00bb#ffffff\u00a0\u00bb bottom_shape_color=\u00a0\u00bb#ffffff\u00a0\u00bb el_class=\u00a0\u00bbidentity-banner\u00a0\u00bb sidebar=\u00a0\u00bbsidebar-1&Prime; first_page=\u00a0\u00bbfalse\u00a0\u00bb last_page=\u00a0\u00bbfalse\u00a0\u00bb][vc_column css=\u00a0\u00bb.vc_custom_1474022518322{padding-top: 60px !important;padding-bottom: 15px !important;background-position: center !important;background-repeat: no-repeat !important;background-size: cover !important;}\u00a0\u00bb][vc_row_inner css=\u00a0\u00bb.vc_custom_1471426440584{padding-right: 30px !important;padding-left: 0px !important;}\u00a0\u00bb][vc_column_inner width=\u00a0\u00bb1\/2&Prime;][vc_column_text]<img loading=\"lazy\" decoding=\"async\" class=\"alignleft size-full wp-image-11654\" style=\"margin-top: -20px;\" src=\"\/wp-content\/uploads\/2016\/11\/custom-solutions.jpg\" alt=\"Solutions sur mesure\" width=\"86\" height=\"83\" \/><\/p>\n<h1 id=\"fancy-title-3\" class=\"mk-fancy-title simple-style color-single\" style=\"padding-top: 6px; color: #fff; font-weight: 400; letter-spacing: 1px; font-size: 26px;\">Solutions sur mesure<\/h1>\n[\/vc_column_text][\/vc_column_inner][vc_column_inner width=\u00a0\u00bb1\/2&Prime;][mk_button dimension=\u00a0\u00bbflat\u00a0\u00bb size=\u00a0\u00bblarge\u00a0\u00bb url=\u00a0\u00bb#contact-form\u00a0\u00bb align=\u00a0\u00bbright\u00a0\u00bb button_custom_width=\u00a0\u00bb\u00a0\u00bb margin_top=\u00a0\u00bb20&Prime; margin_bottom=\u00a0\u00bb0&Prime; margin_right=\u00a0\u00bb0&Prime; el_class=\u00a0\u00bbpopup-shown\u00a0\u00bb bg_color=\u00a0\u00bb#00b034&Prime; btn_hover_bg=\u00a0\u00bb#007c25&Prime;]DEMANDEZ UNE PR\u00c9SENTATION[\/mk_button][\/vc_column_inner][\/vc_row_inner][\/vc_column][\/mk_page_section][vc_row fullwidth=\u00a0\u00bbtrue\u00a0\u00bb fullwidth_content=\u00a0\u00bbfalse\u00a0\u00bb][vc_column][mk_padding_divider size=\u00a0\u00bb70&Prime;][vc_row_inner][vc_column_inner width=\u00a0\u00bb1\/3&Prime;][mk_fancy_title color=\u00a0\u00bb#00b034&Prime; size=\u00a0\u00bb38&Prime; force_font_size=\u00a0\u00bbtrue\u00a0\u00bb size_smallscreen=\u00a0\u00bb32&Prime; size_tablet=\u00a0\u00bb28&Prime; size_phone=\u00a0\u00bb20&Prime; line_height=\u00a0\u00bb99&Prime; font_weight=\u00a0\u00bbbold\u00a0\u00bb txt_transform=\u00a0\u00bbuppercase\u00a0\u00bb margin_bottom=\u00a0\u00bb0&Prime; font_family=\u00a0\u00bbnone\u00a0\u00bb]Dotez-vous d\u2019une solution[\/mk_fancy_title][mk_fancy_title tag_name=\u00a0\u00bbh3&Prime; color=\u00a0\u00bb#00b034&Prime; size=\u00a0\u00bb18&Prime; force_font_size=\u00a0\u00bbtrue\u00a0\u00bb size_smallscreen=\u00a0\u00bb16&Prime; size_tablet=\u00a0\u00bb16&Prime; size_phone=\u00a0\u00bb16&Prime; font_weight=\u00a0\u00bb400&Prime; txt_transform=\u00a0\u00bblowercase\u00a0\u00bb margin_bottom=\u00a0\u00bb0&Prime; font_family=\u00a0\u00bbnone\u00a0\u00bb]<em>calqu\u00e9e sur vos propres besoins<\/em>[\/mk_fancy_title][mk_divider style=\u00a0\u00bbthick_solid\u00a0\u00bb divider_width=\u00a0\u00bbone_half\u00a0\u00bb align=\u00a0\u00bbleft\u00a0\u00bb border_color=\u00a0\u00bb#00b034&Prime; margin_top=\u00a0\u00bb0&Prime; margin_bottom=\u00a0\u00bb0&Prime;][\/vc_column_inner][vc_column_inner width=\u00a0\u00bb2\/3&Prime;][mk_custom_list style=\u00a0\u00bb\u00a0\u00bb]Les besoins technologiques de chaque organisation sont uniques. Bien qu\u2019une grande vari\u00e9t\u00e9 de solutions de s\u00e9curit\u00e9 existe sur le march\u00e9, il n\u2019est pas rare qu\u2019aucune d\u2019entre elles ne r\u00e9unisse toutes les fonctions recherch\u00e9es, sous une forme pratique et rentable. Dans cette \u00e9ventualit\u00e9, OKIOK est en mesure de fa\u00e7onner des solutions personnalis\u00e9es qui \u00e9pouseront les justes besoins des organisations. Qu\u2019il soit question de d\u00e9velopper une solution compl\u00e8te ou d\u2019int\u00e9grer une composante \u00e0 un cadre technologique existant, l\u2019\u00e9quipe d\u2019OKIOK assure une intervention efficace et adapt\u00e9e, visant toujours \u00e0 maximiser le capital investi.[\/mk_custom_list][\/vc_column_inner][\/vc_row_inner][mk_padding_divider][\/vc_column][\/vc_row][vc_row][vc_column][vc_column_text] [\/vc_column_text][\/vc_column][\/vc_row][vc_row fullwidth=\u00a0\u00bbtrue\u00a0\u00bb fullwidth_content=\u00a0\u00bbfalse\u00a0\u00bb css=\u00a0\u00bb.vc_custom_1471512753699{background-color: #00b033 !important;}\u00a0\u00bb][vc_column][mk_padding_divider size=\u00a0\u00bb75&Prime;][vc_row_inner is_fullwidth_content=\u00a0\u00bbfalse\u00a0\u00bb el_class=\u00a0\u00bbdisc-list\u00a0\u00bb][vc_column_inner width=\u00a0\u00bb1\/3&Prime;][mk_fancy_title color=\u00a0\u00bb#ffffff\u00a0\u00bb size=\u00a0\u00bb32&Prime; force_font_size=\u00a0\u00bbtrue\u00a0\u00bb size_smallscreen=\u00a0\u00bb20&Prime; size_tablet=\u00a0\u00bb18&Prime; size_phone=\u00a0\u00bb16&Prime; line_height=\u00a0\u00bb99&Prime; font_weight=\u00a0\u00bbbold\u00a0\u00bb txt_transform=\u00a0\u00bbuppercase\u00a0\u00bb margin_bottom=\u00a0\u00bb0&Prime; font_family=\u00a0\u00bbnone\u00a0\u00bb]Quelques exemples[\/mk_fancy_title][mk_divider style=\u00a0\u00bbthick_solid\u00a0\u00bb border_color=\u00a0\u00bb#ffffff\u00a0\u00bb margin_top=\u00a0\u00bb0&Prime; el_class=\u00a0\u00bbmax-width76&Prime;][\/vc_column_inner][vc_column_inner width=\u00a0\u00bb1\/3&Prime;][mk_custom_list style=\u00a0\u00bb\u00a0\u00bb margin_bottom=\u00a0\u00bb0&Prime; el_class=\u00a0\u00bbwhite-list\u00a0\u00bb]\n<ul>\n<li>Solution d\u2019anonymisation d\u2019\u00e9tudes pharmaceutiques<\/li>\n<li>Solution de choix de NIP<\/li>\n<li>Solution de courtage de pr\u00eats R\u00c9ER<\/li>\n<li>S\u00e9curisation de protocoles reli\u00e9s aux contr\u00f4leurs d\u2019\u00e9nergie sur les r\u00e9seaux intelligents<\/li>\n<\/ul>\n[\/mk_custom_list][\/vc_column_inner][vc_column_inner width=\u00a0\u00bb1\/3&Prime;][mk_custom_list style=\u00a0\u00bb\u00a0\u00bb margin_bottom=\u00a0\u00bb0&Prime; el_class=\u00a0\u00bbwhite-list\u00a0\u00bb]\n<ul>\n<li>Solution d\u2019authentification f\u00e9d\u00e9r\u00e9e<\/li>\n<li>Infrastructure \u00e0 cl\u00e9 publique sur mesure<\/li>\n<li>Solution de signature num\u00e9rique de formulaires Web<\/li>\n<li>Infrastructure Corporative de S\u00e9curit\u00e9 (ICS)<\/li>\n<li>Kiosque s\u00e9curis\u00e9 d\u2019\u00e9mission de carte d\u2019identification personnelle<\/li>\n<\/ul>\n[\/mk_custom_list][\/vc_column_inner][\/vc_row_inner][mk_padding_divider size=\u00a0\u00bb70&Prime;][\/vc_column][\/vc_row][mk_page_section bg_color=\u00a0\u00bb#1775bb\u00a0\u00bb video_loop=\u00a0\u00bbfalse\u00a0\u00bb min_height=\u00a0\u00bb0&Prime; padding_top=\u00a0\u00bb25&Prime; padding_bottom=\u00a0\u00bb0&Prime; top_shape_color=\u00a0\u00bb#ffffff\u00a0\u00bb bottom_shape_color=\u00a0\u00bb#ffffff\u00a0\u00bb sidebar=\u00a0\u00bbsidebar-1&Prime; first_page=\u00a0\u00bbfalse\u00a0\u00bb last_page=\u00a0\u00bbfalse\u00a0\u00bb][vc_column][vc_row_inner css=\u00a0\u00bb.vc_custom_1477506613916{margin-left: 10% !important;}\u00a0\u00bb][vc_column_inner width=\u00a0\u00bb1\/6&Prime;][vc_icon icon_fontawesome=\u00a0\u00bbfa fa-envelope-o\u00a0\u00bb color=\u00a0\u00bbwhite\u00a0\u00bb background_style=\u00a0\u00bbrounded-outline\u00a0\u00bb background_color=\u00a0\u00bbwhite\u00a0\u00bb size=\u00a0\u00bblg\u00a0\u00bb link=\u00a0\u00bburl:\/fr%2Fa-propos%2Fnous-joindre%2F|||\u00a0\u00bb][\/vc_column_inner][vc_column_inner width=\u00a0\u00bb3\/6&Prime;][mk_fancy_title tag_name=\u00a0\u00bbh5&Prime; color=\u00a0\u00bb#ffffff\u00a0\u00bb size=\u00a0\u00bb24&Prime; font_weight=\u00a0\u00bb400&Prime; txt_transform=\u00a0\u00bbnone\u00a0\u00bb letter_spacing=\u00a0\u00bb1&Prime; margin_top=\u00a0\u00bb20&Prime; margin_bottom=\u00a0\u00bb0&Prime; font_family=\u00a0\u00bbnone\u00a0\u00bb]POUR EN SAVOIR PLUS[\/mk_fancy_title][\/vc_column_inner][vc_column_inner width=\u00a0\u00bb2\/6&Prime;][mk_button dimension=\u00a0\u00bbflat\u00a0\u00bb size=\u00a0\u00bbmedium\u00a0\u00bb url=\u00a0\u00bb\/fr\/a-propos\/nous-joindre\/\u00a0\u00bb align=\u00a0\u00bbcenter\u00a0\u00bb button_custom_width=\u00a0\u00bb\u00a0\u00bb margin_top=\u00a0\u00bb10&Prime; margin_bottom=\u00a0\u00bb0&Prime; margin_right=\u00a0\u00bb0&Prime; bg_color=\u00a0\u00bb#ffffff\u00a0\u00bb btn_hover_bg=\u00a0\u00bb#ffffff\u00a0\u00bb text_color=\u00a0\u00bbdark\u00a0\u00bb btn_hover_txt_color=\u00a0\u00bb#1775bb\u00a0\u00bb]CONTACTEZ-NOUS[\/mk_button][\/vc_column_inner][\/vc_row_inner][\/vc_column][\/mk_page_section][vc_row][vc_column_inner el_class=\u00a0\u00bbcontact-form-location\u00a0\u00bb][vc_separator][mk_fancy_title color=\u00a0\u00bb#1774ba\u00a0\u00bb size=\u00a0\u00bb26&Prime; font_weight=\u00a0\u00bbbold\u00a0\u00bb txt_transform=\u00a0\u00bbuppercase\u00a0\u00bb margin_top=\u00a0\u00bb24&Prime; margin_bottom=\u00a0\u00bb0&Prime; font_family=\u00a0\u00bbnone\u00a0\u00bb]<a id=\"contact-form\"><\/a><br \/>\nDemande de pr\u00e9sentation \u2013 Solutions sur mesure[\/mk_fancy_title][vc_column_text]Dotez-vous d\u2019une solution calqu\u00e9e sur vos propres besoins Remplissez le formulaire ci-dessous, nous vous contacterons rapidement.[\/vc_column_text]<div class=\"wpforms-container wpforms-container-full\" id=\"wpforms-13668\"><form id=\"wpforms-form-13668\" class=\"wpforms-validate wpforms-form\" data-formid=\"13668\" method=\"post\" enctype=\"multipart\/form-data\" action=\"\/fr\/wp-json\/wp\/v2\/pages\/12758\" data-token=\"bb608698a1cd096df66ea8f6ff96c9f2\" data-token-time=\"1775431272\"><noscript class=\"wpforms-error-noscript\">Veuillez activer JavaScript dans votre navigateur pour remplir ce formulaire.<\/noscript><div class=\"wpforms-field-container\"><div id=\"wpforms-13668-field_1-container\" class=\"wpforms-field wpforms-field-name\" data-field-id=\"1\"><label class=\"wpforms-field-label wpforms-label-hide\" for=\"wpforms-13668-field_1\">Nom<\/label><input type=\"text\" id=\"wpforms-13668-field_1\" class=\"wpforms-field-large\" name=\"wpforms[fields][1]\" placeholder=\"VOTRE NOM\" ><\/div><div id=\"wpforms-13668-field_2-container\" class=\"wpforms-field wpforms-field-email\" data-field-id=\"2\"><label class=\"wpforms-field-label wpforms-label-hide\" for=\"wpforms-13668-field_2\">Courriel <span class=\"wpforms-required-label\">*<\/span><\/label><input type=\"email\" id=\"wpforms-13668-field_2\" class=\"wpforms-field-large wpforms-field-required\" name=\"wpforms[fields][2]\" placeholder=\"VOTRE COURRIEL *\" spellcheck=\"false\" required><\/div><div id=\"wpforms-13668-field_3-container\" class=\"wpforms-field wpforms-field-text\" data-field-id=\"3\"><label class=\"wpforms-field-label wpforms-label-hide\" for=\"wpforms-13668-field_3\">Sujet<\/label><input type=\"text\" id=\"wpforms-13668-field_3\" class=\"wpforms-field-large\" name=\"wpforms[fields][3]\" placeholder=\"SUJET\" ><\/div><div id=\"wpforms-13668-field_7-container\" class=\"wpforms-field wpforms-field-select wpforms-field-select-style-classic\" data-field-id=\"7\"><label class=\"wpforms-field-label\" for=\"wpforms-13668-field_7\">PRODUIT OU SERVICE <span class=\"wpforms-required-label\">*<\/span><\/label><select id=\"wpforms-13668-field_7\" class=\"wpforms-field-medium wpforms-field-required\" name=\"wpforms[fields][7]\" required=\"required\"><option value=\"\" class=\"placeholder\" disabled  selected='selected'>Veuillez faire une s\u00e9lection<\/option><option value=\"S-Filer - Portal\"  class=\"choice-1 depth-1\"  >S-Filer - Portal<\/option><option value=\"RAC\/M Identity\"  class=\"choice-2 depth-1\"  >RAC\/M Identity<\/option><option value=\"D\u00e9tection et r\u00e9ponse g\u00e9r\u00e9es (Okiok MDR)\"  class=\"choice-11 depth-1\"  >D\u00e9tection et r\u00e9ponse g\u00e9r\u00e9es (Okiok MDR)<\/option><option value=\"Tests d\u2019intrusion et analyses de vuln\u00e9rabilit\u00e9s\"  class=\"choice-3 depth-1\"  >Tests d\u2019intrusion et analyses de vuln\u00e9rabilit\u00e9s<\/option><option value=\"Conformit\u00e9 des identit\u00e9s en tant que service\"  class=\"choice-4 depth-1\"  >Conformit\u00e9 des identit\u00e9s en tant que service<\/option><option value=\"Expertise \u00e0 la demande\"  class=\"choice-5 depth-1\"  >Expertise \u00e0 la demande<\/option><option value=\"Informatique judiciaire (forensic)\"  class=\"choice-6 depth-1\"  >Informatique judiciaire (forensic)<\/option><option value=\"Solutions sur mesure\"  class=\"choice-7 depth-1\"  >Solutions sur mesure<\/option><option value=\"Gouvernance &amp; conformit\u00e9\"  class=\"choice-8 depth-1\"  >Gouvernance &amp; conformit\u00e9<\/option><option value=\"R\u00e9ponse aux incidents\"  class=\"choice-10 depth-1\"  >R\u00e9ponse aux incidents<\/option><option value=\"Autre\"  class=\"choice-9 depth-1\"  >Autre<\/option><\/select><\/div><div id=\"wpforms-13668-field_4-container\" class=\"wpforms-field wpforms-field-textarea\" data-field-id=\"4\"><label class=\"wpforms-field-label\" for=\"wpforms-13668-field_4\">VOTRE MESSAGE<\/label><textarea id=\"wpforms-13668-field_4\" class=\"wpforms-field-medium\" name=\"wpforms[fields][4]\" ><\/textarea><div class=\"wpforms-field-description\">* Champs requis\r\n<\/div><\/div><div id=\"wpforms-13668-field_9-container\" class=\"wpforms-field wpforms-field-checkbox\" data-field-id=\"9\"><label class=\"wpforms-field-label\">Avis relatif \u00e0 la protection de vos informations <span class=\"wpforms-required-label\">*<\/span><\/label><ul id=\"wpforms-13668-field_9\" class=\"wpforms-field-required\"><li class=\"choice-1 depth-1\"><input type=\"checkbox\" id=\"wpforms-13668-field_9_1\" name=\"wpforms[fields][9][]\" value=\"J&#039;accepte\" required ><label class=\"wpforms-field-label-inline\" for=\"wpforms-13668-field_9_1\">J'accepte<\/label><\/li><\/ul><div class=\"wpforms-field-description\">Afin de traiter votre demande d\u2019information, nous recueillons seulement vos coordonn\u00e9es professionnelles ainsi que vos noms et pr\u00e9noms. Ces informations seront utilis\u00e9es \u00e0 l\u2019interne chez OKIOK exclusivement afin de vous contacter pour vous transmettre l\u2019information relative \u00e0 nos produits et services.\r\nPour toutes questions relatives \u00e0 la protection de vos informations, veuillez-vous r\u00e9f\u00e9rer \u00e0 notre <a href=\"\/fr\/politique-sur-la-protection-des-renseignements-personnels-et-confidentiels\/\">Politique de protection des renseignements personnels<\/a>, disponible sur notre site web.<\/div><\/div><\/div><!-- .wpforms-field-container --><div class=\"wpforms-field wpforms-field-hp\"><label for=\"wpforms-13668-field-hp\" class=\"wpforms-field-label\">Message<\/label><input type=\"text\" name=\"wpforms[hp]\" id=\"wpforms-13668-field-hp\" class=\"wpforms-field-medium\"><\/div><div class=\"wpforms-recaptcha-container wpforms-is-recaptcha wpforms-is-recaptcha-type-v2\" ><div class=\"g-recaptcha\" data-sitekey=\"6Ldh4QwUAAAAAPztyjflSvP3xxlQXaAXPgpA7MCf\"><\/div><input type=\"text\" name=\"g-recaptcha-hidden\" class=\"wpforms-recaptcha-hidden\" style=\"position:absolute!important;clip:rect(0,0,0,0)!important;height:1px!important;width:1px!important;border:0!important;overflow:hidden!important;padding:0!important;margin:0!important;\" data-rule-recaptcha=\"1\"><\/div><div class=\"wpforms-submit-container\" ><input type=\"hidden\" name=\"wpforms[id]\" value=\"13668\"><input type=\"hidden\" name=\"page_title\" value=\"\"><input type=\"hidden\" name=\"page_url\" value=\"https:\/\/www.okiok.com\/fr\/wp-json\/wp\/v2\/pages\/12758\"><input type=\"hidden\" name=\"url_referer\" value=\"\"><button type=\"submit\" name=\"wpforms[submit]\" id=\"wpforms-submit-13668\" class=\"wpforms-submit\" data-alt-text=\"envoi en cours...\" data-submit-text=\"Envoyer\" aria-live=\"assertive\" value=\"wpforms-submit\">Envoyer<\/button><\/div><\/form><\/div>  <!-- .wpforms-container -->[vc_raw_js]JTNDc2NyaXB0JTIwdHlwZSUzRCUyMnRleHQlMkZqYXZhc2NyaXB0JTIyJTNFJTIwZG9jdW1lbnQuZ2V0RWxlbWVudEJ5SWQlMjglMjJ3cGZvcm1zLTEzNjY4LWZpZWxkXzclMjIlMjkuc2VsZWN0ZWRJbmRleCUyMCUzRCUyMDclM0IlMjAlM0MlMkZzY3JpcHQlM0UlMEElMjAlMjAlMjAlMjAlMjAlMjAlMjAlMjAlMjAlMjAlMjAlMjAlMjAlMjAlMjAlMjAlMjAlMjAlMjAlMjAlMjAlMjAlMjAlMjAlMjAlMjAlMjAlMjAlMjAlMjAlMjAlMjAlMjAlMjAlMjAlMjAlMjAlMjAlMjAlMjAlMjAlMjAlMjAlMjAlMjAlMjAlMjAlMjAlMjAlMjAlMjAlMjAlMjAlMjAlMjAlMjAlMjA=[\/vc_raw_js][\/vc_column_inner][\/vc_row]\n<\/div>","protected":false},"excerpt":{"rendered":"<p>[mk_page_section bg_image=\u00a0\u00bb\/wp-content\/uploads\/2016\/10\/Tailored-solution-1.png\u00a0\u00bb bg_position=\u00a0\u00bbcenter top\u00a0\u00bb bg_repeat=\u00a0\u00bbno-repeat\u00a0\u00bb video_loop=\u00a0\u00bbfalse\u00a0\u00bb video_opacity=\u00a0\u00bb0&Prime; min_height=\u00a0\u00bb200&Prime; padding_top=\u00a0\u00bb0&Prime; padding_bottom=\u00a0\u00bb0&Prime; top_shape_color=\u00a0\u00bb#ffffff\u00a0\u00bb bottom_shape_color=\u00a0\u00bb#ffffff\u00a0\u00bb el_class=\u00a0\u00bbidentity-banner\u00a0\u00bb sidebar=\u00a0\u00bbsidebar-1&Prime; first_page=\u00a0\u00bbfalse\u00a0\u00bb last_page=\u00a0\u00bbfalse\u00a0\u00bb][vc_column css=\u00a0\u00bb.vc_custom_1474022518322{padding-top: 60px !important;padding-bottom: 15px !important;background-position: center !important;background-repeat: no-repeat !important;background-size: cover !important;}\u00a0\u00bb][vc_row_inner css=\u00a0\u00bb.vc_custom_1471426440584{padding-right: 30px !important;padding-left: 0px !important;}\u00a0\u00bb][vc_column_inner width=\u00a0\u00bb1\/2&Prime;][vc_column_text] Solutions sur mesure [\/vc_column_text][\/vc_column_inner][vc_column_inner width=\u00a0\u00bb1\/2&Prime;][mk_button dimension=\u00a0\u00bbflat\u00a0\u00bb size=\u00a0\u00bblarge\u00a0\u00bb url=\u00a0\u00bb#contact-form\u00a0\u00bb align=\u00a0\u00bbright\u00a0\u00bb button_custom_width=\u00a0\u00bb\u00a0\u00bb margin_top=\u00a0\u00bb20&Prime; margin_bottom=\u00a0\u00bb0&Prime; margin_right=\u00a0\u00bb0&Prime; el_class=\u00a0\u00bbpopup-shown\u00a0\u00bb bg_color=\u00a0\u00bb#00b034&Prime; btn_hover_bg=\u00a0\u00bb#007c25&Prime;]DEMANDEZ UNE PR\u00c9SENTATION[\/mk_button][\/vc_column_inner][\/vc_row_inner][\/vc_column][\/mk_page_section][vc_row fullwidth=\u00a0\u00bbtrue\u00a0\u00bb fullwidth_content=\u00a0\u00bbfalse\u00a0\u00bb][vc_column][mk_padding_divider size=\u00a0\u00bb70&Prime;][vc_row_inner][vc_column_inner width=\u00a0\u00bb1\/3&Prime;][mk_fancy_title [&hellip;]<\/p>\n","protected":false},"author":1,"featured_media":0,"parent":12754,"menu_order":0,"comment_status":"closed","ping_status":"closed","template":"","meta":{"footnotes":""},"class_list":["post-12758","page","type-page","status-publish","hentry"],"yoast_head":"<!-- This site is optimized with the Yoast SEO plugin v26.8 - https:\/\/yoast.com\/product\/yoast-seo-wordpress\/ -->\n<title>Expert en cyber s\u00e9curit\u00e9 |\u00a0Solutions sur mesure - OKIOK<\/title>\n<meta name=\"description\" content=\"Okiok fa\u00e7onne des solutions sur mesure qui \u00e9pouse les justes besoins des organisations. Doutez-vous d&#039;une solution calqu\u00e9e sur vos propres besoins.\" \/>\n<meta name=\"robots\" content=\"index, follow, max-snippet:-1, max-image-preview:large, max-video-preview:-1\" \/>\n<meta property=\"og:locale\" content=\"fr_FR\" \/>\n<meta property=\"og:type\" content=\"article\" \/>\n<meta property=\"og:title\" content=\"Expert en cyber s\u00e9curit\u00e9 |\u00a0Solutions sur mesure - OKIOK\" \/>\n<meta property=\"og:description\" content=\"Okiok fa\u00e7onne des solutions sur mesure qui \u00e9pouse les justes besoins des organisations. Doutez-vous d&#039;une solution calqu\u00e9e sur vos propres besoins.\" \/>\n<meta property=\"og:site_name\" content=\"OKIOK - Securit\u00e9 dans un monde en changement\" \/>\n<meta property=\"article:publisher\" content=\"https:\/\/www.facebook.com\/okiokdata\/\" \/>\n<meta property=\"article:modified_time\" content=\"2019-05-30T18:06:38+00:00\" \/>\n<meta name=\"twitter:card\" content=\"summary_large_image\" \/>\n<meta name=\"twitter:site\" content=\"@OKIOKdata\" \/>\n<meta name=\"twitter:label1\" content=\"Dur\u00e9e de lecture estim\u00e9e\" \/>\n\t<meta name=\"twitter:data1\" content=\"4 minutes\" \/>\n<!-- \/ Yoast SEO plugin. -->","yoast_head_json":{"title":"Expert en cyber s\u00e9curit\u00e9 |\u00a0Solutions sur mesure - OKIOK","description":"Okiok fa\u00e7onne des solutions sur mesure qui \u00e9pouse les justes besoins des organisations. Doutez-vous d'une solution calqu\u00e9e sur vos propres besoins.","robots":{"index":"index","follow":"follow","max-snippet":"max-snippet:-1","max-image-preview":"max-image-preview:large","max-video-preview":"max-video-preview:-1"},"og_locale":"fr_FR","og_type":"article","og_title":"Expert en cyber s\u00e9curit\u00e9 |\u00a0Solutions sur mesure - OKIOK","og_description":"Okiok fa\u00e7onne des solutions sur mesure qui \u00e9pouse les justes besoins des organisations. Doutez-vous d'une solution calqu\u00e9e sur vos propres besoins.","og_site_name":"OKIOK - Securit\u00e9 dans un monde en changement","article_publisher":"https:\/\/www.facebook.com\/okiokdata\/","article_modified_time":"2019-05-30T18:06:38+00:00","twitter_card":"summary_large_image","twitter_site":"@OKIOKdata","twitter_misc":{"Dur\u00e9e de lecture estim\u00e9e":"4 minutes"},"schema":{"@context":"https:\/\/schema.org","@graph":[{"@type":"WebPage","@id":"https:\/\/www.okiok.com\/fr\/services\/solutions-sur-mesure\/","url":"https:\/\/www.okiok.com\/fr\/services\/solutions-sur-mesure\/","name":"Expert en cyber s\u00e9curit\u00e9 |\u00a0Solutions sur mesure - OKIOK","isPartOf":{"@id":"https:\/\/www.okiok.com\/fr\/#website"},"datePublished":"2016-10-18T01:10:54+00:00","dateModified":"2019-05-30T18:06:38+00:00","description":"Okiok fa\u00e7onne des solutions sur mesure qui \u00e9pouse les justes besoins des organisations. Doutez-vous d'une solution calqu\u00e9e sur vos propres besoins.","breadcrumb":{"@id":"https:\/\/www.okiok.com\/fr\/services\/solutions-sur-mesure\/#breadcrumb"},"inLanguage":"fr-FR","potentialAction":[{"@type":"ReadAction","target":["https:\/\/www.okiok.com\/fr\/services\/solutions-sur-mesure\/"]}]},{"@type":"BreadcrumbList","@id":"https:\/\/www.okiok.com\/fr\/services\/solutions-sur-mesure\/#breadcrumb","itemListElement":[{"@type":"ListItem","position":1,"name":"Home","item":"https:\/\/prod.okiok.com\/fr\/"},{"@type":"ListItem","position":2,"name":"Services","item":"https:\/\/www.okiok.com\/fr\/services\/"},{"@type":"ListItem","position":3,"name":"Solutions sur mesure"}]},{"@type":"WebSite","@id":"https:\/\/www.okiok.com\/fr\/#website","url":"https:\/\/www.okiok.com\/fr\/","name":"OKIOK - Securit\u00e9 dans un monde en changement","description":"","publisher":{"@id":"https:\/\/www.okiok.com\/fr\/#organization"},"potentialAction":[{"@type":"SearchAction","target":{"@type":"EntryPoint","urlTemplate":"https:\/\/www.okiok.com\/fr\/?s={search_term_string}"},"query-input":{"@type":"PropertyValueSpecification","valueRequired":true,"valueName":"search_term_string"}}],"inLanguage":"fr-FR"},{"@type":"Organization","@id":"https:\/\/www.okiok.com\/fr\/#organization","name":"Okiok","url":"https:\/\/www.okiok.com\/fr\/","logo":{"@type":"ImageObject","inLanguage":"fr-FR","@id":"https:\/\/www.okiok.com\/fr\/#\/schema\/logo\/image\/","url":"https:\/\/www.okiok.com\/wp-content\/uploads\/2017\/06\/logo-okiok-2.png","contentUrl":"https:\/\/www.okiok.com\/wp-content\/uploads\/2017\/06\/logo-okiok-2.png","width":300,"height":369,"caption":"Okiok"},"image":{"@id":"https:\/\/www.okiok.com\/fr\/#\/schema\/logo\/image\/"},"sameAs":["https:\/\/www.facebook.com\/okiokdata\/","https:\/\/x.com\/OKIOKdata","https:\/\/www.linkedin.com\/company-beta\/119436\/"]}]}},"_links":{"self":[{"href":"https:\/\/www.okiok.com\/fr\/wp-json\/wp\/v2\/pages\/12758","targetHints":{"allow":["GET"]}}],"collection":[{"href":"https:\/\/www.okiok.com\/fr\/wp-json\/wp\/v2\/pages"}],"about":[{"href":"https:\/\/www.okiok.com\/fr\/wp-json\/wp\/v2\/types\/page"}],"author":[{"embeddable":true,"href":"https:\/\/www.okiok.com\/fr\/wp-json\/wp\/v2\/users\/1"}],"replies":[{"embeddable":true,"href":"https:\/\/www.okiok.com\/fr\/wp-json\/wp\/v2\/comments?post=12758"}],"version-history":[{"count":19,"href":"https:\/\/www.okiok.com\/fr\/wp-json\/wp\/v2\/pages\/12758\/revisions"}],"predecessor-version":[{"id":18882,"href":"https:\/\/www.okiok.com\/fr\/wp-json\/wp\/v2\/pages\/12758\/revisions\/18882"}],"up":[{"embeddable":true,"href":"https:\/\/www.okiok.com\/fr\/wp-json\/wp\/v2\/pages\/12754"}],"wp:attachment":[{"href":"https:\/\/www.okiok.com\/fr\/wp-json\/wp\/v2\/media?parent=12758"}],"curies":[{"name":"wp","href":"https:\/\/api.w.org\/{rel}","templated":true}]}}