{"id":12762,"date":"2016-10-18T01:12:31","date_gmt":"2016-10-18T01:12:31","guid":{"rendered":"https:\/\/74.208.189.166\/okiok\/?page_id=12762"},"modified":"2023-08-09T14:00:52","modified_gmt":"2023-08-09T19:00:52","slug":"conformite-des-identites-en-tant-que-service","status":"publish","type":"page","link":"https:\/\/www.okiok.com\/fr\/services\/conformite-des-identites-en-tant-que-service\/","title":{"rendered":"Conformit\u00e9 des identit\u00e9s en tant que service"},"content":{"rendered":"<div class=\"wpb-content-wrapper\">[mk_page_section bg_image=\u00a0\u00bb\/wp-content\/uploads\/2016\/10\/IDENTITY-COMPLIANCE-AS-A-SERVICE-ICAAS-1.png\u00a0\u00bb bg_repeat=\u00a0\u00bbno-repeat\u00a0\u00bb video_loop=\u00a0\u00bbfalse\u00a0\u00bb video_opacity=\u00a0\u00bb0&Prime; min_height=\u00a0\u00bb200&Prime; padding_top=\u00a0\u00bb\u00a0\u00bb padding_bottom=\u00a0\u00bb\u00a0\u00bb top_shape_color=\u00a0\u00bb#ffffff\u00a0\u00bb bottom_shape_color=\u00a0\u00bb#ffffff\u00a0\u00bb el_class=\u00a0\u00bbidentity-banner\u00a0\u00bb sidebar=\u00a0\u00bbsidebar-1&Prime; first_page=\u00a0\u00bbfalse\u00a0\u00bb last_page=\u00a0\u00bbfalse\u00a0\u00bb][vc_column css=\u00a0\u00bb.vc_custom_1474022518322{padding-top: 60px !important;padding-bottom: 15px !important;background-position: center !important;background-repeat: no-repeat !important;background-size: cover !important;}\u00a0\u00bb][vc_row_inner css=\u00a0\u00bb.vc_custom_1471426440584{padding-right: 30px !important;padding-left: 0px !important;}\u00a0\u00bb][vc_column_inner width=\u00a0\u00bb2\/3&Prime;][mk_font_icons color=\u00a0\u00bb#ffffff\u00a0\u00bb size=\u00a0\u00bbx-large\u00a0\u00bb circle=\u00a0\u00bbtrue\u00a0\u00bb circle_color=\u00a0\u00bb#39b549&Prime; circle_border_width=\u00a0\u00bb0&Prime; align=\u00a0\u00bbleft\u00a0\u00bb el_class=\u00a0\u00bbicon-identity\u00a0\u00bb][mk_fancy_title tag_name=\u00a0\u00bbh1&Prime; color=\u00a0\u00bb#ffffff\u00a0\u00bb size=\u00a0\u00bb26&Prime; force_font_size=\u00a0\u00bbtrue\u00a0\u00bb size_smallscreen=\u00a0\u00bb26&Prime; size_tablet=\u00a0\u00bb20&Prime; size_phone=\u00a0\u00bb20&Prime; font_weight=\u00a0\u00bb400&Prime; font_style=\u00a0\u00bbnormal\u00a0\u00bb txt_transform=\u00a0\u00bbuppercase\u00a0\u00bb letter_spacing=\u00a0\u00bb3&Prime; margin_top=\u00a0\u00bb5&Prime; margin_bottom=\u00a0\u00bb0&Prime; font_family=\u00a0\u00bbnone\u00a0\u00bb]Conformit\u00e9 des identit\u00e9s<br \/>\nen tant que service[\/mk_fancy_title][\/vc_column_inner][vc_column_inner width=\u00a0\u00bb1\/3&Prime;][mk_button dimension=\u00a0\u00bbflat\u00a0\u00bb size=\u00a0\u00bblarge\u00a0\u00bb url=\u00a0\u00bb#contact-form\u00a0\u00bb align=\u00a0\u00bbright\u00a0\u00bb button_custom_width=\u00a0\u00bb\u00a0\u00bb margin_top=\u00a0\u00bb20&Prime; margin_bottom=\u00a0\u00bb0&Prime; margin_right=\u00a0\u00bb0&Prime; el_class=\u00a0\u00bbpopup-shown\u00a0\u00bb bg_color=\u00a0\u00bb#00b034&Prime; btn_hover_bg=\u00a0\u00bb#007c25&Prime;]DEMANDEZ UNE PR\u00c9SENTATION[\/mk_button][\/vc_column_inner][\/vc_row_inner][\/vc_column][\/mk_page_section][vc_row fullwidth=\u00a0\u00bbtrue\u00a0\u00bb fullwidth_content=\u00a0\u00bbfalse\u00a0\u00bb][vc_column][mk_padding_divider size=\u00a0\u00bb70&Prime;][vc_row_inner][vc_column_inner width=\u00a0\u00bb1\/3&Prime;][mk_fancy_title color=\u00a0\u00bb#00b034&Prime; size=\u00a0\u00bb38&Prime; force_font_size=\u00a0\u00bbtrue\u00a0\u00bb size_smallscreen=\u00a0\u00bb32&Prime; size_tablet=\u00a0\u00bb28&Prime; size_phone=\u00a0\u00bb20&Prime; line_height=\u00a0\u00bb99&Prime; font_weight=\u00a0\u00bbbold\u00a0\u00bb txt_transform=\u00a0\u00bbuppercase\u00a0\u00bb margin_bottom=\u00a0\u00bb0&Prime; font_family=\u00a0\u00bbnone\u00a0\u00bb]Une m\u00e9thodologie \u00e9prouv\u00e9e[\/mk_fancy_title][mk_fancy_title tag_name=\u00a0\u00bbh3&Prime; color=\u00a0\u00bb#00b034&Prime; size=\u00a0\u00bb18&Prime; force_font_size=\u00a0\u00bbtrue\u00a0\u00bb size_smallscreen=\u00a0\u00bb16&Prime; size_tablet=\u00a0\u00bb16&Prime; size_phone=\u00a0\u00bb16&Prime; font_weight=\u00a0\u00bb400&Prime; txt_transform=\u00a0\u00bbnone\u00a0\u00bb margin_bottom=\u00a0\u00bb0&Prime; font_family=\u00a0\u00bbnone\u00a0\u00bb]<em>Sans infrastructure \u00e0 d\u00e9ployer et sans connaissances particuli\u00e8res \u00e0 acqu\u00e9rir<\/em>[\/mk_fancy_title][mk_divider style=\u00a0\u00bbthick_solid\u00a0\u00bb divider_width=\u00a0\u00bbone_half\u00a0\u00bb align=\u00a0\u00bbleft\u00a0\u00bb border_color=\u00a0\u00bb#00b034&Prime; margin_top=\u00a0\u00bb0&Prime;][\/vc_column_inner][vc_column_inner width=\u00a0\u00bb2\/3&Prime;][mk_custom_list style=\u00a0\u00bb\u00a0\u00bb]Nonobstant le domaine d\u2019affaires, toutes les entreprises jonglent constamment avec les mouvements d\u2019employ\u00e9s, les diff\u00e9rentes fonctions que ceux-ci occupent dans l\u2019organisation et les nombreux acc\u00e8s n\u00e9cessaires pour que tous puissent faire leur travail. Qui a acc\u00e8s \u00e0 quoi, quels comptes d\u2019acc\u00e8s et privil\u00e8ges sont requis, combien de licences de logiciels sont r\u00e9ellement n\u00e9cessaires, qui doit approuver les demandes d\u2019acc\u00e8s, etc. Plus souvent qu\u2019autrement, la gestion des identit\u00e9s et des acc\u00e8s est un r\u00e9el casse-t\u00eate et s\u2019apparente \u00e0 une montagne impossible \u00e0 surmonter.<\/p>\n<p>Les entreprises craignent alors que les diff\u00e9rents acc\u00e8s \u00e0 leurs r\u00e9seaux et leurs syst\u00e8mes leur \u00e9chappent et qu\u2019elles deviennent la cible de vol de renseignements confidentiels et d\u2019usurpation d\u2019identit\u00e9. Qui plus est, les entreprises subissent une pression constante de la part de leurs v\u00e9rificateurs internes et externes pour implanter des contr\u00f4les efficaces visant tous les aspects li\u00e9s \u00e0 l\u2019authentification des utilisateurs et \u00e0 la gestion des acc\u00e8s \u00e0 leurs actifs informationnels.<\/p>\n<p>Adapt\u00e9e particuli\u00e8rement pour les petites et moyennes entreprises, la solution <a href=\"\/fr\/produits\/racm-identity\/\">RAC\/M Identity<\/a> est offerte en tant que service. H\u00e9berg\u00e9e en mode infonuagique et ne requ\u00e9rant aucune infrastructure technologique ou comp\u00e9tence particuli\u00e8re, cet outil est la cl\u00e9 pour prendre le contr\u00f4le de la gestion des identit\u00e9s et des acc\u00e8s, \u00e0 moindre co\u00fbt tout en acc\u00e9dant \u00e0 tous les avantages propos\u00e9s par la solution.[\/mk_custom_list][\/vc_column_inner][\/vc_row_inner][mk_padding_divider size=\u00a0\u00bb30&Prime;][vc_separator][mk_fancy_title color=\u00a0\u00bb#1774ba\u00a0\u00bb size=\u00a0\u00bb26&Prime; font_weight=\u00a0\u00bbbold\u00a0\u00bb txt_transform=\u00a0\u00bbuppercase\u00a0\u00bb margin_top=\u00a0\u00bb24&Prime; margin_bottom=\u00a0\u00bb0&Prime; font_family=\u00a0\u00bbnone\u00a0\u00bb]<a id=\"contact-form\"><\/a><br \/>\nDemandez une pr\u00e9sentation[\/mk_fancy_title][mk_fancy_title color=\u00a0\u00bb#1774ba\u00a0\u00bb size=\u00a0\u00bb20&Prime; txt_transform=\u00a0\u00bbuppercase\u00a0\u00bb margin_bottom=\u00a0\u00bb0&Prime; font_family=\u00a0\u00bbnone\u00a0\u00bb]Conformit\u00e9 des identit\u00e9s en tant que service[\/mk_fancy_title][vc_column_text]Le contr\u00f4le de vos identit\u00e9s et acc\u00e8sUne prestation de services outill\u00e9e avec RAC\/M Identity vous redonnera, en quelques semaines, le contr\u00f4le de vos identit\u00e9s et acc\u00e8s! Laissez-nous vous en parler! Remplissez le formulaire ci-dessous, nous vous contacterons rapidement.[\/vc_column_text]<div class=\"wpforms-container wpforms-container-full\" id=\"wpforms-13668\"><form id=\"wpforms-form-13668\" class=\"wpforms-validate wpforms-form\" data-formid=\"13668\" method=\"post\" enctype=\"multipart\/form-data\" action=\"\/fr\/wp-json\/wp\/v2\/pages\/12762\" data-token=\"2222e077774cedfb6dc5c635f78d950e\" data-token-time=\"1776057761\"><noscript class=\"wpforms-error-noscript\">Veuillez activer JavaScript dans votre navigateur pour remplir ce formulaire.<\/noscript><div class=\"wpforms-field-container\"><div id=\"wpforms-13668-field_1-container\" class=\"wpforms-field wpforms-field-name\" data-field-id=\"1\"><label class=\"wpforms-field-label wpforms-label-hide\" for=\"wpforms-13668-field_1\">Nom<\/label><input type=\"text\" id=\"wpforms-13668-field_1\" class=\"wpforms-field-large\" name=\"wpforms[fields][1]\" placeholder=\"VOTRE NOM\" ><\/div><div id=\"wpforms-13668-field_2-container\" class=\"wpforms-field wpforms-field-email\" data-field-id=\"2\"><label class=\"wpforms-field-label wpforms-label-hide\" for=\"wpforms-13668-field_2\">Courriel <span class=\"wpforms-required-label\">*<\/span><\/label><input type=\"email\" id=\"wpforms-13668-field_2\" class=\"wpforms-field-large wpforms-field-required\" name=\"wpforms[fields][2]\" placeholder=\"VOTRE COURRIEL *\" spellcheck=\"false\" required><\/div><div id=\"wpforms-13668-field_3-container\" class=\"wpforms-field wpforms-field-text\" data-field-id=\"3\"><label class=\"wpforms-field-label wpforms-label-hide\" for=\"wpforms-13668-field_3\">Sujet<\/label><input type=\"text\" id=\"wpforms-13668-field_3\" class=\"wpforms-field-large\" name=\"wpforms[fields][3]\" placeholder=\"SUJET\" ><\/div><div id=\"wpforms-13668-field_7-container\" class=\"wpforms-field wpforms-field-select wpforms-field-select-style-classic\" data-field-id=\"7\"><label class=\"wpforms-field-label\" for=\"wpforms-13668-field_7\">PRODUIT OU SERVICE <span class=\"wpforms-required-label\">*<\/span><\/label><select id=\"wpforms-13668-field_7\" class=\"wpforms-field-medium wpforms-field-required\" name=\"wpforms[fields][7]\" required=\"required\"><option value=\"\" class=\"placeholder\" disabled  selected='selected'>Veuillez faire une s\u00e9lection<\/option><option value=\"S-Filer - Portal\"  class=\"choice-1 depth-1\"  >S-Filer - Portal<\/option><option value=\"RAC\/M Identity\"  class=\"choice-2 depth-1\"  >RAC\/M Identity<\/option><option value=\"D\u00e9tection et r\u00e9ponse g\u00e9r\u00e9es (Okiok MDR)\"  class=\"choice-11 depth-1\"  >D\u00e9tection et r\u00e9ponse g\u00e9r\u00e9es (Okiok MDR)<\/option><option value=\"Tests d\u2019intrusion et analyses de vuln\u00e9rabilit\u00e9s\"  class=\"choice-3 depth-1\"  >Tests d\u2019intrusion et analyses de vuln\u00e9rabilit\u00e9s<\/option><option value=\"Conformit\u00e9 des identit\u00e9s en tant que service\"  class=\"choice-4 depth-1\"  >Conformit\u00e9 des identit\u00e9s en tant que service<\/option><option value=\"Expertise \u00e0 la demande\"  class=\"choice-5 depth-1\"  >Expertise \u00e0 la demande<\/option><option value=\"Informatique judiciaire (forensic)\"  class=\"choice-6 depth-1\"  >Informatique judiciaire (forensic)<\/option><option value=\"Solutions sur mesure\"  class=\"choice-7 depth-1\"  >Solutions sur mesure<\/option><option value=\"Gouvernance &amp; conformit\u00e9\"  class=\"choice-8 depth-1\"  >Gouvernance &amp; conformit\u00e9<\/option><option value=\"R\u00e9ponse aux incidents\"  class=\"choice-10 depth-1\"  >R\u00e9ponse aux incidents<\/option><option value=\"Autre\"  class=\"choice-9 depth-1\"  >Autre<\/option><\/select><\/div><div id=\"wpforms-13668-field_4-container\" class=\"wpforms-field wpforms-field-textarea\" data-field-id=\"4\"><label class=\"wpforms-field-label\" for=\"wpforms-13668-field_4\">VOTRE MESSAGE<\/label><textarea id=\"wpforms-13668-field_4\" class=\"wpforms-field-medium\" name=\"wpforms[fields][4]\" ><\/textarea><div class=\"wpforms-field-description\">* Champs requis\r\n<\/div><\/div><div id=\"wpforms-13668-field_9-container\" class=\"wpforms-field wpforms-field-checkbox\" data-field-id=\"9\"><label class=\"wpforms-field-label\">Avis relatif \u00e0 la protection de vos informations <span class=\"wpforms-required-label\">*<\/span><\/label><ul id=\"wpforms-13668-field_9\" class=\"wpforms-field-required\"><li class=\"choice-1 depth-1\"><input type=\"checkbox\" id=\"wpforms-13668-field_9_1\" name=\"wpforms[fields][9][]\" value=\"J&#039;accepte\" required ><label class=\"wpforms-field-label-inline\" for=\"wpforms-13668-field_9_1\">J'accepte<\/label><\/li><\/ul><div class=\"wpforms-field-description\">Afin de traiter votre demande d\u2019information, nous recueillons seulement vos coordonn\u00e9es professionnelles ainsi que vos noms et pr\u00e9noms. Ces informations seront utilis\u00e9es \u00e0 l\u2019interne chez OKIOK exclusivement afin de vous contacter pour vous transmettre l\u2019information relative \u00e0 nos produits et services.\r\nPour toutes questions relatives \u00e0 la protection de vos informations, veuillez-vous r\u00e9f\u00e9rer \u00e0 notre <a href=\"\/fr\/politique-sur-la-protection-des-renseignements-personnels-et-confidentiels\/\">Politique de protection des renseignements personnels<\/a>, disponible sur notre site web.<\/div><\/div><\/div><!-- .wpforms-field-container --><div class=\"wpforms-field wpforms-field-hp\"><label for=\"wpforms-13668-field-hp\" class=\"wpforms-field-label\">Comment<\/label><input type=\"text\" name=\"wpforms[hp]\" id=\"wpforms-13668-field-hp\" class=\"wpforms-field-medium\"><\/div><div class=\"wpforms-recaptcha-container wpforms-is-recaptcha wpforms-is-recaptcha-type-v2\" ><div class=\"g-recaptcha\" data-sitekey=\"6Ldh4QwUAAAAAPztyjflSvP3xxlQXaAXPgpA7MCf\"><\/div><input type=\"text\" name=\"g-recaptcha-hidden\" class=\"wpforms-recaptcha-hidden\" style=\"position:absolute!important;clip:rect(0,0,0,0)!important;height:1px!important;width:1px!important;border:0!important;overflow:hidden!important;padding:0!important;margin:0!important;\" data-rule-recaptcha=\"1\"><\/div><div class=\"wpforms-submit-container\" ><input type=\"hidden\" name=\"wpforms[id]\" value=\"13668\"><input type=\"hidden\" name=\"page_title\" value=\"\"><input type=\"hidden\" name=\"page_url\" value=\"https:\/\/www.okiok.com\/fr\/wp-json\/wp\/v2\/pages\/12762\"><input type=\"hidden\" name=\"url_referer\" value=\"\"><button type=\"submit\" name=\"wpforms[submit]\" id=\"wpforms-submit-13668\" class=\"wpforms-submit\" data-alt-text=\"envoi en cours...\" data-submit-text=\"Envoyer\" aria-live=\"assertive\" value=\"wpforms-submit\">Envoyer<\/button><\/div><\/form><\/div>  <!-- .wpforms-container -->[vc_raw_js]JTNDc2NyaXB0JTIwdHlwZSUzRCUyMnRleHQlMkZqYXZhc2NyaXB0JTIyJTNFJTIwZG9jdW1lbnQuZ2V0RWxlbWVudEJ5SWQlMjglMjJ3cGZvcm1zLTEzNjY4LWZpZWxkXzclMjIlMjkuc2VsZWN0ZWRJbmRleCUyMCUzRCUyMDQlM0IlMjAlM0MlMkZzY3JpcHQlM0U=[\/vc_raw_js][\/vc_column][\/vc_row]\n<\/div>","protected":false},"excerpt":{"rendered":"<p>[mk_page_section bg_image=\u00a0\u00bb\/wp-content\/uploads\/2016\/10\/IDENTITY-COMPLIANCE-AS-A-SERVICE-ICAAS-1.png\u00a0\u00bb bg_repeat=\u00a0\u00bbno-repeat\u00a0\u00bb video_loop=\u00a0\u00bbfalse\u00a0\u00bb video_opacity=\u00a0\u00bb0&Prime; min_height=\u00a0\u00bb200&Prime; padding_top=\u00a0\u00bb\u00a0\u00bb padding_bottom=\u00a0\u00bb\u00a0\u00bb top_shape_color=\u00a0\u00bb#ffffff\u00a0\u00bb bottom_shape_color=\u00a0\u00bb#ffffff\u00a0\u00bb el_class=\u00a0\u00bbidentity-banner\u00a0\u00bb sidebar=\u00a0\u00bbsidebar-1&Prime; first_page=\u00a0\u00bbfalse\u00a0\u00bb last_page=\u00a0\u00bbfalse\u00a0\u00bb][vc_column css=\u00a0\u00bb.vc_custom_1474022518322{padding-top: 60px !important;padding-bottom: 15px !important;background-position: center !important;background-repeat: no-repeat !important;background-size: cover !important;}\u00a0\u00bb][vc_row_inner css=\u00a0\u00bb.vc_custom_1471426440584{padding-right: 30px !important;padding-left: 0px !important;}\u00a0\u00bb][vc_column_inner width=\u00a0\u00bb2\/3&Prime;][mk_font_icons color=\u00a0\u00bb#ffffff\u00a0\u00bb size=\u00a0\u00bbx-large\u00a0\u00bb circle=\u00a0\u00bbtrue\u00a0\u00bb circle_color=\u00a0\u00bb#39b549&Prime; circle_border_width=\u00a0\u00bb0&Prime; align=\u00a0\u00bbleft\u00a0\u00bb el_class=\u00a0\u00bbicon-identity\u00a0\u00bb][mk_fancy_title tag_name=\u00a0\u00bbh1&Prime; color=\u00a0\u00bb#ffffff\u00a0\u00bb size=\u00a0\u00bb26&Prime; force_font_size=\u00a0\u00bbtrue\u00a0\u00bb size_smallscreen=\u00a0\u00bb26&Prime; size_tablet=\u00a0\u00bb20&Prime; size_phone=\u00a0\u00bb20&Prime; font_weight=\u00a0\u00bb400&Prime; font_style=\u00a0\u00bbnormal\u00a0\u00bb txt_transform=\u00a0\u00bbuppercase\u00a0\u00bb letter_spacing=\u00a0\u00bb3&Prime; margin_top=\u00a0\u00bb5&Prime; margin_bottom=\u00a0\u00bb0&Prime; font_family=\u00a0\u00bbnone\u00a0\u00bb]Conformit\u00e9 des identit\u00e9s en [&hellip;]<\/p>\n","protected":false},"author":1,"featured_media":0,"parent":12754,"menu_order":0,"comment_status":"closed","ping_status":"closed","template":"","meta":{"footnotes":""},"class_list":["post-12762","page","type-page","status-publish","hentry"],"yoast_head":"<!-- This site is optimized with the Yoast SEO plugin v26.8 - https:\/\/yoast.com\/product\/yoast-seo-wordpress\/ -->\n<title>Gouvernance des identit\u00e9s | OKIOK | Experts en cybers\u00e9curit\u00e9<\/title>\n<meta name=\"description\" content=\"V\u00e9rifiez la conformit\u00e9 de vos acc\u00e8s et \u00e9chappez aux cybermenaces sur la gouvernance de vos identit\u00e9s avec le service d&#039;OKIOK.\" \/>\n<meta name=\"robots\" content=\"index, follow, max-snippet:-1, max-image-preview:large, max-video-preview:-1\" \/>\n<meta property=\"og:locale\" content=\"fr_FR\" \/>\n<meta property=\"og:type\" content=\"article\" \/>\n<meta property=\"og:title\" content=\"Gouvernance des identit\u00e9s | OKIOK | Experts en cybers\u00e9curit\u00e9\" \/>\n<meta property=\"og:description\" content=\"V\u00e9rifiez la conformit\u00e9 de vos acc\u00e8s et \u00e9chappez aux cybermenaces sur la gouvernance de vos identit\u00e9s avec le service d&#039;OKIOK.\" \/>\n<meta property=\"og:site_name\" content=\"OKIOK - Securit\u00e9 dans un monde en changement\" \/>\n<meta property=\"article:publisher\" content=\"https:\/\/www.facebook.com\/okiokdata\/\" \/>\n<meta property=\"article:modified_time\" content=\"2023-08-09T19:00:52+00:00\" \/>\n<meta name=\"twitter:card\" content=\"summary_large_image\" \/>\n<meta name=\"twitter:site\" content=\"@OKIOKdata\" \/>\n<meta name=\"twitter:label1\" content=\"Dur\u00e9e de lecture estim\u00e9e\" \/>\n\t<meta name=\"twitter:data1\" content=\"2 minutes\" \/>\n<!-- \/ Yoast SEO plugin. -->","yoast_head_json":{"title":"Gouvernance des identit\u00e9s | OKIOK | Experts en cybers\u00e9curit\u00e9","description":"V\u00e9rifiez la conformit\u00e9 de vos acc\u00e8s et \u00e9chappez aux cybermenaces sur la gouvernance de vos identit\u00e9s avec le service d'OKIOK.","robots":{"index":"index","follow":"follow","max-snippet":"max-snippet:-1","max-image-preview":"max-image-preview:large","max-video-preview":"max-video-preview:-1"},"og_locale":"fr_FR","og_type":"article","og_title":"Gouvernance des identit\u00e9s | OKIOK | Experts en cybers\u00e9curit\u00e9","og_description":"V\u00e9rifiez la conformit\u00e9 de vos acc\u00e8s et \u00e9chappez aux cybermenaces sur la gouvernance de vos identit\u00e9s avec le service d'OKIOK.","og_site_name":"OKIOK - Securit\u00e9 dans un monde en changement","article_publisher":"https:\/\/www.facebook.com\/okiokdata\/","article_modified_time":"2023-08-09T19:00:52+00:00","twitter_card":"summary_large_image","twitter_site":"@OKIOKdata","twitter_misc":{"Dur\u00e9e de lecture estim\u00e9e":"2 minutes"},"schema":{"@context":"https:\/\/schema.org","@graph":[{"@type":"WebPage","@id":"https:\/\/www.okiok.com\/fr\/services\/conformite-des-identites-en-tant-que-service\/","url":"https:\/\/www.okiok.com\/fr\/services\/conformite-des-identites-en-tant-que-service\/","name":"Gouvernance des identit\u00e9s | OKIOK | Experts en cybers\u00e9curit\u00e9","isPartOf":{"@id":"https:\/\/www.okiok.com\/fr\/#website"},"datePublished":"2016-10-18T01:12:31+00:00","dateModified":"2023-08-09T19:00:52+00:00","description":"V\u00e9rifiez la conformit\u00e9 de vos acc\u00e8s et \u00e9chappez aux cybermenaces sur la gouvernance de vos identit\u00e9s avec le service d'OKIOK.","breadcrumb":{"@id":"https:\/\/www.okiok.com\/fr\/services\/conformite-des-identites-en-tant-que-service\/#breadcrumb"},"inLanguage":"fr-FR","potentialAction":[{"@type":"ReadAction","target":["https:\/\/www.okiok.com\/fr\/services\/conformite-des-identites-en-tant-que-service\/"]}]},{"@type":"BreadcrumbList","@id":"https:\/\/www.okiok.com\/fr\/services\/conformite-des-identites-en-tant-que-service\/#breadcrumb","itemListElement":[{"@type":"ListItem","position":1,"name":"Home","item":"https:\/\/prod.okiok.com\/fr\/"},{"@type":"ListItem","position":2,"name":"Services","item":"https:\/\/www.okiok.com\/fr\/services\/"},{"@type":"ListItem","position":3,"name":"Conformit\u00e9 des identit\u00e9s en tant que service"}]},{"@type":"WebSite","@id":"https:\/\/www.okiok.com\/fr\/#website","url":"https:\/\/www.okiok.com\/fr\/","name":"OKIOK - Securit\u00e9 dans un monde en changement","description":"","publisher":{"@id":"https:\/\/www.okiok.com\/fr\/#organization"},"potentialAction":[{"@type":"SearchAction","target":{"@type":"EntryPoint","urlTemplate":"https:\/\/www.okiok.com\/fr\/?s={search_term_string}"},"query-input":{"@type":"PropertyValueSpecification","valueRequired":true,"valueName":"search_term_string"}}],"inLanguage":"fr-FR"},{"@type":"Organization","@id":"https:\/\/www.okiok.com\/fr\/#organization","name":"Okiok","url":"https:\/\/www.okiok.com\/fr\/","logo":{"@type":"ImageObject","inLanguage":"fr-FR","@id":"https:\/\/www.okiok.com\/fr\/#\/schema\/logo\/image\/","url":"https:\/\/www.okiok.com\/wp-content\/uploads\/2017\/06\/logo-okiok-2.png","contentUrl":"https:\/\/www.okiok.com\/wp-content\/uploads\/2017\/06\/logo-okiok-2.png","width":300,"height":369,"caption":"Okiok"},"image":{"@id":"https:\/\/www.okiok.com\/fr\/#\/schema\/logo\/image\/"},"sameAs":["https:\/\/www.facebook.com\/okiokdata\/","https:\/\/x.com\/OKIOKdata","https:\/\/www.linkedin.com\/company-beta\/119436\/"]}]}},"_links":{"self":[{"href":"https:\/\/www.okiok.com\/fr\/wp-json\/wp\/v2\/pages\/12762","targetHints":{"allow":["GET"]}}],"collection":[{"href":"https:\/\/www.okiok.com\/fr\/wp-json\/wp\/v2\/pages"}],"about":[{"href":"https:\/\/www.okiok.com\/fr\/wp-json\/wp\/v2\/types\/page"}],"author":[{"embeddable":true,"href":"https:\/\/www.okiok.com\/fr\/wp-json\/wp\/v2\/users\/1"}],"replies":[{"embeddable":true,"href":"https:\/\/www.okiok.com\/fr\/wp-json\/wp\/v2\/comments?post=12762"}],"version-history":[{"count":19,"href":"https:\/\/www.okiok.com\/fr\/wp-json\/wp\/v2\/pages\/12762\/revisions"}],"predecessor-version":[{"id":18669,"href":"https:\/\/www.okiok.com\/fr\/wp-json\/wp\/v2\/pages\/12762\/revisions\/18669"}],"up":[{"embeddable":true,"href":"https:\/\/www.okiok.com\/fr\/wp-json\/wp\/v2\/pages\/12754"}],"wp:attachment":[{"href":"https:\/\/www.okiok.com\/fr\/wp-json\/wp\/v2\/media?parent=12762"}],"curies":[{"name":"wp","href":"https:\/\/api.w.org\/{rel}","templated":true}]}}