{"id":12767,"date":"2016-10-18T01:14:27","date_gmt":"2016-10-18T01:14:27","guid":{"rendered":"https:\/\/74.208.189.166\/okiok\/?page_id=12767"},"modified":"2023-08-09T14:01:59","modified_gmt":"2023-08-09T19:01:59","slug":"expertise-a-la-demande","status":"publish","type":"page","link":"https:\/\/www.okiok.com\/fr\/services\/expertise-a-la-demande\/","title":{"rendered":"Expertise \u00e0 la demande"},"content":{"rendered":"<div class=\"wpb-content-wrapper\">[mk_page_section bg_image=\u00a0\u00bb\/wp-content\/uploads\/2016\/08\/strategic-consulting-1.jpg\u00a0\u00bb bg_position=\u00a0\u00bbcenter top\u00a0\u00bb bg_repeat=\u00a0\u00bbno-repeat\u00a0\u00bb video_opacity=\u00a0\u00bb0&Prime; min_height=\u00a0\u00bb200&Prime; full_width=\u00a0\u00bbtrue\u00a0\u00bb padding_top=\u00a0\u00bb0&Prime; padding_bottom=\u00a0\u00bb0&Prime; top_shape_color=\u00a0\u00bb#ffffff\u00a0\u00bb bottom_shape_color=\u00a0\u00bb#ffffff\u00a0\u00bb sidebar=\u00a0\u00bbsidebar-1&Prime; first_page=\u00a0\u00bbfalse\u00a0\u00bb last_page=\u00a0\u00bbfalse\u00a0\u00bb][vc_column css=\u00a0\u00bb.vc_custom_1474307078174{padding-top: 60px !important;padding-bottom: 15px !important;background-position: center !important;background-repeat: no-repeat !important;background-size: cover !important;}\u00a0\u00bb][vc_row_inner is_fullwidth_content=\u00a0\u00bbfalse\u00a0\u00bb css=\u00a0\u00bb.vc_custom_1474307099342{padding-right: 30px !important;padding-left: 0px !important;}\u00a0\u00bb][vc_column_inner width=\u00a0\u00bb2\/3&Prime;][mk_font_icons icon=\u00a0\u00bbmk-moon-atom-2&Prime; color=\u00a0\u00bb#ffffff\u00a0\u00bb size=\u00a0\u00bbx-large\u00a0\u00bb circle=\u00a0\u00bbtrue\u00a0\u00bb circle_color=\u00a0\u00bb#39b549&Prime; circle_border_width=\u00a0\u00bb0&Prime; align=\u00a0\u00bbleft\u00a0\u00bb el_class=\u00a0\u00bbsquare-background\u00a0\u00bb][mk_fancy_title tag_name=\u00a0\u00bbh1&Prime; color=\u00a0\u00bb#ffffff\u00a0\u00bb size=\u00a0\u00bb26&Prime; force_font_size=\u00a0\u00bbtrue\u00a0\u00bb size_smallscreen=\u00a0\u00bb26&Prime; size_tablet=\u00a0\u00bb20&Prime; size_phone=\u00a0\u00bb20&Prime; font_weight=\u00a0\u00bb400&Prime; font_style=\u00a0\u00bbnormal\u00a0\u00bb txt_transform=\u00a0\u00bbuppercase\u00a0\u00bb letter_spacing=\u00a0\u00bb3&Prime; margin_top=\u00a0\u00bb5&Prime; margin_bottom=\u00a0\u00bb0&Prime; font_family=\u00a0\u00bbnone\u00a0\u00bb]\n<div style=\"padding-left: 80px;\">Expertise<br \/>\n\u00e0 la demande<\/div>\n[\/mk_fancy_title][\/vc_column_inner][vc_column_inner width=\u00a0\u00bb1\/3&Prime;][mk_button dimension=\u00a0\u00bbflat\u00a0\u00bb size=\u00a0\u00bblarge\u00a0\u00bb url=\u00a0\u00bb#contact-form\u00a0\u00bb align=\u00a0\u00bbright\u00a0\u00bb button_custom_width=\u00a0\u00bb\u00a0\u00bb margin_top=\u00a0\u00bb20&Prime; margin_bottom=\u00a0\u00bb0&Prime; margin_right=\u00a0\u00bb0&Prime; el_class=\u00a0\u00bbpopup-shown\u00a0\u00bb bg_color=\u00a0\u00bb#00b034&Prime; btn_hover_bg=\u00a0\u00bb#007c25&Prime;]DEMANDEZ UNE PR\u00c9SENTATION[\/mk_button][\/vc_column_inner][\/vc_row_inner][\/vc_column][\/mk_page_section][vc_row fullwidth=\u00a0\u00bbtrue\u00a0\u00bb fullwidth_content=\u00a0\u00bbfalse\u00a0\u00bb][vc_column][mk_padding_divider size=\u00a0\u00bb70&Prime;][vc_row_inner is_fullwidth_content=\u00a0\u00bbfalse\u00a0\u00bb][vc_column_inner width=\u00a0\u00bb1\/3&Prime;][mk_fancy_title tag_name=\u00a0\u00bbh3&Prime; color=\u00a0\u00bb#00b034&Prime; size=\u00a0\u00bb39&Prime; force_font_size=\u00a0\u00bbtrue\u00a0\u00bb size_smallscreen=\u00a0\u00bb22&Prime; size_tablet=\u00a0\u00bb20&Prime; size_phone=\u00a0\u00bb18&Prime; line_height=\u00a0\u00bb99&Prime; font_weight=\u00a0\u00bbbold\u00a0\u00bb txt_transform=\u00a0\u00bbuppercase\u00a0\u00bb margin_bottom=\u00a0\u00bb0&Prime; font_family=\u00a0\u00bbnone\u00a0\u00bb]Faites appel \u00e0 nos experts[\/mk_fancy_title][mk_fancy_title tag_name=\u00a0\u00bbh3&Prime; color=\u00a0\u00bb#00b034&Prime; size=\u00a0\u00bb18&Prime; force_font_size=\u00a0\u00bbtrue\u00a0\u00bb size_smallscreen=\u00a0\u00bb16&Prime; size_tablet=\u00a0\u00bb16&Prime; size_phone=\u00a0\u00bb16&Prime; font_weight=\u00a0\u00bb400&Prime; txt_transform=\u00a0\u00bbnone\u00a0\u00bb margin_bottom=\u00a0\u00bb0&Prime; font_family=\u00a0\u00bbnone\u00a0\u00bb]<em>Pour vos besoins en mati\u00e8re de cybers\u00e9curit\u00e9<\/em>[\/mk_fancy_title][mk_divider style=\u00a0\u00bbthick_solid\u00a0\u00bb divider_width=\u00a0\u00bbone_half\u00a0\u00bb align=\u00a0\u00bbleft\u00a0\u00bb border_color=\u00a0\u00bb#00b034&Prime; margin_top=\u00a0\u00bb0&Prime;][\/vc_column_inner][vc_column_inner width=\u00a0\u00bb2\/3&Prime;][vc_column_text disable_pattern=\u00a0\u00bbfalse\u00a0\u00bb]Nous innovons dans le domaine de la s\u00e9curit\u00e9 depuis plus de trente ans, et c\u2019est notre seule raison d\u2019\u00eatre. C\u2019est pourquoi nos sp\u00e9cialistes, qu\u2019ils soient ing\u00e9nieurs, analystes, math\u00e9maticiens ou d\u00e9veloppeurs, ont atteint des niveaux d\u2019expertise extr\u00eamement pointus gr\u00e2ce \u00e0 une exp\u00e9rience approfondie dans des domaines particuli\u00e8rement exigeants. Qu\u2019il s\u2019agisse de pr\u00eater main forte \u00e0 une \u00e9quipe d\u00e9j\u00e0 en place ou d\u2019apporter une expertise sp\u00e9cifique, notre \u00e9quipe peut intervenir \u00e0 toutes les \u00e9tapes d\u2019un projet. Selon les besoins de nos clients, nous offrons la prise en charge de projets de toutes tailles ou la prestation de ressources sp\u00e9cialis\u00e9es. La cybers\u00e9curit\u00e9 n\u2019a plus de secret pour nos experts, qui peuvent aborder tous les aspects touchant \u00e0 la s\u00e9curit\u00e9 des actifs informationnels des organisations :[\/vc_column_text][\/vc_column_inner][\/vc_row_inner][mk_padding_divider size=\u00a0\u00bb60&Prime;][\/vc_column][\/vc_row][vc_row fullwidth=\u00a0\u00bbtrue\u00a0\u00bb fullwidth_content=\u00a0\u00bbfalse\u00a0\u00bb css=\u00a0\u00bb.vc_custom_1474307656448{background-color: #00b034 !important;}\u00a0\u00bb][vc_column width=\u00a0\u00bb1\/3&Prime;][mk_padding_divider size=\u00a0\u00bb75&Prime;][mk_fancy_title tag_name=\u00a0\u00bbh3&Prime; color=\u00a0\u00bb#ffffff\u00a0\u00bb size=\u00a0\u00bb32&Prime; force_font_size=\u00a0\u00bbtrue\u00a0\u00bb size_smallscreen=\u00a0\u00bb22&Prime; size_tablet=\u00a0\u00bb20&Prime; size_phone=\u00a0\u00bb18&Prime; line_height=\u00a0\u00bb99&Prime; font_weight=\u00a0\u00bbbold\u00a0\u00bb txt_transform=\u00a0\u00bbuppercase\u00a0\u00bb margin_bottom=\u00a0\u00bb0&Prime; font_family=\u00a0\u00bbnone\u00a0\u00bb]NOS SERVICES[\/mk_fancy_title][mk_divider style=\u00a0\u00bbthick_solid\u00a0\u00bb divider_width=\u00a0\u00bbone_half\u00a0\u00bb align=\u00a0\u00bbleft\u00a0\u00bb border_color=\u00a0\u00bb#ffffff\u00a0\u00bb margin_top=\u00a0\u00bb0&Prime; margin_bottom=\u00a0\u00bb40&Prime;][\/vc_column][vc_column width=\u00a0\u00bb2\/3&Prime;][mk_padding_divider size=\u00a0\u00bb75&Prime;][vc_row_inner][vc_column_inner width=\u00a0\u00bb1\/2&Prime; css=\u00a0\u00bb.vc_custom_1475769438707{margin-left: -15px !important;}\u00a0\u00bb][mk_custom_list style=\u00a0\u00bb\u00a0\u00bb icon_color=\u00a0\u00bb#39b549&Prime; el_class=\u00a0\u00bbwhite-list\u00a0\u00bb]\n<ul>\n<li>Conseils strat\u00e9giques en s\u00e9curit\u00e9<\/li>\n<li>S\u00e9curit\u00e9 des r\u00e9seaux<\/li>\n<li>\u00c9valuation du risque<\/li>\n<li>Cycle de vie de d\u00e9veloppement s\u00e9curis\u00e9 (SDLC)<\/li>\n<li>Architectures de s\u00e9curit\u00e9<\/li>\n<li>Gestion des identit\u00e9s et des acc\u00e8s (GIA)<\/li>\n<li>R\u00e9glementation et conformit\u00e9<\/li>\n<li>R\u00e9daction et r\u00e9vision de politiques de s\u00e9curit\u00e9<\/li>\n<\/ul>\n[\/mk_custom_list][\/vc_column_inner][vc_column_inner width=\u00a0\u00bb1\/2&Prime;][mk_custom_list style=\u00a0\u00bb\u00a0\u00bb icon_color=\u00a0\u00bb#39b549&Prime; el_class=\u00a0\u00bbwhite-list\u00a0\u00bb]\n<ul>\n<li>Infrastructure \u00e0 cl\u00e9 publique<\/li>\n<li>ISO 9001\/27001\/27002\/27018 et autres normes de s\u00e9curit\u00e9<\/li>\n<li>Chiffrement et signature num\u00e9rique<\/li>\n<li>T\u00e9moin expert (Informatique judiciaire)<\/li>\n<li>R\u00e9ponse aux incidents<\/li>\n<li>Centre de surveillance des \u00e9v\u00e9nements de s\u00e9curit\u00e9 (SIEM)<\/li>\n<li>Formations<\/li>\n<\/ul>\n[\/mk_custom_list][\/vc_column_inner][\/vc_row_inner][mk_padding_divider][\/vc_column][\/vc_row][vc_row fullwidth=\u00a0\u00bbtrue\u00a0\u00bb fullwidth_content=\u00a0\u00bbfalse\u00a0\u00bb css=\u00a0\u00bb.vc_custom_1476718147268{padding-top: 20px !important;padding-bottom: 15px !important;background-color: #1775bb !important;}\u00a0\u00bb][vc_column width=\u00a0\u00bb1\/2&Prime; css=\u00a0\u00bb.vc_custom_1473270615699{margin-top: 10px !important;padding-left: 10% !important;}\u00a0\u00bb][mk_fancy_title tag_name=\u00a0\u00bbh5&Prime; color=\u00a0\u00bb#ffffff\u00a0\u00bb size=\u00a0\u00bb24&Prime; force_font_size=\u00a0\u00bbtrue\u00a0\u00bb size_smallscreen=\u00a0\u00bb21&Prime; size_tablet=\u00a0\u00bb18&Prime; size_phone=\u00a0\u00bb16&Prime; font_weight=\u00a0\u00bb400&Prime; txt_transform=\u00a0\u00bbuppercase\u00a0\u00bb letter_spacing=\u00a0\u00bb1&Prime; margin_bottom=\u00a0\u00bb0&Prime; font_family=\u00a0\u00bbnone\u00a0\u00bb]VOUS D\u00c9SIREZ EN SAVOIR PLUS SUR NOS SERVICES?[\/mk_fancy_title][\/vc_column][vc_column width=\u00a0\u00bb1\/2&Prime;][mk_button dimension=\u00a0\u00bbflat\u00a0\u00bb size=\u00a0\u00bblarge\u00a0\u00bb url=\u00a0\u00bb\/wp-content\/uploads\/fiches-techniques\/Fiche-services-professionels-fr.pdf\u00a0\u00bb target=\u00a0\u00bb_blank\u00a0\u00bb button_custom_width=\u00a0\u00bb\u00a0\u00bb margin_top=\u00a0\u00bb20&Prime; margin_right=\u00a0\u00bb10&Prime; bg_color=\u00a0\u00bb#ffffff\u00a0\u00bb btn_hover_bg=\u00a0\u00bb#efefef\u00a0\u00bb text_color=\u00a0\u00bbdark\u00a0\u00bb btn_hover_txt_color=\u00a0\u00bb#202b40&Prime;]T\u00c9L\u00c9CHARGEZ LA FICHE D\u2019INFORMATION[\/mk_button][mk_font_icons icon=\u00a0\u00bbmk-moon-file-download\u00a0\u00bb color=\u00a0\u00bb#ffffff\u00a0\u00bb size=\u00a0\u00bblarge\u00a0\u00bb margin_horizental=\u00a0\u00bb10&Prime; margin_vertical=\u00a0\u00bb13&Prime; align=\u00a0\u00bbleft\u00a0\u00bb link=\u00a0\u00bb\/wp-content\/uploads\/2016\/10\/Fiche-services-professionels-fr.pdf\u00a0\u00bb target=\u00a0\u00bb_blank\u00a0\u00bb][\/vc_column][\/vc_row][vc_row][vc_column_inner el_class=\u00a0\u00bbcontact-form-location\u00a0\u00bb][vc_separator][mk_fancy_title color=\u00a0\u00bb#1774ba\u00a0\u00bb size=\u00a0\u00bb26&Prime; font_weight=\u00a0\u00bbbold\u00a0\u00bb txt_transform=\u00a0\u00bbuppercase\u00a0\u00bb margin_top=\u00a0\u00bb24&Prime; margin_bottom=\u00a0\u00bb0&Prime; font_family=\u00a0\u00bbnone\u00a0\u00bb]<a id=\"contact-form\"><\/a><br \/>\nDemandez une pr\u00e9sentation &#8211; Expertise \u00e0 la demande<br \/>\n[\/mk_fancy_title][mk_fancy_title color=\u00a0\u00bb#1774ba\u00a0\u00bb size=\u00a0\u00bb20&Prime; txt_transform=\u00a0\u00bbuppercase\u00a0\u00bb margin_bottom=\u00a0\u00bb9&Prime; font_family=\u00a0\u00bbnone\u00a0\u00bb]Nos conseillers ont gagn\u00e9 la confiance des clients les plus exigeants.[\/mk_fancy_title][vc_column_text]Laissez-nous vous montrer pourquoi! Remplissez le formulaire ci-dessous, nous vous contacterons rapidement.<\/p>\n[\/vc_column_text]<div class=\"wpforms-container wpforms-container-full\" id=\"wpforms-13668\"><form id=\"wpforms-form-13668\" class=\"wpforms-validate wpforms-form\" data-formid=\"13668\" method=\"post\" enctype=\"multipart\/form-data\" action=\"\/fr\/wp-json\/wp\/v2\/pages\/12767\" data-token=\"37283859829a88c1cd84d654b3ee40c3\" data-token-time=\"1775814220\"><noscript class=\"wpforms-error-noscript\">Veuillez activer JavaScript dans votre navigateur pour remplir ce formulaire.<\/noscript><div class=\"wpforms-field-container\"><div id=\"wpforms-13668-field_1-container\" class=\"wpforms-field wpforms-field-name\" data-field-id=\"1\"><label class=\"wpforms-field-label wpforms-label-hide\" for=\"wpforms-13668-field_1\">Nom<\/label><input type=\"text\" id=\"wpforms-13668-field_1\" class=\"wpforms-field-large\" name=\"wpforms[fields][1]\" placeholder=\"VOTRE NOM\" ><\/div><div id=\"wpforms-13668-field_2-container\" class=\"wpforms-field wpforms-field-email\" data-field-id=\"2\"><label class=\"wpforms-field-label wpforms-label-hide\" for=\"wpforms-13668-field_2\">Courriel <span class=\"wpforms-required-label\">*<\/span><\/label><input type=\"email\" id=\"wpforms-13668-field_2\" class=\"wpforms-field-large wpforms-field-required\" name=\"wpforms[fields][2]\" placeholder=\"VOTRE COURRIEL *\" spellcheck=\"false\" required><\/div><div id=\"wpforms-13668-field_3-container\" class=\"wpforms-field wpforms-field-text\" data-field-id=\"3\"><label class=\"wpforms-field-label wpforms-label-hide\" for=\"wpforms-13668-field_3\">Sujet<\/label><input type=\"text\" id=\"wpforms-13668-field_3\" class=\"wpforms-field-large\" name=\"wpforms[fields][3]\" placeholder=\"SUJET\" ><\/div><div id=\"wpforms-13668-field_7-container\" class=\"wpforms-field wpforms-field-select wpforms-field-select-style-classic\" data-field-id=\"7\"><label class=\"wpforms-field-label\" for=\"wpforms-13668-field_7\">PRODUIT OU SERVICE <span class=\"wpforms-required-label\">*<\/span><\/label><select id=\"wpforms-13668-field_7\" class=\"wpforms-field-medium wpforms-field-required\" name=\"wpforms[fields][7]\" required=\"required\"><option value=\"\" class=\"placeholder\" disabled  selected='selected'>Veuillez faire une s\u00e9lection<\/option><option value=\"S-Filer - Portal\"  class=\"choice-1 depth-1\"  >S-Filer - Portal<\/option><option value=\"RAC\/M Identity\"  class=\"choice-2 depth-1\"  >RAC\/M Identity<\/option><option value=\"D\u00e9tection et r\u00e9ponse g\u00e9r\u00e9es (Okiok MDR)\"  class=\"choice-11 depth-1\"  >D\u00e9tection et r\u00e9ponse g\u00e9r\u00e9es (Okiok MDR)<\/option><option value=\"Tests d\u2019intrusion et analyses de vuln\u00e9rabilit\u00e9s\"  class=\"choice-3 depth-1\"  >Tests d\u2019intrusion et analyses de vuln\u00e9rabilit\u00e9s<\/option><option value=\"Conformit\u00e9 des identit\u00e9s en tant que service\"  class=\"choice-4 depth-1\"  >Conformit\u00e9 des identit\u00e9s en tant que service<\/option><option value=\"Expertise \u00e0 la demande\"  class=\"choice-5 depth-1\"  >Expertise \u00e0 la demande<\/option><option value=\"Informatique judiciaire (forensic)\"  class=\"choice-6 depth-1\"  >Informatique judiciaire (forensic)<\/option><option value=\"Solutions sur mesure\"  class=\"choice-7 depth-1\"  >Solutions sur mesure<\/option><option value=\"Gouvernance &amp; conformit\u00e9\"  class=\"choice-8 depth-1\"  >Gouvernance &amp; conformit\u00e9<\/option><option value=\"R\u00e9ponse aux incidents\"  class=\"choice-10 depth-1\"  >R\u00e9ponse aux incidents<\/option><option value=\"Autre\"  class=\"choice-9 depth-1\"  >Autre<\/option><\/select><\/div><div id=\"wpforms-13668-field_4-container\" class=\"wpforms-field wpforms-field-textarea\" data-field-id=\"4\"><label class=\"wpforms-field-label\" for=\"wpforms-13668-field_4\">VOTRE MESSAGE<\/label><textarea id=\"wpforms-13668-field_4\" class=\"wpforms-field-medium\" name=\"wpforms[fields][4]\" ><\/textarea><div class=\"wpforms-field-description\">* Champs requis\r\n<\/div><\/div><div id=\"wpforms-13668-field_9-container\" class=\"wpforms-field wpforms-field-checkbox\" data-field-id=\"9\"><label class=\"wpforms-field-label\">Avis relatif \u00e0 la protection de vos informations <span class=\"wpforms-required-label\">*<\/span><\/label><ul id=\"wpforms-13668-field_9\" class=\"wpforms-field-required\"><li class=\"choice-1 depth-1\"><input type=\"checkbox\" id=\"wpforms-13668-field_9_1\" name=\"wpforms[fields][9][]\" value=\"J&#039;accepte\" required ><label class=\"wpforms-field-label-inline\" for=\"wpforms-13668-field_9_1\">J'accepte<\/label><\/li><\/ul><div class=\"wpforms-field-description\">Afin de traiter votre demande d\u2019information, nous recueillons seulement vos coordonn\u00e9es professionnelles ainsi que vos noms et pr\u00e9noms. Ces informations seront utilis\u00e9es \u00e0 l\u2019interne chez OKIOK exclusivement afin de vous contacter pour vous transmettre l\u2019information relative \u00e0 nos produits et services.\r\nPour toutes questions relatives \u00e0 la protection de vos informations, veuillez-vous r\u00e9f\u00e9rer \u00e0 notre <a href=\"\/fr\/politique-sur-la-protection-des-renseignements-personnels-et-confidentiels\/\">Politique de protection des renseignements personnels<\/a>, disponible sur notre site web.<\/div><\/div><\/div><!-- .wpforms-field-container --><div class=\"wpforms-field wpforms-field-hp\"><label for=\"wpforms-13668-field-hp\" class=\"wpforms-field-label\">Message<\/label><input type=\"text\" name=\"wpforms[hp]\" id=\"wpforms-13668-field-hp\" class=\"wpforms-field-medium\"><\/div><div class=\"wpforms-recaptcha-container wpforms-is-recaptcha wpforms-is-recaptcha-type-v2\" ><div class=\"g-recaptcha\" data-sitekey=\"6Ldh4QwUAAAAAPztyjflSvP3xxlQXaAXPgpA7MCf\"><\/div><input type=\"text\" name=\"g-recaptcha-hidden\" class=\"wpforms-recaptcha-hidden\" style=\"position:absolute!important;clip:rect(0,0,0,0)!important;height:1px!important;width:1px!important;border:0!important;overflow:hidden!important;padding:0!important;margin:0!important;\" data-rule-recaptcha=\"1\"><\/div><div class=\"wpforms-submit-container\" ><input type=\"hidden\" name=\"wpforms[id]\" value=\"13668\"><input type=\"hidden\" name=\"page_title\" value=\"\"><input type=\"hidden\" name=\"page_url\" value=\"https:\/\/www.okiok.com\/fr\/wp-json\/wp\/v2\/pages\/12767\"><input type=\"hidden\" name=\"url_referer\" value=\"\"><button type=\"submit\" name=\"wpforms[submit]\" id=\"wpforms-submit-13668\" class=\"wpforms-submit\" data-alt-text=\"envoi en cours...\" data-submit-text=\"Envoyer\" aria-live=\"assertive\" value=\"wpforms-submit\">Envoyer<\/button><\/div><\/form><\/div>  <!-- .wpforms-container -->[vc_raw_js]JTNDc2NyaXB0JTIwdHlwZSUzRCUyMnRleHQlMkZqYXZhc2NyaXB0JTIyJTNFJTIwZG9jdW1lbnQuZ2V0RWxlbWVudEJ5SWQlMjglMjJ3cGZvcm1zLTEzNjY4LWZpZWxkXzclMjIlMjkuc2VsZWN0ZWRJbmRleCUyMCUzRCUyMDUlM0IlMjAlM0MlMkZzY3JpcHQlM0UlMEElMjAlMjAlMjAlMjAlMjAlMjAlMjAlMjAlMjAlMjAlMjAlMjAlMjAlMjAlMjAlMjAlMjAlMjAlMjAlMjAlMjAlMjAlMjAlMjAlMjAlMjAlMjAlMjAlMjAlMjAlMjAlMjAlMjAlMjAlMjAlMjAlMjAlMjAlMjAlMjAlMjAlMjAlMjAlMjAlMjAlMjAlMjAlMjAlMjAlMjAlMjAlMjAlMjAlMjAlMjAlMjAlMjA=[\/vc_raw_js][\/vc_column_inner][\/vc_row]\n<\/div>","protected":false},"excerpt":{"rendered":"<p>[mk_page_section bg_image=\u00a0\u00bb\/wp-content\/uploads\/2016\/08\/strategic-consulting-1.jpg\u00a0\u00bb bg_position=\u00a0\u00bbcenter top\u00a0\u00bb bg_repeat=\u00a0\u00bbno-repeat\u00a0\u00bb video_opacity=\u00a0\u00bb0&Prime; min_height=\u00a0\u00bb200&Prime; full_width=\u00a0\u00bbtrue\u00a0\u00bb padding_top=\u00a0\u00bb0&Prime; padding_bottom=\u00a0\u00bb0&Prime; top_shape_color=\u00a0\u00bb#ffffff\u00a0\u00bb bottom_shape_color=\u00a0\u00bb#ffffff\u00a0\u00bb sidebar=\u00a0\u00bbsidebar-1&Prime; first_page=\u00a0\u00bbfalse\u00a0\u00bb last_page=\u00a0\u00bbfalse\u00a0\u00bb][vc_column css=\u00a0\u00bb.vc_custom_1474307078174{padding-top: 60px !important;padding-bottom: 15px !important;background-position: center !important;background-repeat: no-repeat !important;background-size: cover !important;}\u00a0\u00bb][vc_row_inner is_fullwidth_content=\u00a0\u00bbfalse\u00a0\u00bb css=\u00a0\u00bb.vc_custom_1474307099342{padding-right: 30px !important;padding-left: 0px !important;}\u00a0\u00bb][vc_column_inner width=\u00a0\u00bb2\/3&Prime;][mk_font_icons icon=\u00a0\u00bbmk-moon-atom-2&Prime; color=\u00a0\u00bb#ffffff\u00a0\u00bb size=\u00a0\u00bbx-large\u00a0\u00bb circle=\u00a0\u00bbtrue\u00a0\u00bb circle_color=\u00a0\u00bb#39b549&Prime; circle_border_width=\u00a0\u00bb0&Prime; align=\u00a0\u00bbleft\u00a0\u00bb el_class=\u00a0\u00bbsquare-background\u00a0\u00bb][mk_fancy_title tag_name=\u00a0\u00bbh1&Prime; color=\u00a0\u00bb#ffffff\u00a0\u00bb size=\u00a0\u00bb26&Prime; force_font_size=\u00a0\u00bbtrue\u00a0\u00bb size_smallscreen=\u00a0\u00bb26&Prime; size_tablet=\u00a0\u00bb20&Prime; size_phone=\u00a0\u00bb20&Prime; font_weight=\u00a0\u00bb400&Prime; font_style=\u00a0\u00bbnormal\u00a0\u00bb txt_transform=\u00a0\u00bbuppercase\u00a0\u00bb letter_spacing=\u00a0\u00bb3&Prime; margin_top=\u00a0\u00bb5&Prime; margin_bottom=\u00a0\u00bb0&Prime; font_family=\u00a0\u00bbnone\u00a0\u00bb] [&hellip;]<\/p>\n","protected":false},"author":1,"featured_media":0,"parent":12754,"menu_order":0,"comment_status":"closed","ping_status":"closed","template":"","meta":{"footnotes":""},"class_list":["post-12767","page","type-page","status-publish","hentry"],"yoast_head":"<!-- This site is optimized with the Yoast SEO plugin v26.8 - https:\/\/yoast.com\/product\/yoast-seo-wordpress\/ -->\n<title>Expertise \u00e0 la demande | OKIOK | Experts en cybers\u00e9curit\u00e9<\/title>\n<meta name=\"description\" content=\"Choisissez OKIOK pour vos besoins en mati\u00e8re de cybers\u00e9curit\u00e9. Demandez l\u2019expertise \u00e0 la demande et obtenez des solutions sur mesure.\" \/>\n<meta name=\"robots\" content=\"index, follow, max-snippet:-1, max-image-preview:large, max-video-preview:-1\" \/>\n<meta property=\"og:locale\" content=\"fr_FR\" \/>\n<meta property=\"og:type\" content=\"article\" \/>\n<meta property=\"og:title\" content=\"Expertise \u00e0 la demande | OKIOK | Experts en cybers\u00e9curit\u00e9\" \/>\n<meta property=\"og:description\" content=\"Choisissez OKIOK pour vos besoins en mati\u00e8re de cybers\u00e9curit\u00e9. Demandez l\u2019expertise \u00e0 la demande et obtenez des solutions sur mesure.\" \/>\n<meta property=\"og:site_name\" content=\"OKIOK - Securit\u00e9 dans un monde en changement\" \/>\n<meta property=\"article:publisher\" content=\"https:\/\/www.facebook.com\/okiokdata\/\" \/>\n<meta property=\"article:modified_time\" content=\"2023-08-09T19:01:59+00:00\" \/>\n<meta name=\"twitter:card\" content=\"summary_large_image\" \/>\n<meta name=\"twitter:site\" content=\"@OKIOKdata\" \/>\n<meta name=\"twitter:label1\" content=\"Dur\u00e9e de lecture estim\u00e9e\" \/>\n\t<meta name=\"twitter:data1\" content=\"2 minutes\" \/>\n<!-- \/ Yoast SEO plugin. -->","yoast_head_json":{"title":"Expertise \u00e0 la demande | OKIOK | Experts en cybers\u00e9curit\u00e9","description":"Choisissez OKIOK pour vos besoins en mati\u00e8re de cybers\u00e9curit\u00e9. Demandez l\u2019expertise \u00e0 la demande et obtenez des solutions sur mesure.","robots":{"index":"index","follow":"follow","max-snippet":"max-snippet:-1","max-image-preview":"max-image-preview:large","max-video-preview":"max-video-preview:-1"},"og_locale":"fr_FR","og_type":"article","og_title":"Expertise \u00e0 la demande | OKIOK | Experts en cybers\u00e9curit\u00e9","og_description":"Choisissez OKIOK pour vos besoins en mati\u00e8re de cybers\u00e9curit\u00e9. Demandez l\u2019expertise \u00e0 la demande et obtenez des solutions sur mesure.","og_site_name":"OKIOK - Securit\u00e9 dans un monde en changement","article_publisher":"https:\/\/www.facebook.com\/okiokdata\/","article_modified_time":"2023-08-09T19:01:59+00:00","twitter_card":"summary_large_image","twitter_site":"@OKIOKdata","twitter_misc":{"Dur\u00e9e de lecture estim\u00e9e":"2 minutes"},"schema":{"@context":"https:\/\/schema.org","@graph":[{"@type":"WebPage","@id":"https:\/\/www.okiok.com\/fr\/services\/expertise-a-la-demande\/","url":"https:\/\/www.okiok.com\/fr\/services\/expertise-a-la-demande\/","name":"Expertise \u00e0 la demande | OKIOK | Experts en cybers\u00e9curit\u00e9","isPartOf":{"@id":"https:\/\/www.okiok.com\/fr\/#website"},"datePublished":"2016-10-18T01:14:27+00:00","dateModified":"2023-08-09T19:01:59+00:00","description":"Choisissez OKIOK pour vos besoins en mati\u00e8re de cybers\u00e9curit\u00e9. Demandez l\u2019expertise \u00e0 la demande et obtenez des solutions sur mesure.","breadcrumb":{"@id":"https:\/\/www.okiok.com\/fr\/services\/expertise-a-la-demande\/#breadcrumb"},"inLanguage":"fr-FR","potentialAction":[{"@type":"ReadAction","target":["https:\/\/www.okiok.com\/fr\/services\/expertise-a-la-demande\/"]}]},{"@type":"BreadcrumbList","@id":"https:\/\/www.okiok.com\/fr\/services\/expertise-a-la-demande\/#breadcrumb","itemListElement":[{"@type":"ListItem","position":1,"name":"Home","item":"https:\/\/prod.okiok.com\/fr\/"},{"@type":"ListItem","position":2,"name":"Services","item":"https:\/\/www.okiok.com\/fr\/services\/"},{"@type":"ListItem","position":3,"name":"Expertise \u00e0 la demande"}]},{"@type":"WebSite","@id":"https:\/\/www.okiok.com\/fr\/#website","url":"https:\/\/www.okiok.com\/fr\/","name":"OKIOK - Securit\u00e9 dans un monde en changement","description":"","publisher":{"@id":"https:\/\/www.okiok.com\/fr\/#organization"},"potentialAction":[{"@type":"SearchAction","target":{"@type":"EntryPoint","urlTemplate":"https:\/\/www.okiok.com\/fr\/?s={search_term_string}"},"query-input":{"@type":"PropertyValueSpecification","valueRequired":true,"valueName":"search_term_string"}}],"inLanguage":"fr-FR"},{"@type":"Organization","@id":"https:\/\/www.okiok.com\/fr\/#organization","name":"Okiok","url":"https:\/\/www.okiok.com\/fr\/","logo":{"@type":"ImageObject","inLanguage":"fr-FR","@id":"https:\/\/www.okiok.com\/fr\/#\/schema\/logo\/image\/","url":"https:\/\/www.okiok.com\/wp-content\/uploads\/2017\/06\/logo-okiok-2.png","contentUrl":"https:\/\/www.okiok.com\/wp-content\/uploads\/2017\/06\/logo-okiok-2.png","width":300,"height":369,"caption":"Okiok"},"image":{"@id":"https:\/\/www.okiok.com\/fr\/#\/schema\/logo\/image\/"},"sameAs":["https:\/\/www.facebook.com\/okiokdata\/","https:\/\/x.com\/OKIOKdata","https:\/\/www.linkedin.com\/company-beta\/119436\/"]}]}},"_links":{"self":[{"href":"https:\/\/www.okiok.com\/fr\/wp-json\/wp\/v2\/pages\/12767","targetHints":{"allow":["GET"]}}],"collection":[{"href":"https:\/\/www.okiok.com\/fr\/wp-json\/wp\/v2\/pages"}],"about":[{"href":"https:\/\/www.okiok.com\/fr\/wp-json\/wp\/v2\/types\/page"}],"author":[{"embeddable":true,"href":"https:\/\/www.okiok.com\/fr\/wp-json\/wp\/v2\/users\/1"}],"replies":[{"embeddable":true,"href":"https:\/\/www.okiok.com\/fr\/wp-json\/wp\/v2\/comments?post=12767"}],"version-history":[{"count":19,"href":"https:\/\/www.okiok.com\/fr\/wp-json\/wp\/v2\/pages\/12767\/revisions"}],"predecessor-version":[{"id":19082,"href":"https:\/\/www.okiok.com\/fr\/wp-json\/wp\/v2\/pages\/12767\/revisions\/19082"}],"up":[{"embeddable":true,"href":"https:\/\/www.okiok.com\/fr\/wp-json\/wp\/v2\/pages\/12754"}],"wp:attachment":[{"href":"https:\/\/www.okiok.com\/fr\/wp-json\/wp\/v2\/media?parent=12767"}],"curies":[{"name":"wp","href":"https:\/\/api.w.org\/{rel}","templated":true}]}}