{"id":14382,"date":"2016-11-30T10:59:51","date_gmt":"2016-11-30T15:59:51","guid":{"rendered":"http:\/\/pre-www.okiok.com\/fr\/sitemap\/"},"modified":"2016-11-30T11:01:18","modified_gmt":"2016-11-30T16:01:18","slug":"sitemap","status":"publish","type":"page","link":"https:\/\/www.okiok.com\/fr\/sitemap\/","title":{"rendered":"Plan du site"},"content":{"rendered":"<div style=\"padding-top:40px;\"><\/div>\n\n<!-- Page-list plugin v.5.9 wordpress.org\/plugins\/page-list\/ -->\n<ul class=\"page-list \">\n<li class=\"page_item page-item-12582 page_item_has_children\"><a href=\"https:\/\/www.okiok.com\/fr\/cybersecurite-a-propos\/\">\u00c0 propos<\/a>\n<ul class='children'>\n\t<li class=\"page_item page-item-16993\"><a href=\"https:\/\/www.okiok.com\/fr\/cybersecurite-a-propos\/carrieres\/\">Carri\u00e8res<\/a><\/li>\n\t<li class=\"page_item page-item-12593\"><a href=\"https:\/\/www.okiok.com\/fr\/cybersecurite-a-propos\/historique\/\">Historique<\/a><\/li>\n\t<li class=\"page_item page-item-12591\"><a href=\"https:\/\/www.okiok.com\/fr\/cybersecurite-a-propos\/contactez-nous\/\">Nous joindre<\/a><\/li>\n\t<li class=\"page_item page-item-12596\"><a href=\"https:\/\/www.okiok.com\/fr\/cybersecurite-a-propos\/pourquoi-okiok\/\">Pourquoi Okiok<\/a><\/li>\n<\/ul>\n<\/li>\n<li class=\"page_item page-item-14499\"><a href=\"https:\/\/www.okiok.com\/fr\/holiday-sweepstake-2020\/\">Concours F\u00eates 2020<\/a><\/li>\n<li class=\"page_item page-item-16265\"><a href=\"https:\/\/www.okiok.com\/fr\/essai-s-filer-portal\/\">Demandez une presentation &#8211; S-Filer Portal<\/a><\/li>\n<li class=\"page_item page-item-12600\"><a href=\"https:\/\/www.okiok.com\/fr\/devenez-partenaire\/\">Devenez partenaire<\/a><\/li>\n<li class=\"page_item page-item-12580\"><a href=\"https:\/\/www.okiok.com\/fr\/reseau-mondial\/\">FR &#8211; Global Network<\/a><\/li>\n<li class=\"page_item page-item-12751\"><a href=\"https:\/\/www.okiok.com\/fr\/nouvelles\/\">Nouvelles<\/a><\/li>\n<li class=\"page_item page-item-16109\"><a href=\"https:\/\/www.okiok.com\/fr\/offre-globale-des-services\/\">Offre globale<\/a><\/li>\n<li class=\"page_item page-item-14382\"><a href=\"https:\/\/www.okiok.com\/fr\/sitemap\/\">Plan du site<\/a><\/li>\n<li class=\"page_item page-item-19342\"><a href=\"https:\/\/www.okiok.com\/fr\/politique-sur-la-protection-des-renseignements-personnels-et-confidentiels\/\">Politique sur la protection des renseignements personnels et confidentiels<\/a><\/li>\n<li class=\"page_item page-item-14972\"><a href=\"https:\/\/www.okiok.com\/fr\/services-2\/\">Products &#038; Services<\/a><\/li>\n<li class=\"page_item page-item-12735 page_item_has_children\"><a href=\"https:\/\/www.okiok.com\/fr\/produits\/\">Produits<\/a>\n<ul class='children'>\n\t<li class=\"page_item page-item-25502\"><a href=\"https:\/\/www.okiok.com\/fr\/produits\/detection-et-reponse-gerees-okiok-mdr-prix\/\">D\u00e9tection et r\u00e9ponse g\u00e9r\u00e9es &#8211; Okiok MDR &#8211; Prix<\/a><\/li>\n\t<li class=\"page_item page-item-12738\"><a href=\"https:\/\/www.okiok.com\/fr\/produits\/gestion-des-identites-racm-identity\/\">RAC\/M Identity<\/a><\/li>\n\t<li class=\"page_item page-item-12741\"><a href=\"https:\/\/www.okiok.com\/fr\/produits\/s-filer-cloud\/\">S-Filer Cloud<\/a><\/li>\n\t<li class=\"page_item page-item-12743\"><a href=\"https:\/\/www.okiok.com\/fr\/produits\/transfert-securise-de-fichier-sfiler-portal\/\">S-Filer \u2013 Portal<\/a><\/li>\n<\/ul>\n<\/li>\n<li class=\"page_item page-item-17418\"><a href=\"https:\/\/www.okiok.com\/fr\/rac-m-identity\/\">RAC\/M Identity<\/a><\/li>\n<li class=\"page_item page-item-26824\"><a href=\"https:\/\/www.okiok.com\/fr\/s-filer-portal-conditions-dutilisation-du-service-de-transfert-et-de-partage-de-fichiers-securises\/\">S-Filer Portal &#8211; Conditions d\u2019utilisation du service de transfert et de partage de fichiers s\u00e9curis\u00e9s<\/a><\/li>\n<li class=\"page_item page-item-12602 page_item_has_children\"><a href=\"https:\/\/www.okiok.com\/fr\/secteurs\/\">Secteurs<\/a>\n<ul class='children'>\n\t<li class=\"page_item page-item-12728\"><a href=\"https:\/\/www.okiok.com\/fr\/secteurs\/commerce-de-detail\/\">Commerce de d\u00e9tail<\/a><\/li>\n\t<li class=\"page_item page-item-12718\"><a href=\"https:\/\/www.okiok.com\/fr\/secteurs\/energie\/\">\u00c9nergie<\/a><\/li>\n\t<li class=\"page_item page-item-12720\"><a href=\"https:\/\/www.okiok.com\/fr\/secteurs\/finance\/\">Finance<\/a><\/li>\n\t<li class=\"page_item page-item-12724\"><a href=\"https:\/\/www.okiok.com\/fr\/secteurs\/gouvernement\/\">Gouvernement<\/a><\/li>\n\t<li class=\"page_item page-item-12722\"><a href=\"https:\/\/www.okiok.com\/fr\/secteurs\/jeux-et-loteries\/\">Jeux et loteries<\/a><\/li>\n\t<li class=\"page_item page-item-12732\"><a href=\"https:\/\/www.okiok.com\/fr\/secteurs\/medias\/\">M\u00e9dias<\/a><\/li>\n\t<li class=\"page_item page-item-12726\"><a href=\"https:\/\/www.okiok.com\/fr\/secteurs\/sante\/\">Sant\u00e9<\/a><\/li>\n\t<li class=\"page_item page-item-12730\"><a href=\"https:\/\/www.okiok.com\/fr\/secteurs\/transport\/\">Transport<\/a><\/li>\n<\/ul>\n<\/li>\n<li class=\"page_item page-item-12754 page_item_has_children\"><a href=\"https:\/\/www.okiok.com\/fr\/services\/\">Services<\/a>\n<ul class='children'>\n\t<li class=\"page_item page-item-12762\"><a href=\"https:\/\/www.okiok.com\/fr\/services\/conformite-des-identites-en-tant-que-service\/\">Conformit\u00e9 des identit\u00e9s en tant que service<\/a><\/li>\n\t<li class=\"page_item page-item-12767\"><a href=\"https:\/\/www.okiok.com\/fr\/services\/expertise-a-la-demande\/\">Expertise \u00e0 la demande<\/a><\/li>\n\t<li class=\"page_item page-item-12760\"><a href=\"https:\/\/www.okiok.com\/fr\/services\/gouvernance-conformite\/\">Gouvernance &#038; conformit\u00e9<\/a><\/li>\n\t<li class=\"page_item page-item-12756\"><a href=\"https:\/\/www.okiok.com\/fr\/services\/informatique-judiciaire-forensic\/\">Informatique judiciaire (Forensic)<\/a><\/li>\n\t<li class=\"page_item page-item-16714\"><a href=\"https:\/\/www.okiok.com\/fr\/services\/reponse-aux-incidents\/\">R\u00e9ponse aux incidents<\/a><\/li>\n\t<li class=\"page_item page-item-12758\"><a href=\"https:\/\/www.okiok.com\/fr\/services\/solutions-sur-mesure\/\">Solutions sur mesure<\/a><\/li>\n\t<li class=\"page_item page-item-12765\"><a href=\"https:\/\/www.okiok.com\/fr\/services\/tests-dintrusion-et-analyse-de-vulnerabilites\/\">Tests d\u2019intrusion et analyses de vuln\u00e9rabilit\u00e9s<\/a><\/li>\n<\/ul>\n<\/li>\n<li class=\"page_item page-item-16263\"><a href=\"https:\/\/www.okiok.com\/fr\/tests-dintrusions-mettez-vos-systemes-lepreuve\/\">Tests d&rsquo;intrusions &#8211; Mettez vos syst\u00e8mes \u00e0 l\u2019\u00e9preuve<\/a><\/li>\n<li class=\"page_item page-item-12748\"><a href=\"https:\/\/www.okiok.com\/fr\/\">Accueil<\/a><\/li>\n\n<\/ul>\n","protected":false},"excerpt":{"rendered":"\u00c0 propos Carri\u00e8res Historique Nous joindre Pourquoi Okiok Concours F\u00eates 2020 Demandez une presentation &#8211; S-Filer Portal Devenez partenaire FR &#8211; Global Network Nouvelles Offre globale Plan du site Politique sur la protection des renseignements personnels et confidentiels Products &#038; Services Produits D\u00e9tection et r\u00e9ponse g\u00e9r\u00e9es &#8211; Okiok MDR &#8211; Prix RAC\/M Identity S-Filer Cloud [...]","protected":false},"author":6,"featured_media":0,"parent":0,"menu_order":0,"comment_status":"closed","ping_status":"closed","template":"","meta":{"footnotes":""},"class_list":["post-14382","page","type-page","status-publish","hentry"],"yoast_head":"<!-- This site is optimized with the Yoast SEO plugin v26.8 - https:\/\/yoast.com\/product\/yoast-seo-wordpress\/ -->\n<title>Plan du site - OKIOK - Securit\u00e9 dans un monde en changement<\/title>\n<meta name=\"robots\" content=\"noindex, follow\" \/>\n<meta property=\"og:locale\" content=\"fr_FR\" \/>\n<meta property=\"og:type\" content=\"article\" \/>\n<meta property=\"og:title\" content=\"Plan du site - OKIOK - Securit\u00e9 dans un monde en changement\" \/>\n<meta property=\"og:site_name\" content=\"OKIOK - Securit\u00e9 dans un monde en changement\" \/>\n<meta property=\"article:publisher\" content=\"https:\/\/www.facebook.com\/okiokdata\/\" \/>\n<meta property=\"article:modified_time\" content=\"2016-11-30T16:01:18+00:00\" \/>\n<meta name=\"twitter:card\" content=\"summary_large_image\" \/>\n<meta name=\"twitter:site\" content=\"@OKIOKdata\" \/>\n<!-- \/ Yoast SEO plugin. -->","yoast_head_json":{"title":"Plan du site - OKIOK - Securit\u00e9 dans un monde en changement","robots":{"index":"noindex","follow":"follow"},"og_locale":"fr_FR","og_type":"article","og_title":"Plan du site - OKIOK - Securit\u00e9 dans un monde en changement","og_site_name":"OKIOK - Securit\u00e9 dans un monde en changement","article_publisher":"https:\/\/www.facebook.com\/okiokdata\/","article_modified_time":"2016-11-30T16:01:18+00:00","twitter_card":"summary_large_image","twitter_site":"@OKIOKdata","schema":{"@context":"https:\/\/schema.org","@graph":[{"@type":"WebPage","@id":"https:\/\/www.okiok.com\/fr\/sitemap\/","url":"https:\/\/www.okiok.com\/fr\/sitemap\/","name":"Plan du site - OKIOK - Securit\u00e9 dans un monde en changement","isPartOf":{"@id":"https:\/\/www.okiok.com\/fr\/#website"},"datePublished":"2016-11-30T15:59:51+00:00","dateModified":"2016-11-30T16:01:18+00:00","breadcrumb":{"@id":"https:\/\/www.okiok.com\/fr\/sitemap\/#breadcrumb"},"inLanguage":"fr-FR","potentialAction":[{"@type":"ReadAction","target":["https:\/\/www.okiok.com\/fr\/sitemap\/"]}]},{"@type":"BreadcrumbList","@id":"https:\/\/www.okiok.com\/fr\/sitemap\/#breadcrumb","itemListElement":[{"@type":"ListItem","position":1,"name":"Home","item":"https:\/\/prod.okiok.com\/fr\/"},{"@type":"ListItem","position":2,"name":"Plan du site"}]},{"@type":"WebSite","@id":"https:\/\/www.okiok.com\/fr\/#website","url":"https:\/\/www.okiok.com\/fr\/","name":"OKIOK - Securit\u00e9 dans un monde en changement","description":"","publisher":{"@id":"https:\/\/www.okiok.com\/fr\/#organization"},"potentialAction":[{"@type":"SearchAction","target":{"@type":"EntryPoint","urlTemplate":"https:\/\/www.okiok.com\/fr\/?s={search_term_string}"},"query-input":{"@type":"PropertyValueSpecification","valueRequired":true,"valueName":"search_term_string"}}],"inLanguage":"fr-FR"},{"@type":"Organization","@id":"https:\/\/www.okiok.com\/fr\/#organization","name":"Okiok","url":"https:\/\/www.okiok.com\/fr\/","logo":{"@type":"ImageObject","inLanguage":"fr-FR","@id":"https:\/\/www.okiok.com\/fr\/#\/schema\/logo\/image\/","url":"https:\/\/www.okiok.com\/wp-content\/uploads\/2017\/06\/logo-okiok-2.png","contentUrl":"https:\/\/www.okiok.com\/wp-content\/uploads\/2017\/06\/logo-okiok-2.png","width":300,"height":369,"caption":"Okiok"},"image":{"@id":"https:\/\/www.okiok.com\/fr\/#\/schema\/logo\/image\/"},"sameAs":["https:\/\/www.facebook.com\/okiokdata\/","https:\/\/x.com\/OKIOKdata","https:\/\/www.linkedin.com\/company-beta\/119436\/"]}]}},"_links":{"self":[{"href":"https:\/\/www.okiok.com\/fr\/wp-json\/wp\/v2\/pages\/14382","targetHints":{"allow":["GET"]}}],"collection":[{"href":"https:\/\/www.okiok.com\/fr\/wp-json\/wp\/v2\/pages"}],"about":[{"href":"https:\/\/www.okiok.com\/fr\/wp-json\/wp\/v2\/types\/page"}],"author":[{"embeddable":true,"href":"https:\/\/www.okiok.com\/fr\/wp-json\/wp\/v2\/users\/6"}],"replies":[{"embeddable":true,"href":"https:\/\/www.okiok.com\/fr\/wp-json\/wp\/v2\/comments?post=14382"}],"version-history":[{"count":3,"href":"https:\/\/www.okiok.com\/fr\/wp-json\/wp\/v2\/pages\/14382\/revisions"}],"predecessor-version":[{"id":14388,"href":"https:\/\/www.okiok.com\/fr\/wp-json\/wp\/v2\/pages\/14382\/revisions\/14388"}],"wp:attachment":[{"href":"https:\/\/www.okiok.com\/fr\/wp-json\/wp\/v2\/media?parent=14382"}],"curies":[{"name":"wp","href":"https:\/\/api.w.org\/{rel}","templated":true}]}}