{"id":14499,"date":"2016-12-14T10:25:19","date_gmt":"2016-12-14T15:25:19","guid":{"rendered":"http:\/\/pre-www.okiok.com\/fr\/holiday-sweepstake-2016\/"},"modified":"2020-12-22T13:49:25","modified_gmt":"2020-12-22T18:49:25","slug":"holiday-sweepstake-2020","status":"publish","type":"page","link":"https:\/\/www.okiok.com\/fr\/holiday-sweepstake-2020\/","title":{"rendered":"Concours F\u00eates 2020"},"content":{"rendered":"<p>&nbsp;<\/p>\n<h3><span style=\"color: #008000;\">TOUTE L&rsquo;\u00c9QUIPE D&rsquo;OKIOK VOUS SOUHAITE DE JOYEUSES F\u00caTES!<\/span><\/h3>\n<p>Pour vous remercier de votre confiance, nous d\u00e9sirons vous offrir la chance de gagner une bouteille de champagne <i>Veuve Clicquot<\/i> \u00e0 partager avec votre famille et vos amis !<\/p>\n<p><span style=\"color: #ff0000;\">Vous avez jusqu&rsquo;au 31 d\u00e9cembre 2020 pour soumettre votre inscription. Le tirage au sort aura lieu en janvier 2021.<\/span><\/p>\n<div class=\"wpforms-container wpforms-container-full\" id=\"wpforms-14498\"><form id=\"wpforms-form-14498\" class=\"wpforms-validate wpforms-form\" data-formid=\"14498\" method=\"post\" enctype=\"multipart\/form-data\" action=\"\/fr\/wp-json\/wp\/v2\/pages\/14499\" data-token=\"c0647c1a3a0560dde50f1c7a0b020024\" data-token-time=\"1775811082\"><noscript class=\"wpforms-error-noscript\">Veuillez activer JavaScript dans votre navigateur pour remplir ce formulaire.<\/noscript><div class=\"wpforms-field-container\"><div id=\"wpforms-14498-field_2-container\" class=\"wpforms-field wpforms-field-email\" data-field-id=\"2\"><label class=\"wpforms-field-label wpforms-label-hide\" for=\"wpforms-14498-field_2\">Courriel <span class=\"wpforms-required-label\">*<\/span><\/label><input type=\"email\" id=\"wpforms-14498-field_2\" class=\"wpforms-field-large wpforms-field-required\" name=\"wpforms[fields][2]\" placeholder=\"Courriel *\" spellcheck=\"false\" required><div class=\"wpforms-field-description\">* Information requise<\/div><\/div><div id=\"wpforms-14498-field_1-container\" class=\"wpforms-field wpforms-field-name\" data-field-id=\"1\"><label class=\"wpforms-field-label wpforms-label-hide\" for=\"wpforms-14498-field_1\">T\u00e9l\u00e9phone<\/label><input type=\"text\" id=\"wpforms-14498-field_1\" class=\"wpforms-field-large\" name=\"wpforms[fields][1]\" placeholder=\"T\u00e9l\u00e9phone\" ><div class=\"wpforms-field-description\">Non obligatoire, mais pratique pour vous joindre rapidement si vous gagnez!<\/div><\/div><div id=\"wpforms-14498-field_9-container\" class=\"wpforms-field wpforms-field-text\" data-field-id=\"9\"><label class=\"wpforms-field-label wpforms-label-hide\" for=\"wpforms-14498-field_9\">Code <span class=\"wpforms-required-label\">*<\/span><\/label><input type=\"text\" id=\"wpforms-14498-field_9\" class=\"wpforms-field-medium wpforms-field-required\" name=\"wpforms[fields][9]\" placeholder=\"Code de participation*\" required><div class=\"wpforms-field-description\">* Pour participer, vous devez entrer le code re\u00e7u par courriel<\/div><\/div><\/div><!-- .wpforms-field-container --><div class=\"wpforms-field wpforms-field-hp\"><label for=\"wpforms-14498-field-hp\" class=\"wpforms-field-label\">Email<\/label><input type=\"text\" name=\"wpforms[hp]\" id=\"wpforms-14498-field-hp\" class=\"wpforms-field-medium\"><\/div><div class=\"wpforms-recaptcha-container wpforms-is-recaptcha wpforms-is-recaptcha-type-v2\" ><div class=\"g-recaptcha\" data-sitekey=\"6Ldh4QwUAAAAAPztyjflSvP3xxlQXaAXPgpA7MCf\"><\/div><input type=\"text\" name=\"g-recaptcha-hidden\" class=\"wpforms-recaptcha-hidden\" style=\"position:absolute!important;clip:rect(0,0,0,0)!important;height:1px!important;width:1px!important;border:0!important;overflow:hidden!important;padding:0!important;margin:0!important;\" data-rule-recaptcha=\"1\"><\/div><div class=\"wpforms-submit-container\" ><input type=\"hidden\" name=\"wpforms[id]\" value=\"14498\"><input type=\"hidden\" name=\"page_title\" value=\"\"><input type=\"hidden\" name=\"page_url\" value=\"https:\/\/www.okiok.com\/fr\/wp-json\/wp\/v2\/pages\/14499\"><input type=\"hidden\" name=\"url_referer\" value=\"\"><button type=\"submit\" name=\"wpforms[submit]\" id=\"wpforms-submit-14498\" class=\"wpforms-submit\" data-alt-text=\"envoi en cours...\" data-submit-text=\"Envoyer\" aria-live=\"assertive\" value=\"wpforms-submit\">Envoyer<\/button><\/div><\/form><\/div>  <!-- .wpforms-container -->\n<p><em>L&rsquo;heureux gagnant sera contact\u00e9 par courriel ou par t\u00e9l\u00e9phone en janvier 2021.<\/em><\/p>\n","protected":false},"excerpt":{"rendered":"<p>&nbsp; TOUTE L&rsquo;\u00c9QUIPE D&rsquo;OKIOK VOUS SOUHAITE DE JOYEUSES F\u00caTES! Pour vous remercier de votre confiance, nous d\u00e9sirons vous offrir la chance de gagner une bouteille de champagne Veuve Clicquot \u00e0 partager avec votre famille et vos amis ! Vous avez jusqu&rsquo;au 31 d\u00e9cembre 2020 pour soumettre votre inscription. Le tirage au sort aura lieu en [&hellip;]<\/p>\n","protected":false},"author":6,"featured_media":0,"parent":0,"menu_order":0,"comment_status":"closed","ping_status":"closed","template":"","meta":{"footnotes":""},"class_list":["post-14499","page","type-page","status-publish","hentry"],"yoast_head":"<!-- This site is optimized with the Yoast SEO plugin v26.8 - https:\/\/yoast.com\/product\/yoast-seo-wordpress\/ -->\n<title>Concours F\u00eates 2020 - OKIOK - Securit\u00e9 dans un monde en changement<\/title>\n<meta name=\"robots\" content=\"noindex, nofollow\" \/>\n<meta property=\"og:locale\" content=\"fr_FR\" \/>\n<meta property=\"og:type\" content=\"article\" \/>\n<meta property=\"og:title\" content=\"Concours F\u00eates 2020 - OKIOK - Securit\u00e9 dans un monde en changement\" \/>\n<meta property=\"og:description\" content=\"&nbsp; TOUTE L&rsquo;\u00c9QUIPE D&rsquo;OKIOK VOUS SOUHAITE DE JOYEUSES F\u00caTES! Pour vous remercier de votre confiance, nous d\u00e9sirons vous offrir la chance de gagner une bouteille de champagne Veuve Clicquot \u00e0 partager avec votre famille et vos amis ! Vous avez jusqu&rsquo;au 31 d\u00e9cembre 2020 pour soumettre votre inscription. Le tirage au sort aura lieu en [&hellip;]\" \/>\n<meta property=\"og:site_name\" content=\"OKIOK - Securit\u00e9 dans un monde en changement\" \/>\n<meta property=\"article:publisher\" content=\"https:\/\/www.facebook.com\/okiokdata\/\" \/>\n<meta property=\"article:modified_time\" content=\"2020-12-22T18:49:25+00:00\" \/>\n<meta name=\"twitter:card\" content=\"summary_large_image\" \/>\n<meta name=\"twitter:site\" content=\"@OKIOKdata\" \/>\n<!-- \/ Yoast SEO plugin. -->","yoast_head_json":{"title":"Concours F\u00eates 2020 - OKIOK - Securit\u00e9 dans un monde en changement","robots":{"index":"noindex","follow":"nofollow"},"og_locale":"fr_FR","og_type":"article","og_title":"Concours F\u00eates 2020 - OKIOK - Securit\u00e9 dans un monde en changement","og_description":"&nbsp; TOUTE L&rsquo;\u00c9QUIPE D&rsquo;OKIOK VOUS SOUHAITE DE JOYEUSES F\u00caTES! Pour vous remercier de votre confiance, nous d\u00e9sirons vous offrir la chance de gagner une bouteille de champagne Veuve Clicquot \u00e0 partager avec votre famille et vos amis ! Vous avez jusqu&rsquo;au 31 d\u00e9cembre 2020 pour soumettre votre inscription. Le tirage au sort aura lieu en [&hellip;]","og_site_name":"OKIOK - Securit\u00e9 dans un monde en changement","article_publisher":"https:\/\/www.facebook.com\/okiokdata\/","article_modified_time":"2020-12-22T18:49:25+00:00","twitter_card":"summary_large_image","twitter_site":"@OKIOKdata","schema":{"@context":"https:\/\/schema.org","@graph":[{"@type":"WebPage","@id":"https:\/\/www.okiok.com\/fr\/holiday-sweepstake-2020\/","url":"https:\/\/www.okiok.com\/fr\/holiday-sweepstake-2020\/","name":"Concours F\u00eates 2020 - OKIOK - Securit\u00e9 dans un monde en changement","isPartOf":{"@id":"https:\/\/www.okiok.com\/fr\/#website"},"datePublished":"2016-12-14T15:25:19+00:00","dateModified":"2020-12-22T18:49:25+00:00","breadcrumb":{"@id":"https:\/\/www.okiok.com\/fr\/holiday-sweepstake-2020\/#breadcrumb"},"inLanguage":"fr-FR","potentialAction":[{"@type":"ReadAction","target":["https:\/\/www.okiok.com\/fr\/holiday-sweepstake-2020\/"]}]},{"@type":"BreadcrumbList","@id":"https:\/\/www.okiok.com\/fr\/holiday-sweepstake-2020\/#breadcrumb","itemListElement":[{"@type":"ListItem","position":1,"name":"Home","item":"https:\/\/prod.okiok.com\/fr\/"},{"@type":"ListItem","position":2,"name":"Concours F\u00eates 2020"}]},{"@type":"WebSite","@id":"https:\/\/www.okiok.com\/fr\/#website","url":"https:\/\/www.okiok.com\/fr\/","name":"OKIOK - Securit\u00e9 dans un monde en changement","description":"","publisher":{"@id":"https:\/\/www.okiok.com\/fr\/#organization"},"potentialAction":[{"@type":"SearchAction","target":{"@type":"EntryPoint","urlTemplate":"https:\/\/www.okiok.com\/fr\/?s={search_term_string}"},"query-input":{"@type":"PropertyValueSpecification","valueRequired":true,"valueName":"search_term_string"}}],"inLanguage":"fr-FR"},{"@type":"Organization","@id":"https:\/\/www.okiok.com\/fr\/#organization","name":"Okiok","url":"https:\/\/www.okiok.com\/fr\/","logo":{"@type":"ImageObject","inLanguage":"fr-FR","@id":"https:\/\/www.okiok.com\/fr\/#\/schema\/logo\/image\/","url":"https:\/\/www.okiok.com\/wp-content\/uploads\/2017\/06\/logo-okiok-2.png","contentUrl":"https:\/\/www.okiok.com\/wp-content\/uploads\/2017\/06\/logo-okiok-2.png","width":300,"height":369,"caption":"Okiok"},"image":{"@id":"https:\/\/www.okiok.com\/fr\/#\/schema\/logo\/image\/"},"sameAs":["https:\/\/www.facebook.com\/okiokdata\/","https:\/\/x.com\/OKIOKdata","https:\/\/www.linkedin.com\/company-beta\/119436\/"]}]}},"_links":{"self":[{"href":"https:\/\/www.okiok.com\/fr\/wp-json\/wp\/v2\/pages\/14499","targetHints":{"allow":["GET"]}}],"collection":[{"href":"https:\/\/www.okiok.com\/fr\/wp-json\/wp\/v2\/pages"}],"about":[{"href":"https:\/\/www.okiok.com\/fr\/wp-json\/wp\/v2\/types\/page"}],"author":[{"embeddable":true,"href":"https:\/\/www.okiok.com\/fr\/wp-json\/wp\/v2\/users\/6"}],"replies":[{"embeddable":true,"href":"https:\/\/www.okiok.com\/fr\/wp-json\/wp\/v2\/comments?post=14499"}],"version-history":[{"count":24,"href":"https:\/\/www.okiok.com\/fr\/wp-json\/wp\/v2\/pages\/14499\/revisions"}],"predecessor-version":[{"id":20103,"href":"https:\/\/www.okiok.com\/fr\/wp-json\/wp\/v2\/pages\/14499\/revisions\/20103"}],"wp:attachment":[{"href":"https:\/\/www.okiok.com\/fr\/wp-json\/wp\/v2\/media?parent=14499"}],"curies":[{"name":"wp","href":"https:\/\/api.w.org\/{rel}","templated":true}]}}