{"id":16263,"date":"2017-09-28T09:38:21","date_gmt":"2017-09-28T14:38:21","guid":{"rendered":"http:\/\/www.okiok.com\/?page_id=16263"},"modified":"2019-05-14T15:18:15","modified_gmt":"2019-05-14T20:18:15","slug":"tests-dintrusions-mettez-vos-systemes-lepreuve","status":"publish","type":"page","link":"https:\/\/www.okiok.com\/fr\/tests-dintrusions-mettez-vos-systemes-lepreuve\/","title":{"rendered":"Tests d&rsquo;intrusions &#8211; Mettez vos syst\u00e8mes \u00e0 l\u2019\u00e9preuve"},"content":{"rendered":"<div class=\"wpb-content-wrapper\">[vc_row css=\u00a0\u00bb.vc_custom_1505488400369{border-top-width: 50px !important;padding-top: 50px !important;}\u00a0\u00bb][vc_column][vc_column_text]\n<h2 class=\"wpforms-form-name\">Tests d&rsquo;intrusions &#8211; Mettez vos syst\u00e8mes \u00e0 l\u2019\u00e9preuve<\/h2>\n<p><span class=\"wpforms-form-desc\">Mettez vos syst\u00e8mes \u00e0 l\u2019\u00e9preuve avec des experts certifi\u00e9s une approche structur\u00e9e et une m\u00e9thodologie exclusive<\/span><\/p>\n<div class=\"wpforms-container wpforms-container-full\" id=\"wpforms-16253\"><form id=\"wpforms-form-16253\" class=\"wpforms-validate wpforms-form\" data-formid=\"16253\" method=\"post\" enctype=\"multipart\/form-data\" action=\"\/fr\/wp-json\/wp\/v2\/pages\/16263\" data-token=\"917b3288906292a8c5033dd45b65b3ae\" data-token-time=\"1775607331\"><noscript class=\"wpforms-error-noscript\">Veuillez activer JavaScript dans votre navigateur pour remplir ce formulaire.<\/noscript><div class=\"wpforms-field-container\"><div id=\"wpforms-16253-field_8-container\" class=\"wpforms-field wpforms-field-name\" data-field-id=\"8\"><label class=\"wpforms-field-label\" for=\"wpforms-16253-field_8\">D\u00c9MARREZ D\u00c8S AUJOURD&#039;HUI!<\/label><div class=\"wpforms-field-row wpforms-field-large\"><div class=\"wpforms-field-row-block wpforms-first wpforms-one-half\"><input type=\"text\" id=\"wpforms-16253-field_8\" class=\"wpforms-field-name-first\" name=\"wpforms[fields][8][first]\" placeholder=\"Pr\u00e9nom\" ><label for=\"wpforms-16253-field_8\" class=\"wpforms-field-sublabel after wpforms-sublabel-hide\">Pr\u00e9nom<\/label><\/div><div class=\"wpforms-field-row-block wpforms-one-half\"><input type=\"text\" id=\"wpforms-16253-field_8-last\" class=\"wpforms-field-name-last\" name=\"wpforms[fields][8][last]\" placeholder=\"Nom\" ><label for=\"wpforms-16253-field_8-last\" class=\"wpforms-field-sublabel after wpforms-sublabel-hide\">Nom<\/label><\/div><\/div><\/div><div id=\"wpforms-16253-field_2-container\" class=\"wpforms-field wpforms-field-email\" data-field-id=\"2\"><label class=\"wpforms-field-label wpforms-label-hide\" for=\"wpforms-16253-field_2\">COURRIEL <span class=\"wpforms-required-label\">*<\/span><\/label><input type=\"email\" id=\"wpforms-16253-field_2\" class=\"wpforms-field-large wpforms-field-required\" name=\"wpforms[fields][2]\" placeholder=\"Courriel*\" spellcheck=\"false\" required><\/div><div id=\"wpforms-16253-field_9-container\" class=\"wpforms-field wpforms-field-text\" data-field-id=\"9\"><label class=\"wpforms-field-label wpforms-label-hide\" for=\"wpforms-16253-field_9\">TELEPHONE<\/label><input type=\"text\" id=\"wpforms-16253-field_9\" class=\"wpforms-field-large\" name=\"wpforms[fields][9]\" placeholder=\"T\u00e9l\u00e9phone\" ><\/div><div id=\"wpforms-16253-field_4-container\" class=\"wpforms-field wpforms-field-textarea\" data-field-id=\"4\"><label class=\"wpforms-field-label\" for=\"wpforms-16253-field_4\">COMMENTAIRES<\/label><textarea id=\"wpforms-16253-field_4\" class=\"wpforms-field-medium\" name=\"wpforms[fields][4]\" ><\/textarea><div class=\"wpforms-field-description\">* Champs requis\r\n<\/div><\/div><div id=\"wpforms-16253-field_10-container\" class=\"wpforms-field wpforms-field-checkbox\" data-field-id=\"10\"><label class=\"wpforms-field-label\">Avis relatif \u00e0 la protection de vos informations <span class=\"wpforms-required-label\">*<\/span><\/label><ul id=\"wpforms-16253-field_10\" class=\"wpforms-field-required\"><li class=\"choice-1 depth-1\"><input type=\"checkbox\" id=\"wpforms-16253-field_10_1\" name=\"wpforms[fields][10][]\" value=\"J&#039;accepte\" required ><label class=\"wpforms-field-label-inline\" for=\"wpforms-16253-field_10_1\">J'accepte<\/label><\/li><\/ul><div class=\"wpforms-field-description\">Afin de traiter votre demande d\u2019information, nous recueillons seulement vos coordonn\u00e9es professionnelles ainsi que vos noms et pr\u00e9noms. Ces informations seront utilis\u00e9es \u00e0 l\u2019interne chez OKIOK exclusivement afin de vous contacter pour vous transmettre l\u2019information relative \u00e0 nos produits et services.\r\nPour toutes questions relatives \u00e0 la protection de vos informations, veuillez-vous r\u00e9f\u00e9rer \u00e0 notre <a href=\"\/fr\/politique-sur-la-protection-des-renseignements-personnels-et-confidentiels\/\">Politique de protection des renseignements personnels<\/a>, disponible sur notre site web.<\/div><\/div><\/div><!-- .wpforms-field-container --><div class=\"wpforms-field wpforms-field-hp\"><label for=\"wpforms-16253-field-hp\" class=\"wpforms-field-label\">Email<\/label><input type=\"text\" name=\"wpforms[hp]\" id=\"wpforms-16253-field-hp\" class=\"wpforms-field-medium\"><\/div><div class=\"wpforms-recaptcha-container wpforms-is-recaptcha wpforms-is-recaptcha-type-v2\" ><div class=\"g-recaptcha\" data-sitekey=\"6Ldh4QwUAAAAAPztyjflSvP3xxlQXaAXPgpA7MCf\"><\/div><input type=\"text\" name=\"g-recaptcha-hidden\" class=\"wpforms-recaptcha-hidden\" style=\"position:absolute!important;clip:rect(0,0,0,0)!important;height:1px!important;width:1px!important;border:0!important;overflow:hidden!important;padding:0!important;margin:0!important;\" data-rule-recaptcha=\"1\"><\/div><div class=\"wpforms-submit-container\" ><input type=\"hidden\" name=\"wpforms[id]\" value=\"16253\"><input type=\"hidden\" name=\"page_title\" value=\"\"><input type=\"hidden\" name=\"page_url\" value=\"https:\/\/www.okiok.com\/fr\/wp-json\/wp\/v2\/pages\/16263\"><input type=\"hidden\" name=\"url_referer\" value=\"\"><button type=\"submit\" name=\"wpforms[submit]\" id=\"wpforms-submit-16253\" class=\"wpforms-submit\" aria-live=\"assertive\" value=\"wpforms-submit\">Envoyer<\/button><\/div><\/form><\/div>  <!-- .wpforms-container -->[\/vc_column_text][\/vc_column][\/vc_row]\n<\/div>","protected":false},"excerpt":{"rendered":"<p>[vc_row css=\u00a0\u00bb.vc_custom_1505488400369{border-top-width: 50px !important;padding-top: 50px !important;}\u00a0\u00bb][vc_column][vc_column_text] Tests d&rsquo;intrusions &#8211; Mettez vos syst\u00e8mes \u00e0 l\u2019\u00e9preuve Mettez vos syst\u00e8mes \u00e0 l\u2019\u00e9preuve avec des experts certifi\u00e9s une approche structur\u00e9e et une m\u00e9thodologie exclusive [\/vc_column_text][\/vc_column][\/vc_row]<\/p>\n","protected":false},"author":6,"featured_media":0,"parent":0,"menu_order":0,"comment_status":"closed","ping_status":"closed","template":"","meta":{"footnotes":""},"class_list":["post-16263","page","type-page","status-publish","hentry"],"yoast_head":"<!-- This site is optimized with the Yoast SEO plugin v26.8 - https:\/\/yoast.com\/product\/yoast-seo-wordpress\/ -->\n<title>Demandez un test d&#039;intrusution, mettez vos syst\u00e8mes \u00e0 l&#039;\u00e9preuve |\u00a0OKIOK<\/title>\n<meta name=\"description\" content=\"Mettez vos syst\u00e8mes \u00e0 l\u2019\u00e9preuve avec des experts certifi\u00e9s une approche structur\u00e9e et une m\u00e9thodologie exclusive. Remplissez notre formulaire.\" \/>\n<meta name=\"robots\" content=\"index, follow, max-snippet:-1, max-image-preview:large, max-video-preview:-1\" \/>\n<meta property=\"og:locale\" content=\"fr_FR\" \/>\n<meta property=\"og:type\" content=\"article\" \/>\n<meta property=\"og:title\" content=\"Demandez un test d&#039;intrusution, mettez vos syst\u00e8mes \u00e0 l&#039;\u00e9preuve |\u00a0OKIOK\" \/>\n<meta property=\"og:description\" content=\"Mettez vos syst\u00e8mes \u00e0 l\u2019\u00e9preuve avec des experts certifi\u00e9s une approche structur\u00e9e et une m\u00e9thodologie exclusive. Remplissez notre formulaire.\" \/>\n<meta property=\"og:site_name\" content=\"OKIOK - Securit\u00e9 dans un monde en changement\" \/>\n<meta property=\"article:publisher\" content=\"https:\/\/www.facebook.com\/okiokdata\/\" \/>\n<meta property=\"article:modified_time\" content=\"2019-05-14T20:18:15+00:00\" \/>\n<meta name=\"twitter:card\" content=\"summary_large_image\" \/>\n<meta name=\"twitter:site\" content=\"@OKIOKdata\" \/>\n<!-- \/ Yoast SEO plugin. -->","yoast_head_json":{"title":"Demandez un test d'intrusution, mettez vos syst\u00e8mes \u00e0 l'\u00e9preuve |\u00a0OKIOK","description":"Mettez vos syst\u00e8mes \u00e0 l\u2019\u00e9preuve avec des experts certifi\u00e9s une approche structur\u00e9e et une m\u00e9thodologie exclusive. Remplissez notre formulaire.","robots":{"index":"index","follow":"follow","max-snippet":"max-snippet:-1","max-image-preview":"max-image-preview:large","max-video-preview":"max-video-preview:-1"},"og_locale":"fr_FR","og_type":"article","og_title":"Demandez un test d'intrusution, mettez vos syst\u00e8mes \u00e0 l'\u00e9preuve |\u00a0OKIOK","og_description":"Mettez vos syst\u00e8mes \u00e0 l\u2019\u00e9preuve avec des experts certifi\u00e9s une approche structur\u00e9e et une m\u00e9thodologie exclusive. Remplissez notre formulaire.","og_site_name":"OKIOK - Securit\u00e9 dans un monde en changement","article_publisher":"https:\/\/www.facebook.com\/okiokdata\/","article_modified_time":"2019-05-14T20:18:15+00:00","twitter_card":"summary_large_image","twitter_site":"@OKIOKdata","schema":{"@context":"https:\/\/schema.org","@graph":[{"@type":"WebPage","@id":"https:\/\/www.okiok.com\/fr\/tests-dintrusions-mettez-vos-systemes-lepreuve\/","url":"https:\/\/www.okiok.com\/fr\/tests-dintrusions-mettez-vos-systemes-lepreuve\/","name":"Demandez un test d'intrusution, mettez vos syst\u00e8mes \u00e0 l'\u00e9preuve |\u00a0OKIOK","isPartOf":{"@id":"https:\/\/www.okiok.com\/fr\/#website"},"datePublished":"2017-09-28T14:38:21+00:00","dateModified":"2019-05-14T20:18:15+00:00","description":"Mettez vos syst\u00e8mes \u00e0 l\u2019\u00e9preuve avec des experts certifi\u00e9s une approche structur\u00e9e et une m\u00e9thodologie exclusive. Remplissez notre formulaire.","breadcrumb":{"@id":"https:\/\/www.okiok.com\/fr\/tests-dintrusions-mettez-vos-systemes-lepreuve\/#breadcrumb"},"inLanguage":"fr-FR","potentialAction":[{"@type":"ReadAction","target":["https:\/\/www.okiok.com\/fr\/tests-dintrusions-mettez-vos-systemes-lepreuve\/"]}]},{"@type":"BreadcrumbList","@id":"https:\/\/www.okiok.com\/fr\/tests-dintrusions-mettez-vos-systemes-lepreuve\/#breadcrumb","itemListElement":[{"@type":"ListItem","position":1,"name":"Home","item":"https:\/\/prod.okiok.com\/fr\/"},{"@type":"ListItem","position":2,"name":"Tests d&rsquo;intrusions &#8211; Mettez vos syst\u00e8mes \u00e0 l\u2019\u00e9preuve"}]},{"@type":"WebSite","@id":"https:\/\/www.okiok.com\/fr\/#website","url":"https:\/\/www.okiok.com\/fr\/","name":"OKIOK - Securit\u00e9 dans un monde en changement","description":"","publisher":{"@id":"https:\/\/www.okiok.com\/fr\/#organization"},"potentialAction":[{"@type":"SearchAction","target":{"@type":"EntryPoint","urlTemplate":"https:\/\/www.okiok.com\/fr\/?s={search_term_string}"},"query-input":{"@type":"PropertyValueSpecification","valueRequired":true,"valueName":"search_term_string"}}],"inLanguage":"fr-FR"},{"@type":"Organization","@id":"https:\/\/www.okiok.com\/fr\/#organization","name":"Okiok","url":"https:\/\/www.okiok.com\/fr\/","logo":{"@type":"ImageObject","inLanguage":"fr-FR","@id":"https:\/\/www.okiok.com\/fr\/#\/schema\/logo\/image\/","url":"https:\/\/www.okiok.com\/wp-content\/uploads\/2017\/06\/logo-okiok-2.png","contentUrl":"https:\/\/www.okiok.com\/wp-content\/uploads\/2017\/06\/logo-okiok-2.png","width":300,"height":369,"caption":"Okiok"},"image":{"@id":"https:\/\/www.okiok.com\/fr\/#\/schema\/logo\/image\/"},"sameAs":["https:\/\/www.facebook.com\/okiokdata\/","https:\/\/x.com\/OKIOKdata","https:\/\/www.linkedin.com\/company-beta\/119436\/"]}]}},"_links":{"self":[{"href":"https:\/\/www.okiok.com\/fr\/wp-json\/wp\/v2\/pages\/16263","targetHints":{"allow":["GET"]}}],"collection":[{"href":"https:\/\/www.okiok.com\/fr\/wp-json\/wp\/v2\/pages"}],"about":[{"href":"https:\/\/www.okiok.com\/fr\/wp-json\/wp\/v2\/types\/page"}],"author":[{"embeddable":true,"href":"https:\/\/www.okiok.com\/fr\/wp-json\/wp\/v2\/users\/6"}],"replies":[{"embeddable":true,"href":"https:\/\/www.okiok.com\/fr\/wp-json\/wp\/v2\/comments?post=16263"}],"version-history":[{"count":1,"href":"https:\/\/www.okiok.com\/fr\/wp-json\/wp\/v2\/pages\/16263\/revisions"}],"predecessor-version":[{"id":16264,"href":"https:\/\/www.okiok.com\/fr\/wp-json\/wp\/v2\/pages\/16263\/revisions\/16264"}],"wp:attachment":[{"href":"https:\/\/www.okiok.com\/fr\/wp-json\/wp\/v2\/media?parent=16263"}],"curies":[{"name":"wp","href":"https:\/\/api.w.org\/{rel}","templated":true}]}}