{"id":17418,"date":"2018-09-24T13:35:09","date_gmt":"2018-09-24T18:35:09","guid":{"rendered":"http:\/\/www.okiok.com\/?page_id=17418"},"modified":"2019-05-14T15:26:04","modified_gmt":"2019-05-14T20:26:04","slug":"rac-m-identity","status":"publish","type":"page","link":"https:\/\/www.okiok.com\/fr\/rac-m-identity\/","title":{"rendered":"RAC\/M Identity"},"content":{"rendered":"<div class=\"wpb-content-wrapper\">[mk_page_section bg_image=\u00a0\u00bb\/wp-content\/uploads\/2018\/09\/vegas-wide.jpg\u00a0\u00bb bg_repeat=\u00a0\u00bbno-repeat\u00a0\u00bb video_loop=\u00a0\u00bbfalse\u00a0\u00bb video_mask=\u00a0\u00bbtrue\u00a0\u00bb bg_gradient=\u00a0\u00bbhorizontal\u00a0\u00bb video_opacity=\u00a0\u00bb0&Prime; min_height=\u00a0\u00bb200&Prime; padding_top=\u00a0\u00bb\u00a0\u00bb padding_bottom=\u00a0\u00bb\u00a0\u00bb top_shape_style=\u00a0\u00bbfolded-top\u00a0\u00bb top_shape_color=\u00a0\u00bb#ffffff\u00a0\u00bb bottom_shape_color=\u00a0\u00bb#ffffff\u00a0\u00bb el_class=\u00a0\u00bbidentity-banner\u00a0\u00bb sidebar=\u00a0\u00bbsidebar-1&Prime; first_page=\u00a0\u00bbfalse\u00a0\u00bb last_page=\u00a0\u00bbfalse\u00a0\u00bb][vc_column css=\u00a0\u00bb.vc_custom_1474022518322{padding-top: 60px !important;padding-bottom: 15px !important;background-position: center !important;background-repeat: no-repeat !important;background-size: cover !important;}\u00a0\u00bb][vc_row_inner css=\u00a0\u00bb.vc_custom_1471426440584{padding-right: 30px !important;padding-left: 0px !important;}\u00a0\u00bb][vc_column_inner][mk_fancy_title tag_name=\u00a0\u00bbh1&Prime; color=\u00a0\u00bb#ffffff\u00a0\u00bb size=\u00a0\u00bb26&Prime; force_font_size=\u00a0\u00bbtrue\u00a0\u00bb size_smallscreen=\u00a0\u00bb26&Prime; size_tablet=\u00a0\u00bb20&Prime; size_phone=\u00a0\u00bb20&Prime; font_weight=\u00a0\u00bb400&Prime; font_style=\u00a0\u00bbnormal\u00a0\u00bb txt_transform=\u00a0\u00bbnone\u00a0\u00bb letter_spacing=\u00a0\u00bb3&Prime; margin_top=\u00a0\u00bb5&Prime; margin_bottom=\u00a0\u00bb0&Prime; font_family=\u00a0\u00bbnone\u00a0\u00bb]\n<div style=\"margin-left: -14px; padding: 10px 14px 15px 14px; background-color: black; width: 120px;\"><img decoding=\"async\" style=\"width: 100px;\" src=\"\/wp-content\/uploads\/2018\/09\/gartner_logo.png\" alt=\"\" \/><\/div>\n<div style=\"font-size: 25px; letter-spacing: normal; margin-top: 5px;\">Sommet sur la gestion des identit\u00e9s et des acc\u00e8s 2018<\/div>\n<div style=\"font-size: 17px; letter-spacing: normal; margin-top: -5px;\">Du 3 au 5 D\u00e9cembre \/ Las Vegas, NV<\/div>\n<div style=\"font-size: 17px; letter-spacing: normal; margin-top: -5px;\">Kiosque 219<\/div>\n[\/mk_fancy_title][mk_button dimension=\u00a0\u00bbflat\u00a0\u00bb url=\u00a0\u00bb#gartner-request-form\u00a0\u00bb]DEMANDEZ UNE RENCONTRE ET \u00c9CONOMISEZ 300$ SUR VOTRE INSCRIPTION AU GARTNER IAM SUMMIT[\/mk_button][\/vc_column_inner][\/vc_row_inner][\/vc_column][\/mk_page_section][vc_row fullwidth=\u00a0\u00bbtrue\u00a0\u00bb fullwidth_content=\u00a0\u00bbfalse\u00a0\u00bb][vc_column][mk_padding_divider size=\u00a0\u00bb70&Prime;][vc_row_inner][vc_column_inner width=\u00a0\u00bb1\/3&Prime;][mk_fancy_title color=\u00a0\u00bb#1775bb\u00a0\u00bb size=\u00a0\u00bb22&Prime; force_font_size=\u00a0\u00bbtrue\u00a0\u00bb size_smallscreen=\u00a0\u00bb15&Prime; size_tablet=\u00a0\u00bb16&Prime; size_phone=\u00a0\u00bb13&Prime; line_height=\u00a0\u00bb105&Prime; font_weight=\u00a0\u00bbbold\u00a0\u00bb txt_transform=\u00a0\u00bbuppercase\u00a0\u00bb margin_bottom=\u00a0\u00bb0&Prime; font_family=\u00a0\u00bbnone\u00a0\u00bb]D\u00c9COUVREZ COMMENT UN PROGRAMME DE GIA EFFICACE ACC\u00c9L\u00c8RE LA TRANSFORMATION NUM\u00c9RIQUE.[\/mk_fancy_title][mk_fancy_title tag_name=\u00a0\u00bbh3&Prime; color=\u00a0\u00bb#1775bb\u00a0\u00bb size=\u00a0\u00bb18&Prime; force_font_size=\u00a0\u00bbtrue\u00a0\u00bb size_smallscreen=\u00a0\u00bb16&Prime; size_tablet=\u00a0\u00bb16&Prime; size_phone=\u00a0\u00bb16&Prime; font_weight=\u00a0\u00bb400&Prime; txt_transform=\u00a0\u00bbnone\u00a0\u00bb margin_bottom=\u00a0\u00bb0&Prime; font_family=\u00a0\u00bbnone\u00a0\u00bb]Il est temps de faire ce pas vers une plus grande efficacit\u00e9, agilit\u00e9 et valeur ajout\u00e9e. Laissez-nous vous montrer la voie avec notre solution compl\u00e8te de gouvernance et d&rsquo;administration des identit\u00e9s (IGA) &#8211; RAC\/M Identity.[\/mk_fancy_title][mk_divider style=\u00a0\u00bbthick_solid\u00a0\u00bb divider_width=\u00a0\u00bbone_half\u00a0\u00bb align=\u00a0\u00bbleft\u00a0\u00bb border_color=\u00a0\u00bb#1775bb\u00a0\u00bb margin_top=\u00a0\u00bb0&Prime;][mk_title_box line_height=\u00a0\u00bb25&Prime; margin_top=\u00a0\u00bb16&Prime; font_family=\u00a0\u00bbnone\u00a0\u00bb]\u00c0 PROPOS DU SOMMET DE GESTION DES IDENTIT\u00c9S ET DES ACC\u00c8S GARTNER 2018.[\/mk_title_box][vc_column_text]Le somment de gestion des identit\u00e9s et des acc\u00e8s Gartner 2018 aidera les participants \u00e0 repenser les \u00e9l\u00e9ments significatifs de leur approche GIA pour le succ\u00e8s \u00e0 l&rsquo;\u00e8re num\u00e9rique. Les analystes de Gartner expliqueront les derni\u00e8res tactiques et les meilleures pratiques au sein des fondament de GIA pour aider \u00e0 concevoir et \u00e0 mettre en \u0153uvre une vision et une strat\u00e9gie GIA \u00e0 l&rsquo;\u00e8re num\u00e9rique.<a id=\"gartner-request-form\"><\/a>[\/vc_column_text][\/vc_column_inner][vc_column_inner width=\u00a0\u00bb2\/3&Prime;][mk_custom_list style=\u00a0\u00bb\u00a0\u00bb]\n<h4>Venez rencontrer nos clients<\/h4>\n<p>Ne manquez pas l&rsquo;occasion de rencontrer nos clients. Certains d&rsquo;entre eux seront pr\u00e9sents pour discuter de leurs exp\u00e9riences de migration de leurs solutions IGA de premi\u00e8re g\u00e9n\u00e9ration vers RAC\/M Identity. Ils peuvent partager des informations pratiques et des le\u00e7ons apprises sur la mise en \u0153uvre de programmes de gestion des identit\u00e9s et de l&rsquo;information r\u00e9ussis. C&rsquo;est votre chance d&rsquo;en apprendre davantage sur l&rsquo;importance du soutien des fournisseurs dans l&rsquo;\u00e9volution des op\u00e9rations de GIA.<\/p>\n<h4>Le voie la plus rapide vers la conformit\u00e9<\/h4>\n<p>RAC\/M Identity est notre solution IGA de classe mondiale qui aide les organisations \u00e0 se conformer aux r\u00e9glementations, \u00e0 s\u00e9curiser les actifs les plus pr\u00e9cieux et \u00e0 optimiser les processus d&rsquo;affaires. RAC\/M Identity fournit des informations approfondies qui vous aideront \u00e0 mettre en \u00e9vidence, prioriser, suivre et corriger les risques li\u00e9s \u00e0 la GIA. RAC\/M Identity propose une configuration et une int\u00e9gration rapides, ainsi qu&rsquo;un d\u00e9ploiement flexible avec des options de livraison sur site, en cloud priv\u00e9 et en mode SaaS.<\/p>\n<h4>Expertise de la cyber s\u00e9curit\u00e9<\/h4>\n<p>OKIOK a d\u00e9velopp\u00e9 et fourni des solutions de s\u00e9curit\u00e9 innovantes depuis plus de trois d\u00e9cennies. Nous offrons des services conseil en s\u00e9curit\u00e9, en d\u00e9veloppement de logiciels, en tests d&rsquo;intrusion, en informatique judiciaire et en formation. Notre \u00e9quipe d&rsquo;experts \u00e9lite peut vous aider \u00e0 tirer parti de nos logiciels et services pour prot\u00e9ger les ressources de l&rsquo;entreprise, am\u00e9liorer la conformit\u00e9 et am\u00e9liorer votre s\u00e9curit\u00e9.<br \/>\n[\/mk_custom_list][\/vc_column_inner][\/vc_row_inner][\/vc_column][\/vc_row][mk_page_section bg_color=\u00a0\u00bb#1775bb\u00a0\u00bb video_loop=\u00a0\u00bbfalse\u00a0\u00bb padding_top=\u00a0\u00bb30&Prime; padding_bottom=\u00a0\u00bb0&Prime; sidebar=\u00a0\u00bbsidebar-1&Prime;][vc_column][vc_row_inner attached=\u00a0\u00bbtrue\u00a0\u00bb][vc_column_inner width=\u00a0\u00bb1\/3&Prime;][mk_fancy_title color=\u00a0\u00bb#ffffff\u00a0\u00bb size=\u00a0\u00bb30&Prime; font_weight=\u00a0\u00bb400&Prime; txt_transform=\u00a0\u00bbnone\u00a0\u00bb margin_top=\u00a0\u00bb24&Prime; font_family=\u00a0\u00bbnone\u00a0\u00bb]Demandez une rencontre[\/mk_fancy_title][mk_fancy_title tag_name=\u00a0\u00bbh3&Prime; color=\u00a0\u00bb#ffffff\u00a0\u00bb size=\u00a0\u00bb19&Prime; font_family=\u00a0\u00bbnone\u00a0\u00bb]\n<div style=\"padding-right: 20px;\">\n<div style=\"padding-bottom: 20px;\">Remplissez ce formulaire et nous vous contacterons pour planifier une rencontre.<\/div>\n<div><em>De plus, vous recevrez un coupon-rabais de <strong style=\"color: white;\">300$<\/strong> sur votre billet pour le Sommet 2018 de Gartner sur la gestion des identit\u00e9s et des acc\u00e8s.<\/em><\/div>\n<\/div>\n[\/mk_fancy_title][\/vc_column_inner][vc_column_inner width=\u00a0\u00bb2\/3&Prime; css=\u00a0\u00bb.vc_custom_1537796246856{margin-top: 10px !important;margin-bottom: 20px !important;border-top-width: 1px !important;border-right-width: 1px !important;border-bottom-width: 1px !important;border-left-width: 1px !important;padding-top: 20px !important;padding-right: 20px !important;padding-bottom: 20px !important;padding-left: 20px !important;background-color: #ffffff !important;}\u00a0\u00bb]<div class=\"wpforms-container wpforms-container-full\" id=\"wpforms-17422\"><form id=\"wpforms-form-17422\" class=\"wpforms-validate wpforms-form\" data-formid=\"17422\" method=\"post\" enctype=\"multipart\/form-data\" action=\"\/fr\/wp-json\/wp\/v2\/pages\/17418\" data-token=\"509c4b14409339efedfd35ef8d4b964d\" data-token-time=\"1777619399\"><noscript class=\"wpforms-error-noscript\">Veuillez activer JavaScript dans votre navigateur pour remplir ce formulaire.<\/noscript><div class=\"wpforms-field-container\"><div id=\"wpforms-17422-field_0-container\" class=\"wpforms-field wpforms-field-name\" data-field-id=\"0\"><label class=\"wpforms-field-label wpforms-label-hide\" for=\"wpforms-17422-field_0\">Nom<\/label><input type=\"text\" id=\"wpforms-17422-field_0\" class=\"wpforms-field-large\" name=\"wpforms[fields][0]\" placeholder=\"VOTRE NOM\" ><\/div><div id=\"wpforms-17422-field_1-container\" class=\"wpforms-field wpforms-field-email\" data-field-id=\"1\"><label class=\"wpforms-field-label wpforms-label-hide\" for=\"wpforms-17422-field_1\">Courriel <span class=\"wpforms-required-label\">*<\/span><\/label><input type=\"email\" id=\"wpforms-17422-field_1\" class=\"wpforms-field-large wpforms-field-required\" name=\"wpforms[fields][1]\" placeholder=\"VOTRE COURRIEL *\" spellcheck=\"false\" required><\/div><div id=\"wpforms-17422-field_2-container\" class=\"wpforms-field wpforms-field-textarea\" data-field-id=\"2\"><label class=\"wpforms-field-label\" for=\"wpforms-17422-field_2\">Informations suppl\u00e9mentaires pour la demande<\/label><textarea id=\"wpforms-17422-field_2\" class=\"wpforms-field-small\" name=\"wpforms[fields][2]\" ><\/textarea><div class=\"wpforms-field-description\">* Champs requis<\/div><\/div><div id=\"wpforms-17422-field_4-container\" class=\"wpforms-field wpforms-field-checkbox\" data-field-id=\"4\"><label class=\"wpforms-field-label\">Avis relatif \u00e0 la protection de vos informations <span class=\"wpforms-required-label\">*<\/span><\/label><ul id=\"wpforms-17422-field_4\" class=\"wpforms-field-required\"><li class=\"choice-1 depth-1\"><input type=\"checkbox\" id=\"wpforms-17422-field_4_1\" name=\"wpforms[fields][4][]\" value=\"J&#039;accepte\" required ><label class=\"wpforms-field-label-inline\" for=\"wpforms-17422-field_4_1\">J'accepte<\/label><\/li><\/ul><div class=\"wpforms-field-description\">Afin de traiter votre demande d\u2019information, nous collectons seulement vos coordonn\u00e9es professionnelles ainsi que vos noms et pr\u00e9noms. Vos donn\u00e9es seront prot\u00e9g\u00e9es et trait\u00e9es \u00e0 l\u2019interne chez OKIOK afin de vous contacter pour vous transmettre l\u2019information relative \u00e0 nos produits et services. En aucun cas vos donn\u00e9es ne seront transmises \u00e0 des tiers. \r\nEn nous transmettant vos informations, vous nous autorisez \u00e0 collecter et traiter vos donn\u00e9es pour l\u2019objectif ci-haut mentionn\u00e9.\r\nSi vous souhaitez qu\u2019on supprime vos donn\u00e9es, vous pourrez nous en faire la demande \u00e0 info@okiok.com, et nous y proc\u00e8derons dans un d\u00e9lai de 30 jours.<\/div><\/div><\/div><!-- .wpforms-field-container --><div class=\"wpforms-field wpforms-field-hp\"><label for=\"wpforms-17422-field-hp\" class=\"wpforms-field-label\">Message<\/label><input type=\"text\" name=\"wpforms[hp]\" id=\"wpforms-17422-field-hp\" class=\"wpforms-field-medium\"><\/div><div class=\"wpforms-recaptcha-container wpforms-is-recaptcha wpforms-is-recaptcha-type-v2\" ><div class=\"g-recaptcha\" data-sitekey=\"6Ldh4QwUAAAAAPztyjflSvP3xxlQXaAXPgpA7MCf\"><\/div><input type=\"text\" name=\"g-recaptcha-hidden\" class=\"wpforms-recaptcha-hidden\" style=\"position:absolute!important;clip:rect(0,0,0,0)!important;height:1px!important;width:1px!important;border:0!important;overflow:hidden!important;padding:0!important;margin:0!important;\" data-rule-recaptcha=\"1\"><\/div><div class=\"wpforms-submit-container\" ><input type=\"hidden\" name=\"wpforms[id]\" value=\"17422\"><input type=\"hidden\" name=\"page_title\" value=\"\"><input type=\"hidden\" name=\"page_url\" value=\"https:\/\/www.okiok.com\/fr\/wp-json\/wp\/v2\/pages\/17418\"><input type=\"hidden\" name=\"url_referer\" value=\"\"><button type=\"submit\" name=\"wpforms[submit]\" id=\"wpforms-submit-17422\" class=\"wpforms-submit trial-submit\" data-alt-text=\"Envoi...\" data-submit-text=\"ENVOYER\" aria-live=\"assertive\" value=\"wpforms-submit\">ENVOYER<\/button><\/div><\/form><\/div>  <!-- .wpforms-container -->[\/vc_column_inner][\/vc_row_inner][\/vc_column][\/mk_page_section]\n<\/div>","protected":false},"excerpt":{"rendered":"<p>[mk_page_section bg_image=\u00a0\u00bb\/wp-content\/uploads\/2018\/09\/vegas-wide.jpg\u00a0\u00bb bg_repeat=\u00a0\u00bbno-repeat\u00a0\u00bb video_loop=\u00a0\u00bbfalse\u00a0\u00bb video_mask=\u00a0\u00bbtrue\u00a0\u00bb bg_gradient=\u00a0\u00bbhorizontal\u00a0\u00bb video_opacity=\u00a0\u00bb0&Prime; min_height=\u00a0\u00bb200&Prime; padding_top=\u00a0\u00bb\u00a0\u00bb padding_bottom=\u00a0\u00bb\u00a0\u00bb top_shape_style=\u00a0\u00bbfolded-top\u00a0\u00bb top_shape_color=\u00a0\u00bb#ffffff\u00a0\u00bb bottom_shape_color=\u00a0\u00bb#ffffff\u00a0\u00bb el_class=\u00a0\u00bbidentity-banner\u00a0\u00bb sidebar=\u00a0\u00bbsidebar-1&Prime; first_page=\u00a0\u00bbfalse\u00a0\u00bb last_page=\u00a0\u00bbfalse\u00a0\u00bb][vc_column css=\u00a0\u00bb.vc_custom_1474022518322{padding-top: 60px !important;padding-bottom: 15px !important;background-position: center !important;background-repeat: no-repeat !important;background-size: cover !important;}\u00a0\u00bb][vc_row_inner css=\u00a0\u00bb.vc_custom_1471426440584{padding-right: 30px !important;padding-left: 0px !important;}\u00a0\u00bb][vc_column_inner][mk_fancy_title tag_name=\u00a0\u00bbh1&Prime; color=\u00a0\u00bb#ffffff\u00a0\u00bb size=\u00a0\u00bb26&Prime; force_font_size=\u00a0\u00bbtrue\u00a0\u00bb size_smallscreen=\u00a0\u00bb26&Prime; size_tablet=\u00a0\u00bb20&Prime; size_phone=\u00a0\u00bb20&Prime; font_weight=\u00a0\u00bb400&Prime; font_style=\u00a0\u00bbnormal\u00a0\u00bb txt_transform=\u00a0\u00bbnone\u00a0\u00bb letter_spacing=\u00a0\u00bb3&Prime; margin_top=\u00a0\u00bb5&Prime; margin_bottom=\u00a0\u00bb0&Prime; font_family=\u00a0\u00bbnone\u00a0\u00bb] Sommet sur la gestion des identit\u00e9s et des [&hellip;]<\/p>\n","protected":false},"author":6,"featured_media":0,"parent":0,"menu_order":0,"comment_status":"closed","ping_status":"closed","template":"","meta":{"footnotes":""},"class_list":["post-17418","page","type-page","status-publish","hentry"],"yoast_head":"<!-- This site is optimized with the Yoast SEO plugin v26.8 - https:\/\/yoast.com\/product\/yoast-seo-wordpress\/ -->\n<title>RAC\/M Identity |\u00a0Gouvernance et administration des identit\u00e9s - OKIOK<\/title>\n<meta name=\"description\" content=\"Optimisez la gouvernance et l\u2019administration des identit\u00e9s pour r\u00e9duire le risque et faciliter la mise en conformit\u00e9. Reprenez le contr\u00f4le de vos identit\u00e9s.\" \/>\n<meta name=\"robots\" content=\"index, follow, max-snippet:-1, max-image-preview:large, max-video-preview:-1\" \/>\n<meta property=\"og:locale\" content=\"fr_FR\" \/>\n<meta property=\"og:type\" content=\"article\" \/>\n<meta property=\"og:title\" content=\"RAC\/M Identity |\u00a0Gouvernance et administration des identit\u00e9s - OKIOK\" \/>\n<meta property=\"og:description\" content=\"Optimisez la gouvernance et l\u2019administration des identit\u00e9s pour r\u00e9duire le risque et faciliter la mise en conformit\u00e9. Reprenez le contr\u00f4le de vos identit\u00e9s.\" \/>\n<meta property=\"og:site_name\" content=\"OKIOK - Securit\u00e9 dans un monde en changement\" \/>\n<meta property=\"article:publisher\" content=\"https:\/\/www.facebook.com\/okiokdata\/\" \/>\n<meta property=\"article:modified_time\" content=\"2019-05-14T20:26:04+00:00\" \/>\n<meta name=\"twitter:card\" content=\"summary_large_image\" \/>\n<meta name=\"twitter:site\" content=\"@OKIOKdata\" \/>\n<meta name=\"twitter:label1\" content=\"Dur\u00e9e de lecture estim\u00e9e\" \/>\n\t<meta name=\"twitter:data1\" content=\"4 minutes\" \/>\n<!-- \/ Yoast SEO plugin. -->","yoast_head_json":{"title":"RAC\/M Identity |\u00a0Gouvernance et administration des identit\u00e9s - OKIOK","description":"Optimisez la gouvernance et l\u2019administration des identit\u00e9s pour r\u00e9duire le risque et faciliter la mise en conformit\u00e9. Reprenez le contr\u00f4le de vos identit\u00e9s.","robots":{"index":"index","follow":"follow","max-snippet":"max-snippet:-1","max-image-preview":"max-image-preview:large","max-video-preview":"max-video-preview:-1"},"og_locale":"fr_FR","og_type":"article","og_title":"RAC\/M Identity |\u00a0Gouvernance et administration des identit\u00e9s - OKIOK","og_description":"Optimisez la gouvernance et l\u2019administration des identit\u00e9s pour r\u00e9duire le risque et faciliter la mise en conformit\u00e9. Reprenez le contr\u00f4le de vos identit\u00e9s.","og_site_name":"OKIOK - Securit\u00e9 dans un monde en changement","article_publisher":"https:\/\/www.facebook.com\/okiokdata\/","article_modified_time":"2019-05-14T20:26:04+00:00","twitter_card":"summary_large_image","twitter_site":"@OKIOKdata","twitter_misc":{"Dur\u00e9e de lecture estim\u00e9e":"4 minutes"},"schema":{"@context":"https:\/\/schema.org","@graph":[{"@type":"WebPage","@id":"https:\/\/www.okiok.com\/fr\/rac-m-identity\/","url":"https:\/\/www.okiok.com\/fr\/rac-m-identity\/","name":"RAC\/M Identity |\u00a0Gouvernance et administration des identit\u00e9s - OKIOK","isPartOf":{"@id":"https:\/\/www.okiok.com\/fr\/#website"},"datePublished":"2018-09-24T18:35:09+00:00","dateModified":"2019-05-14T20:26:04+00:00","description":"Optimisez la gouvernance et l\u2019administration des identit\u00e9s pour r\u00e9duire le risque et faciliter la mise en conformit\u00e9. Reprenez le contr\u00f4le de vos identit\u00e9s.","breadcrumb":{"@id":"https:\/\/www.okiok.com\/fr\/rac-m-identity\/#breadcrumb"},"inLanguage":"fr-FR","potentialAction":[{"@type":"ReadAction","target":["https:\/\/www.okiok.com\/fr\/rac-m-identity\/"]}]},{"@type":"BreadcrumbList","@id":"https:\/\/www.okiok.com\/fr\/rac-m-identity\/#breadcrumb","itemListElement":[{"@type":"ListItem","position":1,"name":"Home","item":"https:\/\/prod.okiok.com\/fr\/"},{"@type":"ListItem","position":2,"name":"RAC\/M Identity"}]},{"@type":"WebSite","@id":"https:\/\/www.okiok.com\/fr\/#website","url":"https:\/\/www.okiok.com\/fr\/","name":"OKIOK - Securit\u00e9 dans un monde en changement","description":"","publisher":{"@id":"https:\/\/www.okiok.com\/fr\/#organization"},"potentialAction":[{"@type":"SearchAction","target":{"@type":"EntryPoint","urlTemplate":"https:\/\/www.okiok.com\/fr\/?s={search_term_string}"},"query-input":{"@type":"PropertyValueSpecification","valueRequired":true,"valueName":"search_term_string"}}],"inLanguage":"fr-FR"},{"@type":"Organization","@id":"https:\/\/www.okiok.com\/fr\/#organization","name":"Okiok","url":"https:\/\/www.okiok.com\/fr\/","logo":{"@type":"ImageObject","inLanguage":"fr-FR","@id":"https:\/\/www.okiok.com\/fr\/#\/schema\/logo\/image\/","url":"https:\/\/www.okiok.com\/wp-content\/uploads\/2017\/06\/logo-okiok-2.png","contentUrl":"https:\/\/www.okiok.com\/wp-content\/uploads\/2017\/06\/logo-okiok-2.png","width":300,"height":369,"caption":"Okiok"},"image":{"@id":"https:\/\/www.okiok.com\/fr\/#\/schema\/logo\/image\/"},"sameAs":["https:\/\/www.facebook.com\/okiokdata\/","https:\/\/x.com\/OKIOKdata","https:\/\/www.linkedin.com\/company-beta\/119436\/"]}]}},"_links":{"self":[{"href":"https:\/\/www.okiok.com\/fr\/wp-json\/wp\/v2\/pages\/17418","targetHints":{"allow":["GET"]}}],"collection":[{"href":"https:\/\/www.okiok.com\/fr\/wp-json\/wp\/v2\/pages"}],"about":[{"href":"https:\/\/www.okiok.com\/fr\/wp-json\/wp\/v2\/types\/page"}],"author":[{"embeddable":true,"href":"https:\/\/www.okiok.com\/fr\/wp-json\/wp\/v2\/users\/6"}],"replies":[{"embeddable":true,"href":"https:\/\/www.okiok.com\/fr\/wp-json\/wp\/v2\/comments?post=17418"}],"version-history":[{"count":15,"href":"https:\/\/www.okiok.com\/fr\/wp-json\/wp\/v2\/pages\/17418\/revisions"}],"predecessor-version":[{"id":18842,"href":"https:\/\/www.okiok.com\/fr\/wp-json\/wp\/v2\/pages\/17418\/revisions\/18842"}],"wp:attachment":[{"href":"https:\/\/www.okiok.com\/fr\/wp-json\/wp\/v2\/media?parent=17418"}],"curies":[{"name":"wp","href":"https:\/\/api.w.org\/{rel}","templated":true}]}}