{"id":25502,"date":"2024-05-02T13:46:13","date_gmt":"2024-05-02T18:46:13","guid":{"rendered":"https:\/\/prod.okiok.com\/?page_id=25502"},"modified":"2024-07-09T10:29:37","modified_gmt":"2024-07-09T15:29:37","slug":"detection-et-reponse-gerees-okiok-mdr-prix","status":"publish","type":"page","link":"https:\/\/www.okiok.com\/fr\/produits\/detection-et-reponse-gerees-okiok-mdr-prix\/","title":{"rendered":"D\u00e9tection et r\u00e9ponse g\u00e9r\u00e9es &#8211; Okiok MDR &#8211; Prix"},"content":{"rendered":"<div class=\"wpb-content-wrapper\">[vc_row fullwidth=\u00a0\u00bbtrue\u00a0\u00bb fullwidth_content=\u00a0\u00bbfalse\u00a0\u00bb css=\u00a0\u00bb.vc_custom_1714672418360{background-color: #0e3d68 !important;}\u00a0\u00bb][vc_column][mk_fancy_title color=\u00a0\u00bb#ffffff\u00a0\u00bb size=\u00a0\u00bb50&Prime; force_font_size=\u00a0\u00bbtrue\u00a0\u00bb size_smallscreen=\u00a0\u00bb40&Prime; size_tablet=\u00a0\u00bb30&Prime; size_phone=\u00a0\u00bb30&Prime; font_weight=\u00a0\u00bb500&Prime; margin_top=\u00a0\u00bb60&Prime; margin_bottom=\u00a0\u00bb0&Prime; font_family=\u00a0\u00bbnone\u00a0\u00bb align=\u00a0\u00bbcenter\u00a0\u00bb]Quelle version de la solution<br \/>\n<b>OKIOK MDR<\/b> vous correspond ?[\/mk_fancy_title][\/vc_column][\/vc_row][mk_page_section bg_image=\u00a0\u00bb\/wp-content\/uploads\/2024\/05\/blue-background-dark.jpg\u00a0\u00bb bg_repeat=\u00a0\u00bbrepeat-x\u00a0\u00bb bg_gradient=\u00a0\u00bbvertical\u00a0\u00bb padding_top=\u00a0\u00bb20&Prime; padding_bottom=\u00a0\u00bb0&Prime; top_shape_style=\u00a0\u00bbfolded-top\u00a0\u00bb el_class=\u00a0\u00bbmdr-pricing-super-container\u00a0\u00bb sidebar=\u00a0\u00bbsidebar-1&Prime;][vc_column el_class=\u00a0\u00bbmdr-pricing-container\u00a0\u00bb][vc_column_text css=\u00a0\u00bb.vc_custom_1720536813317{margin-bottom: 0px !important;}\u00a0\u00bb]\n<div class=\"table-container\">\n<table class=\"pricing-table\">\n<thead>\n<tr>\n<th width=\"30%\"><\/th>\n<th width=\"20%\">MDR Essentiel*<\/th>\n<th width=\"20%\">MDR Standard<\/th>\n<th width=\"20%\">MDR Pr\u00e9mium<\/th>\n<\/tr>\n<\/thead>\n<tbody>\n<tr class=\"price-row\">\n<td><\/td>\n<td>15$ \/ appareil \/ mois<\/td>\n<td>Contactez-nous<\/td>\n<td>Contactez-nous<\/td>\n<\/tr>\n<tr>\n<td class=\"characteristics\" colspan=\"4\">Fonctionnalit\u00e9s<\/td>\n<\/tr>\n<tr>\n<td>D\u00e9tection et r\u00e9ponse des points de terminaison (EDR)<\/td>\n<td><i>En option<\/i><\/td>\n<td><i>En option<\/i><\/td>\n<td><i>En option<\/i><\/td>\n<\/tr>\n<tr>\n<td>Certifi\u00e9 ISO 27001 et SOC 2 Type 2<\/td>\n<td><img decoding=\"async\" src=\"\/wp-content\/uploads\/2024\/05\/check-o.png\" alt=\"\" width=\"20\" \/><\/td>\n<td><img decoding=\"async\" src=\"\/wp-content\/uploads\/2024\/05\/check-o.png\" alt=\"\" width=\"20\" \/><\/td>\n<td><img decoding=\"async\" src=\"\/wp-content\/uploads\/2024\/05\/check-o.png\" alt=\"\" width=\"20\" \/><\/td>\n<\/tr>\n<tr>\n<td>Surveillance, d\u00e9tection et alerte 24\/7<\/td>\n<td><img decoding=\"async\" src=\"\/wp-content\/uploads\/2024\/05\/check-o.png\" alt=\"\" width=\"20\" \/><\/td>\n<td><img decoding=\"async\" src=\"\/wp-content\/uploads\/2024\/05\/check-o.png\" alt=\"\" width=\"20\" \/><\/td>\n<td><img decoding=\"async\" src=\"\/wp-content\/uploads\/2024\/05\/check-o.png\" alt=\"\" width=\"20\" \/><\/td>\n<\/tr>\n<tr>\n<td>Surveillance des points de terminaison<\/td>\n<td><img decoding=\"async\" src=\"\/wp-content\/uploads\/2024\/05\/check-o.png\" alt=\"\" width=\"20\" \/><\/td>\n<td><img decoding=\"async\" src=\"\/wp-content\/uploads\/2024\/05\/check-o.png\" alt=\"\" width=\"20\" \/><\/td>\n<td><img decoding=\"async\" src=\"\/wp-content\/uploads\/2024\/05\/check-o.png\" alt=\"\" width=\"20\" \/><\/td>\n<\/tr>\n<tr>\n<td>Surveillance Office 365<\/td>\n<td><img decoding=\"async\" src=\"\/wp-content\/uploads\/2024\/05\/check-o.png\" alt=\"\" width=\"20\" \/><\/td>\n<td><img decoding=\"async\" src=\"\/wp-content\/uploads\/2024\/05\/check-o.png\" alt=\"\" width=\"20\" \/><\/td>\n<td><img decoding=\"async\" src=\"\/wp-content\/uploads\/2024\/05\/check-o.png\" alt=\"\" width=\"20\" \/><\/td>\n<\/tr>\n<tr>\n<td>Surveillance VPN<\/td>\n<td><img decoding=\"async\" src=\"\/wp-content\/uploads\/2024\/05\/check-o.png\" alt=\"\" width=\"20\" \/><\/td>\n<td><img decoding=\"async\" src=\"\/wp-content\/uploads\/2024\/05\/check-o.png\" alt=\"\" width=\"20\" \/><\/td>\n<td><img decoding=\"async\" src=\"\/wp-content\/uploads\/2024\/05\/check-o.png\" alt=\"\" width=\"20\" \/><\/td>\n<\/tr>\n<tr>\n<td>Support t\u00e9l\u00e9phonique ou par courriel<\/td>\n<td><img decoding=\"async\" src=\"\/wp-content\/uploads\/2024\/05\/check-o.png\" alt=\"\" width=\"20\" \/><\/td>\n<td><img decoding=\"async\" src=\"\/wp-content\/uploads\/2024\/05\/check-o.png\" alt=\"\" width=\"20\" \/><\/td>\n<td><img decoding=\"async\" src=\"\/wp-content\/uploads\/2024\/05\/check-o.png\" alt=\"\" width=\"20\" \/><\/td>\n<\/tr>\n<tr>\n<td>Orchestration, automatisation et r\u00e9ponse de s\u00e9curit\u00e9 (SOAR)<\/td>\n<td><\/td>\n<td><img decoding=\"async\" src=\"\/wp-content\/uploads\/2024\/05\/check-o.png\" alt=\"\" width=\"20\" \/><\/td>\n<td><img decoding=\"async\" src=\"\/wp-content\/uploads\/2024\/05\/check-o.png\" alt=\"\" width=\"20\" \/><\/td>\n<\/tr>\n<tr>\n<td>Surveillance de locataires cloud (AWS, Azure, GCP)<\/td>\n<td><\/td>\n<td><img decoding=\"async\" src=\"\/wp-content\/uploads\/2024\/05\/check-o.png\" alt=\"\" width=\"20\" \/><\/td>\n<td><img decoding=\"async\" src=\"\/wp-content\/uploads\/2024\/05\/check-o.png\" alt=\"\" width=\"20\" \/><\/td>\n<\/tr>\n<tr>\n<td>Sources de journaux suppl\u00e9mentaires<\/td>\n<td><\/td>\n<td><img decoding=\"async\" src=\"\/wp-content\/uploads\/2024\/05\/check-o.png\" alt=\"\" width=\"20\" \/><\/td>\n<td><img decoding=\"async\" src=\"\/wp-content\/uploads\/2024\/05\/check-o.png\" alt=\"\" width=\"20\" \/><\/td>\n<\/tr>\n<tr>\n<td>Tarif pr\u00e9f\u00e9rentiel pour le service de r\u00e9ponse aux incidents d\u2019OKIOK<\/td>\n<td><\/td>\n<td><img decoding=\"async\" src=\"\/wp-content\/uploads\/2024\/05\/check-o.png\" alt=\"\" width=\"20\" \/><\/td>\n<td><img decoding=\"async\" src=\"\/wp-content\/uploads\/2024\/05\/check-o.png\" alt=\"\" width=\"20\" \/><\/td>\n<\/tr>\n<tr>\n<td>Sources de journaux personnalis\u00e9es (pare-feu, journaux d&rsquo;application, etc.)<\/td>\n<td><\/td>\n<td><\/td>\n<td><img decoding=\"async\" src=\"\/wp-content\/uploads\/2024\/05\/check-o.png\" alt=\"\" width=\"20\" \/><\/td>\n<\/tr>\n<tr>\n<td>Cas d&rsquo;utilisation de d\u00e9tection personnalis\u00e9s<\/td>\n<td><\/td>\n<td><\/td>\n<td><img decoding=\"async\" src=\"\/wp-content\/uploads\/2024\/05\/check-o.png\" alt=\"\" width=\"20\" \/><\/td>\n<\/tr>\n<tr>\n<td>Acc\u00e8s illimit\u00e9 aux experts en intervention et surveillance OKIOK<\/td>\n<td><\/td>\n<td><\/td>\n<td><img decoding=\"async\" src=\"\/wp-content\/uploads\/2024\/05\/check-o.png\" alt=\"\" width=\"20\" \/><\/td>\n<\/tr>\n<tr>\n<td>Prise en charge prioritaire pour le service de r\u00e9ponse aux incidents d\u2019OKIOK<\/td>\n<td><\/td>\n<td><\/td>\n<td><img decoding=\"async\" src=\"\/wp-content\/uploads\/2024\/05\/check-o.png\" alt=\"\" width=\"20\" \/><\/td>\n<\/tr>\n<\/tbody>\n<\/table>\n<\/div>\n[\/vc_column_text][\/vc_column][\/mk_page_section][mk_page_section sidebar=\u00a0\u00bbsidebar-1&Prime;][vc_column][vc_column_text css=\u00a0\u00bb.vc_custom_1720537917210{margin-bottom: 0px !important;}\u00a0\u00bb]\n<div class=\"mdr-essential-footer\">\n<p style=\"padding: 0; margin: 0;\"><b>* <em>MDR Essentiel<\/em><\/b><\/p>\n<ul style=\"font-size: 0.85em; margin-top: 5px; padding-top: 0px;\">\n<li><em>Minimum de 50 appareils<\/em><\/li>\n<li><em>Une limite de consommation quotidienne globale de 50 Mo par jour et par appareil est appliqu\u00e9e. Par exemple, un client poss\u00e9dant 100 appareils a une limite de consommation quotidienne de 5 Go r\u00e9partie sur tous les appareils.<\/em><\/li>\n<li><em>Contrat annuel factur\u00e9 mensuellement<\/em><\/li>\n<\/ul>\n<\/div>\n[\/vc_column_text][\/vc_column][\/mk_page_section][vc_row css=\u00a0\u00bb.vc_custom_1720538436846{padding-top: 30px !important;padding-right: 0px !important;padding-left: 0px !important;}\u00a0\u00bb][vc_column el_class=\u00a0\u00bbcontact-us-container\u00a0\u00bb][mk_fancy_title tag_name=\u00a0\u00bbspan\u00a0\u00bb size=\u00a0\u00bb30&Prime; margin_bottom=\u00a0\u00bb0&Prime; font_family=\u00a0\u00bbnone\u00a0\u00bb el_class=\u00a0\u00bbform-title-mdr\u00a0\u00bb]Contactez-nous pour demander un tarif[\/mk_fancy_title]<div class=\"wpforms-container wpforms-container-full\" id=\"wpforms-25514\"><form id=\"wpforms-form-25514\" class=\"wpforms-validate wpforms-form wpforms-ajax-form\" data-formid=\"25514\" method=\"post\" enctype=\"multipart\/form-data\" action=\"\/fr\/wp-json\/wp\/v2\/pages\/25502\" data-token=\"84fc10725218f27d141c667cccd500e3\" data-token-time=\"1776558736\"><noscript class=\"wpforms-error-noscript\">Veuillez activer JavaScript dans votre navigateur pour remplir ce formulaire.<\/noscript><div class=\"wpforms-field-container\"><div id=\"wpforms-25514-field_1-container\" class=\"wpforms-field wpforms-field-email\" data-field-id=\"1\"><label class=\"wpforms-field-label wpforms-label-hide\" for=\"wpforms-25514-field_1\">Courriel <span class=\"wpforms-required-label\">*<\/span><\/label><input type=\"email\" id=\"wpforms-25514-field_1\" class=\"wpforms-field-medium wpforms-field-required\" name=\"wpforms[fields][1]\" placeholder=\"VOTRE COURRIEL *\" spellcheck=\"false\" required><\/div><\/div><!-- .wpforms-field-container --><div class=\"wpforms-recaptcha-container wpforms-is-recaptcha wpforms-is-recaptcha-type-v2\" ><div class=\"g-recaptcha\" data-sitekey=\"6Ldh4QwUAAAAAPztyjflSvP3xxlQXaAXPgpA7MCf\"><\/div><input type=\"text\" name=\"g-recaptcha-hidden\" class=\"wpforms-recaptcha-hidden\" style=\"position:absolute!important;clip:rect(0,0,0,0)!important;height:1px!important;width:1px!important;border:0!important;overflow:hidden!important;padding:0!important;margin:0!important;\" data-rule-recaptcha=\"1\"><\/div><div class=\"wpforms-submit-container\" ><input type=\"hidden\" name=\"wpforms[id]\" value=\"25514\"><input type=\"hidden\" name=\"page_title\" value=\"\"><input type=\"hidden\" name=\"page_url\" value=\"https:\/\/www.okiok.com\/fr\/wp-json\/wp\/v2\/pages\/25502\"><input type=\"hidden\" name=\"url_referer\" value=\"\"><button type=\"submit\" name=\"wpforms[submit]\" id=\"wpforms-submit-25514\" class=\"wpforms-submit\" data-alt-text=\"Envoi...\" data-submit-text=\"Soumettre\" aria-live=\"assertive\" value=\"wpforms-submit\">Soumettre<\/button><img loading=\"lazy\" decoding=\"async\" src=\"https:\/\/www.okiok.com\/wp-content\/plugins\/wpforms-lite\/assets\/images\/submit-spin.svg\" class=\"wpforms-submit-spinner\" style=\"display: none;\" width=\"26\" height=\"26\" alt=\"Chargement en cours\"><\/div><\/form><\/div>  <!-- .wpforms-container -->[\/vc_column][\/vc_row]\n<\/div>","protected":false},"excerpt":{"rendered":"<p>[vc_row fullwidth=\u00a0\u00bbtrue\u00a0\u00bb fullwidth_content=\u00a0\u00bbfalse\u00a0\u00bb css=\u00a0\u00bb.vc_custom_1714672418360{background-color: #0e3d68 !important;}\u00a0\u00bb][vc_column][mk_fancy_title color=\u00a0\u00bb#ffffff\u00a0\u00bb size=\u00a0\u00bb50&Prime; force_font_size=\u00a0\u00bbtrue\u00a0\u00bb size_smallscreen=\u00a0\u00bb40&Prime; size_tablet=\u00a0\u00bb30&Prime; size_phone=\u00a0\u00bb30&Prime; font_weight=\u00a0\u00bb500&Prime; margin_top=\u00a0\u00bb60&Prime; margin_bottom=\u00a0\u00bb0&Prime; font_family=\u00a0\u00bbnone\u00a0\u00bb align=\u00a0\u00bbcenter\u00a0\u00bb]Quelle version de la solution OKIOK MDR vous correspond ?[\/mk_fancy_title][\/vc_column][\/vc_row][mk_page_section bg_image=\u00a0\u00bb\/wp-content\/uploads\/2024\/05\/blue-background-dark.jpg\u00a0\u00bb bg_repeat=\u00a0\u00bbrepeat-x\u00a0\u00bb bg_gradient=\u00a0\u00bbvertical\u00a0\u00bb padding_top=\u00a0\u00bb20&Prime; padding_bottom=\u00a0\u00bb0&Prime; top_shape_style=\u00a0\u00bbfolded-top\u00a0\u00bb el_class=\u00a0\u00bbmdr-pricing-super-container\u00a0\u00bb sidebar=\u00a0\u00bbsidebar-1&Prime;][vc_column el_class=\u00a0\u00bbmdr-pricing-container\u00a0\u00bb][vc_column_text css=\u00a0\u00bb.vc_custom_1720536813317{margin-bottom: 0px !important;}\u00a0\u00bb] MDR Essentiel* MDR Standard MDR Pr\u00e9mium 15$ \/ appareil \/ mois Contactez-nous Contactez-nous Fonctionnalit\u00e9s D\u00e9tection et r\u00e9ponse [&hellip;]<\/p>\n","protected":false},"author":6,"featured_media":0,"parent":12735,"menu_order":0,"comment_status":"closed","ping_status":"closed","template":"","meta":{"footnotes":""},"class_list":["post-25502","page","type-page","status-publish","hentry"],"yoast_head":"<!-- This site is optimized with the Yoast SEO plugin v26.8 - https:\/\/yoast.com\/product\/yoast-seo-wordpress\/ -->\n<title>D\u00e9tection et r\u00e9ponse g\u00e9r\u00e9es - Okiok MDR - Prix<\/title>\n<meta name=\"description\" content=\"MDR ESSENTIEL (15$\/appareil\/mois). Surveillance, d\u00e9tection et alerte 24\/7. Certifi\u00e9 ISO 27001 et SOC 2 Type 2. Surveillance des points finaux.\" \/>\n<meta name=\"robots\" content=\"index, follow, max-snippet:-1, max-image-preview:large, max-video-preview:-1\" \/>\n<meta property=\"og:locale\" content=\"fr_FR\" \/>\n<meta property=\"og:type\" content=\"article\" \/>\n<meta property=\"og:title\" content=\"D\u00e9tection et r\u00e9ponse g\u00e9r\u00e9es - Okiok MDR - Prix\" \/>\n<meta property=\"og:description\" content=\"MDR ESSENTIEL (15$\/appareil\/mois). Surveillance, d\u00e9tection et alerte 24\/7. Certifi\u00e9 ISO 27001 et SOC 2 Type 2. Surveillance des points finaux.\" \/>\n<meta property=\"og:site_name\" content=\"OKIOK - Securit\u00e9 dans un monde en changement\" \/>\n<meta property=\"article:publisher\" content=\"https:\/\/www.facebook.com\/okiokdata\/\" \/>\n<meta property=\"article:modified_time\" content=\"2024-07-09T15:29:37+00:00\" \/>\n<meta name=\"twitter:card\" content=\"summary_large_image\" \/>\n<meta name=\"twitter:site\" content=\"@OKIOKdata\" \/>\n<meta name=\"twitter:label1\" content=\"Dur\u00e9e de lecture estim\u00e9e\" \/>\n\t<meta name=\"twitter:data1\" content=\"8 minutes\" \/>\n<!-- \/ Yoast SEO plugin. -->","yoast_head_json":{"title":"D\u00e9tection et r\u00e9ponse g\u00e9r\u00e9es - Okiok MDR - Prix","description":"MDR ESSENTIEL (15$\/appareil\/mois). Surveillance, d\u00e9tection et alerte 24\/7. Certifi\u00e9 ISO 27001 et SOC 2 Type 2. Surveillance des points finaux.","robots":{"index":"index","follow":"follow","max-snippet":"max-snippet:-1","max-image-preview":"max-image-preview:large","max-video-preview":"max-video-preview:-1"},"og_locale":"fr_FR","og_type":"article","og_title":"D\u00e9tection et r\u00e9ponse g\u00e9r\u00e9es - Okiok MDR - Prix","og_description":"MDR ESSENTIEL (15$\/appareil\/mois). Surveillance, d\u00e9tection et alerte 24\/7. Certifi\u00e9 ISO 27001 et SOC 2 Type 2. Surveillance des points finaux.","og_site_name":"OKIOK - Securit\u00e9 dans un monde en changement","article_publisher":"https:\/\/www.facebook.com\/okiokdata\/","article_modified_time":"2024-07-09T15:29:37+00:00","twitter_card":"summary_large_image","twitter_site":"@OKIOKdata","twitter_misc":{"Dur\u00e9e de lecture estim\u00e9e":"8 minutes"},"schema":{"@context":"https:\/\/schema.org","@graph":[{"@type":"WebPage","@id":"https:\/\/www.okiok.com\/fr\/produits\/detection-et-reponse-gerees-okiok-mdr-prix\/","url":"https:\/\/www.okiok.com\/fr\/produits\/detection-et-reponse-gerees-okiok-mdr-prix\/","name":"D\u00e9tection et r\u00e9ponse g\u00e9r\u00e9es - Okiok MDR - Prix","isPartOf":{"@id":"https:\/\/www.okiok.com\/fr\/#website"},"datePublished":"2024-05-02T18:46:13+00:00","dateModified":"2024-07-09T15:29:37+00:00","description":"MDR ESSENTIEL (15$\/appareil\/mois). Surveillance, d\u00e9tection et alerte 24\/7. Certifi\u00e9 ISO 27001 et SOC 2 Type 2. Surveillance des points finaux.","breadcrumb":{"@id":"https:\/\/www.okiok.com\/fr\/produits\/detection-et-reponse-gerees-okiok-mdr-prix\/#breadcrumb"},"inLanguage":"fr-FR","potentialAction":[{"@type":"ReadAction","target":["https:\/\/www.okiok.com\/fr\/produits\/detection-et-reponse-gerees-okiok-mdr-prix\/"]}]},{"@type":"BreadcrumbList","@id":"https:\/\/www.okiok.com\/fr\/produits\/detection-et-reponse-gerees-okiok-mdr-prix\/#breadcrumb","itemListElement":[{"@type":"ListItem","position":1,"name":"Home","item":"https:\/\/prod.okiok.com\/fr\/"},{"@type":"ListItem","position":2,"name":"Produits","item":"https:\/\/www.okiok.com\/fr\/produits\/"},{"@type":"ListItem","position":3,"name":"D\u00e9tection et r\u00e9ponse g\u00e9r\u00e9es &#8211; Okiok MDR &#8211; Prix"}]},{"@type":"WebSite","@id":"https:\/\/www.okiok.com\/fr\/#website","url":"https:\/\/www.okiok.com\/fr\/","name":"OKIOK - Securit\u00e9 dans un monde en changement","description":"","publisher":{"@id":"https:\/\/www.okiok.com\/fr\/#organization"},"potentialAction":[{"@type":"SearchAction","target":{"@type":"EntryPoint","urlTemplate":"https:\/\/www.okiok.com\/fr\/?s={search_term_string}"},"query-input":{"@type":"PropertyValueSpecification","valueRequired":true,"valueName":"search_term_string"}}],"inLanguage":"fr-FR"},{"@type":"Organization","@id":"https:\/\/www.okiok.com\/fr\/#organization","name":"Okiok","url":"https:\/\/www.okiok.com\/fr\/","logo":{"@type":"ImageObject","inLanguage":"fr-FR","@id":"https:\/\/www.okiok.com\/fr\/#\/schema\/logo\/image\/","url":"https:\/\/www.okiok.com\/wp-content\/uploads\/2017\/06\/logo-okiok-2.png","contentUrl":"https:\/\/www.okiok.com\/wp-content\/uploads\/2017\/06\/logo-okiok-2.png","width":300,"height":369,"caption":"Okiok"},"image":{"@id":"https:\/\/www.okiok.com\/fr\/#\/schema\/logo\/image\/"},"sameAs":["https:\/\/www.facebook.com\/okiokdata\/","https:\/\/x.com\/OKIOKdata","https:\/\/www.linkedin.com\/company-beta\/119436\/"]}]}},"_links":{"self":[{"href":"https:\/\/www.okiok.com\/fr\/wp-json\/wp\/v2\/pages\/25502","targetHints":{"allow":["GET"]}}],"collection":[{"href":"https:\/\/www.okiok.com\/fr\/wp-json\/wp\/v2\/pages"}],"about":[{"href":"https:\/\/www.okiok.com\/fr\/wp-json\/wp\/v2\/types\/page"}],"author":[{"embeddable":true,"href":"https:\/\/www.okiok.com\/fr\/wp-json\/wp\/v2\/users\/6"}],"replies":[{"embeddable":true,"href":"https:\/\/www.okiok.com\/fr\/wp-json\/wp\/v2\/comments?post=25502"}],"version-history":[{"count":29,"href":"https:\/\/www.okiok.com\/fr\/wp-json\/wp\/v2\/pages\/25502\/revisions"}],"predecessor-version":[{"id":25710,"href":"https:\/\/www.okiok.com\/fr\/wp-json\/wp\/v2\/pages\/25502\/revisions\/25710"}],"up":[{"embeddable":true,"href":"https:\/\/www.okiok.com\/fr\/wp-json\/wp\/v2\/pages\/12735"}],"wp:attachment":[{"href":"https:\/\/www.okiok.com\/fr\/wp-json\/wp\/v2\/media?parent=25502"}],"curies":[{"name":"wp","href":"https:\/\/api.w.org\/{rel}","templated":true}]}}